{"id":18085428,"date":"2025-07-10T19:53:41","date_gmt":"2025-07-10T17:53:41","guid":{"rendered":"https:\/\/storemaster.de\/?post_type=product&#038;p=18085428"},"modified":"2026-02-18T14:30:49","modified_gmt":"2026-02-18T13:30:49","slug":"twentower-rouleaux-rayonnage-a-tiroirs","status":"publish","type":"product","link":"https:\/\/storemaster.de\/fr\/shop\/regalanlagen\/twentower-walzen-schubladenregal\/","title":{"rendered":"TwenTower\u00ae pour rouleaux"},"content":{"rendered":"<h2 style=\"color: #e02b20;\">TwenTower\u00ae - Rayonnage \u00e0 tiroirs pour rouleaux<\/h2>\n<h3>Stockage efficace des rouleaux avec la TwenTower\u00ae pour rouleaux<\/h3>\n<p>Dans des secteurs tels que l'acier, le plastique, l'imprimerie et le papier, les rouleaux \u00e0 surfaces d\u00e9licates et \u00e0 contours variables sont indispensables. La TwenTower\u00ae a \u00e9t\u00e9 con\u00e7ue pour r\u00e9pondre \u00e0 ces exigences et permettre un stockage d\u00e9licat et peu encombrant.<\/p>\n<h3>Points forts techniques<\/h3>\n<ul>\n<li><strong>Capacit\u00e9 de charge :<\/strong> Jusqu'\u00e0 10 tonnes par tiroir<\/li>\n<li><strong>Syst\u00e8me de tiroirs :<\/strong> Manuellement jusqu'\u00e0 3 tonnes, avec assistance \u00e9lectrique au-del\u00e0 de cette limite<\/li>\n<li><strong>Enregistrements en douceur :<\/strong> Logements sp\u00e9ciaux pour les surfaces sensibles des rouleaux<\/li>\n<li><strong>Accessibilit\u00e9 :<\/strong> Version simple ou double face pour une utilisation flexible de la grue<\/li>\n<li><strong>Pr\u00e9l\u00e8vement :<\/strong> Possibilit\u00e9 de pr\u00e9l\u00e8vement manuel frontal<\/li>\n<\/ul>\n<h3>Tiroirs \u00e9lectrifi\u00e9s pour les charges lourdes<\/h3>\n<p>Pour les charges de tiroirs sup\u00e9rieures \u00e0 3 tonnes, la TwenTower\u00ae offre une fonction d'extension motoris\u00e9e. La commande s'effectue via un pupitre de commande int\u00e9gr\u00e9 avec bouton-poussoir \"homme mort\", qui permet une extension et une r\u00e9traction contr\u00f4l\u00e9es des niveaux de tiroirs. En cas de panne ou de coupure de courant, il est possible de passer \u00e0 tout moment en mode manuel. Vous trouverez plus de d\u00e9tails sur l'\u00e9lectrification sur notre <a href=\"https:\/\/storemaster.de\/fr\/schubladen-elektrifizierung\/\">Page d'information sur l'\u00e9lectrification des tiroirs<\/a>.<\/p>\n<h3>Application intersectorielle<\/h3>\n<p>Le rayonnage \u00e0 tiroirs TwenTower\u00ae pour rouleaux est id\u00e9al pour le stockage de rouleaux dans diff\u00e9rents secteurs industriels :<\/p>\n<ul>\n<li><strong>Industrie de l'acier :<\/strong> Stockage de rouleaux de poids \u00e9lev\u00e9<\/li>\n<li><strong>Industrie des mati\u00e8res plastiques :<\/strong> Conserver en toute s\u00e9curit\u00e9 les surfaces sensibles des rouleaux<\/li>\n<li><strong>Industrie de l'impression :<\/strong> Acc\u00e8s rapide \u00e0 diff\u00e9rents types de rouleaux<\/li>\n<li><strong>Industrie du papier :<\/strong> Stockage peu encombrant des gros rouleaux<\/li>\n<\/ul>\n<h3>Vos avantages en un coup d'\u0153il<\/h3>\n<ul>\n<li><strong>Stockage s\u00e9curis\u00e9 :<\/strong> Protection des surfaces sensibles des rouleaux gr\u00e2ce \u00e0 des supports sp\u00e9ciaux.<\/li>\n<li><strong>Capacit\u00e9 de charge \u00e9lev\u00e9e :<\/strong> Jusqu'\u00e0 10 tonnes par tiroir<\/li>\n<li><strong>Flexibilit\u00e9 :<\/strong> Commande manuelle et \u00e9lectrique selon les besoins de la charge<\/li>\n<li><strong>Gain de place :<\/strong> Une conception compacte pour une utilisation efficace de l'espace<\/li>\n<li><strong>Accessibilit\u00e9 :<\/strong> Acc\u00e8s facile gr\u00e2ce \u00e0 une conception simple ou double face<\/li>\n<\/ul>\n<hr \/>\n<p>N'h\u00e9sitez pas \u00e0 nous contacter pour plus d'informations ou pour un conseil personnalis\u00e9. Contactez-nous pour trouver la solution optimale pour votre stockage de rouleaux.<\/p>\n<hr \/>","protected":false},"excerpt":{"rendered":"<p>Le rayonnage \u00e0 tiroirs pour charges lourdes TwenTower\u00ae pour le stockage de rouleaux de plusieurs tonnes est un rayonnage \u00e0 tiroirs sp\u00e9cialis\u00e9 pour un stockage s\u00fbr et peu encombrant de rouleaux \u00e0 surface sensible gr\u00e2ce \u00e0 une fixation par tenons et mortaises. Avec des capacit\u00e9s de charge allant jusqu'\u00e0 10 tonnes par tiroir et des rouleaux d'une longueur maximale de 10 m\u00e8tres, les tiroirs sont \u00e9quip\u00e9s d'entra\u00eenements \u00e9lectriques \u00e0 partir d'une charge par tablette de 3 tonnes. Le syst\u00e8me de tiroirs de storemaster est la solution optimale en tant que magasin de manutention pour les corps ronds de tous types, tels que les arbres, les axes, les roues, les rouleaux, les disques, les corps rotatifs, les tambours, les disques, les anneaux, les bobines, etc. Les parois de glissi\u00e8res de s\u00e9curit\u00e9 escamotables ne touchent pas le sol et conviennent donc \u00e0 n'importe quel sol de hall.<\/p>\n<p><strong>\u00c9lectrification des tiroirs TwenTower<\/strong><br \/>\n<video style=\"width: 100%; height: auto; max-width: 100vw; display: block;\" src=\"https:\/\/storemaster.de\/wp-content\/uploads\/Schubladenelektrifizierung.mp4\" controls=\"controls\" width=\"300\" height=\"150\"><br \/>\n<\/video><\/p>\n<p>&nbsp;<\/p>","protected":false},"featured_media":3061,"template":"","meta":{"_acf_changed":false,"_et_pb_use_builder":"","_et_pb_old_content":"","_et_gb_content_width":""},"product_brand":[],"product_cat":[1519,1404],"product_tag":[1657],"class_list":{"0":"post-18085428","1":"product","2":"type-product","3":"status-publish","4":"has-post-thumbnail","6":"product_cat-regalanlagen","7":"product_cat-langgutlager","8":"product_tag-elektrifizierbar","9":"handling-per-kran","10":"handling-schubladen","12":"first","13":"instock","14":"taxable","15":"shipping-taxable","16":"product-type-simple"},"exclude_global_add_ons":[],"addons":[],"acf":[],"_links":{"self":[{"href":"https:\/\/storemaster.de\/fr\/wp-json\/wp\/v2\/product\/18085428","targetHints":{"allow":["GET"]}}],"collection":[{"href":"https:\/\/storemaster.de\/fr\/wp-json\/wp\/v2\/product"}],"about":[{"href":"https:\/\/storemaster.de\/fr\/wp-json\/wp\/v2\/types\/product"}],"wp:featuredmedia":[{"embeddable":true,"href":"https:\/\/storemaster.de\/fr\/wp-json\/wp\/v2\/media\/3061"}],"wp:attachment":[{"href":"https:\/\/storemaster.de\/fr\/wp-json\/wp\/v2\/media?parent=18085428"}],"wp:term":[{"taxonomy":"product_brand","embeddable":true,"href":"https:\/\/storemaster.de\/fr\/wp-json\/wp\/v2\/product_brand?post=18085428"},{"taxonomy":"product_cat","embeddable":true,"href":"https:\/\/storemaster.de\/fr\/wp-json\/wp\/v2\/product_cat?post=18085428"},{"taxonomy":"product_tag","embeddable":true,"href":"https:\/\/storemaster.de\/fr\/wp-json\/wp\/v2\/product_tag?post=18085428"}],"curies":[{"name":"wp","href":"https:\/\/api.w.org\/{rel}","templated":true}]}}