{"id":18079885,"date":"2023-09-06T09:17:11","date_gmt":"2023-09-06T07:17:11","guid":{"rendered":"https:\/\/storemaster.de\/shop\/unkategorisiert\/blechtafel-kommissionier-anlage\/"},"modified":"2025-09-12T10:56:39","modified_gmt":"2025-09-12T08:56:39","slug":"installation-de-preparation-de-commandes-sur-plaques","status":"publish","type":"product","link":"https:\/\/storemaster.de\/fr\/shop\/blechlager\/blechtafel-kommissionier-anlage\/","title":{"rendered":"Syst\u00e8me de pr\u00e9l\u00e8vement de t\u00f4les"},"content":{"rendered":"<h2>Le syst\u00e8me de pr\u00e9paration de commandes \u00e0 partir de plaques de t\u00f4le<\/h2>\n<p><strong><span style=\"color: #e00000;\">storemaster\u00ae LE SYST\u00c8ME<\/span><\/strong> <strong>Innovation 2023<\/strong><\/p>\n<p>Qu'est-ce qu'un syst\u00e8me de pr\u00e9l\u00e8vement de t\u00f4les ?<br \/>\nLe site\u00a0<span style=\"color: #e00000;\">Syst\u00e8me de pr\u00e9l\u00e8vement de t\u00f4les<\/span> est une innovation de <span style=\"color: #e00000;\">storemaster.fr<\/span>. Il est ainsi possible de pr\u00e9-trier des t\u00f4les individuelles pour des commandes de d\u00e9coupe en 1 lot et en petites s\u00e9ries en un paquet de t\u00f4les sur une palette syst\u00e8me, pour \u00eatre ensuite trait\u00e9es l'une apr\u00e8s l'autre dans l'ordre inverse dans une machine avec prise de t\u00f4le automatique ou \u00e9galement par prise de t\u00f4le manuelle.<\/p>\n<p>Les t\u00f4les sont pr\u00e9-command\u00e9es \u00e0 partir d'une s\u00e9rie de tours de stockage de t\u00f4les \u00e0 tiroirs \u00e0 commande manuelle, avantageuses du point de vue ergonomique, au moyen d'une technique int\u00e9gr\u00e9e de pr\u00e9l\u00e8vement de t\u00f4les par grue et par vide, pour former un paquet de t\u00f4les de 100 mm maximum, tandis que la machine de d\u00e9coupe plus \u00e9loign\u00e9e peut traiter le paquet de t\u00f4les pr\u00e9par\u00e9 au pr\u00e9alable sans tourner au ralenti, car les transports r\u00e9p\u00e9titifs de paquets de t\u00f4les entiers entre le stock de t\u00f4les et la machine, rien que pour le traitement d'une seule t\u00f4le, sont supprim\u00e9s gr\u00e2ce au traitement continu des t\u00f4les.<\/p>\n<p>Ind\u00e9pendamment de cela, la <span style=\"color: #e00000;\">Syst\u00e8me de pr\u00e9l\u00e8vement de t\u00f4les<\/span> peut \u00e9galement \u00eatre utilis\u00e9 pour alimenter les machines de d\u00e9coupe \u00e0 table alternante situ\u00e9es \u00e0 proximit\u00e9.<\/p>\n<p>Pour \u00e9viter les t\u00f4les r\u00e9siduelles, il est recommand\u00e9 de <span style=\"color: #e00000;\">storemaster.fr<\/span> Il est recommand\u00e9 de d\u00e9couper les feuilles de t\u00f4le soit en augmentant le nombre de pi\u00e8ces en accord avec le client (le cas \u00e9ch\u00e9ant, avec un avantage financier pour le client), soit en combinant de petites commandes, de sorte qu'il ne reste plus que des grilles \u00e0 \u00e9liminer.<\/p>\n<p>M\u00eame dans le commerce de la t\u00f4le, une telle <span style=\"color: #e00000;\">Syst\u00e8me de pr\u00e9l\u00e8vement de t\u00f4les<\/span> \u00eatre d'une grande utilit\u00e9 \u00e9conomique pour la composition de commandes de t\u00f4les individuelles pour les clients travaillant la t\u00f4le.<\/p>","protected":false},"excerpt":{"rendered":"<p style=\"text-align: justify;\">Le site\u00a0<span style=\"color: #e00000;\"><strong>storemaster<\/strong><strong>\u00ae<\/strong><\/span>\u00a0<strong>Syst\u00e8me de pr\u00e9l\u00e8vement de t\u00f4les<\/strong>\u2026<\/p>\n<p style=\"text-align: justify;\"><strong><span style=\"color: #e00000;\">storemaster\u00ae LE SYST\u00c8ME<\/span><\/strong> <strong>Innovation 2023<\/strong><\/p>\n<p>La manipulation n\u00e9cessaire de paquets entiers de t\u00f4les pour pr\u00e9lever une seule feuille de t\u00f4le, y compris l'utilisation de la machine, est compl\u00e8tement supprim\u00e9e. Pendant le temps de traitement des commandes pr\u00e9-allou\u00e9es, l'unit\u00e9 de production est en mesure d'effectuer les op\u00e9rations suivantes <strong>Syst\u00e8me de pr\u00e9l\u00e8vement de t\u00f4les\u00a0<\/strong>les prochaines commandes de suivi \u00e0 partir des paquets de t\u00f4les remplis, rapidement accessibles et faciles \u00e0 utiliser.\u00a0<strong>60 tiroirs<\/strong>\u00a0de l'ordinateur. Cela se fait \u00e0 l'aide d'un syst\u00e8me manuel confortable.\u00a0<span style=\"color: #e00000;\"><strong>HandlingMaster<\/strong>\u00a0<\/span>manipulateur en t\u00f4le, y compris une\u00a0<strong>Dispositif de s\u00e9paration des t\u00f4les<\/strong>\u00a0pour supprimer les forces d'adh\u00e9rence. Le syst\u00e8me utilis\u00e9 pour l'extraction de la t\u00f4le,\u00a0<strong>enti\u00e8rement \u00e9lectrifi\u00e9s<\/strong>\u00a0pont roulant se charge \u00e9galement du chargement des tiroirs, apr\u00e8s que ceux-ci aient \u00e9t\u00e9 plac\u00e9s sur un\u00a0<strong><span style=\"color: #e00000;\">PalEx\u00ae : la solution<\/span>\u00a0<\/strong>palettiseurs ont \u00e9t\u00e9 lib\u00e9r\u00e9s du bois.<\/p>\n<p><strong>Exemple d'un syst\u00e8me de pr\u00e9l\u00e8vement de t\u00f4les :<\/strong><\/p>\n<ul>\n<li style=\"text-align: justify;\"><strong>4x<\/strong> Grand format <strong><span style=\"color: #e00000;\">TwenTower<\/span><span style=\"color: #e00000;\">\u00ae <\/span><\/strong><strong>Rayonnage \u00e0 tiroirs \u00e0 panneaux de t\u00f4le <\/strong>avec 15 niveaux de stockage de 1,75 t de charge admissible par tiroir et 50 mm de hauteur utile<\/li>\n<li style=\"text-align: justify;\"><strong>Pont bipoutre<\/strong> pour une charge admissible de 2 t sous crochet ; d\u00e9placement sur le pont, chariot et palan \u00e0 cha\u00eene avec commandes \u00e9lectriques, y compris les montants du pont roulant<\/li>\n<li style=\"text-align: justify;\"><span style=\"color: #e00000;\"><strong>HandlingMaster<\/strong> <\/span>Manipulateur de t\u00f4les en version ergonomique sp\u00e9ciale avec commande int\u00e9gr\u00e9e de toutes les fonctions de la grue sur le tableau de commande.<\/li>\n<li style=\"text-align: justify;\"><span style=\"color: #e00000;\"><strong><span style=\"color: #000000;\"><strong style=\"color: #666666;\">2x<\/strong><\/span>\u00a0PalEx\u00ae : la solution<\/strong> <strong>classic<\/strong> <\/span>pour d\u00e9palettiser de la palette en bois<\/li>\n<li style=\"text-align: justify;\"><span style=\"color: #e00000;\"><strong>LoadingBeam<\/strong> <\/span><strong>Traverse de chargement universelle<\/strong> pour le chargement de paquets dans les tiroirs<\/li>\n<li style=\"text-align: justify;\"><span style=\"color: #e00000;\"><strong>Application StoreKeeper\u00ae Smart<\/strong><\/span> Logiciel de gestion d'entrep\u00f4t universel<\/li>\n<\/ul>\n<p>&nbsp;<\/p>\n<p style=\"text-align: justify;\">L'installation est compl\u00e9t\u00e9e par d'autres tours \u00e0 tiroirs <strong>extensible \u00e0 volont\u00e9<\/strong>. Dans les options <strong>Niveaux sup\u00e9rieurs<\/strong> il est possible de stocker des palettes syst\u00e8me suppl\u00e9mentaires pour traiter des commandes plus importantes.<\/p>\n<p style=\"text-align: justify;\">Une autre option est la possibilit\u00e9 d'utiliser des <strong>Syst\u00e8mes de d\u00e9coupe \u00e0 table alternante<\/strong>.<\/p>\n<p style=\"text-align: justify;\">Outre les entreprises de transformation de la t\u00f4le, ce syst\u00e8me de pr\u00e9paration de commandes <strong>Commerce de t\u00f4les <\/strong>d'une grande utilit\u00e9 \u00e9conomique.<\/p>\n<p style=\"text-align: justify;\">Les \u00e9conomies de temps, de personnel et d'\u00e9quipement r\u00e9alis\u00e9es gr\u00e2ce au pr\u00e9-emballage de petites commandes \u00e0 l'aide de l'outil de pr\u00e9-emballage particuli\u00e8rement rationnel, permettent de r\u00e9duire les co\u00fbts de production. <span style=\"color: #e00000;\"><strong>storemaster\u00ae LE SYST\u00c8ME<\/strong><\/span>\u00a0<strong>Syst\u00e8me de pr\u00e9l\u00e8vement de t\u00f4les<\/strong>\u00a0permet d'am\u00e9liorer l'efficacit\u00e9 d'une <strong>Temps de retour sur investissement d'environ 1 an seulement <\/strong>! On peut s'attendre \u00e0 une augmentation de la productivit\u00e9 d'environ 50 %.<\/p>","protected":false},"featured_media":18079886,"template":"","meta":{"_acf_changed":false,"_et_pb_use_builder":"","_et_pb_old_content":"","_et_gb_content_width":""},"product_brand":[],"product_cat":[817,1519],"product_tag":[],"class_list":{"0":"post-18079885","1":"product","2":"type-product","3":"status-publish","4":"has-post-thumbnail","6":"product_cat-blechlager","7":"product_cat-regalanlagen","9":"first","10":"instock","11":"taxable","12":"shipping-taxable","13":"product-type-simple"},"exclude_global_add_ons":[],"addons":[],"acf":[],"_links":{"self":[{"href":"https:\/\/storemaster.de\/fr\/wp-json\/wp\/v2\/product\/18079885","targetHints":{"allow":["GET"]}}],"collection":[{"href":"https:\/\/storemaster.de\/fr\/wp-json\/wp\/v2\/product"}],"about":[{"href":"https:\/\/storemaster.de\/fr\/wp-json\/wp\/v2\/types\/product"}],"wp:featuredmedia":[{"embeddable":true,"href":"https:\/\/storemaster.de\/fr\/wp-json\/wp\/v2\/media\/18079886"}],"wp:attachment":[{"href":"https:\/\/storemaster.de\/fr\/wp-json\/wp\/v2\/media?parent=18079885"}],"wp:term":[{"taxonomy":"product_brand","embeddable":true,"href":"https:\/\/storemaster.de\/fr\/wp-json\/wp\/v2\/product_brand?post=18079885"},{"taxonomy":"product_cat","embeddable":true,"href":"https:\/\/storemaster.de\/fr\/wp-json\/wp\/v2\/product_cat?post=18079885"},{"taxonomy":"product_tag","embeddable":true,"href":"https:\/\/storemaster.de\/fr\/wp-json\/wp\/v2\/product_tag?post=18079885"}],"curies":[{"name":"wp","href":"https:\/\/api.w.org\/{rel}","templated":true}]}}