{"id":18079481,"date":"2023-05-11T12:42:05","date_gmt":"2023-05-11T10:42:05","guid":{"rendered":"https:\/\/storemaster.de\/shop\/unkategorisiert\/regalschild\/"},"modified":"2026-02-26T12:11:33","modified_gmt":"2026-02-26T11:11:33","slug":"panneau-detagere","status":"publish","type":"product","link":"https:\/\/storemaster.de\/fr\/shop\/services\/regalschild\/","title":{"rendered":"Panneau de rayonnage pour rayonnage cantilever"},"content":{"rendered":"<h2>\u00c9tiquettes de rayonnage pour rayonnages cantilever, y compris pochette d'\u00e9tiquette magn\u00e9tique avec \u00e9tiquette \u00e0 ins\u00e9rer<\/h2>\n<p><b>Identification de l'entrep\u00f4t avec nos \u00e9tiquettes pour rayonnages cantilever<\/b><\/p>\n<p>Nos \u00e9tiquettes pour rayonnages cantilever sont rapides \u00e0 installer et \u00e0 remplacer, ce qui permet une adaptation flexible. Elles sont faciles \u00e0 lire sous tous les angles et permettent d'identifier efficacement les \u00e9tag\u00e8res et les mat\u00e9riaux.<\/p>\n<p>Outre l'indication de la capacit\u00e9 de charge et des limites de charge, ils peuvent \u00e9galement \u00eatre utilis\u00e9s comme panneaux d'avertissement pour les substances dangereuses et les consignes de s\u00e9curit\u00e9. Ils offrent \u00e9galement de la place pour des plaques de base et peuvent \u00eatre combin\u00e9s avec des supports de signalisation pour fournir des informations suppl\u00e9mentaires.<\/p>\n<h3>Panneaux pour rayonnages cantilever<\/h3>\n<p>Nos panneaux de rayonnage pour rayonnages cantilever sont essentiels pour un am\u00e9nagement et une organisation efficaces du stockage des marchandises et des produits. Elles am\u00e9liorent la visibilit\u00e9 et contribuent consid\u00e9rablement \u00e0 la s\u00e9curit\u00e9 sur le lieu de travail :<\/p>\n<ul>\n<li>Ces \u00e9tiquettes sont sp\u00e9cialement con\u00e7ues pour identifier les bras en porte-\u00e0-faux des syst\u00e8mes de rayonnage utilis\u00e9s pour le stockage de marchandises longues ou encombrantes, comme les produits longs. Le marquage avec un autocollant \u00c9tiquetage de rayonnage permet non seulement d'am\u00e9liorer la visibilit\u00e9, mais aussi d'augmenter la s\u00e9curit\u00e9 des produits.<\/li>\n<li>Les panneaux peuvent \u00eatre dot\u00e9s de diff\u00e9rents symboles afin de fournir diverses informations. Par exemple, les produits peuvent porter des \u00e9tiquettes de produits dangereux ou des \u00e9tiquettes d'avertissement afin d'attirer l'attention sur les risques potentiels. L'identification des canalisations est \u00e9galement un aspect important lorsqu'il s'agit de marquer de mani\u00e8re claire et s\u00fbre les canalisations dans la zone de stockage.<\/li>\n<li>Outre le marquage des rayonnages cantilever, des plaquettes de base et des porte-\u00e9tiquettes peuvent \u00eatre utilis\u00e9s comme syst\u00e8mes de marquage pour fournir des informations et des inscriptions suppl\u00e9mentaires sur les rayonnages et les zones de stockage. Les autocollants pour le marquage des rayonnages permettent d'identifier des \u00e9tag\u00e8res ou des compartiments individuels pour am\u00e9liorer encore l'organisation.<\/li>\n<li>Les panneaux combin\u00e9s offrent la possibilit\u00e9 de combiner plusieurs informations sur un seul panneau, comme les d\u00e9tails du produit et les consignes de s\u00e9curit\u00e9. Ces \u00e9tiquettes de s\u00e9curit\u00e9 peuvent contenir des avertissements ou servir d'\u00e9tiquettes de charge. Par exemple, le titre \"Avertissement de charge\" sur les \u00e9tiquettes de rayonnage \u00e0 bras portants indique la capacit\u00e9 de charge maximale des bras portants et contribue ainsi de mani\u00e8re significative \u00e0 la s\u00e9curit\u00e9 du stockage.<\/li>\n<\/ul>\n<p>Les panneaux de rayonnage storemaster pour rayonnages cantilever sont polyvalents et constituent un outil indispensable pour une gestion claire, s\u00fbre et efficace de l'entrep\u00f4t. Les panneaux rectangulaires aident \u00e0 organiser efficacement les processus de stockage et de travail.<\/p>\n<h3>Une signal\u00e9tique optimale pour les rayonnages cantilever<\/h3>\n<p>La signal\u00e9tique optimale pour les rayonnages cantilever doit \u00eatre claire, pr\u00e9cise et bien visible pour garantir un stockage en toute s\u00e9curit\u00e9. Les \u00e9tiquettes pour rayonnages cantilever doivent contenir des informations telles que la capacit\u00e9 de charge, les limites de charge et les \u00e9ventuelles \u00e9tiquettes de danger comme les \u00e9tiquettes de protection contre l'incendie. Ces informations peuvent \u00eatre appos\u00e9es sur des films autocollants, des porte-\u00e9tiquettes ou des autocollants double face. Les panneaux d'avertissement, les panneaux d'interdiction, les panneaux de pr\u00e9vention des incendies et autres avertissements doivent \u00e9galement faire partie de la signalisation des rayonnages afin d'\u00e9viter les risques et de garantir la s\u00e9curit\u00e9 sur le lieu de travail. En apposant des \u00e9tiquettes d'avertissement de charge, les employ\u00e9s de l'entrep\u00f4t peuvent rapidement savoir quel poids peut \u00eatre charg\u00e9 sur les rayonnages afin d'\u00e9viter les accidents et les dommages. Le marquage doit \u00eatre conforme aux directives des normes DIN et peut \u00e9galement inclure des plaquettes de contr\u00f4le, des \u00e9tiquettes d'avertissement ou des panneaux d'information. Un marquage clair et professionnel des rayonnages contribue \u00e0 \u00e9viter les accidents et \u00e0 optimiser l'efficacit\u00e9 du stockage dans les rayonnages cantilever.<\/p>\n<h2>D\u00e9tails techniques de nos panneaux d'\u00e9tag\u00e8re<\/h2>\n<h3>Technique d'aimants forts pour une adh\u00e9rence s\u00fbre<\/h3>\n<p>La technologie des aimants forts offre un avantage consid\u00e9rable pour nos panneaux de rayonnage en porte-\u00e0-faux, car elle assure une adh\u00e9rence s\u00fbre et fiable. La force magn\u00e9tique puissante permet aux \u00e9tiquettes de rester stables en place, ind\u00e9pendamment des mouvements ou des vibrations qui peuvent survenir dans l'entrep\u00f4t au quotidien. Cela emp\u00eache les \u00e9tiquettes de tomber ou de glisser, ce qui pourrait entra\u00eener une confusion ou des erreurs lors du stockage et de l'exp\u00e9dition. En fin de compte, la technologie Starkmagnet contribue \u00e0 une gestion plus efficace et plus s\u00fbre de l'entrep\u00f4t, ce qui est particuli\u00e8rement important pour les entreprises ayant des volumes d'exp\u00e9dition \u00e9lev\u00e9s, comme celles dont la valeur des marchandises d\u00e9passe 5 000 euros.<\/p>\n<h3>Film dorsal color\u00e9 et film frontal transparent<\/h3>\n<p>Le film dorsal color\u00e9 et le film frontal transparent de nos \u00e9tiquettes pour rayonnages cantilever offrent un certain nombre d'avantages. Tout d'abord, le film dorsal color\u00e9 permet de distinguer clairement les marchandises ou les zones de stockage, ce qui facilite consid\u00e9rablement l'organisation et la recherche des articles. Le film frontal transparent, quant \u00e0 lui, prot\u00e8ge les informations sous-jacentes de la poussi\u00e8re, de la salet\u00e9 et des dommages, ce qui garantit la lisibilit\u00e9 et la durabilit\u00e9 des \u00e9tiquettes. En outre, la transparence permet une mise \u00e0 jour facile des informations, car les documents ou les \u00e9tiquettes sous-jacents peuvent \u00eatre remplac\u00e9s \u00e0 tout moment sans devoir remplacer l'ensemble de l'enseigne. Toutes ces caract\u00e9ristiques contribuent \u00e0 l'efficacit\u00e9 et \u00e0 la r\u00e9duction des co\u00fbts dans votre entrep\u00f4t.<\/p>\n<h3>R\u00e9sistant, adapt\u00e9 aux scanners et ind\u00e9l\u00e9bile<\/h3>\n<p>Les \u00e9tiquettes de rayonnage sont un moyen efficace d'identifier les surfaces et les zones de stockage. Les \u00e9tiquettes pour rayonnages cantilever storemaster vous permettent d'assurer une gestion efficace de votre entrep\u00f4t. En effet, la r\u00e9sistance des \u00e9tiquettes de rayonnage garantit une longue dur\u00e9e de vie et r\u00e9duit le besoin de remplacement permanent, ce qui permet de r\u00e9aliser des \u00e9conomies. La compatibilit\u00e9 avec les scanners permet une saisie rapide et pr\u00e9cise des informations, ce qui acc\u00e9l\u00e8re le flux de travail dans l'entrep\u00f4t et r\u00e9duit les erreurs. L'authenticit\u00e9 des documents garantit que les informations imprim\u00e9es sur les \u00e9tiquettes restent lisibles et fiables pendant une longue p\u00e9riode. Ceci est particuli\u00e8rement utile si l'on consid\u00e8re que les conditions et les co\u00fbts d'exp\u00e9dition peuvent varier et qu'il est important de suivre correctement ces informations.<\/p>\n<h3>Remplacement rapide des \u00e9tiquettes \u00e0 ins\u00e9rer<\/h3>\n<p>La possibilit\u00e9 de remplacer rapidement les \u00e9tiquettes \u00e0 ins\u00e9rer vous offre flexibilit\u00e9 et efficacit\u00e9. Vous pouvez facilement mettre \u00e0 jour des informations, r\u00e9organiser des produits ou modifier des dispositions de stockage sans avoir \u00e0 commander de nouvelles \u00e9tiquettes et \u00e0 attendre la livraison. Vous pouvez ainsi \u00e9conomiser du temps et de l'argent et garantir le bon fonctionnement de votre entreprise.<\/p>\n<h3>Porte-\u00e9tiquette magn\u00e9tique avec \u00e9tiquette \u00e0 ins\u00e9rer<\/h3>\n<p>Les pochettes d'\u00e9tiquettes magn\u00e9tiques \u00e0 ins\u00e9rer sur nos panneaux pour rayonnages cantilever sont une fonctionnalit\u00e9 importante, car elles assurent une organisation et une identification efficaces des marchandises stock\u00e9es. Elles vous permettent de mettre \u00e0 jour et de lire rapidement et facilement les informations sur le produit stock\u00e9. De plus, ce m\u00e9canisme vous permet d'\u00e9conomiser du temps et de l'argent en \u00e9liminant la n\u00e9cessit\u00e9 de remplacer ou de r\u00e9\u00e9tiqueter les \u00e9tiquettes lorsque les produits stock\u00e9s changent. Cela contribue \u00e9galement \u00e0 r\u00e9duire les erreurs d'exp\u00e9dition, ce qui permet d'am\u00e9liorer la satisfaction des clients.<\/p>","protected":false},"excerpt":{"rendered":"<p>pour l'identification brevet\u00e9e des \u00e9tag\u00e8res ou des mat\u00e9riaux, et <strong>pour les indications de charge admissible par tablette<\/strong> dans la zone prot\u00e9g\u00e9e, facile \u00e0 tourner sur l'angle de vue, d\u00e9pla\u00e7able \u00e0 volont\u00e9 et rapidement<\/p>\n<ul>\n<li>Fixation sans outil dans la zone prot\u00e9g\u00e9e<\/li>\n<li>pivotant en continu pour obtenir un angle de vue optimal<\/li>\n<li><strong>Technique d'aimants forts pour une adh\u00e9rence s\u00fbre<\/strong><\/li>\n<li>d\u00e9placement rapide sans outil<\/li>\n<li>sp\u00e9cialement con\u00e7u pour chaque profil de cantilever<\/li>\n<li>porte-\u00e9tiquette magn\u00e9tique 160 x 80 mm<\/li>\n<li>film dorsal color\u00e9 et film frontal transparent<\/li>\n<li>r\u00e9sistant, adapt\u00e9 aux scanners et ind\u00e9l\u00e9bile<\/li>\n<li>remplacement rapide des \u00e9tiquettes \u00e0 ins\u00e9rer<\/li>\n<\/ul>\n<p><strong>Livraison :<\/strong> franco domicile en Europe<\/p>","protected":false},"featured_media":18079482,"template":"","meta":{"_acf_changed":false,"_et_pb_use_builder":"","_et_pb_old_content":"","_et_gb_content_width":""},"product_brand":[],"product_cat":[799],"product_tag":[],"class_list":{"0":"post-18079481","1":"product","2":"type-product","3":"status-publish","4":"has-post-thumbnail","6":"product_cat-services","7":"product_shipping_class-paketversand","9":"first","10":"instock","11":"taxable","12":"shipping-taxable","13":"purchasable","14":"product-type-variable","15":"wvs-archive-product-wrapper"},"exclude_global_add_ons":false,"addons":[{"name":"Suppl\u00e9ments optionnels","type":"heading","position":0,"required":false,"title_format":"label","default":"","description_enable":true,"description":"Veuillez faire votre choix parmi les possibilit\u00e9s indiqu\u00e9es. Le prix sera automatiquement ajust\u00e9.","placeholder_enable":false,"placeholder":"","display":"select","restrictions_type":"any_text","adjust_price":false,"price":"","price_type":"flat_fee","restrictions":false,"min":"0","max":"0","options":[],"id":1737660525},{"name":"marquage des \u00e9tiquettes en option","type":"checkbox","position":1,"required":false,"title_format":"heading","default":"","description_enable":true,"description":"","placeholder_enable":false,"placeholder":"","display":"select","restrictions_type":"any_text","adjust_price":false,"price":"","price_type":"flat_fee","restrictions":false,"min":"0","max":"0","options":[{"label":"individuelle Etikettenbeschriftung nach Ihren Vorgaben","price":"10","price_type":"percentage_based","image":0,"visibility":true}],"id":1732186073},{"name":"Informations sur l'\u00e9tiquetage","type":"custom_textarea","position":2,"required":true,"title_format":"hide","default":"","description_enable":true,"description":"Veuillez d\u00e9tailler ici vos souhaits en mati\u00e8re d'inscription.","placeholder_enable":false,"placeholder":"","display":"select","restrictions_type":"any_text","adjust_price":false,"price":"","price_type":"flat_fee","restrictions":true,"min":"5","max":"300","options":[],"id":1741014519}],"acf":[],"_links":{"self":[{"href":"https:\/\/storemaster.de\/fr\/wp-json\/wp\/v2\/product\/18079481","targetHints":{"allow":["GET"]}}],"collection":[{"href":"https:\/\/storemaster.de\/fr\/wp-json\/wp\/v2\/product"}],"about":[{"href":"https:\/\/storemaster.de\/fr\/wp-json\/wp\/v2\/types\/product"}],"wp:featuredmedia":[{"embeddable":true,"href":"https:\/\/storemaster.de\/fr\/wp-json\/wp\/v2\/media\/18079482"}],"wp:attachment":[{"href":"https:\/\/storemaster.de\/fr\/wp-json\/wp\/v2\/media?parent=18079481"}],"wp:term":[{"taxonomy":"product_brand","embeddable":true,"href":"https:\/\/storemaster.de\/fr\/wp-json\/wp\/v2\/product_brand?post=18079481"},{"taxonomy":"product_cat","embeddable":true,"href":"https:\/\/storemaster.de\/fr\/wp-json\/wp\/v2\/product_cat?post=18079481"},{"taxonomy":"product_tag","embeddable":true,"href":"https:\/\/storemaster.de\/fr\/wp-json\/wp\/v2\/product_tag?post=18079481"}],"curies":[{"name":"wp","href":"https:\/\/api.w.org\/{rel}","templated":true}]}}