{"id":18079417,"date":"2022-12-20T08:51:50","date_gmt":"2022-12-20T07:51:50","guid":{"rendered":"https:\/\/storemaster.de\/shop\/unkategorisiert\/storekeeper\/"},"modified":"2025-07-18T13:58:49","modified_gmt":"2025-07-18T11:58:49","slug":"storekeeper-2","status":"publish","type":"product","link":"https:\/\/storemaster.de\/fr\/shop\/blechlager\/storekeeper\/","title":{"rendered":"Logiciel de gestion d'entrep\u00f4t storekeeper\u00aesmart"},"content":{"rendered":"<p style=\"text-transform: uppercase; font-weight: bold;\">Obtenez d\u00e8s aujourd'hui votre acc\u00e8s de d\u00e9monstration gratuit \u00e0 la gestion d'entrep\u00f4t StoreKeeper\u00ae Smart !<\/p>\n<p><strong><a href=\"https:\/\/demo.storekeeper.storemaster.de\/\" target=\"_blank\" rel=\"noopener\">Acc\u00e8s \u00e0 la d\u00e9mo \"<\/a><\/strong><\/p>\n<p>Temps de formation tr\u00e8s court pour les nouveaux employ\u00e9s<br \/>\nInterface utilisateur intuitive<br \/>\nStructure adaptable et simple<br \/>\nConnexion \u00e0 la demande \u00e0 toute interface tierce via GraphQL<br \/>\nP\u00e9riph\u00e9riques personnalisables \u00e0 la demande (imprimante et scanner de codes \u00e0 barres, identification des \u00e9tag\u00e8res par LED, serveur local de bo\u00eetes noires, etc.)<br \/>\nApplication bas\u00e9e sur le cloud pour une accessibilit\u00e9 permanente depuis un PC ou un appareil mobile<br \/>\npas besoin de serveur d\u00e9di\u00e9<br \/>\npas de maintenance<br \/>\nMises \u00e0 jour r\u00e9guli\u00e8res du syst\u00e8me et d\u00e9pannage direct<br \/>\nSauvegarde redondante des donn\u00e9es<br \/>\nGestion int\u00e9gr\u00e9e des lots<br \/>\nPossibilit\u00e9 de repr\u00e9senter l'int\u00e9gralit\u00e9 du flux de mat\u00e9riel : R\u00e9ception des mat\u00e9riaux, r\u00e9servations et commandes<\/p>","protected":false},"excerpt":{"rendered":"<p><strong>Logiciel :<\/strong><\/p>\n<ul>\n<li>Affichage bas\u00e9 sur un navigateur web sur PC et tablette<\/li>\n<li>Interface utilisateur intuitive<\/li>\n<li>Simplicit\u00e9 d'utilisation gr\u00e2ce \u00e0 une structure claire<\/li>\n<li>H\u00e9bergement inclus sans frais de suivi<\/li>\n<li>pour un nombre quelconque d'utilisateurs<\/li>\n<li>prend en charge l'utilisation de kits de transpondeurs RFID<\/li>\n<\/ul>\n<p><strong>Gestion des stocks de<\/strong><\/p>\n<ul>\n<li>Gestion des t\u00f4les avec r\u00e9sidus<\/li>\n<li>Gestion des marchandises longues<\/li>\n<li>Gestion des bobines et des bandes refendues<\/li>\n<li>Gestion des marchandises g\u00e9n\u00e9rales<\/li>\n<\/ul>\n<p><strong>Gestion des articles et des stocks<\/strong><\/p>\n<ul>\n<li>Personnalisable, c'est-\u00e0-dire que seul ce qui est n\u00e9cessaire est visible<\/li>\n<li>Affichage autonome des points de reporting<\/li>\n<li>Historique administratif compr\u00e9hensible<\/li>\n<li>Aper\u00e7u des stocks sous forme d'exportation CSV ou Excel<\/li>\n<li>Gestion des lots<\/li>\n<\/ul>\n<p><strong>Choix de la langue<\/strong><\/p>\n<ul>\n<li>Allemand, anglais, fran\u00e7ais, espagnol, italien, russe<\/li>\n<\/ul>\n<p><strong><a href=\"https:\/\/storemaster.de\/fr\/produkte\/storekeeper-smart\/\">En savoir plus \"<\/a><\/strong><\/p>","protected":false},"featured_media":18079418,"template":"","meta":{"_acf_changed":false,"_et_pb_use_builder":"","_et_pb_old_content":"","_et_gb_content_width":""},"product_brand":[],"product_cat":[817],"product_tag":[],"class_list":{"0":"post-18079417","1":"product","2":"type-product","3":"status-publish","4":"has-post-thumbnail","6":"product_cat-blechlager","7":"product_shipping_class-digital","9":"first","10":"instock","11":"virtual","12":"sold-individually","13":"taxable","14":"purchasable","15":"product-type-simple"},"exclude_global_add_ons":[],"addons":[],"acf":[],"_links":{"self":[{"href":"https:\/\/storemaster.de\/fr\/wp-json\/wp\/v2\/product\/18079417","targetHints":{"allow":["GET"]}}],"collection":[{"href":"https:\/\/storemaster.de\/fr\/wp-json\/wp\/v2\/product"}],"about":[{"href":"https:\/\/storemaster.de\/fr\/wp-json\/wp\/v2\/types\/product"}],"wp:featuredmedia":[{"embeddable":true,"href":"https:\/\/storemaster.de\/fr\/wp-json\/wp\/v2\/media\/18079418"}],"wp:attachment":[{"href":"https:\/\/storemaster.de\/fr\/wp-json\/wp\/v2\/media?parent=18079417"}],"wp:term":[{"taxonomy":"product_brand","embeddable":true,"href":"https:\/\/storemaster.de\/fr\/wp-json\/wp\/v2\/product_brand?post=18079417"},{"taxonomy":"product_cat","embeddable":true,"href":"https:\/\/storemaster.de\/fr\/wp-json\/wp\/v2\/product_cat?post=18079417"},{"taxonomy":"product_tag","embeddable":true,"href":"https:\/\/storemaster.de\/fr\/wp-json\/wp\/v2\/product_tag?post=18079417"}],"curies":[{"name":"wp","href":"https:\/\/api.w.org\/{rel}","templated":true}]}}