{"id":18079402,"date":"2022-12-12T14:51:09","date_gmt":"2022-12-12T13:51:09","guid":{"rendered":"https:\/\/storemaster.de\/shop\/unkategorisiert\/shuttlemaster\/"},"modified":"2026-04-16T12:23:10","modified_gmt":"2026-04-16T10:23:10","slug":"shuttlemaster","status":"publish","type":"product","link":"https:\/\/storemaster.de\/fr\/shop\/blechlager\/shuttlemaster\/","title":{"rendered":"Syst\u00e8me de changement de cassettes ShuttleMaster"},"content":{"rendered":"<p>Les syst\u00e8mes de stockage de t\u00f4les et de palettes interchangeables de <span style=\"color: #e02b20;\">storemaster\u00ae LE SYST\u00c8ME<\/span><br \/>\n<strong><span style=\"color: #e02b20;\">storemaster\u00ae LE SYST\u00c8ME<\/span> exclusif :<\/strong><\/p>\n<p>Afin de pouvoir se passer des contreventements diagonaux n\u00e9cessaires \u00e0 la stabilit\u00e9 des 6 panneaux sur les c\u00f4t\u00e9s de l'extension (simple et double), l'ossature est r\u00e9alis\u00e9e en acier soud\u00e9 profil\u00e9.<strong>Cadre<\/strong>-de la construction. Une augmentation progressive <strong>Position inclin\u00e9e<\/strong> avec de graves pertes de fonctionnalit\u00e9, comme dans le cas des portiques, est ainsi durablement exclue. La construction de poutres de pied utilis\u00e9e (<span style=\"color: #e02b20;\">storemaster\u00ae LE SYST\u00c8ME <\/span>) permet \u00e9galement une r\u00e9partition optimale de la charge sur le sol. Les rails de roulement soud\u00e9s dans l'ossature (et non pas viss\u00e9s), fabriqu\u00e9s \u00e0 partir de profil\u00e9s en acier massif ind\u00e9formables et lamin\u00e9s \u00e0 chaud (pas de profil\u00e9s en t\u00f4le), garantissent une extension confortable et sans frottement. Un <strong>autobloquant<\/strong> Tiroir-<strong>S\u00e9curit\u00e9 anti-chute <\/strong>conform\u00e9ment \u00e0 la directive sur la pr\u00e9vention des accidents, est la seule garantie d'une s\u00e9curit\u00e9 de fonctionnement absolue pour les syst\u00e8mes avec joues d'extension pivotantes. <strong>sans intervention manuelle conform\u00e9ment \u00e0 l'UVV<\/strong>y compris la transition sans d\u00e9crochement au niveau du joint de rail. En cas de faible charge par plateau, les positions de repos sont \u00e9quip\u00e9es de <strong>des blocages automatiques<\/strong> afin d'\u00e9viter tout mouvement involontaire lors de la manipulation. Afin de r\u00e9duire la force d'extraction, des supports de tablette sont utilis\u00e9s pour les charges \u00e9lev\u00e9es. <strong>Dispositifs d'asservissement<\/strong> \u00e0 l'utilisation. Le site <span style=\"color: #e02b20;\">storemaster\u00ae LE SYST\u00c8ME<\/span>-La technique d'extraction permet le fonctionnement <strong>sur des surfaces inclin\u00e9es et\/ou irr\u00e9guli\u00e8res avec une pente sans plaque de fondation et sans contact avec le sol des joues \u00e0 rouleaux pivotantes (portes)<\/strong>. Le syst\u00e8me est con\u00e7u pour \u00eatre utilis\u00e9 ult\u00e9rieurement. <span style=\"color: #e02b20;\">OverheadTop<\/span>-rehausse pour autant de niveaux de gerbage que n\u00e9cessaire <u>sans modification de la construction !<\/u> Le site <span style=\"color: #e02b20;\">storemaster\u00ae LE SYST\u00c8ME<\/span>\u00a0- <strong>Confort de roulage en douceur : <\/strong>Chaque niveau de glissi\u00e8re est mont\u00e9 sur 8 roulements \u00e0 billes sur des roues \u00e0 boudin en acier chromat\u00e9 avec double palier d'axe sans coincement sur des rails de roulement galvanis\u00e9s \u00e0 chaud r\u00e9sistants \u00e0 l'abrasion et sans poches de salet\u00e9. Des charni\u00e8res de pr\u00e9cision sp\u00e9ciales \u00e0 haute capacit\u00e9 de charge et \u00e0 graissage permanent assurent, dans le cas de joues \u00e0 rouleaux escamotables, une transition sans d\u00e9crochement entre les rails et la zone d'extension. <span style=\"color: #e02b20;\">durable<\/span> et <span style=\"color: #e02b20;\">sans entretien<\/span>. Tout cela \u00e0 20 ans <span style=\"color: #e02b20;\">storemaster\u00ae LE SYST\u00c8ME<\/span>-garantie.<\/p>","protected":false},"excerpt":{"rendered":"<p><strong>Syst\u00e8me de stockage de t\u00f4les \u00e0 palettes interchangeables, en option comme station compacte de manutention de t\u00f4les par un seul op\u00e9rateur<\/strong>\u00a0- Syst\u00e8me d'extraction de chariots interchangeables pour le chargement temporaire de paquets de t\u00f4les dans des cassettes de t\u00f4les et des palettes syst\u00e8me.<\/p>\n<p>La combinaison id\u00e9ale avec\u00a0<strong>Tours de stockage de palettes en t\u00f4le du syst\u00e8me ShuttleTower.<\/strong><br \/>\nUne\u00a0<strong><span style=\"color: #e02b20;\">storemaster\u00ae LE SYST\u00c8ME<\/span><\/strong>-innovation de 2008 avec\u00a0<strong>20 ans de garantie\u00a0<\/strong>(adapt\u00e9 \u00e0 la norme DIN EN ISO 9001).<\/p>\n<p style=\"font-weight: 400;\"><strong><span style=\"color: #e02b20;\">storemaster\u00ae LE SYST\u00c8ME<\/span><\/strong>\u00a0<strong>Position unique<\/strong>-Caract\u00e9ristiques :<br \/>\n\u27a0 extrait d'une page <strong>sans diminution de la densit\u00e9 de stockage<\/strong> convient \u00e9galement \u00e0 la commande par l'arri\u00e8re du chariot \u00e9l\u00e9vateur<br \/>\n\u27a0\u00a0<strong>automatique<\/strong>\u00a0les dispositifs de s\u00e9curit\u00e9 \u00e0 action directe conform\u00e9ment \u00e0\u00a0<strong>UVV<\/strong><br \/>\n\u27a0\u00a0<strong>sans<\/strong>\u00a0Non-conformit\u00e9 aux r\u00e8gles de pr\u00e9vention des accidents\u00a0<strong>manuel<\/strong>\u00a0Dispositifs de blocage<br \/>\n\u27a0\u00a0<strong>S\u00e9curit\u00e9 anti-chute \u00e0 l'extraction brevet\u00e9e<\/strong><br \/>\n\u27a0 parois coulissantes escamotables\u00a0<strong>sous charge sans contact avec le sol\u00a0<\/strong>pr\u00e9serve les sols vitrifi\u00e9s et les rev\u00eatements de surface<br \/>\n\u27a0 convient pour les\u00a0<strong>Installation sur des planchers inclin\u00e9s\u00a0<\/strong>et\u00a0<strong>toutes conditions de sol<\/strong><strong><br \/>\n<\/strong>\u27a0 Mise en place\u00a0<strong>sans fondation<\/strong>\u00a0par des r\u00e9partiteurs de charge \u00e0 pied<br \/>\n\u27a0\u00a0<strong>accessoires fonctionnels inclus<\/strong>Marchepied roulant storeboy et crochet de manutention pour une utilisation ergonomique \u00e0 n'importe quelle hauteur<\/p>","protected":false},"featured_media":18086591,"template":"","meta":{"_acf_changed":false,"_et_pb_use_builder":"","_et_pb_old_content":"","_et_gb_content_width":""},"product_brand":[],"product_cat":[817],"product_tag":[1657,1656],"class_list":{"0":"post-18079402","1":"product","2":"type-product","3":"status-publish","4":"has-post-thumbnail","6":"product_cat-blechlager","7":"product_tag-elektrifizierbar","8":"product_tag-storekeeper-kompatibel","9":"handling-schubladen","10":"handling-systempaletten-im-wechselsystem","12":"first","13":"instock","14":"taxable","15":"shipping-taxable","16":"purchasable","17":"product-type-variable","18":"wvs-archive-product-wrapper"},"exclude_global_add_ons":false,"addons":[{"name":"Syst\u00e8me de changement de cassettes ShuttleMaster","type":"heading","position":0,"required":false,"title_format":"label","default":"","description_enable":true,"description":"<video src=\"https:\/\/storemaster.de\/wp-content\/uploads\/ShuttleMaster\u00ae.mp4\" controls>","placeholder_enable":false,"placeholder":"","display":"select","restrictions_type":"any_text","adjust_price":false,"price":"","price_type":"flat_fee","restrictions":false,"min":"0","max":"0","options":[],"id":1739368826},{"name":"Composants syst\u00e8me en option","type":"heading","position":1,"required":false,"title_format":"label","default":"","description_enable":true,"description":"Veuillez faire votre choix parmi les possibilit\u00e9s indiqu\u00e9es. Le prix du syst\u00e8me sera automatiquement ajust\u00e9.","placeholder_enable":false,"placeholder":"","display":"select","restrictions_type":"any_text","adjust_price":false,"price":"","price_type":"flat_fee","restrictions":false,"min":"0","max":"0","options":[],"id":1737417041},{"name":"pick &amp; place Technique de grue int\u00e9gr\u00e9e au syst\u00e8me pour le pr\u00e9l\u00e8vement de t\u00f4les par une seule personne storemaster\u00ae-Innovation de l'ann\u00e9e 2000","type":"checkbox","position":2,"required":false,"title_format":"label","default":"","description_enable":true,"description":"<img src=\"https:\/\/storemaster.de\/wp-content\/uploads\/SM_Kranoption-ohne-Rollen.jpg\" alt=\"MasterTower-TowerCrane\" width=\"300\" \/>","placeholder_enable":false,"placeholder":"","display":"select","restrictions_type":"any_text","adjust_price":false,"price":"","price_type":"flat_fee","restrictions":false,"min":"0","max":"0","options":[{"label":"St\u00e4nderwerk konstruktiv, statisch, anschluss-technisch und funktionell pr\u00e4pariert f\u00fcr die TowerCrane-Installation, Schwenkkran in Leichtbauweise, system-integriert (Fundament entf\u00e4llt), links und rechts installierbar und versetzbar, Aktionsradius 6m bei Aktionsbereich 225\u00b0, incl. Krans\u00e4ule, Elektro-Kettenzug und kompl. Elektro-Installation am Turm, zul. Hakenlast 500 kg, Schwenken und Fahrwerk manuell (optional voll-elektrisch), Kran-Abnahme incl.","price":"10836","price_type":"quantity_based","image":0,"visibility":true}],"id":1737417045},{"name":"Porte-\u00e9tiquette magn\u00e9tique","type":"input_multiplier","position":3,"required":false,"title_format":"heading","default":"0","description_enable":true,"description":"<img src=\"https:\/\/storemaster.de\/wp-content\/uploads\/Etikettentaschen-blau-e1685709870586.jpeg\" alt=\"Zahlenschilder\" width=\"300\" \/>\r\npour l'identification brevet\u00e9e des \u00e9tag\u00e8res ou des mat\u00e9riaux, y compris les \u00e9tiquettes vierges \u00e0 ins\u00e9rer\r\n\r\n- film dorsal color\u00e9 et film frontal transparent\r\n- r\u00e9sistante, compatible avec les scanners et ind\u00e9l\u00e9bile\r\n- remplacement rapide des \u00e9tiquettes","placeholder_enable":false,"placeholder":"","display":"select","restrictions_type":"any_text","adjust_price":true,"price":"2.5","price_type":"quantity_based","restrictions":false,"min":"0","max":"0","options":[],"id":1737417044},{"name":"HandlingMaster pour le transfert de t\u00f4le","type":"checkbox","position":4,"required":false,"title_format":"heading","default":"","description_enable":true,"description":"<img src=\"https:\/\/storemaster.de\/wp-content\/uploads\/2022\/04\/HandlingMaster_3.jpg\" alt=\"HandlingMaster\" width=\"300\" \/>","placeholder_enable":false,"placeholder":"","display":"select","restrictions_type":"any_text","adjust_price":false,"price":"","price_type":"flat_fee","restrictions":false,"min":"0","max":"0","options":[{"label":"Blechmanipulator Komfort-Ausf\u00fchrung, Tragkraft 750 kg, Eigengewicht 136 kg (opt. 2.000 kg an externem Kran), Niedrig-Bauh\u00f6he 350 mm f\u00fcr die Bedienung einer max. Anzahl von Schubladen, spezielle Ergonomie-Ausf\u00fchrung mit Handling-Sonderfunktionen f\u00fcr den spez. ergonom. Einsatz an Systemen mit integrierter Krantechnik mit folgenden Komfort-Bedienungselementen:(s. Alleinstellungsmerkmale HandlingMaster) Multifunktions-Tableau f\u00fcr alle Funktionen am Daumentaster-Bedienungsb\u00fcgel, abwinkelbar von 0-180 Grad im 15\u00b0 Raster mit elektr. Entriegelung, teleskopierbar spez. f\u00fcr den ergonom. Zugriff auf 2.200 mm H\u00f6he aus dem Stand; Doppelblech-Trenneinrichtung (DBGM) zur Aufhebung der Adh\u00e4sion gem\u00e4\u00df UVV, justierbarer Gewichtsausgleich, Kettenzug-Steuerung u. Energiezufuhr mittels abri\u00df-sicherem Spiralkabel, Lastkette innerhalb des Spiralkabels; incl. sep. H\u00e4ngetaster f\u00fcr den Einsatz von Hubmagneten mit einer Hubkraft von 500 kg am Kettenzug (Eigengewicht 36 kg). Optional Einsatz am Hallenkran mit Komplett-Sch\u00fctz-Steuerung \u00fcber den HandlingMaster","price":"9791","price_type":"quantity_based","image":0,"visibility":true}],"id":1737417046}],"acf":[],"_links":{"self":[{"href":"https:\/\/storemaster.de\/fr\/wp-json\/wp\/v2\/product\/18079402","targetHints":{"allow":["GET"]}}],"collection":[{"href":"https:\/\/storemaster.de\/fr\/wp-json\/wp\/v2\/product"}],"about":[{"href":"https:\/\/storemaster.de\/fr\/wp-json\/wp\/v2\/types\/product"}],"wp:featuredmedia":[{"embeddable":true,"href":"https:\/\/storemaster.de\/fr\/wp-json\/wp\/v2\/media\/18086591"}],"wp:attachment":[{"href":"https:\/\/storemaster.de\/fr\/wp-json\/wp\/v2\/media?parent=18079402"}],"wp:term":[{"taxonomy":"product_brand","embeddable":true,"href":"https:\/\/storemaster.de\/fr\/wp-json\/wp\/v2\/product_brand?post=18079402"},{"taxonomy":"product_cat","embeddable":true,"href":"https:\/\/storemaster.de\/fr\/wp-json\/wp\/v2\/product_cat?post=18079402"},{"taxonomy":"product_tag","embeddable":true,"href":"https:\/\/storemaster.de\/fr\/wp-json\/wp\/v2\/product_tag?post=18079402"}],"curies":[{"name":"wp","href":"https:\/\/api.w.org\/{rel}","templated":true}]}}