{"id":18079387,"date":"2022-09-29T08:32:00","date_gmt":"2022-09-29T06:32:00","guid":{"rendered":"https:\/\/storemaster.de\/shop\/unkategorisiert\/mastertower-universal\/"},"modified":"2026-03-16T14:07:16","modified_gmt":"2026-03-16T13:07:16","slug":"mastertower-universal","status":"publish","type":"product","link":"https:\/\/storemaster.de\/fr\/shop\/blechlager\/mastertower-universal\/","title":{"rendered":"MasterTower\u00ae universel"},"content":{"rendered":"<h2 style=\"color: #e02b20;\">MasterTower\u00ae, y compris la technologie de grue \u00e0 vide<\/h2>\n<p>Le stock de t\u00f4les le plus achet\u00e9 au monde.<br \/>\n<strong>L'original de 2000 - un investissement pour des g\u00e9n\u00e9rations - avec des parois coulissantes en porte-\u00e0-faux (innovation storemaster\u00ae de 2024).<\/strong><\/p>\n<p>Syst\u00e8me de tiroirs de stockage en t\u00f4le avec parois coulissantes pivotantes, verrouillables en option, charni\u00e8res de bloc tr\u00e8s r\u00e9sistantes et lubrifi\u00e9es \u00e0 vie fixant durablement les parois pivotantes dans leur position en hauteur, transition de rail durablement sans d\u00e9crochement entre les rails de bloc et les rails pivotants, car soud\u00e9e\u00a0<strong>-<\/strong>\u00a0non viss\u00e9 ainsi qu'avec storemaster\u00ae - jonction en onglet ! S\u00e9curit\u00e9 du travail selon les normes internationales en vigueur, syst\u00e8me assembl\u00e9 en bloc pr\u00eat \u00e0 l'emploi\u00a0<strong>-<\/strong>\u00a0opt. Tiroirs \u00e9lectrifi\u00e9s. Montants en L r\u00e9sistants \u00e0 la torsion pour un aplomb durable =&gt; 20 ans de garantie de fonctionnement ; des dispositifs de blocage automatique assurent la position de repos et de travail des tiroirs sans action manuelle. Blocage m\u00e9canique pour les tiroirs d'une charge utile \u2264 2.000 kg ; le servo-brevet de ressort de pouss\u00e9e facilite l'extraction des tiroirs pour charges lourdes d'une charge utile \u2265 2.500 kg.\u00a0<strong>Parois coulissantes sans contact avec le sol<\/strong>\u00a0pour tous les types de sols.<u><\/u><u><\/u><\/p>\n<p><strong>Le site\u00a0<\/strong><strong>storemaster\u00ae LE SYST\u00c8ME<\/strong><strong>\u00a0- S\u00e9curit\u00e9 de fonctionnement pour les barres d'extension pivotantes :<\/strong><br \/>\nLes guides de boudin \u00e0 rouleaux\u00a0<strong>sur les bandes de roulement<\/strong>\u00a0des glissi\u00e8res s\u00e9curisent les tiroirs en cas de forces lat\u00e9rales suppl\u00e9mentaires\u00a0<strong>automatique<\/strong>\u00a0<wbr \/>verrouill\u00e9\u00a0<strong>sans<\/strong>\u00a0mesures suppl\u00e9mentaires non conformes \u00e0 BG\u00a0<strong>fiable contre les chutes<\/strong>\u00a0(storemaster\u00ae)<strong>\u2013<wbr \/>Innovation de 2015<\/strong>). Des aimants puissants fixent les barres d'extension pivot\u00e9es.\u00a0<strong>automatique<\/strong><wbr \/>\u00a0dans leur position \u00e0 90\u00b0, sans qu'il soit n\u00e9cessaire d'utiliser des dispositifs de blocage m\u00e9caniques et manuels non conformes aux normes BG.<u><\/u><u><\/u><\/p>\n<p><strong>Le site\u00a0<\/strong><strong>storemaster\u00ae LE SYST\u00c8ME<\/strong><strong>\u00a0- Confort de roulement :<\/strong><br \/>\nChaque glissi\u00e8re est mont\u00e9e sur 8 roulements \u00e0 billes sp\u00e9ciaux \u00e0 faible frottement sur des roues chromat\u00e9es en acier massif (pas de roulettes en t\u00f4le l\u00e9g\u00e8re ou de roulements \u00e0 billes d\u00e9tourn\u00e9s de leur fonction initiale) avec double palier d'essieu, en toute s\u00e9curit\u00e9 et sans gauchissement, sur des rails de roulement galvanis\u00e9s \u00e0 chaud (10 fois plus r\u00e9sistants \u00e0 l'abrasion que les surfaces peintes), lisses et sans poches de salet\u00e9, car sans rebords ni plis. Protection parfaite contre les chutes avec fonction automatique conforme \u00e0 la r\u00e9glementation sur la pr\u00e9vention des accidents (UVV) pour la version escamotable. Syst\u00e8me sp\u00e9cial de blocs de pr\u00e9cision pour charges lourdes.<wbr \/>Les charni\u00e8res \u00e0 lubrification permanente assurent un passage de glissi\u00e8re sans d\u00e9crochement dans la zone d'extension des barres \u00e0 rouleaux r\u00e9tractables - durablement et sans entretien.<u><\/u><u><\/u><\/p>\n<p><strong>S\u00e9curit\u00e9 du travail et pr\u00e9vention des accidents (sant\u00e9 et s\u00e9curit\u00e9) conform\u00e9ment aux normes internationales en vigueur :<\/strong><br \/>\n<strong>storemaster\u00ae LE SYST\u00c8ME<\/strong>\u00a0r\u00e9pond aux probl\u00e8mes suivants, qui ne peuvent \u00eatre r\u00e9solus par une r\u00e9paration\u00a0<strong>UVV-S\u00e9curit\u00e9 au travail-<wbr \/>Conditions pr\u00e9alables<\/strong>sans laquelle la mise en service du produit est interdite.\u00a0<strong>Couverture d'assurance BG<\/strong>\u00a0<wbr \/>de mani\u00e8re permanente : Exclusion de l'erreur humaine par l'absence d'action sur les dispositifs de s\u00e9curit\u00e9.<\/p>\n<h2>Caract\u00e9ristiques uniques de MasterTower<\/h2>\n<ul>\n<li><strong>TwenTower\u00ae - La tour<\/strong>-extension au\u00a0<strong>MasterTower<\/strong>\u00a0au moyen d'une construction m\u00e9tallique professionnelle \u00e0 s\u00e9curit\u00e9 statique avec colonne de grue int\u00e9gr\u00e9e sans support auxiliaire - r\u00e9ception de la grue par un expert conform\u00e9ment \u00e0 la r\u00e8gle DGUV (s\u00e9curit\u00e9 des travailleurs)<br \/>\n108-007 et DIN EN 15635 - Raccord de grue d\u00e9pla\u00e7able en alternance.<\/li>\n<li>Stockage confortable des paquets plut\u00f4t que t\u00f4le par t\u00f4le avec le d\u00e9palettiseur brevet\u00e9 PalEx, gr\u00e2ce \u00e0 la\u00a0<strong>storemaster\u00ae LE SYST\u00c8ME<\/strong>\u00a0Construction du cadre de l'entretoise profonde du tiroir (invention de 1995) avec encastrement du paquet de t\u00f4les r\u00e9sistant au d\u00e9placement.<\/li>\n<li>Les syst\u00e8mes de tiroirs pour charges lourdes MasterTower\u00ae conviennent \u00e0 toutes les variantes de stockage et d'entreposage =&gt; passage au choix de l'entreposage sans palette en bois \u00e0 l'entreposage avec palette en bois et inversement.<\/li>\n<li>Les dispositifs de s\u00e9curit\u00e9 se r\u00e8glent automatiquement lors de l'utilisation du syst\u00e8me conform\u00e9ment \u00e0 la r\u00e9glementation sur la pr\u00e9vention des accidents et ne sont donc pas soumis \u00e0 un actionnement manuel arbitraire, c'est-\u00e0-dire \u00e0 un manquement.<\/li>\n<li>Fixation automatique des parois du rail \u00e0 90\u00b0 (ajustable) gr\u00e2ce \u00e0 un aimant fort - se lib\u00e8re automatiquement lors du pivotement sans boulon d'arr\u00eat, etc.<\/li>\n<li><strong>Le site\u00a0<\/strong><strong>storemaster\u00ae LE SYST\u00c8ME<\/strong><strong>-La technique d'extension permet l'installation et l'utilisation sur tout type de sol, ainsi que sur des surfaces inclin\u00e9es et\/ou irr\u00e9guli\u00e8res avec une pente sans plaque de fondation. Les parois coulissantes pivotantes (portes) ne sont pas en contact avec le sol ; les sols chauffants et les rev\u00eatements fragiles ne sont pas endommag\u00e9s.<\/strong><\/li>\n<li><strong>100% S\u00e9curit\u00e9 antichute UVV des tiroirs gr\u00e2ce \u00e0 un brevet de guidage forc\u00e9 automatique des boudins et des rainures (DBGM) sans actionnement m\u00e9canique arbitraire (pouvant \u00eatre omis) par l'op\u00e9rateur.<\/strong><\/li>\n<li>Des dispositifs de blocage automatiques emp\u00eachent le d\u00e9placement involontaire des tiroirs en position de repos et de travail sans actionnement manuel des dispositifs de blocage m\u00e9caniques.<\/li>\n<li>Rails de roulement sans poches de salet\u00e9 en acier massif durablement ind\u00e9formable (pas de t\u00f4le pli\u00e9e), galvanis\u00e9s \u00e0 chaud r\u00e9sistants \u00e0 l'abrasion, surfaces de roulement polies, soud\u00e9s \u00e0 l'ossature (non viss\u00e9s) pour une transition de rail durablement sans d\u00e9crochement entre la zone du bloc et celle du rail pivotant gr\u00e2ce \u00e0 la jonction en onglet.<\/li>\n<li>L'ossature brevet\u00e9e en acier moul\u00e9 avec un cadre en L r\u00e9sistant \u00e0 la torsion (DBGM) - pas de portique ! - avec des r\u00e9partiteurs de charge soud\u00e9s (<strong>storemaster\u00ae LE SYST\u00c8ME<\/strong>\u00a0) assure \u00e0 elle seule l'aplomb durable des colonnes de l'ossature comme garantie d'une fonctionnalit\u00e9 illimit\u00e9e dans le temps et sans restriction du syst\u00e8me sans contreventements en croix diagonale, ce qui permet seulement la v\u00e9rification de la stabilit\u00e9 statique pour la version \u00e0 une ou deux faces sans contreventements.<\/li>\n<li>Charni\u00e8res de bloc \u00e0 haute capacit\u00e9 de charge, lubrifi\u00e9es \u00e0 vie, pour une fixation durable des parois pivotantes dans leur position en hauteur.<\/li>\n<li>Suspension jumel\u00e9e de pr\u00e9cision de l'axe des roues pour un confort de fonctionnement durable et sans gauchissement.<\/li>\n<li>Force d'extraction particuli\u00e8rement faible pour les charges \u00e9lev\u00e9es de tiroirs sans aide (manivelle, etc.).<\/li>\n<li>Ressort de pouss\u00e9e ServoPatent facilite l'extraction des tiroirs pour charges lourdes.<\/li>\n<li>Les tiroirs peuvent \u00eatre facilement retir\u00e9s du syst\u00e8me pour modifier la hauteur utile.<\/li>\n<li>Rouleaux \u00e0 boudin en acier plein pour usage intensif, chromat\u00e9s, avec double roulement \u00e0 billes.<\/li>\n<li>Densit\u00e9 de stockage avec jusqu'\u00e0 25 tiroirs sur une hauteur d'extraction d'environ 2 m.<\/li>\n<li>Stockage de t\u00f4les et de barres combinable avec des s\u00e9parations enfichables.<\/li>\n<li>Tiroir coulissant &gt; 100 %.<\/li>\n<li>S\u00e9curit\u00e9 anti-per\u00e7age UVV pour le retrait de la t\u00f4le des deux c\u00f4t\u00e9s.<\/li>\n<li>Bloc de rehausse OverheadTop pouvant \u00eatre mis \u00e0 niveau sans adaptation ult\u00e9rieure.<\/li>\n<li>Bloc de rehausse OverheadTop avec niveaux de stockage en porte-\u00e0-faux pour faciliter l'introduction de la fourche du chariot \u00e9l\u00e9vateur, r\u00e9glable en hauteur au pas de 75 mm, utilisable des deux c\u00f4t\u00e9s - en option pour le stockage des cassettes.<\/li>\n<li>\u00c9lectrification jusqu'\u00e0 10 t \/ niveau de stockage coulissant - max. 13 tiroirs (<strong>storemaster\u00ae LE SYST\u00c8ME<\/strong>\u00a0brevet).<\/li>\n<li>Syst\u00e8me avec parois coulissantes \u00e0 glissi\u00e8res escamotables mont\u00e9es en bloc et pr\u00eates \u00e0 l'emploi.<\/li>\n<li>S\u00e9curit\u00e9 de fonctionnement et de fonctionnement conform\u00e9ment aux directives de l'association de qualit\u00e9 RAL-RG 614.<\/li>\n<li>20 ans de garantie de fonctionnement.<\/li>\n<\/ul>","protected":false},"excerpt":{"rendered":"<p><strong>Premi\u00e8re manutention de t\u00f4les par un seul op\u00e9rateur<\/strong>-Station compacte - l'originale de l'an 2000 - avec <strong>int\u00e9gr\u00e9<\/strong> Technique d'enl\u00e8vement des t\u00f4les par grue et sous vide<br \/>\nPalier universel en t\u00f4le-<strong>\u00c9tag\u00e8re \u00e0 tiroirs <\/strong>pour les<strong> Manipulation des chariots \u00e9l\u00e9vateurs <\/strong>et les <strong>retrait manuel de la t\u00f4le<\/strong> sur la machine<br \/>\n<strong>pour le stockage de paquets de t\u00f4les d\u00e9palettis\u00e9s, de <\/strong>Paquets de t\u00f4les sur palette en bois ou\u00a0<strong>euroFLAT\u00ae : la solution<\/strong>-Palette standard du syst\u00e8me<br \/>\nExtrait d'une page <strong>sans diminution de la densit\u00e9 de stockage<\/strong> convient \u00e9galement \u00e0 la commande par l'arri\u00e8re du chariot \u00e9l\u00e9vateur<br \/>\nExtraction de t\u00f4les individuelles par extracteur manuel ou manipulateur de t\u00f4les<br \/>\n<strong>Syst\u00e8me de changement de palettes <\/strong>pour une utilisation fr\u00e9quente et rapide <strong>\u00c9change des types de t\u00f4les<\/strong><br \/>\nCompl\u00e9ment id\u00e9al au\u00a0<strong>ArmStrong\u00ae BN<\/strong>\u00a0Rayonnage standard de stockage de t\u00f4les comme <strong>Palier principal<\/strong><\/p>\n<p style=\"font-weight: 400;\"><strong>storemaster\u00ae LE SYST\u00c8ME<\/strong>\u00a0<strong>Position unique<\/strong>-Caract\u00e9ristiques :<br \/>\n\u27a0\u00a0<strong>automatique<\/strong>\u00a0les dispositifs de s\u00e9curit\u00e9 \u00e0 action directe conform\u00e9ment \u00e0\u00a0<strong>UVV<\/strong><br \/>\n\u27a0\u00a0<strong>sans<\/strong>\u00a0Non-conformit\u00e9 aux r\u00e8gles de pr\u00e9vention des accidents\u00a0<strong>manuel<\/strong>\u00a0Dispositifs de blocage<br \/>\n\u27a0\u00a0<strong>S\u00e9curit\u00e9 anti-chute des tiroirs brevet\u00e9e<\/strong><br \/>\n\u27a0 parois coulissantes escamotables\u00a0<strong>sous charge sans contact avec le sol <\/strong>pr\u00e9serve les sols vitrifi\u00e9s et les rev\u00eatements de surface<br \/>\n\u27a0 convient pour les\u00a0<strong>Installation sur des planchers inclin\u00e9s <\/strong>et\u00a0<strong>toutes conditions de sol<\/strong><br \/>\n\u27a0 Mise en place\u00a0<strong>sans fondation<\/strong>\u00a0par des r\u00e9partiteurs de charge \u00e0 pied<br \/>\n\u27a0 Accessoires fonctionnels, y compris : marchepied roulant storeboy et crochet de manutention pour une utilisation ergonomique \u00e0 n'importe quelle hauteur, ainsi que des ancrages composites pour une fixation n\u00e9cessaire et r\u00e9sistante \u00e0 la traction de l'appareil au sol du hall.<\/p>","protected":false},"featured_media":18079388,"template":"","meta":{"_acf_changed":false,"_et_pb_use_builder":"","_et_pb_old_content":"","_et_gb_content_width":""},"product_brand":[],"product_cat":[817,2179],"product_tag":[1657],"class_list":{"0":"post-18079387","1":"product","2":"type-product","3":"status-publish","4":"has-post-thumbnail","6":"product_cat-blechlager","7":"product_cat-schubladenregale","8":"product_tag-elektrifizierbar","9":"handling-schubladen","11":"first","12":"instock","13":"taxable","14":"shipping-taxable","15":"purchasable","16":"product-type-variable","17":"wvs-archive-product-wrapper"},"exclude_global_add_ons":false,"addons":[{"name":"Composants syst\u00e8me en option","type":"heading","position":0,"required":false,"title_format":"label","default":"","description_enable":true,"description":"Veuillez faire votre choix parmi les possibilit\u00e9s indiqu\u00e9es. Le prix du syst\u00e8me sera automatiquement ajust\u00e9. <b>(*Informations obligatoires)<\/b>","placeholder_enable":false,"placeholder":"","display":"select","restrictions_type":"any_text","adjust_price":false,"price":"","price_type":"flat_fee","restrictions":false,"min":"0","max":"0","options":[],"id":1737416740},{"name":"OverheadTop Bloc de r\u00e9daction","type":"multiple_choice","position":1,"required":true,"title_format":"heading","default":"","description_enable":true,"description":"<img src=\"https:\/\/storemaster.de\/wp-content\/uploads\/TT_Aufsatz-ohne-Rollen.jpg\" alt=\"MasterTower-Basisblock\" width=\"300\" \/>","placeholder_enable":false,"placeholder":"","display":"radiobutton","restrictions_type":"any_text","adjust_price":false,"price":"","price_type":"flat_fee","restrictions":false,"min":"0","max":"0","options":[{"label":"Lagerung auf Holzpaletten mit 3 Kragb\u00fcgel- und 2 Fix-Lagerebenen \u00e0 3t Tragkraft f\u00fcr wahlweise vorder- und r\u00fcckseitige Staplerbedienung, System-Bauh\u00f6he 4.100mm (+0,00\u20ac)","price":"","price_type":"quantity_based","image":0,"visibility":true},{"label":"Lagerung in 8 superflat Blechlager-System-Einschubpaletten mit 100mm F\u00fcllh\u00f6he, h\u00f6henverstellbar mittels formschl\u00fcssiger, klemmfreier Sicherheits-Patent-Steckriegel im Steckraster von 62,5mm, Fachraster 187,5mm mit dem weltweit einzigen Einlagerungs-Komfort-Patent >Drop & Push&lt; und der Sicherheits-Winkel-auf-Winkel-F\u00fchrung (Arbeitssicherheit nach den international g\u00fcltigen Standards) zur wahlweisen vorder- oder r\u00fcckseitigen Stapler-Bedienung, System-Bauh\u00f6he 4.100mm bei 3.900mm Staplerhub","price":"8394","price_type":"quantity_based","image":0,"visibility":true}],"id":1737416741},{"name":"HandlingMaster pour le transfert de t\u00f4le","type":"checkbox","position":2,"required":false,"title_format":"heading","default":"","description_enable":true,"description":"<img src=\"https:\/\/storemaster.de\/wp-content\/uploads\/2022\/04\/HandlingMaster_3.jpg\" alt=\"HandlingMaster\" width=\"300\" \/>","placeholder_enable":false,"placeholder":"","display":"select","restrictions_type":"any_text","adjust_price":false,"price":"","price_type":"flat_fee","restrictions":false,"min":"0","max":"0","options":[{"label":"Blechmanipulator Komfort-Ausf\u00fchrung, Tragkraft 750 kg, Eigengewicht 136 kg (opt. 2.000 kg an externem Kran), Niedrig-Bauh\u00f6he 350 mm f\u00fcr die Bedienung einer max. Anzahl von Schubladen, spezielle Ergonomie-Ausf\u00fchrung mit Handling-Sonderfunktionen f\u00fcr den spez. ergonom. Einsatz an Systemen mit integrierter Krantechnik mit folgenden Komfort-Bedienungselementen:(s. Alleinstellungsmerkmale HandlingMaster) Multifunktions-Tableau f\u00fcr alle Funktionen am Daumentaster-Bedienungsb\u00fcgel, abwinkelbar von 0-180 Grad im 15\u00b0 Raster mit elektr. Entriegelung, teleskopierbar spez. f\u00fcr den ergonom. Zugriff auf 2.200 mm H\u00f6he aus dem Stand; Doppelblech-Trenneinrichtung (DBGM) zur Aufhebung der Adh\u00e4sion gem\u00e4\u00df UVV, justierbarer Gewichtsausgleich, Kettenzug-Steuerung u. Energiezufuhr mittels abri\u00df-sicherem Spiralkabel, Lastkette innerhalb des Spiralkabels; incl. sep. H\u00e4ngetaster f\u00fcr den Einsatz von Hubmagneten mit einer Hubkraft von 500 kg am Kettenzug (Eigengewicht 36 kg). Optional Einsatz am Hallenkran mit Komplett-Sch\u00fctz-Steuerung \u00fcber den HandlingMaster","price":"9791","price_type":"quantity_based","image":0,"visibility":true}],"id":1737416743},{"name":"pick &amp; place Technique de grue int\u00e9gr\u00e9e au syst\u00e8me pour le pr\u00e9l\u00e8vement de t\u00f4les par une seule personne storemaster\u00ae-Innovation de l'ann\u00e9e 2000","type":"checkbox","position":3,"required":false,"title_format":"label","default":"","description_enable":true,"description":"<img src=\"https:\/\/storemaster.de\/wp-content\/uploads\/SM_Kranoption-ohne-Rollen.jpg\" alt=\"MasterTower-TowerCrane\" width=\"300\" \/>","placeholder_enable":false,"placeholder":"","display":"select","restrictions_type":"any_text","adjust_price":false,"price":"","price_type":"flat_fee","restrictions":false,"min":"0","max":"0","options":[{"label":"St\u00e4nderwerk konstruktiv, statisch, anschluss-technisch und funktionell pr\u00e4pariert f\u00fcr die TowerCrane-Installation, Schwenkkran in Leichtbauweise, system-integriert (Fundament entf\u00e4llt), links und rechts installierbar und versetzbar, Aktionsradius 6m bei Aktionsbereich 225\u00b0, incl. Krans\u00e4ule, Elektro-Kettenzug und kompl. Elektro-Installation am Turm, zul. Hakenlast 500 kg, Schwenken und Fahrwerk manuell (optional voll-elektrisch), Kran-Abnahme incl.","price":"10836","price_type":"quantity_based","image":0,"visibility":true}],"id":1737416742},{"name":"Marchepied roulant (gratuit)","type":"heading","position":0,"required":false,"title_format":"label","default":"","description_enable":true,"description":"<p>storeboy\u00ae pour faciliter l'acc\u00e8s (un par \u00e9tag\u00e8re)<\/p>\r\n<p><img src=\"https:\/\/storemaster.de\/wp-content\/uploads\/storeboy_Rollhocker.png\" alt=\"storeboy\u00ae\" width=\"300\" \/><\/p>","placeholder_enable":false,"placeholder":"","display":"select","restrictions_type":"any_text","adjust_price":false,"price":"","price_type":"flat_fee","restrictions":false,"min":"0","max":"0","options":[],"id":1773668642}],"acf":[],"_links":{"self":[{"href":"https:\/\/storemaster.de\/fr\/wp-json\/wp\/v2\/product\/18079387","targetHints":{"allow":["GET"]}}],"collection":[{"href":"https:\/\/storemaster.de\/fr\/wp-json\/wp\/v2\/product"}],"about":[{"href":"https:\/\/storemaster.de\/fr\/wp-json\/wp\/v2\/types\/product"}],"wp:featuredmedia":[{"embeddable":true,"href":"https:\/\/storemaster.de\/fr\/wp-json\/wp\/v2\/media\/18079388"}],"wp:attachment":[{"href":"https:\/\/storemaster.de\/fr\/wp-json\/wp\/v2\/media?parent=18079387"}],"wp:term":[{"taxonomy":"product_brand","embeddable":true,"href":"https:\/\/storemaster.de\/fr\/wp-json\/wp\/v2\/product_brand?post=18079387"},{"taxonomy":"product_cat","embeddable":true,"href":"https:\/\/storemaster.de\/fr\/wp-json\/wp\/v2\/product_cat?post=18079387"},{"taxonomy":"product_tag","embeddable":true,"href":"https:\/\/storemaster.de\/fr\/wp-json\/wp\/v2\/product_tag?post=18079387"}],"curies":[{"name":"wp","href":"https:\/\/api.w.org\/{rel}","templated":true}]}}