{"id":18079340,"date":"2022-08-12T08:13:41","date_gmt":"2022-08-12T06:13:41","guid":{"rendered":"https:\/\/storemaster.de\/shop\/unkategorisiert\/coilstore-h\/"},"modified":"2025-08-27T09:23:14","modified_gmt":"2025-08-27T07:23:14","slug":"coilstore-h","status":"publish","type":"product","link":"https:\/\/storemaster.de\/fr\/shop\/coillager\/coilstore-h\/","title":{"rendered":"CoilStore\u00ae horizontal"},"content":{"rendered":"<h2><span style=\"color: #e00000;\">CoilStore\u00ae horizontal<\/span> Syst\u00e8me de stockage de bandes refendues<\/h2>","protected":false},"excerpt":{"rendered":"<p>Syst\u00e8me de stockage pour manutention lourde de piles de bandes refendues sur des supports de charge\/palettes sp\u00e9cialement con\u00e7us pour l'insertion forc\u00e9e en angle dans des tours de stockage sp\u00e9ciales \u00e0 haute densit\u00e9 de stockage. Un syst\u00e8me de rayonnage \u00e0 bandes refendues pour l'utilisation de chariots \u00e9l\u00e9vateurs avec une charge admissible par tablette jusqu'\u00e0 10 t, r\u00e9sistant aux chocs, \u00e0 l'abrasion et \u00e0 l'usure gr\u00e2ce \u00e0 une galvanisation \u00e0 chaud par immersion selon la norme DIN EN ISO 1461. La grande flexibilit\u00e9 du syst\u00e8me d'insertion r\u00e9side dans son pas de hauteur de tablette de 300 mm pour une adaptation optimale aux hauteurs de piles en constante \u00e9volution. Capacit\u00e9 de charge standard de 5 tonnes.<\/p>\n<p><strong>Livraison :<\/strong> gratuit en Allemagne<\/p>","protected":false},"featured_media":18079341,"template":"","meta":{"_acf_changed":false,"_et_pb_use_builder":"","_et_pb_old_content":"","_et_gb_content_width":""},"product_brand":[],"product_cat":[1471],"product_tag":[1656],"class_list":{"0":"post-18079340","1":"product","2":"type-product","3":"status-publish","4":"has-post-thumbnail","6":"product_cat-coillager","7":"product_tag-storekeeper-kompatibel","8":"handling-per-stapler-einsatz","10":"first","11":"instock","12":"taxable","13":"shipping-taxable","14":"purchasable","15":"product-type-variable","16":"wvs-archive-product-wrapper"},"exclude_global_add_ons":false,"addons":[{"name":"Nombre de supports de charge (FLATs)","type":"heading","position":0,"required":false,"title_format":"label","default":"","description_enable":true,"description":"Veuillez s\u00e9lectionner le nombre de supports de charge souhait\u00e9s en fonction du diam\u00e8tre d'anneau maximal choisi. Le prix du syst\u00e8me sera automatiquement ajust\u00e9.","placeholder_enable":false,"placeholder":"","display":"select","restrictions_type":"any_text","adjust_price":false,"price":"","price_type":"flat_fee","restrictions":false,"min":"0","max":"0","options":[],"id":1733386602},{"name":"selected_pa_ring diam\u00e8tre","type":"custom_text","position":1,"required":false,"title_format":"hide","default":"","description_enable":false,"description":"","placeholder_enable":false,"placeholder":"","display":"select","restrictions_type":"any_text","adjust_price":false,"price":"","price_type":"flat_fee","restrictions":false,"min":"0","max":"0","options":[],"id":1733402322},{"name":"splittingFLAT pour un diam\u00e8tre d'anneau de 1000 mm","type":"input_multiplier","position":2,"required":true,"title_format":"label","default":"","description_enable":true,"description":"<img src=\"https:\/\/storemaster.de\/wp-content\/uploads\/splittingFLAT-1000-1.png\" alt=\"Ringdurchmesser 1000\" width=\"300\" \/>","placeholder_enable":false,"placeholder":"","display":"select","restrictions_type":"any_text","adjust_price":true,"price":"479","price_type":"quantity_based","restrictions":true,"min":"1","max":"0","options":[],"id":1733386603},{"name":"splittingFLAT pour un diam\u00e8tre d'anneau de 1250 mm","type":"input_multiplier","position":3,"required":true,"title_format":"label","default":"","description_enable":true,"description":"<img src=\"https:\/\/storemaster.de\/wp-content\/uploads\/splittingFLAT-1250-1.png\" alt=\"Ringdurchmesser 1250\" width=\"300\" \/>","placeholder_enable":false,"placeholder":"","display":"select","restrictions_type":"any_text","adjust_price":true,"price":"539","price_type":"quantity_based","restrictions":true,"min":"1","max":"0","options":[],"id":1733386605},{"name":"splittingFLAT pour anneau de 1500 mm de diam\u00e8tre","type":"input_multiplier","position":4,"required":true,"title_format":"label","default":"","description_enable":true,"description":"<img src=\"https:\/\/storemaster.de\/wp-content\/uploads\/splittingFLAT-1500-1.png\" alt=\"Ringdurchmesser 1500\" width=\"300\" \/>","placeholder_enable":false,"placeholder":"","display":"select","restrictions_type":"any_text","adjust_price":true,"price":"623","price_type":"quantity_based","restrictions":true,"min":"1","max":"0","options":[],"id":1733386607},{"name":"splittingFLAT pour un diam\u00e8tre d'anneau de 1750 mm","type":"input_multiplier","position":5,"required":true,"title_format":"label","default":"","description_enable":true,"description":"<img src=\"https:\/\/storemaster.de\/wp-content\/uploads\/splittingFLAT-1750-1.png\" alt=\"Ringdurchmesser 1750\" width=\"300\" \/>","placeholder_enable":false,"placeholder":"","display":"select","restrictions_type":"any_text","adjust_price":true,"price":"683","price_type":"quantity_based","restrictions":true,"min":"1","max":"0","options":[],"id":1733386609},{"name":"splittingFLAT pour anneau de 1800 mm de diam\u00e8tre","type":"input_multiplier","position":6,"required":true,"title_format":"label","default":"","description_enable":true,"description":"<img src=\"https:\/\/storemaster.de\/wp-content\/uploads\/splittingFLAT-1800.png\" alt=\"Ringdurchmesser 1800\" width=\"300\" \/>","placeholder_enable":false,"placeholder":"","display":"select","restrictions_type":"any_text","adjust_price":true,"price":"718","price_type":"quantity_based","restrictions":true,"min":"1","max":"0","options":[],"id":1733477974},{"name":"splittingFLAT pour anneau de 2000 mm de diam\u00e8tre","type":"input_multiplier","position":7,"required":true,"title_format":"label","default":"","description_enable":true,"description":"<img src=\"https:\/\/storemaster.de\/wp-content\/uploads\/splittingFLAT-2000-1.png\" alt=\"Ringdurchmesser 2000\" width=\"300\" \/>","placeholder_enable":false,"placeholder":"","display":"select","restrictions_type":"any_text","adjust_price":true,"price":"744","price_type":"quantity_based","restrictions":true,"min":"1","max":"0","options":[],"id":1733386611},{"name":"Composants syst\u00e8me en option","type":"heading","position":8,"required":false,"title_format":"label","default":"","description_enable":true,"description":"Veuillez faire votre choix parmi les possibilit\u00e9s indiqu\u00e9es. Le prix du syst\u00e8me sera automatiquement ajust\u00e9.","placeholder_enable":false,"placeholder":"","display":"select","restrictions_type":"any_text","adjust_price":false,"price":"","price_type":"flat_fee","restrictions":false,"min":"0","max":"0","options":[],"id":1733386612},{"name":"Porte-\u00e9tiquette magn\u00e9tique","type":"input_multiplier","position":9,"required":false,"title_format":"label","default":"","description_enable":true,"description":"<img src=\"https:\/\/storemaster.de\/wp-content\/uploads\/Etikettentaschen-blau-e1685709870586.jpeg\" alt=\"Zahlenschilder\" width=\"300\" \/>\r\npour l'identification brevet\u00e9e des \u00e9tag\u00e8res ou des mat\u00e9riaux, y compris les \u00e9tiquettes vierges \u00e0 ins\u00e9rer\r\n\r\n- film dorsal color\u00e9 et film frontal transparent\r\n- r\u00e9sistante, compatible avec les scanners et ind\u00e9l\u00e9bile\r\n- remplacement rapide des \u00e9tiquettes","placeholder_enable":false,"placeholder":"","display":"select","restrictions_type":"any_text","adjust_price":true,"price":"2.5","price_type":"quantity_based","restrictions":false,"min":"0","max":"0","options":[],"id":1733386613},{"name":"MULTISPOT Indicateur de compartiment de bande lumineuse \u00e0 LED","type":"checkbox","position":10,"required":false,"title_format":"label","default":"","description_enable":true,"description":"<img src=\"https:\/\/storemaster.de\/wp-content\/uploads\/2022\/01\/ShuttleTower-LED_1800x1200.gif\" alt=\"LED-Lichtleiste\" width=\"300\" \/>\r\n\r\nLe dispositif d'identification des casiers par lumi\u00e8re clignotante, particuli\u00e8rement visible et lumineux, est int\u00e9gr\u00e9 dans l'ossature \u00e0 chaque niveau de stockage, \u00e0 gauche et \u00e0 droite du casier, et facilite la recherche rapide du casier de stockage souhait\u00e9 dans les tours de <strong>plus de 5 tours de stockage<\/strong> en plus de l'\u00e9tiquetage existant des casiers de stockage ; le design multicolore permet l'affectation programmable de casiers et de plateaux \u00e0 d'innombrables fonctions dans n'importe quelle pr\u00e9sentation ; <strong>incl. <span style=\"color: #e02b20\">Application StoreKeeper Smart<\/span><\/strong> Un logiciel de gestion des stocks intelligent, clair et facile \u00e0 utiliser, y compris le recyclage des t\u00f4les r\u00e9siduelles, adapt\u00e9 aux besoins r\u00e9els des professionnels de la t\u00f4lerie.","placeholder_enable":false,"placeholder":"","display":"select","restrictions_type":"any_text","adjust_price":false,"price":"","price_type":"flat_fee","restrictions":false,"min":"0","max":"0","options":[{"label":"Zulagepreis je Turm","price":"3000","price_type":"quantity_based","image":0,"visibility":true}],"id":1733386614},{"name":"Kit de transpondeur RFID","type":"checkbox","position":11,"required":false,"title_format":"label","default":"","description_enable":false,"description":"","placeholder_enable":false,"placeholder":"","display":"select","restrictions_type":"any_text","adjust_price":false,"price":"","price_type":"flat_fee","restrictions":false,"min":"0","max":"0","options":[{"label":"die automatische Erkennung von Lager- u. Maschinen-\u00dcbergabe-Platz sowie Paletten-Inhalt (Software-integriert) bei chaotischer Lagerhaltung; r\u00fcckseitiger Kabelkanal mit stufenlos h\u00f6henverstellbarer Reader-Anordnung, incl. Netzteil, Tags (Transponder) der Ladungstr\u00e4ger bereits codiert, Netzanschluss bauseits. Je Turm","price":"5000","price_type":"quantity_based","image":0,"visibility":true}],"id":1733386615}],"acf":[],"_links":{"self":[{"href":"https:\/\/storemaster.de\/fr\/wp-json\/wp\/v2\/product\/18079340","targetHints":{"allow":["GET"]}}],"collection":[{"href":"https:\/\/storemaster.de\/fr\/wp-json\/wp\/v2\/product"}],"about":[{"href":"https:\/\/storemaster.de\/fr\/wp-json\/wp\/v2\/types\/product"}],"wp:featuredmedia":[{"embeddable":true,"href":"https:\/\/storemaster.de\/fr\/wp-json\/wp\/v2\/media\/18079341"}],"wp:attachment":[{"href":"https:\/\/storemaster.de\/fr\/wp-json\/wp\/v2\/media?parent=18079340"}],"wp:term":[{"taxonomy":"product_brand","embeddable":true,"href":"https:\/\/storemaster.de\/fr\/wp-json\/wp\/v2\/product_brand?post=18079340"},{"taxonomy":"product_cat","embeddable":true,"href":"https:\/\/storemaster.de\/fr\/wp-json\/wp\/v2\/product_cat?post=18079340"},{"taxonomy":"product_tag","embeddable":true,"href":"https:\/\/storemaster.de\/fr\/wp-json\/wp\/v2\/product_tag?post=18079340"}],"curies":[{"name":"wp","href":"https:\/\/api.w.org\/{rel}","templated":true}]}}