{"id":18079334,"date":"2022-08-12T07:14:07","date_gmt":"2022-08-12T05:14:07","guid":{"rendered":"https:\/\/storemaster.de\/shop\/unkategorisiert\/coilstore-mobil\/"},"modified":"2026-03-02T08:20:19","modified_gmt":"2026-03-02T07:20:19","slug":"coilstore-mobile","status":"publish","type":"product","link":"https:\/\/storemaster.de\/fr\/shop\/coillager\/coilstore-mobil\/","title":{"rendered":"CoilStore\u00ae mobile"},"content":{"rendered":"<h2><strong><span style=\"color: #e00000;\">CoilStore\u00ae mobile <span style=\"color: #000000;\">Syst\u00e8me de support de ceinture<\/span><\/span><\/strong><\/h2>\n<p>Gr\u00e2ce au stockage de la bande de bobine sur <strong>Palettes de bobines<\/strong> il est possible de profiter des avantages du stockage sur bande sans utiliser de mandrin de chariot \u00e9l\u00e9vateur avec les fourches de chariot \u00e9l\u00e9vateur habituelles.<\/p>\n<p>Stockage des bobines sur des palettes sp\u00e9ciales pour le transport par fourche de chariot \u00e9l\u00e9vateur. Les bobines elles-m\u00eames reposent sur des courroies sp\u00e9ciales qui pr\u00e9servent les surfaces, ont une grande capacit\u00e9 de charge, sont r\u00e9sistantes au vieillissement et \u00e0 l'usure et s'adaptent de mani\u00e8re flexible \u00e0 tous les diam\u00e8tres de bobines sans exercer de pression sur la surface.<br \/>\nUne solution innovante pour le stockage de vos bobines. Exploitez au mieux la hauteur de votre hall de production ou de votre entrep\u00f4t sans renoncer \u00e0 la s\u00e9curit\u00e9 du travail ni \u00e0 une manipulation conviviale des mat\u00e9riaux. Le syst\u00e8me de suspension de charge brevet\u00e9 vous offre des avantages dans la manipulation quotidienne de vos produits stock\u00e9s. Chaque bobine est pos\u00e9e sur deux sangles de support de charges lourdes, ce qui pr\u00e9serve la surface. Il en r\u00e9sulte une charge de surface optimale et les points de pression sont \u00e9vit\u00e9s. Gr\u00e2ce \u00e0 la flexibilit\u00e9 des courroies, la bobine est stock\u00e9e de mani\u00e8re stable quel que soit son diam\u00e8tre. La construction soud\u00e9e poteaux-poutres assure une r\u00e9partition optimale de la charge au sol. Il est ainsi possible de r\u00e9aliser des charges par trav\u00e9e allant jusqu'\u00e0 150 tonnes. Gr\u00e2ce aux fa\u00e7ades ouvertes des rayonnages, vos marchandises stock\u00e9es sont accessibles des deux c\u00f4t\u00e9s.<\/p>\n<p><strong>Aper\u00e7u des avantages du stockage sur bande de bobines :<\/strong><\/p>\n<ul>\n<li>Enl\u00e8vement de la charge de bobines r\u00e9partie uniform\u00e9ment sur une large surface, ce qui permet un stockage en douceur en \u00e9vitant la pression du trait.<\/li>\n<li>Pas de points de pression, de blessures superficielles ou d'aplatissement.<\/li>\n<li>Densit\u00e9 de stockage \u00e9lev\u00e9e, car sans supports de casiers, cadres de rangement et palettes en bois<\/li>\n<li>Concept universel pour les bobines jusqu'\u00e0 20 tonnes et 2 000 mm de largeur de bande<\/li>\n<li>Dimensions des \u00e9tag\u00e8res modulables en fonction des besoins<\/li>\n<li>Manipulation \u00e9galement par mandrin de chariot \u00e9l\u00e9vateur<\/li>\n<li>Stockage sur 2 sangles pour charges lourdes<\/li>\n<li>sangles de charge de r\u00e9ception de bobine brevet\u00e9es<\/li>\n<li>s'adapte de mani\u00e8re flexible aux diff\u00e9rents diam\u00e8tres de bobine<\/li>\n<\/ul>\n<p><strong>Formes de construction :<\/strong><\/p>\n<ul>\n<li>Tour unique ou en s\u00e9rie de tours<\/li>\n<li>presque toutes les largeurs et longueurs de bande<\/li>\n<li>utilisation possible des deux c\u00f4t\u00e9s<\/li>\n<li>convient pour une utilisation en int\u00e9rieur et en ext\u00e9rieur<\/li>\n<\/ul>\n<p><strong>poutres soud\u00e9es :<\/strong><\/p>\n<ul>\n<li>assurent durablement l'aplomb des montants de rayonnage \u21d2 garantie de fonctionnement illimit\u00e9e<\/li>\n<li>remplacer par des fourches de chariot \u00e9l\u00e9vateur les formations de champs susceptibles d'\u00eatre d\u00e9truites \u21d2 possibilit\u00e9 d'utilisation des deux c\u00f4t\u00e9s<\/li>\n<li>optimisent la r\u00e9partition de la charge sur une large surface, m\u00eame si la qualit\u00e9 du sol est m\u00e9diocre<\/li>\n<\/ul>\n<p><strong>Rails de la tour <\/strong>\u00a0=&gt; <span style=\"color: #e00000;\"><strong>Brevet Drop &amp; Push<\/strong><\/span><strong>:<\/strong><\/p>\n<ul>\n<li>pour la d\u00e9pose des \u00e9querres de palette sur les \u00e9querres de tour<\/li>\n<li>pour l'insertion de la palette guid\u00e9e sans collision angle sur angle<\/li>\n<\/ul>\n<p><strong>Aper\u00e7u des avantages :<\/strong><\/p>\n<ul>\n<li>densit\u00e9 de stockage optimale gr\u00e2ce \u00e0 un brevet d'insertion sans support de casier ni palettes en bois<\/li>\n<li>S\u00e9curit\u00e9 du transport gr\u00e2ce \u00e0 la flexibilit\u00e9 du diam\u00e8tre de la sangle de la benne<\/li>\n<li>La galvanisation \u00e0 chaud augmente la durabilit\u00e9<\/li>\n<\/ul>","protected":false},"excerpt":{"rendered":"<p>Stockage de bobines pour palettes de bobines sp\u00e9ciales, compatibles avec les chariots \u00e9l\u00e9vateurs, avec des courroies de bobines brevet\u00e9es pour la prise de bobines jusqu'\u00e0 10 t sans endommager la surface. Les courroies \u00e0 bobines flexibles et r\u00e9sistantes au vieillissement et \u00e0 l'usure s'adaptent en permanence \u00e0 la surface des bobines de diam\u00e8tres variables sans charge ponctuelle ou par traits. Standard : 3 emplacements de stockage de bobines par tour (demandes sp\u00e9ciales possibles). Capacit\u00e9 de charge standard de 5 tonnes par emplacement de stockage.<\/p>\n<p><strong>Livraison :<\/strong> franco domicile en Allemagne, parois lat\u00e9rales pr\u00e9-assembl\u00e9es<\/p>","protected":false},"featured_media":18079335,"template":"","meta":{"_acf_changed":false,"_et_pb_use_builder":"off","_et_pb_old_content":"<h2><strong><span style=\"color: #e00000\">CoilStore\u00ae mobil <span style=\"color: #000000\">Gurtlager-System<\/span><\/span><\/strong><\/h2>\r\nDurch die Coilgurt-Lagerung auf <strong>Coilpaletten<\/strong> k\u00f6nnen die Vorteile der Gurtlagerung auch ohne Staplerdorn mit den \u00fcblichen Staplergabeln genutzt werden.","_et_gb_content_width":""},"product_brand":[],"product_cat":[1471],"product_tag":[1656,1669,1692],"class_list":{"0":"post-18079334","1":"product","2":"type-product","3":"status-publish","4":"has-post-thumbnail","6":"product_cat-coillager","7":"product_tag-storekeeper-kompatibel","8":"product_tag-patentschutz","9":"product_tag-patentschutz-dbgm-20-2017-100-112","10":"handling-per-stapler-einsatz","12":"first","13":"instock","14":"taxable","15":"shipping-taxable","16":"purchasable","17":"product-type-variable","18":"wvs-archive-product-wrapper"},"exclude_global_add_ons":[],"addons":[],"acf":[],"_links":{"self":[{"href":"https:\/\/storemaster.de\/fr\/wp-json\/wp\/v2\/product\/18079334","targetHints":{"allow":["GET"]}}],"collection":[{"href":"https:\/\/storemaster.de\/fr\/wp-json\/wp\/v2\/product"}],"about":[{"href":"https:\/\/storemaster.de\/fr\/wp-json\/wp\/v2\/types\/product"}],"wp:featuredmedia":[{"embeddable":true,"href":"https:\/\/storemaster.de\/fr\/wp-json\/wp\/v2\/media\/18079335"}],"wp:attachment":[{"href":"https:\/\/storemaster.de\/fr\/wp-json\/wp\/v2\/media?parent=18079334"}],"wp:term":[{"taxonomy":"product_brand","embeddable":true,"href":"https:\/\/storemaster.de\/fr\/wp-json\/wp\/v2\/product_brand?post=18079334"},{"taxonomy":"product_cat","embeddable":true,"href":"https:\/\/storemaster.de\/fr\/wp-json\/wp\/v2\/product_cat?post=18079334"},{"taxonomy":"product_tag","embeddable":true,"href":"https:\/\/storemaster.de\/fr\/wp-json\/wp\/v2\/product_tag?post=18079334"}],"curies":[{"name":"wp","href":"https:\/\/api.w.org\/{rel}","templated":true}]}}