{"id":18079316,"date":"2022-07-26T06:13:58","date_gmt":"2022-07-26T04:13:58","guid":{"rendered":"https:\/\/storemaster.de\/shop\/unkategorisiert\/twentower-universal\/"},"modified":"2026-03-16T14:07:37","modified_gmt":"2026-03-16T13:07:37","slug":"twentower-universel","status":"publish","type":"product","link":"https:\/\/storemaster.de\/fr\/shop\/blechlager\/twentower-universal\/","title":{"rendered":"TwenTower\u00ae universelle"},"content":{"rendered":"<h2 style=\"color: #e02b20;\">TwenTower\u00ae Le roulement en t\u00f4le le plus achet\u00e9 au monde.<\/h2>\n<p><strong><span style=\"color: #e00000;\">TwenTower\u00ae storemaster<\/span><\/strong> Original de 1998 - un investissement pour des g\u00e9n\u00e9rations.<\/p>","protected":false},"excerpt":{"rendered":"<p>Palier universel en t\u00f4le-<strong>\u00c9tag\u00e8re \u00e0 tiroirs <\/strong>pour les<strong> Manipulation des chariots \u00e9l\u00e9vateurs <\/strong>et les <strong>retrait manuel de la t\u00f4le<\/strong> sur la machine<br \/>\n<strong>pour le stockage de paquets de t\u00f4les d\u00e9palettis\u00e9s, de <\/strong>Paquets de t\u00f4les sur palette en bois ou\u00a0<strong>euroFLAT\u00ae : la solution<\/strong>-Palette standard du syst\u00e8me<br \/>\nExtrait d'une page <strong>sans diminution de la densit\u00e9 de stockage<\/strong> convient \u00e9galement \u00e0 la commande par l'arri\u00e8re du chariot \u00e9l\u00e9vateur<br \/>\nExtraction de t\u00f4les individuelles par extracteur manuel ou manipulateur de t\u00f4les<br \/>\n<strong>Syst\u00e8me de changement de palettes <\/strong>pour une utilisation fr\u00e9quente et rapide <strong>\u00c9change des types de t\u00f4les<\/strong><br \/>\nCompl\u00e9ment id\u00e9al au\u00a0<strong>ArmStrong\u00ae BN<\/strong>\u00a0Rayonnage standard de stockage de t\u00f4les comme <strong>Palier principal<\/strong><br \/>\n- une\u00a0<strong>storemaster\u00ae LE SYST\u00c8ME<\/strong>-innovation de la\u00a0<strong>Ann\u00e9es 1996<\/strong>\u00a0avec\u00a0<strong>20 ans de garantie<\/strong>\u00a0(conforme \u00e0 la norme DIN EN ISO 9001)<\/p>\n<p style=\"font-weight: 400;\"><strong>storemaster\u00ae LE SYST\u00c8ME<\/strong>\u00a0<strong>Position unique<\/strong>-Caract\u00e9ristiques :<br \/>\n\u27a0\u00a0<strong>automatique<\/strong>\u00a0les dispositifs de s\u00e9curit\u00e9 \u00e0 action directe conform\u00e9ment \u00e0\u00a0<strong>UVV<\/strong><br \/>\n\u27a0\u00a0<strong>sans<\/strong>\u00a0Non-conformit\u00e9 aux r\u00e8gles de pr\u00e9vention des accidents\u00a0<strong>manuel<\/strong>\u00a0Dispositifs de blocage<br \/>\n\u27a0\u00a0<strong>S\u00e9curit\u00e9 anti-chute des tiroirs brevet\u00e9e<\/strong><br \/>\n\u27a0 parois coulissantes escamotables\u00a0<strong>sous charge sans contact avec le sol <\/strong>pr\u00e9serve les sols vitrifi\u00e9s et les rev\u00eatements de surface<br \/>\n\u27a0 convient pour les\u00a0<strong>Installation sur des planchers inclin\u00e9s <\/strong>et\u00a0<strong>toutes conditions de sol<\/strong><br \/>\n\u27a0 Mise en place\u00a0<strong>sans fondation<\/strong>\u00a0par des r\u00e9partiteurs de charge \u00e0 pied<br \/>\n\u27a0 Accessoires fonctionnels, y compris : marchepied roulant storeboy et crochet de manutention pour une utilisation ergonomique \u00e0 n'importe quelle hauteur, ainsi que des ancrages composites pour une fixation n\u00e9cessaire et r\u00e9sistante \u00e0 la traction de l'appareil au sol du hall.<\/p>","protected":false},"featured_media":18079317,"template":"","meta":{"_acf_changed":false,"_et_pb_use_builder":"","_et_pb_old_content":"","_et_gb_content_width":""},"product_brand":[],"product_cat":[817,2179],"product_tag":[1656,1657],"class_list":{"0":"post-18079316","1":"product","2":"type-product","3":"status-publish","4":"has-post-thumbnail","6":"product_cat-blechlager","7":"product_cat-schubladenregale","8":"product_tag-storekeeper-kompatibel","9":"product_tag-elektrifizierbar","10":"handling-schubladen","11":"handling-systempaletten-im-wechselsystem","13":"first","14":"instock","15":"taxable","16":"shipping-taxable","17":"purchasable","18":"product-type-variable","19":"wvs-archive-product-wrapper"},"exclude_global_add_ons":false,"addons":[{"name":"Composants syst\u00e8me en option","type":"heading","position":0,"required":false,"title_format":"label","default":"","description_enable":true,"description":"Veuillez faire votre choix parmi les possibilit\u00e9s indiqu\u00e9es. Le prix du syst\u00e8me sera automatiquement ajust\u00e9. <b>(*Informations obligatoires)<\/b>","placeholder_enable":false,"placeholder":"","display":"select","restrictions_type":"any_text","adjust_price":false,"price":"","price_type":"flat_fee","restrictions":false,"min":"0","max":"0","options":[],"id":1733314711},{"name":"OverheadTop Bloc de r\u00e9daction","type":"multiple_choice","position":1,"required":true,"title_format":"heading","default":"","description_enable":true,"description":"<img src=\"https:\/\/storemaster.de\/wp-content\/uploads\/MasterTower-Universal-4-ohne-Rollen.jpg\" alt=\"MasterTower-Basisblock\" width=\"300p\" \/>","placeholder_enable":false,"placeholder":"","display":"radiobutton","restrictions_type":"any_text","adjust_price":false,"price":"","price_type":"flat_fee","restrictions":false,"min":"0","max":"0","options":[{"label":"ohne Aufsatzblock","price":"","price_type":"quantity_based","image":0,"visibility":true},{"label":"Lagerung auf Holzpaletten mit 3 Kragb\u00fcgel- und 2 Fix-Lagerebenen \u00e0 3t Tragkraft f\u00fcr wahlweise vorder- und r\u00fcckseitige Staplerbedienung, System-Bauh\u00f6he 4.100mm","price":"4069","price_type":"quantity_based","image":0,"visibility":true}],"id":1733314712},{"name":"Marchepied roulant (gratuit)","type":"heading","position":0,"required":false,"title_format":"label","default":"","description_enable":true,"description":"<p>storeboy\u00ae pour faciliter l'acc\u00e8s (un par \u00e9tag\u00e8re)<\/p>\r\n<p><img src=\"https:\/\/storemaster.de\/wp-content\/uploads\/storeboy_Rollhocker.png\" alt=\"storeboy\u00ae\" width=\"300\" \/><\/p>","placeholder_enable":false,"placeholder":"","display":"select","restrictions_type":"any_text","adjust_price":false,"price":"","price_type":"flat_fee","restrictions":false,"min":"0","max":"0","options":[],"id":1773668642}],"acf":[],"_links":{"self":[{"href":"https:\/\/storemaster.de\/fr\/wp-json\/wp\/v2\/product\/18079316","targetHints":{"allow":["GET"]}}],"collection":[{"href":"https:\/\/storemaster.de\/fr\/wp-json\/wp\/v2\/product"}],"about":[{"href":"https:\/\/storemaster.de\/fr\/wp-json\/wp\/v2\/types\/product"}],"wp:featuredmedia":[{"embeddable":true,"href":"https:\/\/storemaster.de\/fr\/wp-json\/wp\/v2\/media\/18079317"}],"wp:attachment":[{"href":"https:\/\/storemaster.de\/fr\/wp-json\/wp\/v2\/media?parent=18079316"}],"wp:term":[{"taxonomy":"product_brand","embeddable":true,"href":"https:\/\/storemaster.de\/fr\/wp-json\/wp\/v2\/product_brand?post=18079316"},{"taxonomy":"product_cat","embeddable":true,"href":"https:\/\/storemaster.de\/fr\/wp-json\/wp\/v2\/product_cat?post=18079316"},{"taxonomy":"product_tag","embeddable":true,"href":"https:\/\/storemaster.de\/fr\/wp-json\/wp\/v2\/product_tag?post=18079316"}],"curies":[{"name":"wp","href":"https:\/\/api.w.org\/{rel}","templated":true}]}}