{"id":18079283,"date":"2022-06-17T09:23:39","date_gmt":"2022-06-17T07:23:39","guid":{"rendered":"https:\/\/storemaster.de\/shop\/unkategorisiert\/multibar-stabmateriallager\/"},"modified":"2026-01-12T09:16:10","modified_gmt":"2026-01-12T08:16:10","slug":"stock-de-barres-multibarres","status":"publish","type":"product","link":"https:\/\/storemaster.de\/fr\/shop\/langgutlager\/multibar-stabmateriallager\/","title":{"rendered":"\u00c9tag\u00e8re alv\u00e9olaire MultiBar\u00ae pour les longueurs restantes"},"content":{"rendered":"<h2><span style=\"color: #e00000;\">MultiBar\u00ae - le syst\u00e8me d'information<\/span> Rayonnage en nid d'abeille pour produits longs<\/h2>","protected":false},"excerpt":{"rendered":"<p>Compartiments pour des barres jusqu'\u00e0 6 m de longueur \u00e0 une hauteur d'acc\u00e8s confortable, pour 100 sortes de barres courtes, r\u00e9siduelles et pleines, bloc alv\u00e9ol\u00e9 adapt\u00e9 au transport par chariot \u00e9l\u00e9vateur, capacit\u00e9 de stockage max. dans le bloc 5.000 kg ... acc\u00e8s aux barres optimis\u00e9 ergonomiquement gr\u00e2ce \u00e0 la forme circulaire des compartiments de stockage (pas de croisement des barres) ... ex\u00e9cution r\u00e9sistante aux rayures et \u00e0 la corrosion ... capacit\u00e9 de charge max. par alv\u00e9ole 100 kg (gl.v.L.).<\/p>\n<p><strong>Livraison :<\/strong> Frais de port en Allemagne, pr\u00eat \u00e0 l'emploi<\/p>","protected":false},"featured_media":18079284,"template":"","meta":{"_acf_changed":false,"_et_pb_use_builder":"","_et_pb_old_content":"","_et_gb_content_width":""},"product_brand":[],"product_cat":[1404],"product_tag":[],"class_list":{"0":"post-18079283","1":"product","2":"type-product","3":"status-publish","4":"has-post-thumbnail","6":"product_cat-langgutlager","7":"handling-handlager","9":"first","10":"instock","11":"taxable","12":"shipping-taxable","13":"purchasable","14":"product-type-variable","15":"wvs-archive-product-wrapper"},"exclude_global_add_ons":[],"addons":[],"acf":[],"_links":{"self":[{"href":"https:\/\/storemaster.de\/fr\/wp-json\/wp\/v2\/product\/18079283","targetHints":{"allow":["GET"]}}],"collection":[{"href":"https:\/\/storemaster.de\/fr\/wp-json\/wp\/v2\/product"}],"about":[{"href":"https:\/\/storemaster.de\/fr\/wp-json\/wp\/v2\/types\/product"}],"wp:featuredmedia":[{"embeddable":true,"href":"https:\/\/storemaster.de\/fr\/wp-json\/wp\/v2\/media\/18079284"}],"wp:attachment":[{"href":"https:\/\/storemaster.de\/fr\/wp-json\/wp\/v2\/media?parent=18079283"}],"wp:term":[{"taxonomy":"product_brand","embeddable":true,"href":"https:\/\/storemaster.de\/fr\/wp-json\/wp\/v2\/product_brand?post=18079283"},{"taxonomy":"product_cat","embeddable":true,"href":"https:\/\/storemaster.de\/fr\/wp-json\/wp\/v2\/product_cat?post=18079283"},{"taxonomy":"product_tag","embeddable":true,"href":"https:\/\/storemaster.de\/fr\/wp-json\/wp\/v2\/product_tag?post=18079283"}],"curies":[{"name":"wp","href":"https:\/\/api.w.org\/{rel}","templated":true}]}}