{"id":18079257,"date":"2022-06-10T11:40:04","date_gmt":"2022-06-10T09:40:04","guid":{"rendered":"https:\/\/storemaster.de\/shop\/unkategorisiert\/twentower-lg\/"},"modified":"2026-04-20T09:00:35","modified_gmt":"2026-04-20T07:00:35","slug":"twentower-lg","status":"publish","type":"product","link":"https:\/\/storemaster.de\/fr\/shop\/langgutlager\/twentower-lg\/","title":{"rendered":"TwenTower\u00ae LG"},"content":{"rendered":"<h2 style=\"color: #e02b20;\">20 Jahre Garantie &#8211; Das TwenTower-System-Patent gibt es seit 1996.<\/h2>\n<p><span style=\"color: #e02b20;\"><strong>TwenTower\u00ae storemaster<\/strong><\/span>\u00a0<strong>Original de 1996 - un investissement pour des g\u00e9n\u00e9rations - avec\u00a0<\/strong><strong>des parois coulissantes en porte-\u00e0-faux (<\/strong><span style=\"color: #e02b20;\"><strong>storemaster\u00ae LE SYST\u00c8ME<\/strong><\/span><strong>-innovation de 2024).<\/strong><\/p>\n<p>&nbsp;<\/p>\n<p><strong>Le site <span style=\"color: #e02b20;\">storemaster\u00ae LE SYST\u00c8ME<\/span><\/strong><strong>\u00a0- S\u00e9curit\u00e9 de fonctionnement pour les barres d'extension pivotantes :<\/strong><br \/>\nLes guides de boudin \u00e0 rouleaux\u00a0<strong>sur les bandes de roulement<\/strong>\u00a0des glissi\u00e8res s\u00e9curisent les tiroirs en cas de forces lat\u00e9rales suppl\u00e9mentaires\u00a0<strong>automatique<\/strong>\u00a0verrouill\u00e9\u00a0<strong>sans<\/strong>\u00a0mesures suppl\u00e9mentaires non conformes \u00e0 BG\u00a0<strong>fiable contre les chutes<\/strong> (<strong><span style=\"color: #e02b20;\">storemaster\u00ae LE SYST\u00c8ME<\/span><\/strong><strong>-Innovation de 2015<\/strong>). Des aimants puissants fixent les barres d'extension pivot\u00e9es.\u00a0<strong>automatique<\/strong>\u00a0dans leur position \u00e0 90\u00b0, sans qu'il soit n\u00e9cessaire d'utiliser des dispositifs de blocage m\u00e9caniques et manuels non conformes aux normes BG.<\/p>\n<p><strong>Le site <span style=\"color: #e02b20;\">storemaster\u00ae LE SYST\u00c8ME<\/span><\/strong><strong>\u00a0- Confort de roulement :<\/strong><br \/>\nChaque glissi\u00e8re est mont\u00e9e sur 8 roulements \u00e0 billes sp\u00e9ciaux \u00e0 faible frottement sur des roues chromat\u00e9es en acier massif (pas de roulettes en t\u00f4le l\u00e9g\u00e8re ou de roulements \u00e0 billes d\u00e9tourn\u00e9s de leur fonction initiale) avec double palier d'essieu, en toute s\u00e9curit\u00e9 et sans gauchissement, sur des rails de roulement galvanis\u00e9s \u00e0 chaud (10 fois plus r\u00e9sistants \u00e0 l'abrasion que les surfaces peintes), lisses et sans poches de salet\u00e9, car sans rebords ni plis. Protection parfaite contre les chutes avec fonction automatique conforme \u00e0 la r\u00e9glementation sur la pr\u00e9vention des accidents (UVV) pour la version escamotable. Des charni\u00e8res de pr\u00e9cision sp\u00e9ciales pour charges lourdes avec lubrification permanente assurent un passage de rail sans d\u00e9crochement dans la zone d'extension pour les joues \u00e0 rouleaux escamotables - durablement et sans entretien.<\/p>\n<p><strong>S\u00e9curit\u00e9 du travail et pr\u00e9vention des accidents (sant\u00e9 et s\u00e9curit\u00e9) conform\u00e9ment aux normes internationales en vigueur :<\/strong><br \/>\n<span style=\"color: #e02b20;\"><strong>storemaster\u00ae LE SYST\u00c8ME<\/strong><\/span> r\u00e9pond aux probl\u00e8mes suivants, qui ne peuvent \u00eatre r\u00e9solus par une r\u00e9paration <strong>Conditions requises par l'UVV pour la protection du travail<\/strong>sans laquelle la mise en service du produit est interdite.\u00a0<strong>Couverture d'assurance BG<\/strong>\u00a0de mani\u00e8re permanente : Exclusion de l'erreur humaine par l'absence d'action sur les dispositifs de s\u00e9curit\u00e9.<\/p>\n<p style=\"font-size: 24px;\">Caract\u00e9ristiques uniques de la TwenTower<\/p>\n<p>&nbsp;<\/p>\n<ul>\n<li>Stockage confortable des paquets plut\u00f4t que t\u00f4le par t\u00f4le avec le d\u00e9palettiseur brevet\u00e9 PalEx, gr\u00e2ce \u00e0 la <strong><span style=\"color: #e02b20;\">storemaster\u00ae LE SYST\u00c8ME<\/span><\/strong>\u00a0Construction du cadre de l'entretoise profonde du tiroir (invention de 1995) avec encastrement du paquet de t\u00f4les r\u00e9sistant au d\u00e9placement.<\/li>\n<li>Les syst\u00e8mes de tiroirs pour charges lourdes TwenTower\u00ae conviennent \u00e0 toutes les variantes de stockage et d'entreposage =&gt; passage au choix de l'entreposage sans palette en bois \u00e0 l'entreposage avec palette en bois et inversement.<\/li>\n<li>Les dispositifs de s\u00e9curit\u00e9 se r\u00e8glent automatiquement lors de l'utilisation du syst\u00e8me conform\u00e9ment \u00e0 la r\u00e9glementation sur la pr\u00e9vention des accidents et ne sont donc pas soumis \u00e0 un actionnement manuel arbitraire, c'est-\u00e0-dire \u00e0 un manquement.<\/li>\n<li>Fixation automatique des parois du rail \u00e0 90\u00b0 (ajustable) gr\u00e2ce \u00e0 un aimant fort - se lib\u00e8re automatiquement lors du pivotement sans boulon d'arr\u00eat, etc.<\/li>\n<li><strong>Le site <span style=\"color: #e02b20;\">storemaster\u00ae LE SYST\u00c8ME<\/span><\/strong><strong>-La technique d'extension permet l'installation et l'utilisation sur tout type de sol, ainsi que sur des surfaces inclin\u00e9es et\/ou irr\u00e9guli\u00e8res avec une pente sans plaque de fondation. Les parois coulissantes pivotantes (portes) ne sont pas en contact avec le sol ; les sols chauffants et les rev\u00eatements fragiles ne sont pas endommag\u00e9s.<\/strong><\/li>\n<li><strong>100% S\u00e9curit\u00e9 antichute UVV des tiroirs gr\u00e2ce \u00e0 un brevet de guidage forc\u00e9 automatique des boudins et des rainures (DBGM) sans actionnement m\u00e9canique arbitraire (pouvant \u00eatre omis) par l'op\u00e9rateur.<\/strong><\/li>\n<li>Des dispositifs de blocage automatiques emp\u00eachent le d\u00e9placement involontaire des tiroirs en position de repos et de travail sans actionnement manuel des dispositifs de blocage m\u00e9caniques.<\/li>\n<li>Rails de roulement sans poches de salet\u00e9 en acier massif durablement ind\u00e9formable (pas de t\u00f4le pli\u00e9e), galvanis\u00e9s \u00e0 chaud r\u00e9sistants \u00e0 l'abrasion, surfaces de roulement polies, soud\u00e9s \u00e0 l'ossature (non viss\u00e9s) pour une transition de rail durablement sans d\u00e9crochement entre la zone du bloc et celle du rail pivotant gr\u00e2ce \u00e0 la jonction en onglet.<\/li>\n<li>L'ossature brevet\u00e9e en acier moul\u00e9 avec un cadre en L r\u00e9sistant \u00e0 la torsion (DBGM) - pas de portique ! - avec des r\u00e9partiteurs de charge soud\u00e9s (<strong><span style=\"color: #e02b20;\">storemaster\u00ae LE SYST\u00c8ME<\/span><\/strong>\u00a0) assure \u00e0 elle seule l'aplomb durable des colonnes de l'ossature comme garantie d'une fonctionnalit\u00e9 illimit\u00e9e dans le temps et sans restriction du syst\u00e8me sans contreventements en croix diagonale, ce qui permet seulement la v\u00e9rification de la stabilit\u00e9 statique pour la version \u00e0 une ou deux faces sans contreventements.<\/li>\n<li>Charni\u00e8res de bloc \u00e0 haute capacit\u00e9 de charge, lubrifi\u00e9es \u00e0 vie, pour une fixation durable des parois pivotantes dans leur position en hauteur.<\/li>\n<li>Suspension jumel\u00e9e de pr\u00e9cision de l'axe des roues pour un confort de fonctionnement durable et sans gauchissement.<\/li>\n<li>Force d'extraction particuli\u00e8rement faible pour les charges \u00e9lev\u00e9es de tiroirs sans aide (manivelle, etc.).<\/li>\n<li>Ressort de pouss\u00e9e ServoPatent facilite l'extraction des tiroirs pour charges lourdes.<\/li>\n<li>Les tiroirs peuvent \u00eatre facilement retir\u00e9s du syst\u00e8me pour modifier la hauteur utile.<\/li>\n<li>Rouleaux \u00e0 boudin en acier plein pour usage intensif, chromat\u00e9s, avec double roulement \u00e0 billes.<\/li>\n<li>Densit\u00e9 de stockage avec jusqu'\u00e0 25 tiroirs sur une hauteur d'extraction d'environ 2 m.<\/li>\n<li>Stockage de t\u00f4les et de barres combinable avec des s\u00e9parations enfichables.<\/li>\n<li>Tiroir coulissant &gt; 100 %.<\/li>\n<li>S\u00e9curit\u00e9 anti-per\u00e7age UVV pour le retrait de la t\u00f4le des deux c\u00f4t\u00e9s.<\/li>\n<li>Bloc de rehausse OverheadTop pouvant \u00eatre mis \u00e0 niveau sans adaptation ult\u00e9rieure.<\/li>\n<li>Bloc de rehausse OverheadTop avec niveaux de stockage en porte-\u00e0-faux pour faciliter l'introduction de la fourche du chariot \u00e9l\u00e9vateur, r\u00e9glable en hauteur au pas de 75 mm, utilisable des deux c\u00f4t\u00e9s - en option pour le stockage des cassettes.<\/li>\n<li>\u00c9lectrification jusqu'\u00e0 10 t \/ niveau de stockage coulissant - max. 13 tiroirs (<strong><span style=\"color: #e02b20;\">storemaster\u00ae LE SYST\u00c8ME<\/span><\/strong>\u00a0brevet).<\/li>\n<li>Syst\u00e8me avec parois coulissantes \u00e0 glissi\u00e8res escamotables mont\u00e9es en bloc et pr\u00eates \u00e0 l'emploi.<\/li>\n<li>S\u00e9curit\u00e9 de fonctionnement et de fonctionnement conform\u00e9ment aux directives de l'association de qualit\u00e9 RAL-RG 614.<\/li>\n<li>20 ans de garantie de fonctionnement.<\/li>\n<li><strong><span style=\"color: #e02b20;\">TwenTower\u00ae - La tour<\/span><\/strong>-extension au\u00a0<strong><span style=\"color: #e02b20;\">MasterTower<\/span><\/strong>\u00a0au moyen d'une construction m\u00e9tallique professionnelle \u00e0 s\u00e9curit\u00e9 statique avec colonne de grue int\u00e9gr\u00e9e sans support auxiliaire - r\u00e9ception de la grue par un expert conform\u00e9ment \u00e0 la r\u00e8gle DGUV (s\u00e9curit\u00e9 des travailleurs)<br \/>\n108-007 et DIN EN 15635 - Raccord de grue d\u00e9pla\u00e7able en alternance.<\/li>\n<\/ul>","protected":false},"excerpt":{"rendered":"<p>Syst\u00e8me de stockage \u00e0 tiroirs pour la manutention de mat\u00e9riel, pour profil\u00e9s, barres, tubes, rouleaux, arbres, produits longs lourds de toutes sortes, avec une densit\u00e9 de stockage optimale pour jusqu'\u00e0 500 sortes de barres, de longueurs courtes et restantes jusqu'\u00e0 6 m de longueur de profil\u00e9 ; entretoises basses de subdivision \u00e0 broche enfichable, joues \u00e0 rouleaux de sortie pivotantes, verrouillables en option ;\u00a0<strong>Tiroirs pour charges longues jusqu'\u00e0 10 m de 5 t \u00e0 10 t de capacit\u00e9 de charge \u00e9lectrifi\u00e9es\u00a0<\/strong>(Enregistrement du bureau des brevets sous le num\u00e9ro 297 19 067.9).<\/p>\n<p><strong>Livraison :<\/strong> Livraison gratuite en Allemagne, mont\u00e9 en bloc et pr\u00eat \u00e0 l'emploi<\/p>","protected":false},"featured_media":18079258,"template":"","meta":{"_acf_changed":false,"_et_pb_use_builder":"","_et_pb_old_content":"","_et_gb_content_width":""},"product_brand":[],"product_cat":[1404],"product_tag":[1656,1657],"class_list":{"0":"post-18079257","1":"product","2":"type-product","3":"status-publish","4":"has-post-thumbnail","6":"product_cat-langgutlager","7":"product_tag-storekeeper-kompatibel","8":"product_tag-elektrifizierbar","9":"handling-per-kran","11":"first","12":"instock","13":"taxable","14":"shipping-taxable","15":"purchasable","16":"product-type-variable","17":"wvs-archive-product-wrapper"},"exclude_global_add_ons":false,"addons":[{"name":"Composants syst\u00e8me en option","type":"heading","position":0,"required":false,"title_format":"label","default":"","description_enable":true,"description":"Veuillez faire votre choix parmi les possibilit\u00e9s indiqu\u00e9es. Le prix du syst\u00e8me sera automatiquement ajust\u00e9. <b>(*Informations obligatoires)<\/b>","placeholder_enable":false,"placeholder":"","display":"select","restrictions_type":"any_text","adjust_price":false,"price":"","price_type":"flat_fee","restrictions":false,"min":"0","max":"0","options":[],"id":1732192232},{"name":"Rehausse Overhead-Top de 2 t de capacit\u00e9 de charge \u00e0 3 et 4 m et de 1,5 t de capacit\u00e9 de charge \u00e0 6 m avec traverses basses de pose pour le stockage de ballots et d'europalettes","type":"multiple_choice","position":1,"required":true,"title_format":"label","default":"0","description_enable":false,"description":"","placeholder_enable":false,"placeholder":"","display":"radiobutton","restrictions_type":"any_text","adjust_price":false,"price":"","price_type":"flat_fee","restrictions":false,"min":"0","max":"0","options":[{"label":"ohne","price":"","price_type":"flat_fee","image":0,"visibility":true},{"label":"mit 3 zus\u00e4tzlichen Stapler-Lagerebenen","price":"7500","price_type":"flat_fee","image":0,"visibility":true},{"label":"mit 4 zus\u00e4tzlichen Stapler-Lagerebenen","price":"10000","price_type":"flat_fee","image":0,"visibility":true}],"id":1732192233},{"name":"selected_pa_longueur_du_mat\u00e9riel","type":"custom_text","position":2,"required":false,"title_format":"hide","default":"","description_enable":false,"description":"","placeholder_enable":false,"placeholder":"","display":"select","restrictions_type":"any_text","adjust_price":false,"price":"","price_type":"flat_fee","restrictions":false,"min":"0","max":"0","options":[],"id":1775650073},{"name":"Flexibolo\u00ae LG - Langgut-Transportwagen","type":"heading","position":3,"required":false,"title_format":"label","default":"","description_enable":true,"description":"<img src=\"https:\/\/storemaster.de\/wp-content\/uploads\/FlexiboloLG.png\" alt=\"FlexiboloLG\" width=\"300\" \/>\r\nVerf\u00fcgbar f\u00fcr Materiall\u00e4ngen von 3.000 bis 6.000 mm\r\n(Kann bei Auswahl der entsprechenden Konfiguration hinzugef\u00fcgt werden)\r\nAbgestimmt auf die ausgew\u00e4hlte Materiall\u00e4nge der Regalanlage.","placeholder_enable":false,"placeholder":"","display":"select","restrictions_type":"any_text","adjust_price":false,"price":"","price_type":"flat_fee","restrictions":false,"min":"0","max":"0","options":[],"id":1775651113},{"name":"Flexibolo\u00ae LG - Langgut-Transportwagen f\u00fcr 3.000 mm","type":"multiple_choice","position":4,"required":true,"title_format":"label","default":"0","description_enable":true,"description":"<img src=\"https:\/\/storemaster.de\/wp-content\/uploads\/FlexiboloLG.png\" alt=\"FlexiboloLG\" width=\"300\" \/>","placeholder_enable":false,"placeholder":"","display":"select","restrictions_type":"any_text","adjust_price":false,"price":"","price_type":"flat_fee","restrictions":false,"min":"0","max":"0","options":[{"label":"ohne","price":"","price_type":"flat_fee","image":0,"visibility":true},{"label":"Langgut-Transportwagen f\u00fcr eine Materiall\u00e4nge von 3.000 mm","price":"4875","price_type":"flat_fee","image":0,"visibility":true}],"id":1775652367},{"name":"Flexibolo\u00ae LG - Langgut-Transportwagen f\u00fcr 4.000 mm","type":"multiple_choice","position":5,"required":true,"title_format":"label","default":"0","description_enable":true,"description":"<img src=\"https:\/\/storemaster.de\/wp-content\/uploads\/FlexiboloLG.png\" alt=\"FlexiboloLG\" width=\"300\" \/>","placeholder_enable":false,"placeholder":"","display":"select","restrictions_type":"any_text","adjust_price":false,"price":"","price_type":"flat_fee","restrictions":false,"min":"0","max":"0","options":[{"label":"ohne","price":"","price_type":"flat_fee","image":0,"visibility":true},{"label":"Langgut-Transportwagen f\u00fcr eine Materiall\u00e4nge von 4.000 mm","price":"5166","price_type":"flat_fee","image":0,"visibility":true}],"id":1775653834},{"name":"Flexibolo\u00ae LG - Langgut-Transportwagen f\u00fcr 6.000 mm","type":"multiple_choice","position":6,"required":true,"title_format":"label","default":"0","description_enable":true,"description":"<img src=\"https:\/\/storemaster.de\/wp-content\/uploads\/FlexiboloLG.png\" alt=\"FlexiboloLG\" width=\"300\" \/>","placeholder_enable":false,"placeholder":"","display":"select","restrictions_type":"any_text","adjust_price":false,"price":"","price_type":"flat_fee","restrictions":false,"min":"0","max":"0","options":[{"label":"ohne","price":"","price_type":"flat_fee","image":0,"visibility":true},{"label":"Flexibolo\u00ae LG - Langgut-Transportwagen f\u00fcr 6.000 mm","price":"5828","price_type":"flat_fee","image":0,"visibility":true}],"id":1775653976},{"name":"Barre d'attelage pour le FlexiBolo\u00aeLG","type":"multiple_choice","position":7,"required":true,"title_format":"label","default":"0","description_enable":true,"description":"<img src=\"https:\/\/storemaster.de\/wp-content\/uploads\/Zugdeichsel.jpg\" alt=\"Zugdeichsel\" width=\"300\" \/>","placeholder_enable":false,"placeholder":"","display":"select","restrictions_type":"any_text","adjust_price":false,"price":"","price_type":"flat_fee","restrictions":false,"min":"0","max":"0","options":[{"label":"ohne","price":"","price_type":"flat_fee","image":0,"visibility":true},{"label":"mit Zugdeichsel 1.900 mm lang","price":"967","price_type":"flat_fee","image":0,"visibility":true}],"id":1775654274},{"name":"Joint de tiroir","type":"input_multiplier","position":8,"required":false,"title_format":"label","default":"","description_enable":true,"description":"contre la rouille volante de l'acier de construction en cas de traitement local de l'acier et de l'acier inoxydable, suppl\u00e9ment de prix par tiroir. Veuillez indiquer le nombre de tiroirs par \u00e9tag\u00e8re.","placeholder_enable":false,"placeholder":"","display":"select","restrictions_type":"any_text","adjust_price":true,"price":"650","price_type":"quantity_based","restrictions":true,"min":"0","max":"19","options":[],"id":1732192234},{"name":"Fermeture des tiroirs","type":"input_multiplier","position":9,"required":false,"title_format":"label","default":"","description_enable":true,"description":"s\u00e9curis\u00e9 contre les acc\u00e8s non autoris\u00e9s, tiroir verrouillable individuellement, suppl\u00e9ment de prix par tiroir. Veuillez indiquer le nombre de tiroirs par \u00e9tag\u00e8re.","placeholder_enable":false,"placeholder":"","display":"select","restrictions_type":"any_text","adjust_price":true,"price":"390","price_type":"quantity_based","restrictions":false,"min":"0","max":"0","options":[],"id":1732192235},{"name":"Goujon de subdivision de compartiment \u00d8 20 x 50 mm, galvanis\u00e9","type":"input_multiplier","position":10,"required":false,"title_format":"label","default":"","description_enable":true,"description":"Veuillez indiquer le nombre de goujons par \u00e9tag\u00e8re","placeholder_enable":false,"placeholder":"","display":"select","restrictions_type":"any_text","adjust_price":true,"price":"10","price_type":"quantity_based","restrictions":false,"min":"0","max":"0","options":[],"id":1732192237},{"name":"Bac \u00e0 t\u00f4les \u00e0 ins\u00e9rer pour les longueurs restantes 2.500 x 150 x 50 mm, galvanis\u00e9","type":"input_multiplier","position":11,"required":false,"title_format":"label","default":"","description_enable":true,"description":"Veuillez indiquer le nombre de bacs d'insertion par \u00e9tag\u00e8re","placeholder_enable":false,"placeholder":"","display":"select","restrictions_type":"any_text","adjust_price":true,"price":"299","price_type":"quantity_based","restrictions":false,"min":"0","max":"0","options":[],"id":1732192238}],"acf":[],"_links":{"self":[{"href":"https:\/\/storemaster.de\/fr\/wp-json\/wp\/v2\/product\/18079257","targetHints":{"allow":["GET"]}}],"collection":[{"href":"https:\/\/storemaster.de\/fr\/wp-json\/wp\/v2\/product"}],"about":[{"href":"https:\/\/storemaster.de\/fr\/wp-json\/wp\/v2\/types\/product"}],"wp:featuredmedia":[{"embeddable":true,"href":"https:\/\/storemaster.de\/fr\/wp-json\/wp\/v2\/media\/18079258"}],"wp:attachment":[{"href":"https:\/\/storemaster.de\/fr\/wp-json\/wp\/v2\/media?parent=18079257"}],"wp:term":[{"taxonomy":"product_brand","embeddable":true,"href":"https:\/\/storemaster.de\/fr\/wp-json\/wp\/v2\/product_brand?post=18079257"},{"taxonomy":"product_cat","embeddable":true,"href":"https:\/\/storemaster.de\/fr\/wp-json\/wp\/v2\/product_cat?post=18079257"},{"taxonomy":"product_tag","embeddable":true,"href":"https:\/\/storemaster.de\/fr\/wp-json\/wp\/v2\/product_tag?post=18079257"}],"curies":[{"name":"wp","href":"https:\/\/api.w.org\/{rel}","templated":true}]}}