{"id":18079243,"date":"2022-06-10T09:40:53","date_gmt":"2022-06-10T07:40:53","guid":{"rendered":"https:\/\/storemaster.de\/shop\/unkategorisiert\/multisort-langgut-kassette\/"},"modified":"2026-04-16T12:24:35","modified_gmt":"2026-04-16T10:24:35","slug":"multisort-cassette-pour-produits-longs","status":"publish","type":"product","link":"https:\/\/storemaster.de\/fr\/shop\/langgutlager\/multisort-langgut-kassette\/","title":{"rendered":"Cassettes MultiSort pour produits longs"},"content":{"rendered":"<h2>Les cassettes de stockage pour produits longs r\u00e9duisent la largeur des all\u00e9es<\/h2>\n<p>Une grande vari\u00e9t\u00e9 de types et de longueurs de barres peut \u00eatre clairement identifi\u00e9e dans les sections <span style=\"color: #e02b20;\">MultiSort<\/span> Cassettes longues de <span style=\"color: #e02b20;\">storemaster.fr<\/span> de stockage. Ces cassettes pr\u00e9sentent l'avantage de pouvoir \u00eatre empil\u00e9es par un chariot \u00e9l\u00e9vateur dans le syst\u00e8me de rayonnage cantilever. <span style=\"color: #e02b20;\">ArmStrong\u00aeplus<\/span> de storemaster.fr, ce qui permet d'utiliser toute la hauteur du hall. De plus, les panneaux de stockage empilables et grutables peuvent \u00eatre utilis\u00e9s en toute s\u00e9curit\u00e9. <span style=\"color: #e02b20;\">MultiSort<\/span> Cassettes de produits longs apr\u00e8s le retrait du chariot \u00e9l\u00e9vateur du rayonnage, soit sur le chariot de produits longs <span style=\"color: #e02b20;\">Flexibolo\u00aeLG<\/span> de <span style=\"color: #e02b20;\">storemaster.fr<\/span> Les marchandises longues peuvent \u00eatre d\u00e9pos\u00e9es et d\u00e9plac\u00e9es manuellement sans utiliser de chariot \u00e9l\u00e9vateur ou directement \u00e0 l'aide d'une grue, ce qui r\u00e9duit consid\u00e9rablement la largeur des all\u00e9es n\u00e9cessaires pour le transport de marchandises longues.<\/p>","protected":false},"excerpt":{"rendered":"<p>Cassettes syst\u00e8me adapt\u00e9es au rayonnage cantilever ArmStrong, capacit\u00e9 de charge 3.000 kg, profondeur utile 800 mm pour la manutention de barres, b\u00e2tons, tubes, profil\u00e9s, etc.<br \/>\navec des traverses basses de subdivision \u00e0 broche enfichable et des sabots de chariot \u00e9l\u00e9vateur<\/p>\n<p><strong>Livraison :<\/strong> gratuit en Allemagne<\/p>","protected":false},"featured_media":18079244,"template":"","meta":{"_acf_changed":false,"_et_pb_use_builder":"","_et_pb_old_content":"","_et_gb_content_width":""},"product_brand":[],"product_cat":[1404],"product_tag":[],"class_list":{"0":"post-18079243","1":"product","2":"type-product","3":"status-publish","4":"has-post-thumbnail","6":"product_cat-langgutlager","8":"first","9":"instock","10":"taxable","11":"shipping-taxable","12":"purchasable","13":"product-type-variable","14":"wvs-archive-product-wrapper"},"exclude_global_add_ons":false,"addons":[{"name":"Composants syst\u00e8me en option","type":"heading","position":0,"required":false,"title_format":"label","default":"","description_enable":true,"description":"Veuillez faire votre choix parmi les possibilit\u00e9s indiqu\u00e9es. Le prix du syst\u00e8me sera automatiquement ajust\u00e9.","placeholder_enable":false,"placeholder":"","display":"select","restrictions_type":"any_text","adjust_price":false,"price":"","price_type":"flat_fee","restrictions":false,"min":"0","max":"0","options":[],"id":1732192396},{"name":"4 goujons de d\u00e9limitation de 200 mm de haut","type":"checkbox","position":1,"required":false,"title_format":"label","default":"","description_enable":false,"description":"<span style=\"font-style: normal\">but\u00e9es enfichables, sans contour de perturbation<\/span>","placeholder_enable":false,"placeholder":"","display":"select","restrictions_type":"any_text","adjust_price":false,"price":"","price_type":"flat_fee","restrictions":false,"min":"0","max":"0","options":[{"label":"pro Kassette","price":"40","price_type":"quantity_based","image":0,"visibility":true}],"id":1732192397},{"name":"Goujons de subdivision\/cassette 200 mm de haut par pi\u00e8ce","type":"input_multiplier","position":2,"required":false,"title_format":"label","default":"0","description_enable":false,"description":"pour la prise par grue, 4 brins pour une capacit\u00e9 de charge de 3.750 kg avec un angle de traction jusqu'\u00e0 60\u00b0, y compris 4 crochets de s\u00e9curit\u00e9 en S \u00e0 1.500 kg de force de traction admissible","placeholder_enable":false,"placeholder":"","display":"select","restrictions_type":"any_text","adjust_price":true,"price":"10","price_type":"quantity_based","restrictions":false,"min":"0","max":"0","options":[],"id":1732192398},{"name":"Ranchers empilables (empilables) hauteur 200 mm","type":"checkbox","position":3,"required":false,"title_format":"label","default":"","description_enable":false,"description":"","placeholder_enable":false,"placeholder":"","display":"select","restrictions_type":"any_text","adjust_price":false,"price":"","price_type":"flat_fee","restrictions":false,"min":"0","max":"0","options":[{"label":"pro Kassette","price":"261","price_type":"quantity_based","image":0,"visibility":true}],"id":1732192399},{"name":"\u0152illets de grue (pouvant \u00eatre grut\u00e9s)","type":"checkbox","position":4,"required":false,"title_format":"label","default":"","description_enable":false,"description":"","placeholder_enable":false,"placeholder":"","display":"select","restrictions_type":"any_text","adjust_price":false,"price":"","price_type":"flat_fee","restrictions":false,"min":"0","max":"0","options":[{"label":"pro Kassette","price":"167","price_type":"quantity_based","image":0,"visibility":true}],"id":1732192400},{"name":"Harnais \u00e0 cha\u00eene pour le levage par grue","type":"checkbox","position":5,"required":false,"title_format":"label","default":"","description_enable":true,"description":"4 brins pour une capacit\u00e9 de charge de 3 750 kg avec un angle de traction jusqu'\u00e0 60\u00b0, y compris 4 crochets de s\u00e9curit\u00e9 en S de 1 500 kg de force de traction autoris\u00e9e.","placeholder_enable":false,"placeholder":"","display":"select","restrictions_type":"any_text","adjust_price":false,"price":"","price_type":"flat_fee","restrictions":false,"min":"0","max":"0","options":[{"label":"1 St\u00fcck","price":"1750","price_type":"flat_fee","image":0,"visibility":true}],"id":1732192401}],"acf":[],"_links":{"self":[{"href":"https:\/\/storemaster.de\/fr\/wp-json\/wp\/v2\/product\/18079243","targetHints":{"allow":["GET"]}}],"collection":[{"href":"https:\/\/storemaster.de\/fr\/wp-json\/wp\/v2\/product"}],"about":[{"href":"https:\/\/storemaster.de\/fr\/wp-json\/wp\/v2\/types\/product"}],"wp:featuredmedia":[{"embeddable":true,"href":"https:\/\/storemaster.de\/fr\/wp-json\/wp\/v2\/media\/18079244"}],"wp:attachment":[{"href":"https:\/\/storemaster.de\/fr\/wp-json\/wp\/v2\/media?parent=18079243"}],"wp:term":[{"taxonomy":"product_brand","embeddable":true,"href":"https:\/\/storemaster.de\/fr\/wp-json\/wp\/v2\/product_brand?post=18079243"},{"taxonomy":"product_cat","embeddable":true,"href":"https:\/\/storemaster.de\/fr\/wp-json\/wp\/v2\/product_cat?post=18079243"},{"taxonomy":"product_tag","embeddable":true,"href":"https:\/\/storemaster.de\/fr\/wp-json\/wp\/v2\/product_tag?post=18079243"}],"curies":[{"name":"wp","href":"https:\/\/api.w.org\/{rel}","templated":true}]}}