{"id":18079237,"date":"2022-02-28T12:16:19","date_gmt":"2022-02-28T11:16:19","guid":{"rendered":"https:\/\/storemaster.de\/shop\/unkategorisiert\/blechtafel-regal\/"},"modified":"2025-12-01T09:58:21","modified_gmt":"2025-12-01T08:58:21","slug":"tableau-metallique-etagere","status":"publish","type":"product","link":"https:\/\/storemaster.de\/fr\/shop\/blechlager\/blechtafel-regal\/","title":{"rendered":"\u00c9tag\u00e8re MultiPlate\u00ae pour t\u00f4les r\u00e9siduelles"},"content":{"rendered":"<h2>Rayonnage pour t\u00f4les r\u00e9siduelles<\/h2>","protected":false},"excerpt":{"rendered":"<p><strong>Rayonnage pour t\u00f4les r\u00e9siduelles<\/strong><br \/>\nRayonnage vertical \u00e0 tablettes pour t\u00f4les r\u00e9siduelles, comprenant 40 compartiments d'une largeur utile de 30 mm.<br \/>\nTiroirs \u00e0 hauteur de travail pratique pour toutes les dimensions de t\u00f4les jusqu'\u00e0 2000 x 1500 mm.<br \/>\nInsertion particuli\u00e8rement facile gr\u00e2ce \u00e0 un glissement r\u00e9duisant le frottement sur les tubes ronds.<br \/>\nBloc de rayonnage pour entrep\u00f4t de manutention de t\u00f4les, d\u00e9pla\u00e7able manuellement.<br \/>\nDimensions ext\u00e9rieures L 1 300 x P 2 000 x H 2 000 mm.<\/p>\n<p><strong>Livraison :<\/strong> Frais de port en Allemagne, pr\u00eat \u00e0 l'emploi<\/p>","protected":false},"featured_media":18079238,"template":"","meta":{"_acf_changed":false,"_et_pb_use_builder":"","_et_pb_old_content":"","_et_gb_content_width":""},"product_brand":[],"product_cat":[817],"product_tag":[],"class_list":{"0":"post-18079237","1":"product","2":"type-product","3":"status-publish","4":"has-post-thumbnail","6":"product_cat-blechlager","8":"first","9":"instock","10":"taxable","11":"shipping-taxable","12":"purchasable","13":"product-type-simple"},"exclude_global_add_ons":[],"addons":[],"acf":[],"_links":{"self":[{"href":"https:\/\/storemaster.de\/fr\/wp-json\/wp\/v2\/product\/18079237","targetHints":{"allow":["GET"]}}],"collection":[{"href":"https:\/\/storemaster.de\/fr\/wp-json\/wp\/v2\/product"}],"about":[{"href":"https:\/\/storemaster.de\/fr\/wp-json\/wp\/v2\/types\/product"}],"wp:featuredmedia":[{"embeddable":true,"href":"https:\/\/storemaster.de\/fr\/wp-json\/wp\/v2\/media\/18079238"}],"wp:attachment":[{"href":"https:\/\/storemaster.de\/fr\/wp-json\/wp\/v2\/media?parent=18079237"}],"wp:term":[{"taxonomy":"product_brand","embeddable":true,"href":"https:\/\/storemaster.de\/fr\/wp-json\/wp\/v2\/product_brand?post=18079237"},{"taxonomy":"product_cat","embeddable":true,"href":"https:\/\/storemaster.de\/fr\/wp-json\/wp\/v2\/product_cat?post=18079237"},{"taxonomy":"product_tag","embeddable":true,"href":"https:\/\/storemaster.de\/fr\/wp-json\/wp\/v2\/product_tag?post=18079237"}],"curies":[{"name":"wp","href":"https:\/\/api.w.org\/{rel}","templated":true}]}}