{"id":18079210,"date":"2021-12-17T15:48:33","date_gmt":"2021-12-17T14:48:33","guid":{"rendered":"https:\/\/storemaster.de\/shop\/unkategorisiert\/coilstore-v\/"},"modified":"2025-12-22T12:19:02","modified_gmt":"2025-12-22T11:19:02","slug":"coilstore-v","status":"publish","type":"product","link":"https:\/\/storemaster.de\/fr\/shop\/coillager\/coilstore-v\/","title":{"rendered":"CoilStore\u00ae vertical"},"content":{"rendered":"<h2><span style=\"color: #e00000;\">CoilStore<\/span> syst\u00e8me vertical<\/h2>\n<p>Le stockage des bobines par mandrin de chariot \u00e9l\u00e9vateur s'effectue dans des courroies sp\u00e9ciales pour bobines, \u00e0 haute capacit\u00e9 de charge, r\u00e9sistantes au vieillissement et durablement r\u00e9sistantes \u00e0 l'usure, qui s'adaptent de mani\u00e8re flexible \u00e0 la surface de chaque diam\u00e8tre de bobine.<\/p>\n<p>Une solution innovante pour le stockage de vos bobines. Exploitez au mieux la hauteur de votre hall de production ou de votre entrep\u00f4t, sans pour autant renoncer \u00e0 la s\u00e9curit\u00e9 du travail ni \u00e0 une manipulation conviviale des mat\u00e9riaux. Le syst\u00e8me de suspension de charge brevet\u00e9 vous offre des avantages dans la manipulation quotidienne de votre chargement. Chaque bobine est pos\u00e9e sur deux sangles de support pour charges lourdes, ce qui pr\u00e9serve la surface. Il en r\u00e9sulte une charge de surface optimale et les points de pression sont \u00e9vit\u00e9s. Gr\u00e2ce \u00e0 la flexibilit\u00e9 des sangles, la bobine est maintenue en place quel que soit son diam\u00e8tre. La construction soud\u00e9e poteaux-poutres assure une r\u00e9partition optimale de la charge au sol. Il est ainsi possible de r\u00e9aliser des charges par trav\u00e9e allant jusqu'\u00e0 150 tonnes. Gr\u00e2ce aux fa\u00e7ades ouvertes des rayonnages, vos marchandises stock\u00e9es sont accessibles des deux c\u00f4t\u00e9s.<\/p>\n<p><strong>Aper\u00e7u des avantages<\/strong><\/p>\n<ul>\n<li>Enl\u00e8vement de la charge de bobines r\u00e9partie uniform\u00e9ment sur une large surface, ce qui permet un stockage en douceur en \u00e9vitant la pression du trait.<\/li>\n<li>Pas de points de pression, de blessures superficielles ou d'aplatissement.<\/li>\n<li>Densit\u00e9 de stockage \u00e9lev\u00e9e, car sans supports de casiers, cadres de rangement et palettes en bois<\/li>\n<li>Concept universel pour les bobines jusqu'\u00e0 20 tonnes et 2 000 mm de largeur de bande<\/li>\n<li>Dimensions des \u00e9tag\u00e8res modulables en fonction des besoins<\/li>\n<li>Manipulation par chariot \u00e9l\u00e9vateur et mandrin de transport<\/li>\n<li>Stockage sur 2 sangles pour charges lourdes<\/li>\n<li>sangles de charge de r\u00e9ception de bobine brevet\u00e9es<\/li>\n<li>s'adapte de mani\u00e8re flexible aux diff\u00e9rents diam\u00e8tres de bobine<\/li>\n<\/ul>\n<p><strong>Formes de construction<\/strong><\/p>\n<ul>\n<li>Tour unique ou en s\u00e9rie de tours<\/li>\n<li>presque toutes les largeurs et longueurs de bande<\/li>\n<li>utilisation possible des deux c\u00f4t\u00e9s<\/li>\n<li>convient pour une utilisation en int\u00e9rieur et en ext\u00e9rieur<\/li>\n<\/ul>\n<p><strong>poutres soud\u00e9es :<\/strong><\/p>\n<ul>\n<li>assurent durablement l'aplomb des montants de rayonnage \u21d2 garantie de fonctionnement illimit\u00e9e<\/li>\n<li>remplacent les formations de terrain menac\u00e9es de destruction par des fourches de chariot \u00e9l\u00e9vateur<\/li>\n<li>optimisent la r\u00e9partition de la charge sur une large surface, m\u00eame si la qualit\u00e9 du sol est m\u00e9diocre<\/li>\n<\/ul>\n<p><strong>Dimensions du rayonnage<\/strong><\/p>\n<p>Largeur du champ : diam\u00e8tre de la bobine + 380 mm<br \/>\nLargeur de la ligne de rayonnage : x*largeur de l'unit\u00e9 + 260 mm<br \/>\nProfondeur de l'\u00e9tag\u00e8re : 1000 mm<br \/>\nHauteur du compartiment : diam\u00e8tre de la bobine + 100 mm<br \/>\nHauteur de l'\u00e9tag\u00e8re : 3*diam\u00e8tre de la bobine + 600 mm<\/p>\n<p><strong>Sangles \u00e0 bobines<\/strong><\/p>\n<p>La surveillance et le contr\u00f4le des \u00e9lingues en fibres chimiques (100 % polyester) doivent \u00eatre effectu\u00e9s au moins une fois par an par un expert (personne qualifi\u00e9e selon \u00a7 10 BetrSichV). En fonction des conditions d'utilisation et des conditions d'exploitation, d'autres contr\u00f4les par un expert peuvent \u00eatre n\u00e9cessaires dans l'intervalle. En raison des contraintes auxquelles sont soumises les \u00e9lingues, il est fortement recommand\u00e9 de fixer des p\u00e9riodes de contr\u00f4le plus courtes qu'une fois par an. Les \u00e9lingues en fibres synth\u00e9tiques doivent \u00eatre surveill\u00e9es pendant leur utilisation afin de d\u00e9tecter tout d\u00e9faut apparent. Si des d\u00e9fauts affectant la s\u00e9curit\u00e9 sont constat\u00e9s, les \u00e9lingues doivent \u00eatre retir\u00e9es de l'utilisation. Les \u00e9lingues en fibres synth\u00e9tiques contamin\u00e9es par des substances agressives ou autres substances dangereuses pour l'utilisation doivent \u00eatre soigneusement inspect\u00e9es et, si n\u00e9cessaire, contr\u00f4l\u00e9es, par exemple par le fabricant. Les \u00e9lingues en fibres synth\u00e9tiques utilis\u00e9es comme \u00e9lingues n'ont pas de date limite d'utilisation si elles sont utilis\u00e9es conform\u00e9ment \u00e0 leur destination et contr\u00f4l\u00e9es r\u00e9guli\u00e8rement. Il n'existe pas de dur\u00e9e d'utilisation maximale pr\u00e9d\u00e9finie selon la norme DGUV 209-061.<\/p>","protected":false},"excerpt":{"rendered":"<p>Le stockage des bobines par mandrin de chariot \u00e9l\u00e9vateur s'effectue dans des bandes sp\u00e9ciales pour bobines, \u00e0 haute capacit\u00e9 de charge, r\u00e9sistantes au vieillissement et durablement r\u00e9sistantes \u00e0 l'usure, qui s'adaptent de mani\u00e8re flexible \u00e0 la surface de chaque diam\u00e8tre de bobine ; convient pour des largeurs de bande de 1.000 \u00e0 2.000 mm. Installation en tour unique ou en rang\u00e9e de tours. Standard : 3 emplacements de stockage de bobines par tour (demandes sp\u00e9ciales possibles).<\/p>\n<p><strong>Livraison :<\/strong> franco domicile en Allemagne, parois lat\u00e9rales pr\u00e9-assembl\u00e9es, prix par tour<\/p>","protected":false},"featured_media":18079211,"template":"","meta":{"_acf_changed":false,"_et_pb_use_builder":"","_et_pb_old_content":"","_et_gb_content_width":""},"product_brand":[],"product_cat":[1471],"product_tag":[1656,1669,1692],"class_list":{"0":"post-18079210","1":"product","2":"type-product","3":"status-publish","4":"has-post-thumbnail","6":"product_cat-coillager","7":"product_tag-storekeeper-kompatibel","8":"product_tag-patentschutz","9":"product_tag-patentschutz-dbgm-20-2017-100-112","10":"handling-per-stapler-einsatz","12":"first","13":"instock","14":"taxable","15":"shipping-taxable","16":"purchasable","17":"product-type-variable","18":"wvs-archive-product-wrapper"},"exclude_global_add_ons":[],"addons":[],"acf":[],"_links":{"self":[{"href":"https:\/\/storemaster.de\/fr\/wp-json\/wp\/v2\/product\/18079210","targetHints":{"allow":["GET"]}}],"collection":[{"href":"https:\/\/storemaster.de\/fr\/wp-json\/wp\/v2\/product"}],"about":[{"href":"https:\/\/storemaster.de\/fr\/wp-json\/wp\/v2\/types\/product"}],"wp:featuredmedia":[{"embeddable":true,"href":"https:\/\/storemaster.de\/fr\/wp-json\/wp\/v2\/media\/18079211"}],"wp:attachment":[{"href":"https:\/\/storemaster.de\/fr\/wp-json\/wp\/v2\/media?parent=18079210"}],"wp:term":[{"taxonomy":"product_brand","embeddable":true,"href":"https:\/\/storemaster.de\/fr\/wp-json\/wp\/v2\/product_brand?post=18079210"},{"taxonomy":"product_cat","embeddable":true,"href":"https:\/\/storemaster.de\/fr\/wp-json\/wp\/v2\/product_cat?post=18079210"},{"taxonomy":"product_tag","embeddable":true,"href":"https:\/\/storemaster.de\/fr\/wp-json\/wp\/v2\/product_tag?post=18079210"}],"curies":[{"name":"wp","href":"https:\/\/api.w.org\/{rel}","templated":true}]}}