{"id":18079164,"date":"2021-09-29T10:29:49","date_gmt":"2021-09-29T08:29:49","guid":{"rendered":"https:\/\/storemaster.de\/shop\/unkategorisiert\/flexibololg\/"},"modified":"2025-10-21T16:01:27","modified_gmt":"2025-10-21T14:01:27","slug":"flexibololg","status":"publish","type":"product","link":"https:\/\/storemaster.de\/fr\/shop\/langgutlager\/flexibololg\/","title":{"rendered":"Flexibolo\u00ae LG"},"content":{"rendered":"<p><strong><span style=\"color: #e02b20;\">Flexibolo\u00ae LG<\/span> Chariot de transport de marchandises longues<\/strong> pour le transport manuel de bobines de barres, de profil\u00e9s, de tubes, de tuyaux, de caisses, de rouleaux, de bois \u00e9quarri, etc, pour des mat\u00e9riaux jusqu'\u00e0 12 m de longueur, comme essieu central + 4 roues pivotantes avec freins, tourne sur place pour un d\u00e9placement maniable dans les espaces les plus \u00e9troits, largeur utile entre les ranchers 800 mm, largeur totale 900 mm, avec 4 roues pivotantes. 80 mm de hauteur, permettant le chargement par chariot \u00e9l\u00e9vateur ou grue, ainsi que 8 ranchers de d\u00e9limitation enfichables sur les c\u00f4t\u00e9s longitudinaux \u00e0 500 mm de hauteur, charge utile 3,0 t, avec poign\u00e9es de pouss\u00e9e r\u00e9versibles \u00e0 90\u00b0 sur les deux c\u00f4t\u00e9s frontaux, en option avec \u0153illets doubles d'accouplement des deux c\u00f4t\u00e9s pour le raccordement du timon d'attelage et\/ou ranchers d'empilage pour la r\u00e9ception de cassettes d'empilage de marchandises longues, galvanis\u00e9 \u00e0 chaud par immersion selon DIN EN ISO 1461.<\/p>","protected":false},"excerpt":{"rendered":"<p>Chariot de transport de marchandises longues<\/p>\n<p><strong>Livraison :<\/strong> Frais de port en Allemagne, pr\u00eat \u00e0 l'emploi<\/p>","protected":false},"featured_media":18084921,"template":"","meta":{"_acf_changed":false,"_et_pb_use_builder":"","_et_pb_old_content":"","_et_gb_content_width":""},"product_brand":[],"product_cat":[1404],"product_tag":[],"class_list":{"0":"post-18079164","1":"product","2":"type-product","3":"status-publish","4":"has-post-thumbnail","6":"product_cat-langgutlager","8":"first","9":"instock","10":"taxable","11":"shipping-taxable","12":"purchasable","13":"product-type-variable","14":"wvs-archive-product-wrapper"},"exclude_global_add_ons":false,"addons":[{"name":"Barre d'attelage de 1 900 mm de long, y compris le logement de barre d'attelage des deux c\u00f4t\u00e9s du chariot, adapt\u00e9e au chariot de transport de charges longues Flexibolo\u00ae LG.","type":"multiple_choice","position":0,"required":true,"title_format":"label","default":"0","description_enable":true,"description":"<img src=\"https:\/\/storemaster.de\/wp-content\/uploads\/Zugdeichsel.jpg\" alt=\"Zugdeichsel\" width=\"300\" \/>","placeholder_enable":false,"placeholder":"","display":"radiobutton","restrictions_type":"any_text","adjust_price":false,"price":"","price_type":"flat_fee","restrictions":false,"min":"0","max":"0","options":[{"label":"ohne","price":"","price_type":"flat_fee","image":0,"visibility":true},{"label":"mit Zugdeichsel 1.900 mm (eine pro Bestellung)","price":"967","price_type":"flat_fee","image":0,"visibility":true},{"label":"mit Zugdeichsel 1.900 mm (eine pro Wagen)","price":"967","price_type":"quantity_based","image":0,"visibility":true}],"id":1761062391}],"acf":[],"_links":{"self":[{"href":"https:\/\/storemaster.de\/fr\/wp-json\/wp\/v2\/product\/18079164","targetHints":{"allow":["GET"]}}],"collection":[{"href":"https:\/\/storemaster.de\/fr\/wp-json\/wp\/v2\/product"}],"about":[{"href":"https:\/\/storemaster.de\/fr\/wp-json\/wp\/v2\/types\/product"}],"wp:featuredmedia":[{"embeddable":true,"href":"https:\/\/storemaster.de\/fr\/wp-json\/wp\/v2\/media\/18084921"}],"wp:attachment":[{"href":"https:\/\/storemaster.de\/fr\/wp-json\/wp\/v2\/media?parent=18079164"}],"wp:term":[{"taxonomy":"product_brand","embeddable":true,"href":"https:\/\/storemaster.de\/fr\/wp-json\/wp\/v2\/product_brand?post=18079164"},{"taxonomy":"product_cat","embeddable":true,"href":"https:\/\/storemaster.de\/fr\/wp-json\/wp\/v2\/product_cat?post=18079164"},{"taxonomy":"product_tag","embeddable":true,"href":"https:\/\/storemaster.de\/fr\/wp-json\/wp\/v2\/product_tag?post=18079164"}],"curies":[{"name":"wp","href":"https:\/\/api.w.org\/{rel}","templated":true}]}}