{"id":18079002,"date":"2021-09-20T07:16:47","date_gmt":"2021-09-20T05:16:47","guid":{"rendered":"https:\/\/storemaster.de\/shop\/unkategorisiert\/mastertower-tt\/"},"modified":"2026-03-16T14:07:45","modified_gmt":"2026-03-16T13:07:45","slug":"mastertower-tt","status":"publish","type":"product","link":"https:\/\/storemaster.de\/fr\/shop\/blechlager\/mastertower-tt\/","title":{"rendered":"MasterTower\u00ae classic"},"content":{"rendered":"<h2>MasterTower\u00ae classic - Le leader du stockage de t\u00f4les avec la technologie \u00e9lectrique de grue sous vide<\/h2>\n<p>Le site <strong>MasterTower\u00ae classic<\/strong> est le <strong>le roulement en t\u00f4le le plus vendu au monde<\/strong> et une <strong>Un investissement pour des g\u00e9n\u00e9rations<\/strong>. Avec ses <strong>des parois coulissantes en porte-\u00e0-faux<\/strong> et une capacit\u00e9 de charge allant jusqu'\u00e0 <strong>3 000 kg par tiroir<\/strong> il est id\u00e9al pour les entreprises qui <strong>Stockage efficace, s\u00fbr et peu encombrant de la t\u00f4le<\/strong> souhaitent faire. Le site <strong>Technique de la grue et du vide<\/strong> permet une <strong>utilisation facile par une seule personne<\/strong> et fait de la MasterTower\u00ae le parfait <strong>Tour de stockage pour t\u00f4les avec pr\u00e9l\u00e8vement de t\u00f4les<\/strong>.<\/p>\n<hr \/>\n<h3>Efficacit\u00e9 maximale gr\u00e2ce \u00e0 la technologie brevet\u00e9e storemaster\u00ae.<\/h3>\n<p>\u2714 <strong>Tiroirs \u00e9lectriques<\/strong> - Efforts r\u00e9duits des op\u00e9rateurs pour une manipulation sans effort<br \/>\n\u2714 <strong>Fixation automatique des tiroirs<\/strong> - Verrouillage automatique en position de repos et de travail<br \/>\n\u2714 <strong>Murs de glissi\u00e8res en porte-\u00e0-faux<\/strong> - Pas de contact avec le sol, pas de d\u00e9t\u00e9rioration des sols<br \/>\n\u2714 <strong>Syst\u00e8me de cadre en L r\u00e9sistant \u00e0 la torsion<\/strong> - Aplomb durable sans entretoises diagonales<br \/>\n\u2714 <strong>Optimis\u00e9 pour les chariots \u00e9l\u00e9vateurs et les grues<\/strong> - Parfait pour le retrait automatique de la t\u00f4le<\/p>\n<hr \/>\n<h3>Points forts techniques de MasterTower\u00ae classic<\/h3>\n<p>\ud83d\udd39 <strong>Guidage brevet\u00e9 des boudins de roue<\/strong> pour 100 % Protection antichute conforme \u00e0 UVV<br \/>\n\ud83d\udd39 <strong>Tiroirs \u00e0 haute capacit\u00e9 de charge (jusqu'\u00e0 3 000 kg par niveau)<\/strong> avec une s\u00e9curit\u00e9 de charni\u00e8re de bloc pr\u00e9cise<br \/>\n\ud83d\udd39 <strong>Servo-ressort de pouss\u00e9ePatente<\/strong> - Facilite l'extraction, m\u00eame pour les charges lourdes<br \/>\n\ud83d\udd39 <strong>Possibilit\u00e9 de stockage combin\u00e9<\/strong> - Stockage avec ou sans palette en bois<br \/>\n\ud83d\udd39 <strong>Fixation automatique des parois de rail pivot\u00e9es<\/strong> par <strong>Aimant fort<\/strong><br \/>\n\ud83d\udd39 <strong>Roues \u00e0 gorge en acier massif pour usage intensif<\/strong> avec double roulement \u00e0 billes pour un fonctionnement sans entretien<\/p>\n<p>\ud83d\udccc <strong>Solution peu encombrante pour une capacit\u00e9 de stockage maximale<\/strong>:<br \/>\n\u2714 <strong>Jusqu'\u00e0 25 tiroirs sur seulement 2 m de hauteur<\/strong><br \/>\n\u2714 <strong>100 % Tiroir coulissant pour une accessibilit\u00e9 totale<\/strong><br \/>\n\u2714 <strong>S\u00e9curit\u00e9 de passage pour le retrait de la t\u00f4le des deux c\u00f4t\u00e9s<\/strong><\/p>\n<hr \/>\n<h3>Id\u00e9al pour le stockage dans des tours automatiques de stockage de t\u00f4les<\/h3>\n<p>Le site <strong>MasterTower\u00ae classic<\/strong> est compatible avec <strong>tous les syst\u00e8mes de stockage de t\u00f4les courants<\/strong> comme <strong>Bystronic, Amada, Liftmaster &amp; Loadmaster<\/strong> et s'int\u00e8gre parfaitement dans les processus de fabrication automatis\u00e9s.<\/p>\n<p>\ud83d\udca1 <strong>Extensible avec TwenTower<\/strong> - Compl\u00e9ment facile par des professionnels <strong>Structure en acier avec colonne de grue int\u00e9gr\u00e9e<\/strong>.<\/p>\n<hr \/>\n<h3>Durable, s\u00fbr &amp; \u00e9conomique<\/h3>\n<p>\ud83c\udf0d <strong>D\u00e9placement des mat\u00e9riaux sans bois<\/strong> - Pas de charge d'incendie, pas de co\u00fbts d'\u00e9limination<br \/>\n\ud83d\udd39 <strong>Rails de roulement galvanis\u00e9s \u00e0 chaud<\/strong> - 10 fois plus r\u00e9sistant \u00e0 l'abrasion que les surfaces peintes<br \/>\n\ud83d\udd39 <strong>Longue dur\u00e9e de vie<\/strong> - <strong>20 ans de garantie de fonctionnement<\/strong> pour une s\u00e9curit\u00e9 d'investissement maximale<br \/>\n\ud83d\udd39 <strong>Stockage sans salissures<\/strong> - Id\u00e9al pour <strong>Applications en salle blanche &amp; mat\u00e9riaux sensibles<\/strong><\/p>\n<p>Le site <strong>MasterTower\u00ae classic<\/strong> offre une <strong>une solution p\u00e9renne, efficace et ergonomique<\/strong> pour le stockage de t\u00f4les dans l'industrie &amp; l'artisanat.<\/p>\n<p>\ud83d\ude80 <strong>Demandez d\u00e8s maintenant et passez au niveau sup\u00e9rieur en mati\u00e8re de stockage de t\u00f4les !<\/strong><\/p>","protected":false},"excerpt":{"rendered":"<h2>Stockage de t\u00f4les avec la technologie de grue sous vide (\u00e9lectrique) : MasterTower\u00ae classic<\/h2>\n<p style=\"font-weight: 400;\"><strong>Premi\u00e8re station compacte de manutention de t\u00f4les par un seul op\u00e9rateur<\/strong>\u00a0sans circulation externe de grue ou de chariot \u00e9l\u00e9vateur<br \/>\n... une\u00a0<strong>storemaster\u00ae LE SYST\u00c8ME<\/strong>-innovation de la\u00a0<strong>Ann\u00e9es 2000<\/strong>\u00a0avec\u00a0<strong>20 ans de garantie<\/strong>\u00a0(conforme \u00e0 la norme DIN EN ISO 9001)<br \/>\n\u27a0\u00a0<strong>Bloc-tiroir de base<\/strong>\u00a0\u27a0\u00a0<strong>TwenTower\u00ae classic<\/strong><\/p>\n<p style=\"font-weight: 400;\"><strong>Livraison :<\/strong>\u00a0gratuit en Allemagne<\/p>\n<p style=\"font-weight: 400;\"><strong>Premier syst\u00e8me de stockage de t\u00f4les \u00e0 tiroirs<\/strong>\u00a0pour les\u00a0<strong>sans bois<\/strong>\u00a0Stockage\u00a0<strong>complet<\/strong>\u00a0Paquets de t\u00f4les,\u00a0<strong>au lieu de<\/strong>\u00a0T\u00f4le par t\u00f4le<br \/>\n- une <strong>storemaster\u00ae LE SYST\u00c8ME<\/strong>-innovation de la\u00a0<strong>Ann\u00e9es 1996<\/strong>\u00a0avec\u00a0<strong>20 ans de garantie<\/strong>\u00a0(conforme \u00e0 la norme DIN EN ISO 9001)<\/p>\n<p style=\"font-weight: 400;\"><strong>storemaster\u00ae LE SYST\u00c8ME<\/strong>\u00a0<strong>Position unique<\/strong>-Caract\u00e9ristiques :<br \/>\n\u27a0\u00a0<strong>automatique<\/strong>\u00a0les dispositifs de s\u00e9curit\u00e9 \u00e0 action directe conform\u00e9ment \u00e0\u00a0<strong>UVV<\/strong><br \/>\n\u27a0\u00a0<strong>sans<\/strong>\u00a0Non-conformit\u00e9 aux r\u00e8gles de pr\u00e9vention des accidents\u00a0<strong>manuel<\/strong>\u00a0Dispositifs de blocage<br \/>\n\u27a0\u00a0<strong>S\u00e9curit\u00e9 anti-chute des tiroirs brevet\u00e9e<\/strong><br \/>\n\u27a0 parois coulissantes escamotables\u00a0<strong>sous charge sans contact avec le sol <\/strong>pr\u00e9serve les sols vitrifi\u00e9s et les rev\u00eatements de surface<br \/>\n\u27a0 convient pour les\u00a0<strong>Installation sur des planchers inclin\u00e9s <\/strong>et\u00a0<strong>toutes conditions de sol<\/strong><br \/>\n\u27a0 Mise en place\u00a0<strong>sans fondation<\/strong>\u00a0par des r\u00e9partiteurs de charge \u00e0 pied<br \/>\n\u27a0 Accessoires fonctionnels, y compris : marchepied roulant storeboy et crochet de manutention pour une utilisation ergonomique \u00e0 n'importe quelle hauteur, ainsi que des ancrages composites pour une fixation n\u00e9cessaire et r\u00e9sistante \u00e0 la traction de l'appareil au sol du hall.<\/p>","protected":false},"featured_media":18079003,"template":"","meta":{"_acf_changed":false,"_et_pb_use_builder":"","_et_pb_old_content":"","_et_gb_content_width":""},"product_brand":[],"product_cat":[817,2179],"product_tag":[1657,1656],"class_list":{"0":"post-18079002","1":"product","2":"type-product","3":"status-publish","4":"has-post-thumbnail","6":"product_cat-blechlager","7":"product_cat-schubladenregale","8":"product_tag-elektrifizierbar","9":"product_tag-storekeeper-kompatibel","10":"handling-schubladen","11":"handling-systempaletten-im-wechselsystem","13":"first","14":"instock","15":"taxable","16":"shipping-taxable","17":"purchasable","18":"product-type-variable","19":"wvs-archive-product-wrapper"},"exclude_global_add_ons":false,"addons":[{"name":"Composants syst\u00e8me en option","type":"heading","position":0,"required":false,"title_format":"label","default":"","description_enable":true,"description":"Veuillez faire votre choix parmi les possibilit\u00e9s indiqu\u00e9es. Le prix du syst\u00e8me sera automatiquement ajust\u00e9. <b>(*Informations obligatoires)<\/b>","placeholder_enable":false,"placeholder":"","display":"select","restrictions_type":"any_text","adjust_price":false,"price":"","price_type":"flat_fee","restrictions":false,"min":"0","max":"0","options":[],"id":1733313593},{"name":"selected_pa_nombre_de_tiroirs","type":"custom_text","position":1,"required":false,"title_format":"hide","default":"","description_enable":false,"description":"","placeholder_enable":false,"placeholder":"","display":"select","restrictions_type":"any_text","adjust_price":false,"price":"","price_type":"flat_fee","restrictions":false,"min":"0","max":"0","options":[],"id":1746438510},{"name":"OverheadTop Bloc de r\u00e9daction","type":"multiple_choice","position":2,"required":true,"title_format":"heading","default":"0","description_enable":true,"description":"<img src=\"https:\/\/storemaster.de\/wp-content\/uploads\/TT_Aufsatz-ohne-Rollen.jpg\" alt=\"MasterTower-Basisblock\" width=\"300\" \/>","placeholder_enable":false,"placeholder":"","display":"radiobutton","restrictions_type":"any_text","adjust_price":false,"price":"","price_type":"flat_fee","restrictions":false,"min":"0","max":"0","options":[{"label":"Lagerung auf Holzpaletten mit 3 Kragb\u00fcgel- und 2 Fix-Lagerebenen \u00e0 3t Tragkraft f\u00fcr wahlweise vorder- und r\u00fcckseitige Staplerbedienung, System-Bauh\u00f6he 4.100mm","price":"4069","price_type":"quantity_based","image":0,"visibility":true},{"label":"Lagerung in 8 superflat Blechlager-System-Einschubpaletten mit 100 mm F\u00fcllh\u00f6he, Fachraster 200 mm mit dem weltweit einzigen Einlagerungs-Komfort-Patent >Drop & Push&lt; und der Sicherheits-Winkel-auf-Winkel-F\u00fchrung (Arbeitssicherheit nach den international g\u00fcltigen Standards) zur wahlweisen vorder- oder r\u00fcckseitigen Stapler-Bedienung, System-Bauh\u00f6he 4.100mm bei 3.900mm Staplerhub.","price":"12463","price_type":"quantity_based","image":0,"visibility":true}],"id":1733313594},{"name":"OverheadTop Bloc de r\u00e9daction","type":"multiple_choice","position":3,"required":true,"title_format":"heading","default":"0","description_enable":true,"description":"<img src=\"https:\/\/storemaster.de\/wp-content\/uploads\/TT_Aufsatz-ohne-Rollen.jpg\" alt=\"MasterTower-Basisblock\" width=\"300\" \/>","placeholder_enable":false,"placeholder":"","display":"radiobutton","restrictions_type":"any_text","adjust_price":false,"price":"","price_type":"flat_fee","restrictions":false,"min":"0","max":"0","options":[{"label":"Lagerung auf Holzpaletten mit 3 Kragb\u00fcgel- und 2 Fix-Lagerebenen \u00e0 3t Tragkraft f\u00fcr wahlweise vorder- und r\u00fcckseitige Staplerbedienung, System-Bauh\u00f6he 3.650mm","price":"4069","price_type":"quantity_based","image":0,"visibility":true},{"label":"Lagerung in 8 superflat Blechlager-System-Einschubpaletten mit 100 mm F\u00fcllh\u00f6he, Fachraster 200 mm mit dem weltweit einzigen Einlagerungs-Komfort-Patent >Drop & Push&lt; und der Sicherheits-Winkel-auf-Winkel-F\u00fchrung (Arbeitssicherheit nach den international g\u00fcltigen Standards) zur wahlweisen vorder- oder r\u00fcckseitigen Stapler-Bedienung, System-Bauh\u00f6he 3.650mm bei 3.450mm Staplerhub.","price":"12463","price_type":"quantity_based","image":0,"visibility":true}],"id":1746438850},{"name":"pick &amp; place Technique de grue int\u00e9gr\u00e9e au syst\u00e8me pour le pr\u00e9l\u00e8vement de t\u00f4les par une seule personne storemaster\u00ae-Innovation de l'ann\u00e9e 2000","type":"multiple_choice","position":4,"required":true,"title_format":"label","default":"1","description_enable":true,"description":"<img src=\"https:\/\/storemaster.de\/wp-content\/uploads\/2022\/04\/SimLab_51.jpg\" alt=\"MasterTower-TowerCrane\" width=\"300\" \/>","placeholder_enable":false,"placeholder":"","display":"radiobutton","restrictions_type":"any_text","adjust_price":false,"price":"","price_type":"flat_fee","restrictions":false,"min":"0","max":"0","options":[{"label":"Ohne","price":"","price_type":"quantity_based","image":0,"visibility":true},{"label":"St\u00e4nderwerk konstruktiv, statisch, anschluss-technisch und funktionell pr\u00e4pariert f\u00fcr die TowerCrane-Installation, Schwenkkran in Leichtbauweise, system-integriert (Fundament entf\u00e4llt), links und rechts installierbar und versetzbar, Aktionsradius 6m bei Aktionsbereich 225\u00b0, incl. Krans\u00e4ule, Elektro-Kettenzug und kompl. Elektro-Installation am Turm, zul. Hakenlast 500 kg, Schwenken und Fahrwerk manuell (optional voll-elektrisch), Kran-Abnahme incl.","price":"10836","price_type":"quantity_based","image":0,"visibility":true}],"id":1733313595},{"name":"HandlingMaster pour le transfert de t\u00f4le","type":"multiple_choice","position":5,"required":true,"title_format":"heading","default":"1","description_enable":true,"description":"<img src=\"https:\/\/storemaster.de\/wp-content\/uploads\/2022\/04\/HandlingMaster_3.jpg\" alt=\"HandlingMaster\" width=\"300\" \/>","placeholder_enable":false,"placeholder":"","display":"radiobutton","restrictions_type":"any_text","adjust_price":false,"price":"","price_type":"flat_fee","restrictions":false,"min":"0","max":"0","options":[{"label":"Ohne","price":"","price_type":"quantity_based","image":0,"visibility":true},{"label":"Blechmanipulator Komfort-Ausf\u00fchrung, Tragkraft 750 kg, Eigengewicht 136 kg (opt. 2.000 kg an externem Kran), Niedrig-Bauh\u00f6he 350 mm f\u00fcr die Bedienung einer max. Anzahl von Schubladen, spezielle Ergonomie-Ausf\u00fchrung mit Handling-Sonderfunktionen f\u00fcr den spez. ergonom. Einsatz an Systemen mit integrierter Krantechnik mit folgenden Komfort-Bedienungselementen:(s. Alleinstellungsmerkmale HandlingMaster) Multifunktions-Tableau f\u00fcr alle Funktionen am Daumentaster-Bedienungsb\u00fcgel, abwinkelbar von 0-180 Grad im 15\u00b0 Raster mit elektr. Entriegelung, teleskopierbar spez. f\u00fcr den ergonom. Zugriff auf 2.200 mm H\u00f6he aus dem Stand; Doppelblech-Trenneinrichtung (DBGM) zur Aufhebung der Adh\u00e4sion gem\u00e4\u00df UVV, justierbarer Gewichtsausgleich, Kettenzug-Steuerung u. Energiezufuhr mittels abri\u00df-sicherem Spiralkabel, Lastkette innerhalb des Spiralkabels; incl. sep. H\u00e4ngetaster f\u00fcr den Einsatz von Hubmagneten mit einer Hubkraft von 500 kg am Kettenzug (Eigengewicht 36 kg). Optional Einsatz am Hallenkran mit Komplett-Sch\u00fctz-Steuerung \u00fcber den HandlingMaster","price":"9791","price_type":"flat_fee","image":0,"visibility":true}],"id":1733313596},{"name":"Joint de tiroir","type":"input_multiplier","position":6,"required":false,"title_format":"heading","default":"","description_enable":true,"description":"contre la rouille volante de l'acier de construction en cas de traitement local de l'acier et de l'acier inoxydable, suppl\u00e9ment de prix par tiroir. Veuillez indiquer le nombre de tiroirs par \u00e9tag\u00e8re.","placeholder_enable":false,"placeholder":"","display":"select","restrictions_type":"any_text","adjust_price":true,"price":"420","price_type":"quantity_based","restrictions":false,"min":"0","max":"0","options":[],"id":1733313597},{"name":"Fermeture des tiroirs","type":"input_multiplier","position":7,"required":false,"title_format":"heading","default":"","description_enable":true,"description":"s\u00e9curis\u00e9 contre les acc\u00e8s non autoris\u00e9s, tiroir verrouillable individuellement, suppl\u00e9ment de prix par tiroir. Veuillez indiquer le nombre de tiroirs par \u00e9tag\u00e8re.","placeholder_enable":false,"placeholder":"","display":"select","restrictions_type":"any_text","adjust_price":true,"price":"390","price_type":"quantity_based","restrictions":false,"min":"0","max":"0","options":[],"id":1733313598},{"name":"Perforation des tiroirs","type":"input_multiplier","position":8,"required":false,"title_format":"heading","default":"","description_enable":true,"description":"pour le stockage de mat\u00e9riel tri\u00e9, suppl\u00e9ment par tiroir. Veuillez indiquer le nombre de tiroirs par \u00e9tag\u00e8re.","placeholder_enable":false,"placeholder":"","display":"select","restrictions_type":"any_text","adjust_price":true,"price":"310","price_type":"quantity_based","restrictions":false,"min":"0","max":"0","options":[],"id":1733313599},{"name":"Goujon de subdivision de compartiment \u00d8 20 x hauteur utile, galvanis\u00e9","type":"input_multiplier","position":9,"required":false,"title_format":"heading","default":"","description_enable":true,"description":"Veuillez indiquer le nombre de goujons par \u00e9tag\u00e8re","placeholder_enable":false,"placeholder":"","display":"select","restrictions_type":"any_text","adjust_price":true,"price":"10","price_type":"quantity_based","restrictions":false,"min":"0","max":"0","options":[],"id":1733313600},{"name":"Stockage de paquets de t\u00f4les \u00e0 l'aide du d\u00e9palettiseur PalEx","type":"heading","position":10,"required":false,"title_format":"label","default":"","description_enable":true,"description":"<video src=\"https:\/\/storemaster.de\/wp-content\/uploads\/storemaster-PalEx-TT-Einlagern_1_5_fach.mp4\" controls=\"\"><\/video>","placeholder_enable":false,"placeholder":"","display":"select","restrictions_type":"any_text","adjust_price":false,"price":"","price_type":"flat_fee","restrictions":false,"min":"0","max":"0","options":[],"id":1737418177},{"name":"format_de_t\u00f4le_s\u00e9lectionn\u00e9_en_m","type":"custom_text","position":11,"required":false,"title_format":"hide","default":"","description_enable":false,"description":"","placeholder_enable":false,"placeholder":"","display":"select","restrictions_type":"any_text","adjust_price":false,"price":"","price_type":"flat_fee","restrictions":false,"min":"0","max":"0","options":[],"id":1767691046},{"name":"PalEx\u00ae classic - Entpalettierer und Kassetten-Belader","type":"heading","position":12,"required":false,"title_format":"label","default":"","description_enable":true,"description":"<img src=\"https:\/\/storemaster.de\/wp-content\/uploads\/2024\/11\/PalEx-1-1.jpg\" alt=\"PalEx\" width=\"300\" \/>\r\nVerf\u00fcgbar f\u00fcr Blechformate von 2,0x1,0m bis 6,0x2,0m \r\n(Kann bei Auswahl der entsprechenden Konfiguration hinzugef\u00fcgt werden)\r\nAbgestimmt auf das ausgew\u00e4hlte Blechformat der Regalanlage.\r\nMit 8 Hubstempeln bis 3,0x1,5m\r\nMit 12 Hubstempeln bei 4,0x2,0m\r\nMit 16 Hubstempeln ab 6,0x1,5m","placeholder_enable":false,"placeholder":"","display":"select","restrictions_type":"any_text","adjust_price":false,"price":"","price_type":"flat_fee","restrictions":false,"min":"0","max":"0","options":[],"id":1767695808},{"name":"PalEx\u00ae classic - D\u00e9palettiseur et chargeur de cassettes jusqu'\u00e0 3,0x1,5m","type":"input_multiplier","position":13,"required":false,"title_format":"heading","default":"","description_enable":true,"description":"<img src=\"https:\/\/storemaster.de\/wp-content\/uploads\/2024\/11\/PalEx-1-1.jpg\" alt=\"PalEx\" width=\"300\" \/>\r\nPour la manutention de t\u00f4les jusqu'\u00e0 3,0x1,5m\r\ny compris 8 poin\u00e7ons de levage","placeholder_enable":false,"placeholder":"","display":"select","restrictions_type":"any_text","adjust_price":true,"price":"2650","price_type":"quantity_based","restrictions":false,"min":"0","max":"0","options":[],"id":1767695809},{"name":"PalEx\u00ae classic - D\u00e9palettiseur et chargeur de cassettes jusqu'\u00e0 4,0x2,0m","type":"input_multiplier","position":14,"required":false,"title_format":"heading","default":"","description_enable":true,"description":"<img src=\"https:\/\/storemaster.de\/wp-content\/uploads\/2024\/11\/PalEx-1-1.jpg\" alt=\"PalEx\" width=\"300\" \/>\r\nPour la manipulation de formats de t\u00f4le jusqu'\u00e0 4,0x2,0m\r\ny compris 12 poin\u00e7ons de levage","placeholder_enable":false,"placeholder":"","display":"select","restrictions_type":"any_text","adjust_price":true,"price":"3020","price_type":"quantity_based","restrictions":false,"min":"0","max":"0","options":[],"id":1767695810},{"name":"PalEx\u00ae classic - Entpalettierer und Kassetten-Belader bis 6,0x2,0m","type":"input_multiplier","position":15,"required":false,"title_format":"heading","default":"","description_enable":true,"description":"<img src=\"https:\/\/storemaster.de\/wp-content\/uploads\/2024\/11\/PalEx-1-1.jpg\" alt=\"PalEx\" width=\"300\" \/>\r\nF\u00fcr das Handling von Blechformaten bis 6,0x2,0m\r\nSet bestehend aus 2 PalEx\u00ae 3,0x1,5m\r\ninkl. 16 Hubstempel","placeholder_enable":false,"placeholder":"","display":"select","restrictions_type":"any_text","adjust_price":true,"price":"5300","price_type":"quantity_based","restrictions":false,"min":"0","max":"0","options":[],"id":1767695811},{"name":"LoadingBeam - Ladetraverse","type":"heading","position":16,"required":false,"title_format":"label","default":"","description_enable":true,"description":"<img src=\"https:\/\/storemaster.de\/wp-content\/uploads\/2024\/11\/Balkentraverse-7.png\" alt=\"LoadingBeam\" width=\"300\" \/>\r\nVerf\u00fcgbar f\u00fcr Blechformate von 2,0x1,0m bis 4,0x2,0m \r\n(Kann bei Auswahl der entsprechenden Konfiguration hinzugef\u00fcgt werden)\r\nAbgestimmt auf das ausgew\u00e4hlte Blechformat der Regalanlage.\r\nLadetraverse inkl. 3 Lastgurte in entsprechender L\u00e4nge","placeholder_enable":false,"placeholder":"","display":"select","restrictions_type":"any_text","adjust_price":false,"price":"","price_type":"flat_fee","restrictions":false,"min":"0","max":"0","options":[],"id":1767696308},{"name":"LoadingBeam - Ladetraverse bis 2,0x1,0m","type":"input_multiplier","position":17,"required":false,"title_format":"heading","default":"","description_enable":true,"description":"<img src=\"https:\/\/storemaster.de\/wp-content\/uploads\/2024\/11\/Balkentraverse-7.png\" alt=\"LoadingBeam\" width=\"300\" \/>\r\nF\u00fcr das Handling von Blechformaten bis 2,0x1,0m\r\nArbeitsbreite: 1750 mm\r\nBeladetraverse inkl. 3 Lastgurte","placeholder_enable":false,"placeholder":"","display":"select","restrictions_type":"any_text","adjust_price":true,"price":"4986","price_type":"quantity_based","restrictions":false,"min":"0","max":"0","options":[],"id":1767696309},{"name":"LoadingBeam - Ladetraverse bis 2,5x1,25m","type":"input_multiplier","position":18,"required":false,"title_format":"heading","default":"","description_enable":true,"description":"<img src=\"https:\/\/storemaster.de\/wp-content\/uploads\/2024\/11\/Balkentraverse-7.png\" alt=\"LoadingBeam\" width=\"300\" \/>\r\nF\u00fcr das Handling von Blechformaten bis 2,5x1,25m\r\nArbeitsbreite: 2250 mm\r\nBeladetraverse inkl. 3 Lastgurte","placeholder_enable":false,"placeholder":"","display":"select","restrictions_type":"any_text","adjust_price":true,"price":"5117","price_type":"quantity_based","restrictions":false,"min":"0","max":"0","options":[],"id":1767696310},{"name":"LoadingBeam - Ladetraverse bis 3,0x1,5m","type":"input_multiplier","position":19,"required":false,"title_format":"heading","default":"","description_enable":true,"description":"<img src=\"https:\/\/storemaster.de\/wp-content\/uploads\/2024\/11\/Balkentraverse-7.png\" alt=\"LoadingBeam\" width=\"300\" \/>\r\nF\u00fcr das Handling von Blechformaten bis 3,0x1,5m\r\nArbeitsbreite: 2750 mm\r\nBeladetraverse inkl. 3 Lastgurte","placeholder_enable":false,"placeholder":"","display":"select","restrictions_type":"any_text","adjust_price":true,"price":"5625","price_type":"quantity_based","restrictions":false,"min":"0","max":"0","options":[],"id":1767696311},{"name":"LoadingBeam - Ladetraverse bis 4,0x2,0m","type":"input_multiplier","position":20,"required":false,"title_format":"heading","default":"","description_enable":true,"description":"<img src=\"https:\/\/storemaster.de\/wp-content\/uploads\/2024\/11\/Balkentraverse-7.png\" alt=\"LoadingBeam\" width=\"300\" \/>\r\nF\u00fcr das Handling von Blechformaten bis 4,0x2,0m\r\nArbeitsbreite: 3750 mm\r\nBeladetraverse inkl. 3 Lastgurte","placeholder_enable":false,"placeholder":"","display":"select","restrictions_type":"any_text","adjust_price":true,"price":"5736","price_type":"quantity_based","restrictions":false,"min":"0","max":"0","options":[],"id":1767696312},{"name":"Marchepied roulant (gratuit)","type":"heading","position":0,"required":false,"title_format":"label","default":"","description_enable":true,"description":"<p>storeboy\u00ae pour faciliter l'acc\u00e8s (un par \u00e9tag\u00e8re)<\/p>\r\n<p><img src=\"https:\/\/storemaster.de\/wp-content\/uploads\/storeboy_Rollhocker.png\" alt=\"storeboy\u00ae\" width=\"300\" \/><\/p>","placeholder_enable":false,"placeholder":"","display":"select","restrictions_type":"any_text","adjust_price":false,"price":"","price_type":"flat_fee","restrictions":false,"min":"0","max":"0","options":[],"id":1773668642}],"acf":[],"_links":{"self":[{"href":"https:\/\/storemaster.de\/fr\/wp-json\/wp\/v2\/product\/18079002","targetHints":{"allow":["GET"]}}],"collection":[{"href":"https:\/\/storemaster.de\/fr\/wp-json\/wp\/v2\/product"}],"about":[{"href":"https:\/\/storemaster.de\/fr\/wp-json\/wp\/v2\/types\/product"}],"wp:featuredmedia":[{"embeddable":true,"href":"https:\/\/storemaster.de\/fr\/wp-json\/wp\/v2\/media\/18079003"}],"wp:attachment":[{"href":"https:\/\/storemaster.de\/fr\/wp-json\/wp\/v2\/media?parent=18079002"}],"wp:term":[{"taxonomy":"product_brand","embeddable":true,"href":"https:\/\/storemaster.de\/fr\/wp-json\/wp\/v2\/product_brand?post=18079002"},{"taxonomy":"product_cat","embeddable":true,"href":"https:\/\/storemaster.de\/fr\/wp-json\/wp\/v2\/product_cat?post=18079002"},{"taxonomy":"product_tag","embeddable":true,"href":"https:\/\/storemaster.de\/fr\/wp-json\/wp\/v2\/product_tag?post=18079002"}],"curies":[{"name":"wp","href":"https:\/\/api.w.org\/{rel}","templated":true}]}}