{"id":18078957,"date":"2021-09-14T12:38:46","date_gmt":"2021-09-14T10:38:46","guid":{"rendered":"https:\/\/storemaster.de\/shop\/unkategorisiert\/simplissimo\/"},"modified":"2026-04-08T14:41:09","modified_gmt":"2026-04-08T12:41:09","slug":"simplissimo-2","status":"publish","type":"product","link":"https:\/\/storemaster.de\/fr\/shop\/langgutlager\/simplissimo\/","title":{"rendered":"ArmStrong\u00ae simplissimo\u00ae Stockage de produits longs"},"content":{"rendered":"<h2 style=\"color: #e00000;\">Simplissimo\u00ae : la solution<\/h2>\n<p>L'invention pouss\u00e9e plus loin : pivotement vers l'ext\u00e9rieur pour la commande de la grue, maintenant aussi pour les mat\u00e9riaux l\u00e9gers jusqu'\u00e0 2.000kg.<\/p>\n<p>Les niveaux de stockage sont pivot\u00e9s en quelques secondes et avec une facilit\u00e9 d\u00e9concertante, et sont \u00e0 la disposition de l'utilisateur pour une utilisation par grue ou \u00e0 la main.<br \/>\nAvec peu d'effort et sans dispositif de commande suppl\u00e9mentaire, le Simplissimo est id\u00e9al pour tous les produits longs.<\/p>\n<p>Que vous stockiez des barres individuelles ou des bobines enti\u00e8res de barres, de profil\u00e9s ou de tubes. Les arbres, les rouleaux, les axes, les m\u00e2ts, les caisses et les bandes de t\u00f4le de n'importe quelle longueur ne constituent pas non plus un obstacle. Avec les accessoires appropri\u00e9s, vous pouvez \u00e9galement stocker des longueurs r\u00e9siduelles, des outils lourds, des flans circulaires, des composants de machines ou des pi\u00e8ces lourdes.<\/p>\n<p>De nombreuses extensions et personnalisations compl\u00e8tent le syst\u00e8me.<br \/>\nLa solution optimale pour chaque application.<\/p>\n<ul>\n<li>Fonctionnement avec une force de traction minimale \u00e0 la main<\/li>\n<li>acc\u00e8s manuel pour une densit\u00e9 de stockage maximale<\/li>\n<li>r\u00e9partition au choix de la hauteur des casiers \u00e0 partir de 100 mm+x*75 mm embo\u00eetable sur la hauteur totale de 2.100 mm<\/li>\n<li>Profondeurs utiles optimales de 500\/750\/1000 mm divisibles par pas de 50:50 mm<\/li>\n<li>acc\u00e8s vertical libre aux marchandises stock\u00e9es et donc possibilit\u00e9 de les gruter<\/li>\n<li>pr\u00e9l\u00e8vement longitudinal et frontal de barres individuelles<\/li>\n<li>simple face et double face<\/li>\n<li>Sens de pivotement \u00e0 gauche ou \u00e0 droite<\/li>\n<li>Stockage des longueurs restantes dans des bacs \u00e0 mat\u00e9riaux<\/li>\n<\/ul>","protected":false},"excerpt":{"rendered":"<p>Acc\u00e8s aux mat\u00e9riaux par grue et manuellement en cas de densit\u00e9 de stockage extr\u00eamement \u00e9lev\u00e9e Syst\u00e8me universel flexible pour des charges par plateau jusqu'\u00e0 2 000 kg - tr\u00e8s facile \u00e0 utiliser<br \/>\nLongueurs de stockage de 2 \u00e0 18 m<\/p>\n<p><strong>Livraison :<\/strong> Frais de port en Allemagne, pr\u00eat \u00e0 l'emploi mont\u00e9 en bloc<\/p>","protected":false},"featured_media":18078958,"template":"","meta":{"_acf_changed":false,"_et_pb_use_builder":"","_et_pb_old_content":"","_et_gb_content_width":""},"product_brand":[],"product_cat":[1404,2178],"product_tag":[],"class_list":{"0":"post-18078957","1":"product","2":"type-product","3":"status-publish","4":"has-post-thumbnail","6":"product_cat-langgutlager","7":"product_cat-schwenkarmregale","8":"handling-per-kran","10":"first","11":"instock","12":"taxable","13":"shipping-taxable","14":"purchasable","15":"product-type-variable","16":"wvs-archive-product-wrapper"},"exclude_global_add_ons":false,"addons":[{"name":"S\u00e9lection de combinaisons de hauteurs utiles","type":"multiple_choice","position":0,"required":false,"title_format":"label","default":"","description_enable":false,"description":"","placeholder_enable":false,"placeholder":"","display":"select","restrictions_type":"any_text","adjust_price":false,"price":"","price_type":"flat_fee","restrictions":false,"min":"0","max":"0","options":[{"label":"4 Schwenkebenen | 4 x 475 mm Nutzh\u00f6he","price":"","price_type":"flat_fee","image":0,"visibility":true},{"label":"5 Schwenkebenen | 2 x 400 + 3 x 325 mm Nutzh\u00f6he","price":"","price_type":"flat_fee","image":0,"visibility":true},{"label":"5 Schwenkebenen | 4 x 400 + 1 x 175 mm Nutzh\u00f6he","price":"","price_type":"flat_fee","image":0,"visibility":true},{"label":"6 Schwenkebenen | 2 x 325 + 4 x 250 mm Nutzh\u00f6he","price":"","price_type":"flat_fee","image":0,"visibility":false},{"label":"6 Schwenkebenen | 4 x 325 + 2 x 175 mm Nutzh\u00f6he","price":"","price_type":"flat_fee","image":0,"visibility":true},{"label":"7 Schwenkebenen | 3 x 325 + 1 x 250 + 3 x 100 mm Nutzh\u00f6he","price":"","price_type":"flat_fee","image":0,"visibility":true},{"label":"7 Schwenkebenen | 4 x 250 + 3 x 175 mm Nutzh\u00f6he","price":"","price_type":"flat_fee","image":0,"visibility":true},{"label":"7 Schwenkebenen | 5 x 250 + 1 x 175 + 1 x 100 mm Nutzh\u00f6he","price":"","price_type":"flat_fee","image":0,"visibility":true},{"label":"8 Schwenkebenen | 4 x 250 + 4 x 100 mm Nutzh\u00f6he","price":"","price_type":"flat_fee","image":0,"visibility":true},{"label":"8 Schwenkebenen | 7 x 175 + 1 x 125 mm Nutzh\u00f6he","price":"","price_type":"flat_fee","image":0,"visibility":true},{"label":"9 Schwenkebenen | 5 x 175 + 4 x 100 mm Nutzh\u00f6he","price":"","price_type":"flat_fee","image":0,"visibility":true},{"label":"10 Schwenkebenen | 2 x 175 + 8 x 100 mm Nutzh\u00f6he","price":"","price_type":"flat_fee","image":0,"visibility":true},{"label":"10 Schwenkebenen | 1 x 250 + 9 x 100 mm Nutzh\u00f6he","price":"","price_type":"flat_fee","image":0,"visibility":true}],"id":1759853019},{"name":"Simplissimo\u00ae - Confort de stockage","type":"heading","position":1,"required":false,"title_format":"label","default":"","description_enable":true,"description":"Chargement sans effort des diff\u00e9rents niveaux de rayonnage avec des produits longs en faisant pivoter le niveau requis en quelques secondes.\r\n\r\n<video style=\"max-width: 1024px\" src=\"https:\/\/storemaster.de\/wp-content\/uploads\/einlagerung_mit_armstrong_swingout.mp4\" poster=\"https:\/\/storemaster.de\/wp-content\/uploads\/einlagerung_swingout_einlagerung.jpg\" preload=\"metadata\" controls=\"controls\" width=\"100%\" height=\"auto\">Votre navigateur ne prend pas en charge la balise vid\u00e9o.<\/video>","placeholder_enable":false,"placeholder":"","display":"select","restrictions_type":"any_text","adjust_price":false,"price":"","price_type":"flat_fee","restrictions":false,"min":"0","max":"0","options":[],"id":1740991622},{"name":"Composants syst\u00e8me en option","type":"heading","position":2,"required":false,"title_format":"label","default":"","description_enable":true,"description":"Veuillez faire votre choix parmi les possibilit\u00e9s indiqu\u00e9es. Le prix du syst\u00e8me sera automatiquement ajust\u00e9.","placeholder_enable":false,"placeholder":"","display":"select","restrictions_type":"any_text","adjust_price":false,"price":"","price_type":"flat_fee","restrictions":false,"min":"0","max":"0","options":[],"id":1732200900},{"name":"Nombre de s\u00e9parateurs par \u00e9tag\u00e8re","type":"input_multiplier","position":3,"required":false,"title_format":"label","default":"","description_enable":true,"description":"<span style=\"font-style: normal\">Boulons enfichables pour les supports de tablettes et les entretoises de bacs \u00e0 mat\u00e9riaux \u00d8 20 mm pour diviser la profondeur des tablettes au pas de 75 mm.<\/span>","placeholder_enable":false,"placeholder":"","display":"select","restrictions_type":"any_text","adjust_price":true,"price":"15","price_type":"quantity_based","restrictions":false,"min":"0","max":"0","options":[],"id":1732200901},{"name":"Nombre de bacs \u00e0 mat\u00e9riaux pour les longueurs courtes et r\u00e9siduelles par \u00e9tag\u00e8re","type":"input_multiplier","position":4,"required":false,"title_format":"label","default":"","description_enable":true,"description":"<span style=\"font-style: normal\">Profondeur utile divisible par des entretoises et des goujons de 75 : 75 mm, subdivision en continu de la longueur du bac, avec protection des bords, galvanis\u00e9, longueur de bac 2.000\/2.500 mm (distance entre montants + 500 mm), hauteur de bac 80 mm, y compris 4 entretoises et 20 goujons pour la subdivision individuelle des casiers.<\/span>","placeholder_enable":false,"placeholder":"","display":"select","restrictions_type":"any_text","adjust_price":true,"price":"1275","price_type":"quantity_based","restrictions":false,"min":"0","max":"0","options":[],"id":1732200902},{"name":"Nombre de niveaux de stockage en porte-\u00e0-faux dans la zone sup\u00e9rieure par rayonnage","type":"input_multiplier","position":5,"required":false,"title_format":"label","default":"","description_enable":true,"description":"<span style=\"font-style: normal\">Au-dessus des niveaux de pivotement pour la commande par chariot \u00e9l\u00e9vateur, non pivotant, r\u00e9glable en hauteur au pas de 75 : 75 mm, \u00e0 n'importe quelle hauteur totale de rayonnage. Le niveau de t\u00eate grutable est supprim\u00e9 si cette option est s\u00e9lectionn\u00e9e.<\/span>","placeholder_enable":false,"placeholder":"","display":"select","restrictions_type":"any_text","adjust_price":true,"price":"353","price_type":"quantity_based","restrictions":true,"min":"0","max":"5","options":[],"id":1732200903},{"name":"selected_pa_longueur_du_mat\u00e9riel","type":"custom_text","position":6,"required":false,"title_format":"hide","default":"","description_enable":false,"description":"","placeholder_enable":false,"placeholder":"","display":"select","restrictions_type":"any_text","adjust_price":false,"price":"","price_type":"flat_fee","restrictions":false,"min":"0","max":"0","options":[],"id":1775658636},{"name":"Flexibolo\u00ae LG - Langgut-Transportwagen","type":"heading","position":7,"required":false,"title_format":"label","default":"","description_enable":true,"description":"<img src=\"https:\/\/storemaster.de\/wp-content\/uploads\/FlexiboloLG.png\" alt=\"FlexiboloLG\" width=\"300\" \/>\r\nVerf\u00fcgbar f\u00fcr Materiall\u00e4ngen von 3.000 bis 6.000 mm\r\n(Kann bei Auswahl der entsprechenden Konfiguration hinzugef\u00fcgt werden)\r\nAbgestimmt auf die ausgew\u00e4hlte Materiall\u00e4nge der Regalanlage.","placeholder_enable":false,"placeholder":"","display":"select","restrictions_type":"any_text","adjust_price":false,"price":"","price_type":"flat_fee","restrictions":false,"min":"0","max":"0","options":[],"id":1775658637},{"name":"Flexibolo\u00ae LG - Langgut-Transportwagen f\u00fcr 3.000 mm","type":"multiple_choice","position":8,"required":true,"title_format":"label","default":"0","description_enable":true,"description":"<img src=\"https:\/\/storemaster.de\/wp-content\/uploads\/FlexiboloLG.png\" alt=\"FlexiboloLG\" width=\"300\" \/>","placeholder_enable":false,"placeholder":"","display":"select","restrictions_type":"any_text","adjust_price":false,"price":"","price_type":"flat_fee","restrictions":false,"min":"0","max":"0","options":[{"label":"ohne","price":"","price_type":"flat_fee","image":0,"visibility":true},{"label":"Langgut-Transportwagen f\u00fcr eine Materiall\u00e4nge von 3.000 mm","price":"4875","price_type":"flat_fee","image":0,"visibility":true}],"id":1775658767},{"name":"Flexibolo\u00ae LG - Langgut-Transportwagen f\u00fcr 6.000 mm","type":"multiple_choice","position":9,"required":true,"title_format":"label","default":"0","description_enable":true,"description":"<img src=\"https:\/\/storemaster.de\/wp-content\/uploads\/FlexiboloLG.png\" alt=\"FlexiboloLG\" width=\"300\" \/>","placeholder_enable":false,"placeholder":"","display":"select","restrictions_type":"any_text","adjust_price":false,"price":"","price_type":"flat_fee","restrictions":false,"min":"0","max":"0","options":[{"label":"ohne","price":"","price_type":"flat_fee","image":0,"visibility":true},{"label":"Langgut-Transportwagen f\u00fcr eine Materiall\u00e4nge von 6.000 mm","price":"5828","price_type":"flat_fee","image":0,"visibility":true}],"id":1775658884},{"name":"Barre d'attelage pour le FlexiBolo\u00aeLG","type":"multiple_choice","position":10,"required":true,"title_format":"label","default":"0","description_enable":true,"description":"<img src=\"https:\/\/storemaster.de\/wp-content\/uploads\/Zugdeichsel.jpg\" alt=\"Zugdeichsel\" width=\"300\" \/>","placeholder_enable":false,"placeholder":"","display":"select","restrictions_type":"any_text","adjust_price":false,"price":"","price_type":"flat_fee","restrictions":false,"min":"0","max":"0","options":[{"label":"ohne","price":"","price_type":"flat_fee","image":0,"visibility":true},{"label":"mit Zugdeichsel 1.900 mm lang","price":"967","price_type":"flat_fee","image":0,"visibility":true}],"id":1775659055},{"name":"ManutentionPodestat","type":"multiple_choice","position":11,"required":true,"title_format":"heading","default":"0","description_enable":true,"description":"<img src=\"https:\/\/storemaster.de\/wp-content\/uploads\/2024\/11\/HandlingPodest-2.jpg\" alt=\"HandlingPodest\" width=\"300\" \/>","placeholder_enable":false,"placeholder":"","display":"select","restrictions_type":"any_text","adjust_price":false,"price":"","price_type":"flat_fee","restrictions":false,"min":"0","max":"0","options":[{"label":"ohne","price":"","price_type":"flat_fee","image":0,"visibility":true},{"label":"Anzahl Trittfl\u00e4chen (Stufen inkl. Podest): 2 | Standh\u00f6he: 0,48 m","price":"913","price_type":"flat_fee","image":0,"visibility":true},{"label":"Anzahl Trittfl\u00e4chen (Stufen inkl. Podest): 3 | Standh\u00f6he: 0,72 m","price":"1048","price_type":"flat_fee","image":0,"visibility":true},{"label":"Anzahl Trittfl\u00e4chen (Stufen inkl. Podest): 4 | Standh\u00f6he: 0,96 m","price":"1096","price_type":"flat_fee","image":0,"visibility":true},{"label":"Anzahl Trittfl\u00e4chen (Stufen inkl. Podest): 5 | Standh\u00f6he: 1,02 m","price":"1156","price_type":"flat_fee","image":0,"visibility":true},{"label":"Anzahl Trittfl\u00e4chen (Stufen inkl. Podest): 6 | Standh\u00f6he: 1,44 m","price":"1216","price_type":"flat_fee","image":0,"visibility":true},{"label":"Anzahl Trittfl\u00e4chen (Stufen inkl. Podest): 7 | Standh\u00f6he: 1,68 m","price":"1274","price_type":"flat_fee","image":0,"visibility":true},{"label":"Anzahl Trittfl\u00e4chen (Stufen inkl. Podest): 8 | Standh\u00f6he: 1,92 m","price":"1350","price_type":"flat_fee","image":0,"visibility":true}],"id":1775642885},{"name":"Marchepied roulant (gratuit)","type":"heading","position":0,"required":false,"title_format":"label","default":"","description_enable":true,"description":"<p>storeboy\u00ae pour faciliter l'acc\u00e8s (un par \u00e9tag\u00e8re)<\/p>\r\n<p><img src=\"https:\/\/storemaster.de\/wp-content\/uploads\/storeboy_Rollhocker.png\" alt=\"storeboy\u00ae\" width=\"300\" \/><\/p>","placeholder_enable":false,"placeholder":"","display":"select","restrictions_type":"any_text","adjust_price":false,"price":"","price_type":"flat_fee","restrictions":false,"min":"0","max":"0","options":[],"id":1773668642},{"name":"Crochet t\u00e9lescopique (gratuit)","type":"heading","position":0,"required":false,"title_format":"label","default":"","description_enable":true,"description":"<p>pour une utilisation ergonomique des niveaux de stockage pivotants (un par rayonnage)<\/p>\r\n<p><img src=\"https:\/\/storemaster.de\/wp-content\/uploads\/Telekophaken.jpg\" alt=\"Teleskophaken\" width=\"300\" \/><\/p>","placeholder_enable":false,"placeholder":"","display":"select","restrictions_type":"any_text","adjust_price":false,"price":"","price_type":"flat_fee","restrictions":false,"min":"0","max":"0","options":[],"id":1773663732}],"acf":[],"_links":{"self":[{"href":"https:\/\/storemaster.de\/fr\/wp-json\/wp\/v2\/product\/18078957","targetHints":{"allow":["GET"]}}],"collection":[{"href":"https:\/\/storemaster.de\/fr\/wp-json\/wp\/v2\/product"}],"about":[{"href":"https:\/\/storemaster.de\/fr\/wp-json\/wp\/v2\/types\/product"}],"wp:featuredmedia":[{"embeddable":true,"href":"https:\/\/storemaster.de\/fr\/wp-json\/wp\/v2\/media\/18078958"}],"wp:attachment":[{"href":"https:\/\/storemaster.de\/fr\/wp-json\/wp\/v2\/media?parent=18078957"}],"wp:term":[{"taxonomy":"product_brand","embeddable":true,"href":"https:\/\/storemaster.de\/fr\/wp-json\/wp\/v2\/product_brand?post=18078957"},{"taxonomy":"product_cat","embeddable":true,"href":"https:\/\/storemaster.de\/fr\/wp-json\/wp\/v2\/product_cat?post=18078957"},{"taxonomy":"product_tag","embeddable":true,"href":"https:\/\/storemaster.de\/fr\/wp-json\/wp\/v2\/product_tag?post=18078957"}],"curies":[{"name":"wp","href":"https:\/\/api.w.org\/{rel}","templated":true}]}}