{"id":18078938,"date":"2021-09-10T05:28:00","date_gmt":"2021-09-10T03:28:00","guid":{"rendered":"https:\/\/storemaster.de\/shop\/unkategorisiert\/armstrong-swingout\/"},"modified":"2026-04-08T13:51:53","modified_gmt":"2026-04-08T11:51:53","slug":"armstrong-swingout","status":"publish","type":"product","link":"https:\/\/storemaster.de\/fr\/shop\/langgutlager\/armstrong-swingout\/","title":{"rendered":"ArmStrong\u00ae swingout Stockage de produits longs"},"content":{"rendered":"<h2><span style=\"color: #e00000;\">ArmStrong\u00ae swingout<\/span> Stockage de charges longues lourdes pour le service de grue<\/h2>\n<p>Lors de l'\u00e9laboration de ce <strong>brevet\u00e9e<\/strong> syst\u00e8me de stockage et de manutention de produits longs pour les <strong>Utilisation de la grue<\/strong> a <strong><span style=\"color: #e02b20;\">storemaster\u00ae LE SYST\u00c8ME<\/span><\/strong> a \u00e9t\u00e9 particuli\u00e8rement attentif \u00e0 la conception d'un rayonnage pour produits longs qui soit le nec plus ultra en mati\u00e8re de s\u00e9curit\u00e9 du travail, de pr\u00e9vention des accidents, de manipulation, de flexibilit\u00e9, de r\u00e9sistance aux pannes et de dur\u00e9e de vie illimit\u00e9e, et qui se distingue par de nombreuses caract\u00e9ristiques uniques.<\/p>\n<ul>\n<li>utilisation ergonomique sans se pencher ni s'\u00e9tirer \u00e0 partir d'une position debout<\/li>\n<li>sans \u00e9l\u00e9ments de commande suppl\u00e9mentaires (manivelle, levier t\u00e9lescopique, etc.)<\/li>\n<li>pivotement vers l'int\u00e9rieur et l'ext\u00e9rieur sans effort en 5 \u00e0 10 secondes<\/li>\n<li>fonctionnement s\u00fbr conform\u00e9ment \u00e0 l'UVV : toujours une main sur la charge suspendue<\/li>\n<li>les niveaux de stockage pivot\u00e9s dans l'all\u00e9e restent sous surveillance<\/li>\n<li>Le pivotement vers l'int\u00e9rieur et vers l'ext\u00e9rieur s'effectue lors de la sortie et de l'entr\u00e9e en stock (pas de double parcours)<\/li>\n<li>pas d'op\u00e9ration suppl\u00e9mentaire n\u00e9cessaire<\/li>\n<li>construction robuste r\u00e9sistant aux chocs de fonctionnement du chariot \u00e9l\u00e9vateur<\/li>\n<li>fonctionnement permanent sans usure (garantie de 20 ans)<\/li>\n<li>adapt\u00e9 \u00e0 une utilisation en ext\u00e9rieur<\/li>\n<li>insensible aux perturbations avec une dur\u00e9e de vie illimit\u00e9e<\/li>\n<li>R\u00e9glage flexible de la hauteur et de la profondeur des casiers au pas de 75 mm<\/li>\n<li>Augmentation de la hauteur gr\u00e2ce \u00e0 des niveaux de stockage suppl\u00e9mentaires enfichables et manipulables par chariot \u00e9l\u00e9vateur<\/li>\n<\/ul>\n<p><strong>La petite diff\u00e9rence<\/strong>L'ing\u00e9nierie assist\u00e9e par des logiciels d'\u00e9l\u00e9ments finis et l'ing\u00e9nierie empirique pour le d\u00e9veloppement de ce syst\u00e8me de rayonnage \u00e0 bras pivotant pour la manutention par grue sont la garantie d'un fonctionnement ais\u00e9 lors de l'utilisation manuelle avec une grue. <strong>garantie de fonctionnement de 20 ans.<\/strong><\/p>\n<p>Le flux de forces statique-dynamique qui agit sur l'articulation du bras pivotant par le mouvement de rotation et qui varie en permanence n\u00e9cessite une adaptation particuli\u00e8re d'une combinaison de roulements particuli\u00e8rement adapt\u00e9e \u00e0 cet effet. Pour une <strong>un fonctionnement fiable dans le temps<\/strong> il faut une fixation stable de l'arbre de transmission lors de l'absorption de forces radiales et axiales simultan\u00e9es, ainsi qu'un frottement de roulement minimal ; ceci est assur\u00e9 par des roulements \u00e0 deux rang\u00e9es de haute qualit\u00e9, lubrifi\u00e9s \u00e0 vie, con\u00e7us pour les charges les plus lourdes avec des capacit\u00e9s de charge \u00e9lev\u00e9es. <strong>Roulements \u00e0 rotule sur rouleaux<\/strong>Les syst\u00e8mes d'entra\u00eenement sont des syst\u00e8mes de contr\u00f4le de l'alignement qui, gr\u00e2ce \u00e0 leur r\u00e9glage angulaire, permettent de compenser les erreurs d'alignement, le cas \u00e9ch\u00e9ant.<\/p>\n<p>L'apparent surdimensionnement du lourd <strong>tr\u00e8s stable <\/strong>L'utilisation d'une ossature permet d'\u00e9viter les effets d\u00e9vastateurs de l'humidit\u00e9 qui pourrait s'installer ult\u00e9rieurement. <strong>Position inclin\u00e9e<\/strong> C'est la condition sine qua non pour que les bras pivotants de pr\u00e9cision puissent d\u00e9montrer leur perfection ind\u00e9finiment.<\/p>\n<p>La grande vari\u00e9t\u00e9 d'accessoires et la possibilit\u00e9 de combiner des cantilevers pivotants et fixes au sein d'un m\u00eame syst\u00e8me caract\u00e9risent la grande flexibilit\u00e9 de ce syst\u00e8me. Il est m\u00eame possible de l'installer sans ancrage au sol sur des pav\u00e9s autobloquants, de l'asphalte mou, un chauffage au sol, etc.<\/p>\n<p>Les bras pivotants sont automatiquement bloqu\u00e9s pour \u00e9viter tout pivotement automatique ou involontaire vers l'ext\u00e9rieur ou l'int\u00e9rieur. Le pivotement intentionnel et simultan\u00e9 de plusieurs niveaux de stockage constitue une erreur de manipulation contraire \u00e0 la pratique. Si le syst\u00e8me est install\u00e9 conform\u00e9ment aux instructions, la stabilit\u00e9 du syst\u00e8me est toutefois garantie m\u00eame dans ce cas.<\/p>\n<p>Ce produit de qualit\u00e9 de la maison <strong><span style=\"color: #e02b20;\">storemaster\u00ae LE SYST\u00c8ME<\/span><\/strong> cherche en vain son \u00e9quivalent sur le march\u00e9 mondial et fait donc la fiert\u00e9 particuli\u00e8re de ses cr\u00e9ateurs.<\/p>","protected":false},"excerpt":{"rendered":"<p>Niveaux de stockage facilement pivotables en quelques secondes \u00e0 partir de la position debout<br \/>\nLongueurs de stockage de 2 \u00e0 18 m<\/p>\n<p><strong>Livraison :<\/strong> Frais de port en Allemagne, pr\u00eat \u00e0 l'emploi mont\u00e9 en bloc<\/p>","protected":false},"featured_media":18078939,"template":"","meta":{"_acf_changed":false,"_et_pb_use_builder":"","_et_pb_old_content":"","_et_gb_content_width":""},"product_brand":[],"product_cat":[1404,2178],"product_tag":[1656],"class_list":{"0":"post-18078938","1":"product","2":"type-product","3":"status-publish","4":"has-post-thumbnail","6":"product_cat-langgutlager","7":"product_cat-schwenkarmregale","8":"product_tag-storekeeper-kompatibel","9":"handling-per-kran","11":"first","12":"instock","13":"taxable","14":"shipping-taxable","15":"purchasable","16":"product-type-variable","17":"wvs-archive-product-wrapper"},"exclude_global_add_ons":false,"addons":[{"name":"S\u00e9lection de la combinaison de hauteurs utiles","type":"multiple_choice","position":0,"required":false,"title_format":"label","default":"","description_enable":false,"description":"","placeholder_enable":false,"placeholder":"","display":"select","restrictions_type":"any_text","adjust_price":false,"price":"","price_type":"flat_fee","restrictions":false,"min":"0","max":"0","options":[{"label":"3 Schwenkebenen | 2 x 575 + 1 x 800 mm Nutzh\u00f6he","price":"","price_type":"flat_fee","image":0,"visibility":true},{"label":"3 Schwenkebenen | 3 x 650 mm Nutzh\u00f6he","price":"","price_type":"flat_fee","image":0,"visibility":true},{"label":"4 Schwenkebenen | 1 x 125 + 1 x 425 + 2 x 575 mm Nutzh\u00f6he","price":"","price_type":"flat_fee","image":0,"visibility":true},{"label":"4 Schwenkebenen | 1 x 200 + 3 x 500 mm Nutzh\u00f6he","price":"","price_type":"flat_fee","image":0,"visibility":true},{"label":"4 Schwenkebenen | 4 x 425 mm Nutzh\u00f6he","price":"","price_type":"flat_fee","image":0,"visibility":true},{"label":"4 Schwenkebenen | 2 x 350 + 2 x 500 mm Nutzh\u00f6he","price":"","price_type":"flat_fee","image":0,"visibility":true},{"label":"5 Schwenkebenen | 1 x 125 + 4 x 350 mm Nutzh\u00f6he","price":"","price_type":"flat_fee","image":0,"visibility":true},{"label":"5 Schwenkebenen | 5 x 275 mm Nutzh\u00f6he","price":"","price_type":"flat_fee","image":0,"visibility":true},{"label":"5 Schwenkebenen | 4 x 275 + 1 x 425 mm Nutzh\u00f6he","price":"","price_type":"flat_fee","image":0,"visibility":true},{"label":"5 Schwenkebenen | 2 x 200 + 1 x 275 + 2 x 425 mm Nutzh\u00f6he","price":"","price_type":"flat_fee","image":0,"visibility":true},{"label":"6 Schwenkebenen | 2 x 125 + 4 x 275 mm Nutzh\u00f6he","price":"","price_type":"flat_fee","image":0,"visibility":true},{"label":"6 Schwenkebenen | 6 x 200 mm Nutzh\u00f6he","price":"","price_type":"flat_fee","image":0,"visibility":true},{"label":"6 Schwenkebenen | 5 x 200 + 1 x 350 mm Nutzh\u00f6he","price":"","price_type":"flat_fee","image":0,"visibility":true},{"label":"6 Schwenkebenen | 1 x 125 + 3 x 200 + 1 x 275 + 1 x 350 mm Nutzh\u00f6he","price":"","price_type":"flat_fee","image":0,"visibility":true},{"label":"7 Schwenkebenen | 6 x 125 + 1 x 425 mm Nutzh\u00f6he","price":"","price_type":"flat_fee","image":0,"visibility":true},{"label":"7 Schwenkebenen | 5 x 125 + 1 x 200 + 1 x 350 mm Nutzh\u00f6he","price":"","price_type":"flat_fee","image":0,"visibility":true},{"label":"7 Schwenkebenen | 4 x 125 + 2 x 200 + 1 x 275 mm Nutzh\u00f6he","price":"","price_type":"flat_fee","image":0,"visibility":true},{"label":"7 Schwenkebenen | 3 x 125 + 4 x 200 mm Nutzh\u00f6he","price":"","price_type":"flat_fee","image":0,"visibility":true},{"label":"8 Schwenkebenen | 8 x 125 mm Nutzh\u00f6he","price":"","price_type":"flat_fee","image":0,"visibility":true}],"id":1759852368},{"name":"ArmStrong\u00ae swingout - Confort de stockage","type":"heading","position":1,"required":false,"title_format":"label","default":"","description_enable":true,"description":"Chargement sans effort des diff\u00e9rents niveaux de rayonnage avec des produits longs en faisant pivoter le niveau requis en quelques secondes.\r\n\r\n<video style=\"max-width: 1024px\" src=\"https:\/\/storemaster.de\/wp-content\/uploads\/einlagerung_mit_armstrong_swingout.mp4\" poster=\"https:\/\/storemaster.de\/wp-content\/uploads\/einlagerung_swingout_einlagerung.jpg\" preload=\"metadata\" controls=\"controls\" width=\"100%\" height=\"auto\">\r\nVotre navigateur ne prend pas en charge la balise vid\u00e9o.\r\n<\/video>","placeholder_enable":false,"placeholder":"","display":"select","restrictions_type":"any_text","adjust_price":false,"price":"","price_type":"flat_fee","restrictions":false,"min":"0","max":"0","options":[],"id":1740991243},{"name":"Composants syst\u00e8me en option","type":"heading","position":2,"required":false,"title_format":"label","default":"","description_enable":true,"description":"Veuillez faire votre choix parmi les possibilit\u00e9s indiqu\u00e9es. Le prix du syst\u00e8me sera automatiquement ajust\u00e9.","placeholder_enable":false,"placeholder":"","display":"select","restrictions_type":"any_text","adjust_price":false,"price":"","price_type":"flat_fee","restrictions":false,"min":"0","max":"0","options":[],"id":1732209665},{"name":"Nombre de s\u00e9parateurs par \u00e9tag\u00e8re","type":"input_multiplier","position":3,"required":false,"title_format":"label","default":"","description_enable":true,"description":"<span style=\"font-style: normal\">Boulons enfichables pour les supports de tablettes et les entretoises de bacs \u00e0 mat\u00e9riaux \u00d8 20 mm pour diviser la profondeur des tablettes au pas de 75 mm.<\/span>","placeholder_enable":false,"placeholder":"","display":"select","restrictions_type":"any_text","adjust_price":true,"price":"15.00","price_type":"quantity_based","restrictions":false,"min":"0","max":"0","options":[],"id":1732209666},{"name":"Nombre de bacs \u00e0 mat\u00e9riaux pour les longueurs courtes et r\u00e9siduelles par \u00e9tag\u00e8re","type":"input_multiplier","position":4,"required":false,"title_format":"label","default":"","description_enable":true,"description":"<span style=\"font-style: normal\">Profondeur utile divisible par des entretoises et des goujons de 75 : 75 mm, subdivision en continu de la longueur du bac, avec protection des bords, galvanis\u00e9, longueur de bac 2.000\/2.500 mm (distance entre montants + 500 mm), hauteur de bac 80 mm, y compris 4 entretoises et 20 goujons pour la subdivision individuelle des casiers.<\/span>","placeholder_enable":false,"placeholder":"","display":"select","restrictions_type":"any_text","adjust_price":true,"price":"1275","price_type":"quantity_based","restrictions":false,"min":"0","max":"0","options":[],"id":1732209667},{"name":"Nombre de niveaux de stockage en porte-\u00e0-faux dans la zone sup\u00e9rieure par rayonnage","type":"input_multiplier","position":5,"required":false,"title_format":"label","default":"","description_enable":true,"description":"<span style=\"font-style: normal\">Au-dessus des niveaux de pivotement pour la commande par chariot \u00e9l\u00e9vateur, non pivotant, r\u00e9glable en hauteur au pas de 75 : 75 mm, \u00e0 n'importe quelle hauteur totale de rayonnage. Le niveau de t\u00eate grutable est supprim\u00e9 si cette option est s\u00e9lectionn\u00e9e.<\/span>","placeholder_enable":false,"placeholder":"","display":"select","restrictions_type":"any_text","adjust_price":true,"price":"353","price_type":"quantity_based","restrictions":true,"min":"0","max":"5","options":[],"id":1732209668},{"name":"selected_pa_longueur_du_mat\u00e9riel","type":"custom_text","position":6,"required":false,"title_format":"hide","default":"","description_enable":false,"description":"","placeholder_enable":false,"placeholder":"","display":"select","restrictions_type":"any_text","adjust_price":false,"price":"","price_type":"flat_fee","restrictions":false,"min":"0","max":"0","options":[],"id":1775655769},{"name":"Flexibolo\u00ae LG - Langgut-Transportwagen","type":"heading","position":7,"required":false,"title_format":"label","default":"","description_enable":true,"description":"<img src=\"https:\/\/storemaster.de\/wp-content\/uploads\/FlexiboloLG.png\" alt=\"FlexiboloLG\" width=\"300\" \/>\r\nVerf\u00fcgbar f\u00fcr Materiall\u00e4ngen von 3.000 bis 6.000 mm\r\n(Kann bei Auswahl der entsprechenden Konfiguration hinzugef\u00fcgt werden)\r\nAbgestimmt auf die ausgew\u00e4hlte Materiall\u00e4nge der Regalanlage.","placeholder_enable":false,"placeholder":"","display":"select","restrictions_type":"any_text","adjust_price":false,"price":"","price_type":"flat_fee","restrictions":false,"min":"0","max":"0","options":[],"id":1775655770},{"name":"Flexibolo\u00ae LG - Langgut-Transportwagen f\u00fcr 3.000 mm","type":"multiple_choice","position":8,"required":true,"title_format":"label","default":"0","description_enable":true,"description":"<img src=\"https:\/\/storemaster.de\/wp-content\/uploads\/FlexiboloLG.png\" alt=\"FlexiboloLG\" width=\"300\" \/>","placeholder_enable":false,"placeholder":"","display":"select","restrictions_type":"any_text","adjust_price":false,"price":"","price_type":"flat_fee","restrictions":false,"min":"0","max":"0","options":[{"label":"ohne","price":"","price_type":"flat_fee","image":0,"visibility":true},{"label":"Langgut-Transportwagen f\u00fcr eine Materiall\u00e4nge von 3.000 mm","price":"4875","price_type":"flat_fee","image":0,"visibility":true}],"id":1775655868},{"name":"Flexibolo\u00ae LG - Langgut-Transportwagen f\u00fcr 6.000 mm","type":"multiple_choice","position":9,"required":true,"title_format":"label","default":"0","description_enable":true,"description":"<img src=\"https:\/\/storemaster.de\/wp-content\/uploads\/FlexiboloLG.png\" alt=\"FlexiboloLG\" width=\"300\" \/>","placeholder_enable":false,"placeholder":"","display":"select","restrictions_type":"any_text","adjust_price":false,"price":"","price_type":"flat_fee","restrictions":false,"min":"0","max":"0","options":[{"label":"ohne","price":"","price_type":"flat_fee","image":0,"visibility":true},{"label":"Langgut-Transportwagen f\u00fcr eine Materiall\u00e4nge von 6.000 mm","price":"5828","price_type":"flat_fee","image":0,"visibility":true}],"id":1775656014},{"name":"Barre d'attelage pour le FlexiBolo\u00aeLG","type":"multiple_choice","position":10,"required":true,"title_format":"label","default":"0","description_enable":true,"description":"<img src=\"https:\/\/storemaster.de\/wp-content\/uploads\/Zugdeichsel.jpg\" alt=\"Zugdeichsel\" width=\"300\" \/>","placeholder_enable":false,"placeholder":"","display":"select","restrictions_type":"any_text","adjust_price":false,"price":"","price_type":"flat_fee","restrictions":false,"min":"0","max":"0","options":[{"label":"ohne","price":"","price_type":"flat_fee","image":0,"visibility":true},{"label":"mit Zugdeichsel 1.900 mm lang","price":"967","price_type":"flat_fee","image":0,"visibility":true}],"id":1775656189},{"name":"ManutentionPodestat","type":"multiple_choice","position":11,"required":true,"title_format":"heading","default":"0","description_enable":true,"description":"<img src=\"https:\/\/storemaster.de\/wp-content\/uploads\/2024\/11\/HandlingPodest-2.jpg\" alt=\"HandlingPodest\" width=\"300\" \/>","placeholder_enable":false,"placeholder":"","display":"select","restrictions_type":"any_text","adjust_price":false,"price":"","price_type":"flat_fee","restrictions":false,"min":"0","max":"0","options":[{"label":"ohne","price":"","price_type":"flat_fee","image":0,"visibility":true},{"label":"Anzahl Trittfl\u00e4chen (Stufen inkl. Podest): 2 | Standh\u00f6he: 0,48 m","price":"913","price_type":"flat_fee","image":0,"visibility":true},{"label":"Anzahl Trittfl\u00e4chen (Stufen inkl. Podest): 3 | Standh\u00f6he: 0,72 m","price":"1048","price_type":"flat_fee","image":0,"visibility":true},{"label":"Anzahl Trittfl\u00e4chen (Stufen inkl. Podest): 4 | Standh\u00f6he: 0,96 m","price":"1096","price_type":"flat_fee","image":0,"visibility":true},{"label":"Anzahl Trittfl\u00e4chen (Stufen inkl. Podest): 5 | Standh\u00f6he: 1,02 m","price":"1156","price_type":"flat_fee","image":0,"visibility":true},{"label":"Anzahl Trittfl\u00e4chen (Stufen inkl. Podest): 6 | Standh\u00f6he: 1,44 m","price":"1216","price_type":"flat_fee","image":0,"visibility":true},{"label":"Anzahl Trittfl\u00e4chen (Stufen inkl. Podest): 7 | Standh\u00f6he: 1,68 m","price":"1274","price_type":"flat_fee","image":0,"visibility":true},{"label":"Anzahl Trittfl\u00e4chen (Stufen inkl. Podest): 8 | Standh\u00f6he: 1,92 m","price":"1350","price_type":"flat_fee","image":0,"visibility":true}],"id":1775642305},{"name":"Marchepied roulant (gratuit)","type":"heading","position":0,"required":false,"title_format":"label","default":"","description_enable":true,"description":"<p>storeboy\u00ae pour faciliter l'acc\u00e8s (un par \u00e9tag\u00e8re)<\/p>\r\n<p><img src=\"https:\/\/storemaster.de\/wp-content\/uploads\/storeboy_Rollhocker.png\" alt=\"storeboy\u00ae\" width=\"300\" \/><\/p>","placeholder_enable":false,"placeholder":"","display":"select","restrictions_type":"any_text","adjust_price":false,"price":"","price_type":"flat_fee","restrictions":false,"min":"0","max":"0","options":[],"id":1773668642},{"name":"Crochet t\u00e9lescopique (gratuit)","type":"heading","position":0,"required":false,"title_format":"label","default":"","description_enable":true,"description":"<p>pour une utilisation ergonomique des niveaux de stockage pivotants (un par rayonnage)<\/p>\r\n<p><img src=\"https:\/\/storemaster.de\/wp-content\/uploads\/Telekophaken.jpg\" alt=\"Teleskophaken\" width=\"300\" \/><\/p>","placeholder_enable":false,"placeholder":"","display":"select","restrictions_type":"any_text","adjust_price":false,"price":"","price_type":"flat_fee","restrictions":false,"min":"0","max":"0","options":[],"id":1773663732}],"acf":[],"_links":{"self":[{"href":"https:\/\/storemaster.de\/fr\/wp-json\/wp\/v2\/product\/18078938","targetHints":{"allow":["GET"]}}],"collection":[{"href":"https:\/\/storemaster.de\/fr\/wp-json\/wp\/v2\/product"}],"about":[{"href":"https:\/\/storemaster.de\/fr\/wp-json\/wp\/v2\/types\/product"}],"wp:featuredmedia":[{"embeddable":true,"href":"https:\/\/storemaster.de\/fr\/wp-json\/wp\/v2\/media\/18078939"}],"wp:attachment":[{"href":"https:\/\/storemaster.de\/fr\/wp-json\/wp\/v2\/media?parent=18078938"}],"wp:term":[{"taxonomy":"product_brand","embeddable":true,"href":"https:\/\/storemaster.de\/fr\/wp-json\/wp\/v2\/product_brand?post=18078938"},{"taxonomy":"product_cat","embeddable":true,"href":"https:\/\/storemaster.de\/fr\/wp-json\/wp\/v2\/product_cat?post=18078938"},{"taxonomy":"product_tag","embeddable":true,"href":"https:\/\/storemaster.de\/fr\/wp-json\/wp\/v2\/product_tag?post=18078938"}],"curies":[{"name":"wp","href":"https:\/\/api.w.org\/{rel}","templated":true}]}}