{"id":18078916,"date":"2021-08-12T10:44:10","date_gmt":"2021-08-12T08:44:10","guid":{"rendered":"https:\/\/storemaster.de\/shop\/unkategorisiert\/palex\/"},"modified":"2026-03-16T08:48:38","modified_gmt":"2026-03-16T07:48:38","slug":"palex-depalettiseur","status":"publish","type":"product","link":"https:\/\/storemaster.de\/fr\/shop\/blechlager\/palex\/","title":{"rendered":"PalEx\u00ae classic"},"content":{"rendered":"<p>Le site <strong><span style=\"color: #e00000;\">PalEx\u00ae classic<\/span><\/strong> est la <strong><span style=\"color: #e00000;\">storemaster\u00ae LE SYST\u00c8ME<\/span><\/strong> Solution pour d\u00e9palettiser des paquets de t\u00f4les afin de charger des tiroirs et des palettes syst\u00e8me avec des paquets de t\u00f4les entiers. Les poin\u00e7ons coulissants sur une croix diagonale permettent de couvrir et de manipuler toutes les dimensions de palettes en bois et de formats de t\u00f4les. Gr\u00e2ce aux poin\u00e7ons en caoutchouc dur, les marques de pression sur la t\u00f4le sont \u00e9vit\u00e9es. De plus, la t\u00f4le et les poin\u00e7ons sont \u00e0 une hauteur de travail confortable, ce qui facilite le travail avec l'appareil. Le site <strong><span style=\"color: #e00000;\">PalEx\u00ae classic<\/span><\/strong> est enti\u00e8rement galvanis\u00e9 \u00e0 chaud par immersion selon la norme DIN EN ISO 1461, ce qui permet un stockage en ext\u00e9rieur et une r\u00e9sistance accrue aux intemp\u00e9ries.<\/p>\n<p><strong><span style=\"color: #e00000;\">PalEx\u00ae classic<\/span> DBGM 29711662.2 <span style=\"color: #e02b20;\">storemaster\u00ae LE SYST\u00c8ME <\/span>Innovation de 1997<\/strong><\/p>","protected":false},"excerpt":{"rendered":"<p><strong>25 ans de succ\u00e8s<\/strong><\/p>\n<p><strong><span style=\"color: #e00000;\">PalEx\u00ae : la solution<\/span> <\/strong>multifonctionnel :<\/p>\n<ul>\n<li><strong>d\u00e9palettisation brevet\u00e9e <\/strong>de la palette en bois<\/li>\n<li>confortable <strong>Charg\u00e9<\/strong> le <strong>superFLAT <\/strong>Palette syst\u00e8me<\/li>\n<li>pour des tailles de t\u00f4le allant du petit au grand format<\/li>\n<li><strong>2 essieux coulissants en diagonale<\/strong> Poin\u00e7on de levage<\/li>\n<li>adaptation rapide du cubage \u00e0 la palette en bois<\/li>\n<li>Poin\u00e7on de levage avec protection des mat\u00e9riaux <strong>Pieds en caoutchouc \u00d8 100 x 40 mm<\/strong><\/li>\n<li>permet le <strong>Pointage<\/strong> pour le retrait de la t\u00f4le de tous les c\u00f4t\u00e9s \u00e0 une hauteur ergonomique<\/li>\n<li>pour une utilisation rapide <strong>Changement de vari\u00e9t\u00e9<\/strong> \u00e0 <strong>des tours de stockage automatiques<\/strong><\/li>\n<li>Capacit\u00e9 de charge statique de 4.000 kg, d\u00e9pla\u00e7able sans charge<\/li>\n<li>4 roulettes pivotantes en polyamide pour charges lourdes, y compris les freins \u00e0 p\u00e9dale<\/li>\n<li>Dimensions standard jusqu'au grand format : L3100 x l1550 x H870 mm<\/li>\n<li>pour une utilisation en ext\u00e9rieur, galvanis\u00e9 \u00e0 chaud par immersion selon la norme DIN EN ISO 1461<\/li>\n<\/ul>","protected":false},"featured_media":18078917,"template":"","meta":{"_acf_changed":false,"_et_pb_use_builder":"","_et_pb_old_content":"","_et_gb_content_width":""},"product_brand":[],"product_cat":[817,824],"product_tag":[],"class_list":{"0":"post-18078916","1":"product","2":"type-product","3":"status-publish","4":"has-post-thumbnail","6":"product_cat-blechlager","7":"product_cat-palex","8":"handling-schubladen","9":"handling-systempaletten-im-wechselsystem","10":"handling-systempaletten-im-turmlager","11":"handling-per-stapler-einsatz","12":"handling-per-kran","14":"first","15":"instock","16":"taxable","17":"shipping-taxable","18":"purchasable","19":"product-type-variable","20":"wvs-archive-product-wrapper"},"exclude_global_add_ons":false,"addons":[{"name":"Composants syst\u00e8me en option","type":"heading","position":0,"required":false,"title_format":"heading","default":"","description_enable":true,"description":"Veuillez faire votre choix parmi les possibilit\u00e9s indiqu\u00e9es. Le prix du syst\u00e8me sera automatiquement ajust\u00e9.","placeholder_enable":false,"placeholder":"","display":"select","restrictions_type":"any_text","adjust_price":false,"price":"","price_type":"flat_fee","restrictions":false,"min":"0","max":"0","options":[],"id":1732905037},{"name":"Poin\u00e7on de levage suppl\u00e9mentaire","type":"input_multiplier","position":1,"required":false,"title_format":"heading","default":"0","description_enable":true,"description":"<p>autre poin\u00e7on de levage pour une r\u00e9partition uniforme de la charge sur les t\u00f4les fines et instables<\/p>\r\n<p><img src=\"https:\/\/storemaster.de\/wp-content\/uploads\/Stempelrunge.jpg\" alt=\"Hubstempel\" width=\"300\" \/><\/p>\r\n<p><strong>Nombre de poin\u00e7ons de levage :<\/strong><\/p>","placeholder_enable":false,"placeholder":"","display":"select","restrictions_type":"any_text","adjust_price":true,"price":"80","price_type":"quantity_based","restrictions":false,"min":"0","max":"0","options":[],"id":1734088038},{"name":"Kit de rangement","type":"checkbox","position":2,"required":false,"title_format":"heading","default":"","description_enable":true,"description":"<p>pour le chargement de cassettes superflat et smatflat<\/p>\r\n<p><img src=\"https:\/\/storemaster.de\/wp-content\/uploads\/PalEx-Aufnahme.jpg\" alt=\"Flatablage\" width=\"300\" \/><\/p>","placeholder_enable":false,"placeholder":"","display":"select","restrictions_type":"any_text","adjust_price":false,"price":"","price_type":"flat_fee","restrictions":false,"min":"0","max":"0","options":[{"label":"4 Stck.","price":"285.60","price_type":"quantity_based","image":0,"visibility":true}],"id":1732905039},{"name":"D\u00e9palettiser avec le PalEx","type":"heading","position":3,"required":false,"title_format":"heading","default":"","description_enable":true,"description":"<video src=\"https:\/\/storemaster.de\/wp-content\/uploads\/storemaster_PalEx-Entpalettieren_1_5_fach.webm\" controls>","placeholder_enable":false,"placeholder":"","display":"select","restrictions_type":"any_text","adjust_price":false,"price":"","price_type":"flat_fee","restrictions":false,"min":"0","max":"0","options":[],"id":1732905040}],"acf":[],"_links":{"self":[{"href":"https:\/\/storemaster.de\/fr\/wp-json\/wp\/v2\/product\/18078916","targetHints":{"allow":["GET"]}}],"collection":[{"href":"https:\/\/storemaster.de\/fr\/wp-json\/wp\/v2\/product"}],"about":[{"href":"https:\/\/storemaster.de\/fr\/wp-json\/wp\/v2\/types\/product"}],"wp:featuredmedia":[{"embeddable":true,"href":"https:\/\/storemaster.de\/fr\/wp-json\/wp\/v2\/media\/18078917"}],"wp:attachment":[{"href":"https:\/\/storemaster.de\/fr\/wp-json\/wp\/v2\/media?parent=18078916"}],"wp:term":[{"taxonomy":"product_brand","embeddable":true,"href":"https:\/\/storemaster.de\/fr\/wp-json\/wp\/v2\/product_brand?post=18078916"},{"taxonomy":"product_cat","embeddable":true,"href":"https:\/\/storemaster.de\/fr\/wp-json\/wp\/v2\/product_cat?post=18078916"},{"taxonomy":"product_tag","embeddable":true,"href":"https:\/\/storemaster.de\/fr\/wp-json\/wp\/v2\/product_tag?post=18078916"}],"curies":[{"name":"wp","href":"https:\/\/api.w.org\/{rel}","templated":true}]}}