{"id":8312,"date":"2024-11-19T22:52:36","date_gmt":"2024-11-19T21:52:36","guid":{"rendered":"https:\/\/storemaster.de\/?page_id=8312"},"modified":"2024-11-20T00:55:02","modified_gmt":"2024-11-19T23:55:02","slug":"expedition","status":"publish","type":"page","link":"https:\/\/storemaster.de\/fr\/versand\/","title":{"rendered":"Informations sur l'exp\u00e9dition"},"content":{"rendered":"<p><strong>Frais d'exp\u00e9dition forfaitaires pour les quantit\u00e9s inf\u00e9rieures<\/strong><br>Les frais d'exp\u00e9dition s'\u00e9l\u00e8vent \u00e0 250\u20ac pour une valeur de commande &lt; 5000\u20ac et concernent uniquement la livraison en Allemagne. L&#039;exp\u00e9dition s&#039;effectue selon les CIP Incoterms\u00ae 2020. Par transporteur de notre choix, risque de transport \u00e0 vos risques et p\u00e9rils, valeur de la marchandise assur\u00e9e, frais de transport \u00e0 notre charge, d\u00e9chargement et transport des pi\u00e8ces au lieu d&#039;utilisation exclus.<\/p>\n\n\n\n<p><strong>\u00c0 PARTIR DE L'USINE<\/strong><br>EXW Incoterms\u00ae 2020. Le droit d'enl\u00e8vement par le client doit \u00eatre exerc\u00e9 dans les 7 jours. Si la marchandise n'est pas retir\u00e9e dans le d\u00e9lai imparti, l'exp\u00e9dition est effectu\u00e9e par un transporteur de notre choix, le risque de transport est \u00e0 votre charge, la valeur de la marchandise est assur\u00e9e, <strong>Frais de transport \u00e0 votre charge.<\/strong><\/p>\n\n\n\n<p><strong>LIBRE MAISON<\/strong><br>CIP Incoterms\u00ae 2020. Par transporteur de notre choix, risque de transport \u00e0 vos risques, valeur de la marchandise assur\u00e9e, frais de transport \u00e0 notre charge, d\u00e9chargement et transport des pi\u00e8ces au lieu d'utilisation exclus.<\/p>\n\n\n\n<p><strong>Envoi en dehors de l'Union europ\u00e9enne avec certificat de circulation des marchandises (CCM) EUR. 1&nbsp;<\/strong><br>La livraison en dehors de l'UE avec WVB EUR. 1 se fait uniquement d\u00e9part usine. Pour les marchandises d'une valeur sup\u00e9rieure \u00e0 6.000\u20ac, le CCM EUR. 1 est inclus. L'exp\u00e9dition est effectu\u00e9e par un transporteur de notre choix, risque de transport \u00e0 vos risques et p\u00e9rils, valeur de la marchandise assur\u00e9e, <strong>Frais de transport \u00e0 votre charge.<\/strong><\/p>\n\n\n\n<p><strong>Exp\u00e9dition hors de l'Union europ\u00e9enne avec proc\u00e9dure d'exportateur enregistr\u00e9 (REX)<br><\/strong>Pour les exportations de l'UE vers des pays ayant conclu des accords de libre-\u00e9change, tels que le CETA (Canada), l'APE UE-Japon ou le TCA (accord de commerce et de coop\u00e9ration avec le Royaume-Uni), la livraison s'effectue exclusivement d\u00e9part usine. Les documents d'accompagnement \u00e0 l'exportation sont inclus. L'exp\u00e9dition est effectu\u00e9e par un transporteur de notre choix, le risque de transport est \u00e0 vos risques et p\u00e9rils, la valeur de la marchandise est assur\u00e9e,<strong> Frais de transport \u00e0 votre charge.<\/strong><\/p>\n\n\n\n<p><strong>D\u00e9lais et retards de livraison<br><\/strong>Les d\u00e9lais de livraison indiqu\u00e9s sur les pages des produits concern\u00e9s peuvent varier. Le d\u00e9lai de livraison obligatoire est indiqu\u00e9 dans la confirmation de commande avec les r\u00e9serves d'usage. Si le d\u00e9lai de livraison est d\u00e9pass\u00e9 de plus de 3 mois par notre faute, l'obligation d'acceptation du client s'\u00e9teint. Nous ne reconnaissons en principe pas les p\u00e9nalit\u00e9s contractuelles. En cas de retard de livraison, vous serez imm\u00e9diatement inform\u00e9 par e-mail.<\/p>\n\n\n\n<p>Pour toute question compl\u00e9mentaire, n'h\u00e9sitez pas \u00e0 nous contacter par t\u00e9l\u00e9phone du lundi au vendredi de 8h00 \u00e0 16h00.<\/p>","protected":false},"excerpt":{"rendered":"<p>Versandkostenpauschale f\u00fcr MindermengenDie Versandkostenpauschale betr\u00e4gt 250\u20ac bei einem Bestellwert &lt; 5000\u20ac und betrifft ausschlie\u00dflich Lieferung innerhalb Deutschlands. Der Versand erfolgt nach CIP Incoterms\u00ae 2020. Mit Spedition unserer Wahl, Transportrisiko auf Ihre Gefahr, Warenwert versichert, Transportkosten zu unseren Lasten, ausschl. Abladen und Transport der Teile zur Verwendungsstelle. AB WERKEXW Incoterms\u00ae 2020.&nbsp; Das Recht zur Selbstabholung muss [&hellip;]<\/p>\n","protected":false},"author":1,"featured_media":0,"parent":0,"menu_order":0,"comment_status":"closed","ping_status":"closed","template":"","meta":{"_acf_changed":false,"_et_pb_use_builder":"off","_et_pb_old_content":"","_et_gb_content_width":"1080","footnotes":""},"dipi_cpt_category":[960],"class_list":["post-8312","page","type-page","status-publish","hentry","dipi_cpt_category-simple"],"acf":[],"_links":{"self":[{"href":"https:\/\/storemaster.de\/fr\/wp-json\/wp\/v2\/pages\/8312","targetHints":{"allow":["GET"]}}],"collection":[{"href":"https:\/\/storemaster.de\/fr\/wp-json\/wp\/v2\/pages"}],"about":[{"href":"https:\/\/storemaster.de\/fr\/wp-json\/wp\/v2\/types\/page"}],"author":[{"embeddable":true,"href":"https:\/\/storemaster.de\/fr\/wp-json\/wp\/v2\/users\/1"}],"replies":[{"embeddable":true,"href":"https:\/\/storemaster.de\/fr\/wp-json\/wp\/v2\/comments?post=8312"}],"version-history":[{"count":2,"href":"https:\/\/storemaster.de\/fr\/wp-json\/wp\/v2\/pages\/8312\/revisions"}],"predecessor-version":[{"id":8314,"href":"https:\/\/storemaster.de\/fr\/wp-json\/wp\/v2\/pages\/8312\/revisions\/8314"}],"wp:attachment":[{"href":"https:\/\/storemaster.de\/fr\/wp-json\/wp\/v2\/media?parent=8312"}],"wp:term":[{"taxonomy":"dipi_cpt_category","embeddable":true,"href":"https:\/\/storemaster.de\/fr\/wp-json\/wp\/v2\/dipi_cpt_category?post=8312"}],"curies":[{"name":"wp","href":"https:\/\/api.w.org\/{rel}","templated":true}]}}