{"id":8310,"date":"2024-11-19T22:50:48","date_gmt":"2024-11-19T21:50:48","guid":{"rendered":"https:\/\/storemaster.de\/?page_id=8310"},"modified":"2024-11-20T00:55:03","modified_gmt":"2024-11-19T23:55:03","slug":"paiement-et-remise-sur-volume","status":"publish","type":"page","link":"https:\/\/storemaster.de\/fr\/zahlung-und-mengenrabatt\/","title":{"rendered":"Paiement et remise sur volume"},"content":{"rendered":"<p><strong>Pour les virements de factures impay\u00e9es concernant des livraisons d\u00e9j\u00e0 re\u00e7ues, veuillez utiliser les coordonn\u00e9es bancaires suivantes :<\/strong><\/p>\n\n\n\n<p>storemaster\u00ae GmbH &amp; Co. KG<br>\u00c9tablissement : Sparkasse Hannover<br>Code bancaire : 2505 0180<br>Num\u00e9ro de compte : 0910 1447 61<br>IBAN : DE72 2505 0180 0910 1447 61<br>Code BIC\/SWIFT : SPKHDE2HXXX<\/p>\n\n\n\n<p>Veuillez toujours indiquer le num\u00e9ro de facture correspondant comme motif du virement.<\/p>\n\n\n\n<p><strong>Remise sur volume<\/strong><br>storemaster GmbH &amp; Co. KG accorde une grande importance \u00e0 l'\u00e9quit\u00e9 dans les relations commerciales. C'est pourquoi nous accordons \u00e0 tous nos clients en ligne des remises de quantit\u00e9 constantes \u00e0 partir d'un montant de commande \u2265 5000\u20ac, selon la courbe de remise ci-dessous. La remise de quantit\u00e9 est automatiquement d\u00e9duite lors du processus de commande et est affich\u00e9e de mani\u00e8re transparente. <strong>Les offres et les prix promotionnels sont exclus du rabais de quantit\u00e9.<\/strong><\/p>\n\n\n\n<p><strong>La remise sur la quantit\u00e9 est calcul\u00e9e \u00e0 partir du diagramme exponentiel suivant :<\/strong><\/p>\n\n\n\n<figure class=\"wp-block-image\"><img decoding=\"async\" src=\"https:\/\/storemaster.de\/wp-content\/uploads\/2021\/06\/mengenrabatt-e1624032198176.png\" alt=\"Mengenrabatt - Diagramm\" class=\"wp-image-288\"\/><\/figure>\n\n\n\n<p><strong>Conditions g\u00e9n\u00e9rales de paiement<\/strong><br><strong>En Allemagne :<\/strong> Nous livrons en principe sur facture. Tous les prix indiqu\u00e9s s'entendent hors TVA l\u00e9gale. Les paiements nationaux doivent \u00eatre effectu\u00e9s \u00e0 100 % de la valeur de la marchandise sans d\u00e9duction dans un d\u00e9lai de 7 jours \u00e0 compter de la date annonc\u00e9e de la disponibilit\u00e9 de l'enl\u00e8vement. Les frais de montage sont payables sans d\u00e9duction dans les 5 jours suivant la fin du montage. Le cas \u00e9ch\u00e9ant, la commission d'aval est \u00e0 la charge de l'acheteur. En cas de retard de paiement, les frais de financement et de stockage sont factur\u00e9s conform\u00e9ment \u00e0 l'article 452 du Code civil allemand, \u00e0 raison de 15 % par an \u00e0 partir du 1er jour de retard, plus 25,00 \u20ac de frais de traitement par rappel.<\/p>\n\n\n\n<p><strong>En dehors de l'Allemagne :<\/strong> Nous livrons en principe sur facture. Les paiements pour les commandes provenant de l'\u00e9tranger ou pour les livraisons \u00e0 l'\u00e9tranger et pour les fabrications sp\u00e9ciales doivent \u00eatre effectu\u00e9s \u00e0 100 % de la valeur de la marchandise dans les 5 jours suivant la r\u00e9ception de l'acceptation de la commande, net et sans d\u00e9duction. Les paiements depuis l'\u00e9tranger sont exempts de frais bancaires pour nous. Les demandes de remboursement de frais bancaires et de d\u00e9ductions injustifi\u00e9es (escomptes, etc.) sont toujours major\u00e9es de frais de traitement de 25,00 \u20ac. La marchandise reste notre propri\u00e9t\u00e9 jusqu'au paiement int\u00e9gral, ce qui inclut la r\u00e9serve de propri\u00e9t\u00e9 \u00e9tendue. Nous nous r\u00e9servons le droit d'appliquer des conditions de paiement plus restrictives.<\/p>","protected":false},"excerpt":{"rendered":"<p>F\u00fcr die \u00dcberweisungen von offenen Rechnungen zu bereits erhaltenen Lieferungen verwenden Sie bitte die folgende Bankverbindung: storemaster\u00ae GmbH &amp; Co.KGInstitut: Sparkasse HannoverBankleitzahl: 2505 0180Kontonummer: 0910 1447 61IBAN: DE72 2505 0180 0910 1447 61BIC-\/SWIFT-Code: SPKHDE2HXXX Bitte geben Sie bei \u00dcberweisungen als Verwendungszweck stets die jeweilige Rechnungsnummer an. MengenrabattDie storemaster GmbH &amp; Co.KG legt gro\u00dfen Wert auf [&hellip;]<\/p>\n","protected":false},"author":1,"featured_media":0,"parent":0,"menu_order":0,"comment_status":"closed","ping_status":"closed","template":"","meta":{"_acf_changed":false,"_et_pb_use_builder":"off","_et_pb_old_content":"","_et_gb_content_width":"1080","footnotes":""},"dipi_cpt_category":[960],"class_list":["post-8310","page","type-page","status-publish","hentry","dipi_cpt_category-simple"],"acf":[],"_links":{"self":[{"href":"https:\/\/storemaster.de\/fr\/wp-json\/wp\/v2\/pages\/8310","targetHints":{"allow":["GET"]}}],"collection":[{"href":"https:\/\/storemaster.de\/fr\/wp-json\/wp\/v2\/pages"}],"about":[{"href":"https:\/\/storemaster.de\/fr\/wp-json\/wp\/v2\/types\/page"}],"author":[{"embeddable":true,"href":"https:\/\/storemaster.de\/fr\/wp-json\/wp\/v2\/users\/1"}],"replies":[{"embeddable":true,"href":"https:\/\/storemaster.de\/fr\/wp-json\/wp\/v2\/comments?post=8310"}],"version-history":[{"count":1,"href":"https:\/\/storemaster.de\/fr\/wp-json\/wp\/v2\/pages\/8310\/revisions"}],"predecessor-version":[{"id":8311,"href":"https:\/\/storemaster.de\/fr\/wp-json\/wp\/v2\/pages\/8310\/revisions\/8311"}],"wp:attachment":[{"href":"https:\/\/storemaster.de\/fr\/wp-json\/wp\/v2\/media?parent=8310"}],"wp:term":[{"taxonomy":"dipi_cpt_category","embeddable":true,"href":"https:\/\/storemaster.de\/fr\/wp-json\/wp\/v2\/dipi_cpt_category?post=8310"}],"curies":[{"name":"wp","href":"https:\/\/api.w.org\/{rel}","templated":true}]}}