{"id":8272,"date":"2024-11-19T19:38:51","date_gmt":"2024-11-19T18:38:51","guid":{"rendered":"https:\/\/storemaster.de\/?page_id=8272"},"modified":"2025-06-23T08:41:11","modified_gmt":"2025-06-23T06:41:11","slug":"conditions-generales-de-vente-et-de-contrat","status":"publish","type":"page","link":"https:\/\/storemaster.de\/fr\/allgemeine-geschaefts-und-vertragsbedingungen\/","title":{"rendered":"Conditions g\u00e9n\u00e9rales de vente et de contrat"},"content":{"rendered":"<h2 class=\"wp-block-heading\">1. champ d'application et fournisseur<\/h2>\n\n\n\n<p>(1) Les pr\u00e9sentes conditions g\u00e9n\u00e9rales de vente s'appliquent \u00e0 toutes les commandes pass\u00e9es par les clients aupr\u00e8s de storemaster GmbH &amp; Co. KG, Reihekamp 1, 30890 Barsinghausen, Allemagne.<\/p>\n\n\n\n<p>(2) L'offre de marchandises s'adresse exclusivement aux clients qui doivent \u00eatre consid\u00e9r\u00e9s comme des entrepreneurs au sens de l'article 14, paragraphe 1, du Code civil allemand (BGB), c'est-\u00e0-dire qui agissent dans l'exercice de leur activit\u00e9 professionnelle commerciale ou ind\u00e9pendante lors de la conclusion du contrat.<\/p>\n\n\n\n<p>(3) Nos livraisons, prestations et offres sont effectu\u00e9es exclusivement sur la base des pr\u00e9sentes conditions g\u00e9n\u00e9rales de vente. Les conditions g\u00e9n\u00e9rales de vente s'appliquent \u00e9galement \u00e0 toutes les relations commerciales futures, m\u00eame si elles ne font pas l'objet d'un nouvel accord explicite. Nous nous opposons d\u00e8s \u00e0 pr\u00e9sent \u00e0 l'int\u00e9gration de conditions g\u00e9n\u00e9rales de vente du client qui seraient contraires \u00e0 nos conditions g\u00e9n\u00e9rales de vente.<\/p>\n\n\n\n<h2 class=\"wp-block-heading\">2. prix et conclusion du contrat<\/h2>\n\n\n\n<p>(1) Nos offres sont sans engagement. Seul le contenu de notre acceptation de commande est valable pour l'ex\u00e9cution du contrat. Les prix offerts ont une validit\u00e9 de 3 mois, sauf mention contraire dans l'offre.<\/p>\n\n\n\n<p>(2) Les prix applicables pour la facturation de nos prestations sont ceux en vigueur le jour de l'ex\u00e9cution (disponibilit\u00e9 de la marchandise pour exp\u00e9dition) si le d\u00e9lai de livraison convenu a \u00e9t\u00e9 d\u00e9pass\u00e9 de plus de 3 mois sans que nous en soyons responsables.<\/p>\n\n\n\n<p>(3) En finalisant sa commande, le client \u00e9met une offre d'achat ferme. Si nous envoyons ensuite une confirmation de r\u00e9ception automatis\u00e9e, cela ne constitue pas encore une acceptation de l'offre d'achat du client. Un contrat d'achat portant sur la marchandise n'est conclu que lorsque nous d\u00e9clarons express\u00e9ment l'acceptation de l'offre d'achat.<\/p>\n\n\n\n<p>(4) Les prix indiqu\u00e9s sont des prix nets. Ils sont major\u00e9s de la TVA en vigueur.<\/p>\n\n\n\n<p>(5) Tous les prix s'entendent hors frais d'exp\u00e9dition indiqu\u00e9s.<\/p>\n\n\n\n<p>(6) storemaster GmbH &amp; Co. KG attache une grande importance \u00e0 l'\u00e9quit\u00e9 dans les relations commerciales. C'est pourquoi nous accordons \u00e0 tous nos clients des remises de quantit\u00e9 constantes \u00e0 partir d'une valeur de commande \u2265 5000\u20ac. Le rabais de quantit\u00e9 est d\u00e9duit lors du processus de commande et affich\u00e9 de mani\u00e8re transparente. Les offres et les prix promotionnels sont exclus de la remise de quantit\u00e9.<\/p>\n\n\n\n<h2 class=\"wp-block-heading\">3. conditions de paiement et retards<\/h2>\n\n\n\n<p>(1) Conditions g\u00e9n\u00e9rales de paiement pour les commandes en Allemagne : Nous livrons toujours sur facture. Les paiements en provenance de l'Allemagne doivent \u00eatre effectu\u00e9s \u00e0 100 % de la valeur de la marchandise sans d\u00e9duction dans un d\u00e9lai de 7 jours \u00e0 compter de la date annonc\u00e9e de la disponibilit\u00e9 de l'enl\u00e8vement. Les frais de montage sont payables sans d\u00e9duction dans les 5 jours suivant la fin du montage. Le cas \u00e9ch\u00e9ant, la commission d'aval est \u00e0 la charge de l'acheteur. En cas de retard de paiement, les frais de financement et de stockage sont factur\u00e9s conform\u00e9ment \u00e0 l'article 452 du Code civil allemand, \u00e0 raison de 15 % par an \u00e0 partir du 1er jour de retard, plus 25,00 \u20ac de frais de traitement par rappel.<\/p>\n\n\n\n<p>(2) Conditions g\u00e9n\u00e9rales de paiement pour les commandes en dehors de l'Allemagne : nous livrons en principe sur facture. Les paiements pour les commandes en provenance de l'\u00e9tranger ou pour les livraisons \u00e0 l'\u00e9tranger et pour les fabrications sp\u00e9ciales doivent \u00eatre effectu\u00e9s \u00e0 100 % de la valeur de la marchandise dans les 5 jours suivant la r\u00e9ception de l'acceptation de la commande, net et au comptant, sans d\u00e9duction. Les paiements depuis l'\u00e9tranger sont exempts de frais bancaires pour nous. Les demandes de remboursement de frais bancaires et de d\u00e9ductions injustifi\u00e9es sont toujours major\u00e9es de frais de traitement de 25,00 \u20ac. La marchandise reste notre propri\u00e9t\u00e9 jusqu'\u00e0 son paiement int\u00e9gral, ce qui inclut la r\u00e9serve de propri\u00e9t\u00e9 \u00e9tendue. Nous nous r\u00e9servons le droit d'appliquer des conditions de paiement plus restrictives.<\/p>\n\n\n\n<p>(3) Si le client ne remplit pas ponctuellement ses obligations de paiement ou s'il s'av\u00e8re que sa situation financi\u00e8re ne suffit plus pour l'octroi d'un cr\u00e9dit ou d'un d\u00e9lai de paiement, nous sommes en droit d'exiger le paiement imm\u00e9diat de toutes les cr\u00e9ances ouvertes ou de demander une garantie.<\/p>\n\n\n\n<h2 class=\"wp-block-heading\">4. compensation et droit de r\u00e9tention<\/h2>\n\n\n\n<p>(1) Le client ne dispose d'un droit de compensation que si sa contre-cr\u00e9ance a \u00e9t\u00e9 constat\u00e9e par un jugement ex\u00e9cutoire ou si nous ne la contestons pas.<\/p>\n\n\n\n<p>(2) Le client ne peut faire valoir un droit de r\u00e9tention que dans la mesure o\u00f9 sa contre-cr\u00e9ance repose sur la m\u00eame relation contractuelle.<\/p>\n\n\n\n<p>(3) Nous pouvons faire valoir un droit de r\u00e9tention sur toutes les commandes futures du client, m\u00eame reconnues, si le client ne remplit pas ses obligations de paiement.<\/p>\n\n\n\n<h2 class=\"wp-block-heading\">5. ex\u00e9cution de la commande, livraison, risque de transport, d\u00e9lais de livraison<\/h2>\n\n\n\n<p>(1) La r\u00e9alisation technique est effectu\u00e9e dans le respect des dispositions et prescriptions de la loi allemande, par ex. la directive BGR 234 et la ProdSG (loi sur la s\u00e9curit\u00e9 des produits), conform\u00e9ment \u00e0 la norme CE pour la version E ou aux directives de la CE, aux recommandations d'institutions comp\u00e9tentes ainsi qu'aux r\u00e8gles g\u00e9n\u00e9rales reconnues de la technique telles qu'elles s'appliquent aux \u00e9quipements de travail techniques, le cas \u00e9ch\u00e9ant avec une d\u00e9claration de conformit\u00e9 correspondante pour les produits \u00e9lectrifi\u00e9s (\u00e9quipements \u00e9lectriques selon la directive CE 206\/95\/CE). Nous ne garantissons pas la stabilit\u00e9 de la forme des produits stock\u00e9s lors de l'utilisation des rayonnages livr\u00e9s par nos soins. Nous nous r\u00e9servons le droit de proc\u00e9der \u00e0 tout moment et sans pr\u00e9avis \u00e0 des modifications techniques dans le but d'am\u00e9liorer nos produits.<\/p>\n\n\n\n<p>(2) Les mesures que nous prenons sont consid\u00e9r\u00e9es comme ayant \u00e9t\u00e9 command\u00e9es par l'acheteur, mais elles sont gratuites pour l'acheteur et ne nous engagent pas, de m\u00eame que tous nos conseils.<\/p>\n\n\n\n<p>(3) Nous pouvons faire appel \u00e0 des sous-traitants sans consultation pr\u00e9alable du donneur d'ordre, sans engagement et \u00e0 notre discr\u00e9tion, pour l'ex\u00e9cution de la commande.<\/p>\n\n\n\n<p>(4) L'exp\u00e9dition des marchandises s'effectue en respectant autant que possible le d\u00e9lai de livraison convenu, \u00e0 compter de la r\u00e9ception des plans d'ex\u00e9cution approuv\u00e9s et de l'acceptation de la commande contresign\u00e9e. Si de tels documents ne nous sont pas encore parvenus dans les 14 jours suivant leur d\u00e9part, ils sont n\u00e9anmoins consid\u00e9r\u00e9s comme accept\u00e9s par le donneur d'ordre et autoris\u00e9s pour la suite du traitement. Les frais de modifications ult\u00e9rieures sont \u00e0 la charge du donneur d'ordre.<\/p>\n\n\n\n<p>(5) Sauf accord contraire, la livraison des marchandises s'effectue d\u00e9part usine (EXW incoterms\u00ae 2020). Le droit d'enl\u00e8vement par le client doit \u00eatre exerc\u00e9 dans les 7 jours. Si les marchandises ne sont pas enlev\u00e9es dans le d\u00e9lai imparti, l'exp\u00e9dition est effectu\u00e9e par un transporteur de notre choix, \u00e0 vos frais. Risque de transport \u00e0 vos risques et p\u00e9rils, valeur de la marchandise assur\u00e9e.<\/p>\n\n\n\n<p>(6) Exp\u00e9dition franco domicile : CIP Incoterms\u00ae 2020. Par transporteur de notre choix, risque de transport \u00e0 vos risques, valeur de la marchandise assur\u00e9e, frais de transport \u00e0 notre charge, d\u00e9chargement et transport des pi\u00e8ces au lieu d'utilisation exclus.<\/p>\n\n\n\n<p>(7) Frais d'exp\u00e9dition forfaitaires pour les petites quantit\u00e9s : Les frais d'exp\u00e9dition forfaitaires s'\u00e9l\u00e8vent \u00e0 250\u20ac pour une valeur de commande &lt;5000\u20ac et concernent uniquement la livraison en Allemagne. L&#039;exp\u00e9dition est effectu\u00e9e selon les CIP Incoterms\u00ae 2020. Par un transporteur de notre choix, le risque de transport est \u00e0 votre charge, la valeur de la marchandise est assur\u00e9e, les frais de transport sont \u00e0 notre charge, \u00e0 l&#039;exclusion du d\u00e9chargement et du transport des pi\u00e8ces jusqu&#039;au lieu d&#039;utilisation.<\/p>\n\n\n\n<p>(8) Le risque est transf\u00e9r\u00e9 au client au moment de la remise de la marchandise \u00e0 l'exp\u00e9diteur, au transporteur ou \u00e0 tout autre tiers d\u00e9sign\u00e9 pour effectuer l'exp\u00e9dition. Le transfert commence en m\u00eame temps que le processus de chargement. Un retard de r\u00e9ception de la part du client entra\u00eene le transfert des risques.<\/p>\n\n\n\n<p>(9) Les d\u00e9passements de d\u00e9lai de livraison ne donnent pas lieu \u00e0 des obligations de d\u00e9dommagement. Nous ne reconnaissons en principe pas les p\u00e9nalit\u00e9s contractuelles. Nous sommes lib\u00e9r\u00e9s de notre prestation dans la mesure o\u00f9 nous n'avons pas \u00e9t\u00e9 livr\u00e9s \u00e0 temps par nos fournisseurs dans le cadre d'une op\u00e9ration de couverture concordante, \u00e0 moins que nous ne soyons nous-m\u00eames responsables de la non-livraison. Le client sera imm\u00e9diatement inform\u00e9 de l'absence de livraison.<\/p>\n\n\n\n<p>(10) Si le d\u00e9lai de livraison est d\u00e9pass\u00e9 de plus de 3 mois par notre faute, l'obligation de r\u00e9ceptionner la marchandise s'\u00e9teint pour le client.<\/p>\n\n\n\n<p>(11) Nous sommes autoris\u00e9s \u00e0 effectuer des livraisons partielles, dans la mesure o\u00f9 cela est acceptable pour le client, compte tenu des int\u00e9r\u00eats des deux parties. Les frais d'exp\u00e9dition suppl\u00e9mentaires sont \u00e0 la charge du client. Le risque est transf\u00e9r\u00e9 au client au moment de la remise de chaque livraison partielle.<\/p>\n\n\n\n<p>(12) Exp\u00e9dition en dehors de l'Union europ\u00e9enne avec un certificat de circulation des marchandises (CCM) EUR. 1 : La livraison en dehors de l'UE avec CCM EUR. 1 se fait uniquement d\u00e9part usine. Pour les marchandises d'une valeur sup\u00e9rieure \u00e0 6.000\u20ac, le CCM EUR. 1 est inclus. L'exp\u00e9dition est effectu\u00e9e par un transporteur de notre choix, risque de transport \u00e0 vos risques et p\u00e9rils, valeur de la marchandise assur\u00e9e, frais de transport \u00e0 votre charge.<\/p>\n\n\n\n<p>(13) Exp\u00e9dition en dehors de l'Union europ\u00e9enne avec proc\u00e9dure d'exportateur enregistr\u00e9 (REX) : Pour les exportations de l'UE vers des pays ayant conclu des accords de libre-\u00e9change, tels que le CETA (Canada), l'APE UE-Japon ou le TCA (accord de commerce et de coop\u00e9ration avec le Royaume-Uni), la livraison s'effectue exclusivement d\u00e9part usine. Les documents d'accompagnement \u00e0 l'exportation sont inclus. L'exp\u00e9dition est effectu\u00e9e par un transporteur de notre choix, risque de transport \u00e0 vos risques et p\u00e9rils, valeur de la marchandise assur\u00e9e, frais de transport \u00e0 votre charge.<\/p>\n\n\n\n<h2 class=\"wp-block-heading\">6. ex\u00e9cution et co\u00fbts de montage<\/h2>\n\n\n\n<p>(1) Conform\u00e9ment \u00e0 nos conditions de montage, sans engagement, \u00e9galement par des sous-traitants.<\/p>\n\n\n\n<p>(2) Les frais de montage sont payables dans les 5 jours suivant l'ach\u00e8vement du montage, nets et au comptant, sans aucune d\u00e9duction ; en cas de r\u00e9clamation justifi\u00e9e, qui nous est parvenue par \u00e9crit, sous d\u00e9duction d'un montant partiel appropri\u00e9 des frais de montage ; \u00e0 payer dans les 3 jours suivant l'ach\u00e8vement r\u00e9ussi des travaux de r\u00e9paration ; les travaux de r\u00e9paration d'une seule et m\u00eame chose d\u00e9fectueuse doivent \u00eatre accord\u00e9s deux fois. Gestion et facturation du montage sans engagement, y compris par des sous-traitants. Tarif horaire sur justificatif ou pour travail suppl\u00e9mentaire : \u20ac 80,00 + TVA.<\/p>\n\n\n\n<h2 class=\"wp-block-heading\">7. r\u00e9serve de propri\u00e9t\u00e9<\/h2>\n\n\n\n<p>(1) Nous nous r\u00e9servons la propri\u00e9t\u00e9 de la marchandise jusqu'au r\u00e8glement complet de toutes les cr\u00e9ances r\u00e9sultant de la relation commerciale en cours. Avant le transfert de propri\u00e9t\u00e9 de la marchandise sous r\u00e9serve de propri\u00e9t\u00e9, une mise en gage ou un transfert de propri\u00e9t\u00e9 \u00e0 titre de garantie n'est pas autoris\u00e9.<\/p>\n\n\n\n<p>(2) Le client peut revendre la marchandise dans le cadre de la marche normale des affaires. Dans ce cas, le client nous c\u00e8de d'ores et d\u00e9j\u00e0 toutes les cr\u00e9ances \u00e0 hauteur du montant de la facture qui r\u00e9sultent pour le client de la revente. Nous acceptons cette cession. Le client reste cependant autoris\u00e9 \u00e0 recouvrer les cr\u00e9ances. Dans la mesure o\u00f9 le client ne remplit pas correctement ses obligations de paiement, nous nous r\u00e9servons le droit de recouvrer nous-m\u00eames les cr\u00e9ances.<\/p>\n\n\n\n<p>(3) En cas d'association et de m\u00e9lange de la marchandise sous r\u00e9serve de propri\u00e9t\u00e9, nous acqu\u00e9rons la copropri\u00e9t\u00e9 de la nouvelle chose au prorata de la valeur factur\u00e9e de la marchandise sous r\u00e9serve de propri\u00e9t\u00e9 par rapport aux autres objets transform\u00e9s au moment de la transformation.<\/p>\n\n\n\n<p>(4) Nous nous engageons \u00e0 lib\u00e9rer sur demande les garanties auxquelles nous avons droit dans la mesure o\u00f9 la valeur r\u00e9alisable de nos garanties d\u00e9passe de plus de 10 % les cr\u00e9ances \u00e0 garantir. Le choix des garanties \u00e0 lib\u00e9rer nous incombe.<\/p>\n\n\n\n<h2 class=\"wp-block-heading\">8. garantie<\/h2>\n\n\n\n<p>(1) Sauf convention contraire expresse, les droits de garantie du client sont r\u00e9gis par les dispositions l\u00e9gales du droit de la vente (\u00a7\u00a7 433 et suivants du Code civil allemand) avec les modifications d\u00e9termin\u00e9es dans les paragraphes suivants.<\/p>\n\n\n\n<p>(2) Seules nos propres informations et la description du produit par le fabricant font foi en ce qui concerne la qualit\u00e9 de la marchandise, \u00e0 l'exclusion de toute publicit\u00e9 ou d\u00e9claration publique et de toute autre publicit\u00e9 du fabricant. Les \u00e9chantillons, les mat\u00e9riaux et la structure des produits peuvent diff\u00e9rer des informations fournies dans la boutique en ligne. Nos indications concernant l'objet de la livraison ou de la prestation, y compris les illustrations, ne sont que des descriptions approximatives, \u00e0 moins qu'une correspondance exacte ne soit n\u00e9cessaire pour l'objectif contractuel.<\/p>\n\n\n\n<p>(3) Vous \u00eates tenu d'examiner la marchandise avec le soin requis pour d\u00e9tecter les \u00e9carts de qualit\u00e9 et de quantit\u00e9 et de nous signaler tout d\u00e9faut apparent imm\u00e9diatement apr\u00e8s r\u00e9ception de la marchandise. Les alt\u00e9rations optiques caus\u00e9es par les travaux de soudure et de galvanisation \u00e0 chaud, ainsi que les \u00e9carts de dimensions habituels dans la construction de rayonnages, qui n'ont aucune influence sur le fonctionnement et la s\u00e9curit\u00e9 de fonctionnement du produit, ne donnent pas droit au client \u00e0 une r\u00e9paration ou \u00e0 une livraison de remplacement.  Ceci s'applique \u00e9galement aux vices cach\u00e9s constat\u00e9s ult\u00e9rieurement \u00e0 partir de leur d\u00e9couverte. En cas de violation de l'obligation d'examen et de r\u00e9clamation, la revendication des droits de garantie est exclue.<\/p>\n\n\n\n<p>(4) Les r\u00e9clamations doivent nous parvenir dans un d\u00e9lai de 8 jours apr\u00e8s la livraison de la marchandise (\u00a7446 et \u00a7434 al. 1 p.1 BGB) et ne donnent pas droit \u00e0 une retenue de paiement. En cas de d\u00e9faut, nous pouvons choisir de r\u00e9parer ou de remplacer la marchandise (ex\u00e9cution ult\u00e9rieure). En cas de r\u00e9paration, nous ne sommes pas tenus de prendre en charge les frais suppl\u00e9mentaires occasionn\u00e9s par le d\u00e9placement de la marchandise vers un lieu autre que le lieu d'ex\u00e9cution, dans la mesure o\u00f9 ce d\u00e9placement ne correspond pas \u00e0 l'utilisation pr\u00e9vue de la marchandise.<\/p>\n\n\n\n<p>(5) Si l'ex\u00e9cution ult\u00e9rieure \u00e9choue deux fois, le client peut, \u00e0 son choix, exiger une r\u00e9duction du prix ou r\u00e9silier le contrat.<\/p>\n\n\n\n<p>(6) La p\u00e9riode de garantie est de 2 ans \u00e0 partir de la livraison de la marchandise dans le cadre d'une utilisation appropri\u00e9e. Garantie 10 ans \u00a7 443 BGB (code civil allemand) en cas d'utilisation correcte de tous les produits storemaster\u00ae. Les dommages caus\u00e9s par une utilisation non conforme entra\u00eenent l'annulation de toute r\u00e9clamation. Tous les frais qui en d\u00e9coulent, y compris les frais d'expertise, sont \u00e0 la charge de l'utilisateur.<\/p>\n\n\n\n<p>(7) Si, dans un cas particulier, la livraison de produits d'occasion est convenue entre nous et le client, cela se fait \u00e0 l'exclusion de toute garantie.<\/p>\n\n\n\n<h2 class=\"wp-block-heading\">9. responsabilit\u00e9<\/h2>\n\n\n\n<p>(1) Responsabilit\u00e9 illimit\u00e9e : nous sommes responsables de mani\u00e8re illimit\u00e9e en cas de faute intentionnelle ou de n\u00e9gligence grave, ainsi que conform\u00e9ment \u00e0 la loi sur la responsabilit\u00e9 du fait des produits.<\/p>\n\n\n\n<p>(2) Par ailleurs, la responsabilit\u00e9 limit\u00e9e suivante s'applique : en cas de n\u00e9gligence l\u00e9g\u00e8re, nous ne sommes responsables qu'en cas de violation d'une obligation contractuelle essentielle dont l'ex\u00e9cution permet la bonne ex\u00e9cution du contrat et au respect de laquelle vous pouvez r\u00e9guli\u00e8rement vous fier (obligation cardinale). La responsabilit\u00e9 pour n\u00e9gligence l\u00e9g\u00e8re est limit\u00e9e aux dommages pr\u00e9visibles lors de la conclusion du contrat et dont la survenance est typique. Cette limitation de responsabilit\u00e9 s'applique \u00e9galement \u00e0 nos auxiliaires d'ex\u00e9cution.<\/p>\n\n\n\n<h2 class=\"wp-block-heading\">10. protection des donn\u00e9es<\/h2>\n\n\n\n<p>(1) Les donn\u00e9es que vous fournissez (par ex. layouts de halls, photos, listes de besoins, etc.) sont utilis\u00e9es et stock\u00e9es exclusivement pour l'\u00e9tablissement de l'offre. Elles sont soumises \u00e0 la confidentialit\u00e9 et ne sont pas transmises \u00e0 des tiers.<\/p>\n\n\n\n<h2 class=\"wp-block-heading\">11. dispositions finales<\/h2>\n\n\n\n<p>(1) Si une ou plusieurs dispositions des pr\u00e9sentes CGV sont ou deviennent invalides, la validit\u00e9 des autres dispositions n'en sera pas affect\u00e9e.<\/p>\n\n\n\n<p>(2) Seul le droit allemand s'applique aux contrats conclus entre vous et nous.<\/p>\n\n\n\n<p>(3) Si vous \u00eates un commer\u00e7ant, une personne morale de droit public ou un fonds sp\u00e9cial de droit public, le tribunal comp\u00e9tent pour tous les litiges d\u00e9coulant de ou li\u00e9s \u00e0 des contrats entre nous et les clients est celui de notre si\u00e8ge social.<\/p>","protected":false},"excerpt":{"rendered":"<p>1. Geltungsbereich und Anbieter (1) Diese Allgemeinen Gesch\u00e4ftsbedingungen gelten f\u00fcr alle Bestellungen, die Kunden bei storemaster GmbH &amp; Co.KG, Reihekamp 1 in 30890 Barsinghausen, t\u00e4tigen. (2) Das Warenangebot richtet sich ausschlie\u00dflich an Kunden, die als Unternehmer im Sinne von \u00a7 14 Abs. 1 BGB anzusehen sind, also bei Abschluss des Vertrages in Aus\u00fcbung seiner gewerblichen [&hellip;]<\/p>\n","protected":false},"author":1,"featured_media":0,"parent":0,"menu_order":0,"comment_status":"closed","ping_status":"closed","template":"","meta":{"_acf_changed":false,"_et_pb_use_builder":"off","_et_pb_old_content":"","_et_gb_content_width":"1080","footnotes":""},"dipi_cpt_category":[960],"class_list":["post-8272","page","type-page","status-publish","hentry","dipi_cpt_category-simple"],"acf":[],"_links":{"self":[{"href":"https:\/\/storemaster.de\/fr\/wp-json\/wp\/v2\/pages\/8272","targetHints":{"allow":["GET"]}}],"collection":[{"href":"https:\/\/storemaster.de\/fr\/wp-json\/wp\/v2\/pages"}],"about":[{"href":"https:\/\/storemaster.de\/fr\/wp-json\/wp\/v2\/types\/page"}],"author":[{"embeddable":true,"href":"https:\/\/storemaster.de\/fr\/wp-json\/wp\/v2\/users\/1"}],"replies":[{"embeddable":true,"href":"https:\/\/storemaster.de\/fr\/wp-json\/wp\/v2\/comments?post=8272"}],"version-history":[{"count":3,"href":"https:\/\/storemaster.de\/fr\/wp-json\/wp\/v2\/pages\/8272\/revisions"}],"predecessor-version":[{"id":18085422,"href":"https:\/\/storemaster.de\/fr\/wp-json\/wp\/v2\/pages\/8272\/revisions\/18085422"}],"wp:attachment":[{"href":"https:\/\/storemaster.de\/fr\/wp-json\/wp\/v2\/media?parent=8272"}],"wp:term":[{"taxonomy":"dipi_cpt_category","embeddable":true,"href":"https:\/\/storemaster.de\/fr\/wp-json\/wp\/v2\/dipi_cpt_category?post=8272"}],"curies":[{"name":"wp","href":"https:\/\/api.w.org\/{rel}","templated":true}]}}