{"id":6422,"date":"2023-01-05T14:08:01","date_gmt":"2023-01-05T13:08:01","guid":{"rendered":"https:\/\/storemaster.de\/?page_id=6422"},"modified":"2023-01-05T14:39:43","modified_gmt":"2023-01-05T13:39:43","slug":"philosophie-entreprise","status":"publish","type":"page","link":"https:\/\/storemaster.de\/fr\/ueber-uns\/firmenphilosophie\/","title":{"rendered":"Philosophie de l'entreprise"},"content":{"rendered":"<p>[et_pb_section fb_built=&#8220;1&#8243; admin_label=&#8220;Center Aligned Text &#8220; _builder_version=&#8220;4.16&#8243; background_enable_color=&#8220;off&#8220; use_background_color_gradient=&#8220;on&#8220; background_color_gradient_type=&#8220;circular&#8220; background_color_gradient_stops=&#8220;#ffe13f 0%|#ffc600 100%&#8220; background_color_gradient_start=&#8220;#ffe13f&#8220; background_color_gradient_end=&#8220;#ffc600&#8243; background_enable_image=&#8220;off&#8220; custom_padding=&#8220;0px|0px|0px|0px|false|false&#8220; animation_style=&#8220;zoom&#8220; animation_direction=&#8220;bottom&#8220; animation_intensity_zoom=&#8220;8%&#8220; animation_starting_opacity=&#8220;100%&#8220; global_colors_info=&#8220;{}&#8220;][et_pb_row _builder_version=&#8220;4.4.0&#8243; global_module=&#8220;831&#8243; saved_tabs=&#8220;all&#8220; global_colors_info=&#8220;{}&#8220;][et_pb_column type=&#8220;4_4&#8243; _builder_version=&#8220;4.16&#8243; custom_padding=&#8220;|||&#8220; global_colors_info=&#8220;{}&#8220; custom_padding__hover=&#8220;|||&#8220;][\/et_pb_column][\/et_pb_row][et_pb_row _builder_version=&#8220;4.16&#8243; background_size=&#8220;initial&#8220; background_position=&#8220;top_left&#8220; background_repeat=&#8220;repeat&#8220; custom_padding=&#8220;||0px|||&#8220; global_colors_info=&#8220;{}&#8220;][et_pb_column type=&#8220;4_4&#8243; _builder_version=&#8220;4.16&#8243; custom_padding=&#8220;|||&#8220; global_colors_info=&#8220;{}&#8220; custom_padding__hover=&#8220;|||&#8220;][et_pb_post_title meta=&#8220;off&#8220; featured_image=&#8220;off&#8220; _builder_version=&#8220;4.16&#8243; title_font=&#8220;Montserrat||||||||&#8220; title_text_align=&#8220;center&#8220; title_text_color=&#8220;#e00000&#8243; title_font_size=&#8220;36px&#8220; meta_font=&#8220;||||||||&#8220; meta_text_align=&#8220;center&#8220; meta_text_color=&#8220;#222222&#8243; meta_font_size=&#8220;18px&#8220; title_font_size_tablet=&#8220;26px&#8220; title_font_size_phone=&#8220;20px&#8220; title_font_size_last_edited=&#8220;on|desktop&#8220; meta_font_size_tablet=&#8220;&#8220; meta_font_size_phone=&#8220;16px&#8220; meta_font_size_last_edited=&#8220;on|phone&#8220; global_colors_info=&#8220;{}&#8220;][\/et_pb_post_title][et_pb_text _builder_version=&#8220;4.19.2&#8243; _module_preset=&#8220;default&#8220; header_3_text_align=&#8220;center&#8220; header_3_text_color=&#8220;#E00000&#8243; header_3_font_size=&#8220;24px&#8220; hover_enabled=&#8220;0&#8243; global_colors_info=&#8220;{}&#8220; text_font=&#8220;|700|||||||&#8220; text_font_size=&#8220;18px&#8220; text_line_height=&#8220;1.8em&#8220; text_orientation=&#8220;center&#8220; sticky_enabled=&#8220;0&#8243;]<span>Was k\u00f6nnen Sie von storemaster\u00ae erwarten?<\/span>[\/et_pb_text][et_pb_text module_class=&#8220;blindhelper&#8220; _builder_version=&#8220;4.16&#8243; global_colors_info=&#8220;{}&#8220;]Materialfluss-Planung und Systemberatung gehen Hand in Hand. Nach der Installation steht Ihnen unser after sales service zu Verf\u00fcgung.[\/et_pb_text][\/et_pb_column][\/et_pb_row][\/et_pb_section][et_pb_section fb_built=&#8220;1&#8243; _builder_version=&#8220;4.16&#8243; custom_padding=&#8220;54px||||false|false&#8220; global_colors_info=&#8220;{}&#8220;][et_pb_row _builder_version=&#8220;4.19.2&#8243; custom_margin=&#8220;||0px||false|false&#8220; custom_padding=&#8220;||0px||false|false&#8220; global_colors_info=&#8220;{}&#8220;][et_pb_column type=&#8220;4_4&#8243; _builder_version=&#8220;4.19.2&#8243; custom_padding=&#8220;|||&#8220; global_colors_info=&#8220;{}&#8220; custom_padding__hover=&#8220;|||&#8220;][dipi_timeline timeline_active_line_color=&#8220;#E00000&#8243; card_arrow_color=&#8220;#f4f4f4&#8243; _builder_version=&#8220;4.19.2&#8243; _module_preset=&#8220;default&#8220; global_colors_info=&#8220;{}&#8220;][dipi_timeline_item admin_label=&#8220;Prompte Reaktion auf Ihre Anfrage&#8220; title=&#8220;Prompte Reaktion auf Ihre Anfrage&#8220; timeline_icon=&#8220;&#x34;||divi||400&#8243; timeline_icon_color=&#8220;#FFFFFF&#8220; ribbon_circle_color=&#8220;#E00000&#8243; ribbon_use_icon_font_size=&#8220;on&#8220; timeline_icon_font_size=&#8220;24px&#8220; card_padding=&#8220;20px|30px|10px|30px|false|false&#8220; _builder_version=&#8220;4.19.2&#8243; _module_preset=&#8220;default&#8220; background_color=&#8220;#f4f4f4&#8243; background_enable_color=&#8220;on&#8220; global_colors_info=&#8220;{}&#8220; ribbon_circle_color__hover_enabled=&#8220;off|desktop&#8220;][\/dipi_timeline_item][dipi_timeline_item admin_label=&#8220;Detaillierte Aufnahme Ihrer Problemstellung&#8220; title=&#8220;Detaillierte Aufnahme Ihrer Problemstellung&#8220; timeline_icon=&#8220;&#x35;||divi||400&#8243; timeline_icon_color=&#8220;#FFFFFF&#8220; ribbon_circle_color=&#8220;#E00000&#8243; ribbon_use_icon_font_size=&#8220;on&#8220; timeline_icon_font_size=&#8220;24px&#8220; card_padding=&#8220;20px|30px|10px|30px|false|false&#8220; _builder_version=&#8220;4.19.2&#8243; _module_preset=&#8220;default&#8220; background_color=&#8220;#f4f4f4&#8243; background_enable_color=&#8220;on&#8220; global_colors_info=&#8220;{}&#8220;][\/dipi_timeline_item][dipi_timeline_item admin_label=&#8220;Erste L\u00f6sungs-Tipps und -Vorschl\u00e4ge bereits telefonisch oder per E-Mail&#8220; title=&#8220;Erste L\u00f6sungs-Tipps und -Vorschl\u00e4ge bereits telefonisch oder per E-Mail&#8220; timeline_icon=&#8220;&#x34;||divi||400&#8243; timeline_icon_color=&#8220;#FFFFFF&#8220; ribbon_circle_color=&#8220;#E00000&#8243; ribbon_use_icon_font_size=&#8220;on&#8220; timeline_icon_font_size=&#8220;24px&#8220; card_padding=&#8220;20px|30px|10px|30px|false|false&#8220; _builder_version=&#8220;4.19.2&#8243; _module_preset=&#8220;default&#8220; background_color=&#8220;#f4f4f4&#8243; background_enable_color=&#8220;on&#8220; global_colors_info=&#8220;{}&#8220;][\/dipi_timeline_item][dipi_timeline_item admin_label=&#8220;Innovative Produkt-Neu-Entwicklung bei system-abweichenden Herausforderungen&#8220; title=&#8220;Innovative Produkt-Neu-Entwicklung bei system-abweichenden Herausforderungen&#8220; timeline_icon=&#8220;&#x35;||divi||400&#8243; timeline_icon_color=&#8220;#FFFFFF&#8220; ribbon_circle_color=&#8220;#E00000&#8243; ribbon_use_icon_font_size=&#8220;on&#8220; timeline_icon_font_size=&#8220;24px&#8220; card_padding=&#8220;20px|30px|10px|30px|false|false&#8220; _builder_version=&#8220;4.19.2&#8243; _module_preset=&#8220;default&#8220; background_color=&#8220;#f4f4f4&#8243; background_enable_color=&#8220;on&#8220; global_colors_info=&#8220;{}&#8220;][\/dipi_timeline_item][dipi_timeline_item admin_label=&#8220;Orientierungs-Angebot mit bereits umfassenden System-Informationen&#8220; title=&#8220;Orientierungs-Angebot mit bereits umfassenden System-Informationen&#8220; timeline_icon=&#8220;&#x34;||divi||400&#8243; timeline_icon_color=&#8220;#FFFFFF&#8220; ribbon_circle_color=&#8220;#E00000&#8243; ribbon_use_icon_font_size=&#8220;on&#8220; timeline_icon_font_size=&#8220;24px&#8220; card_padding=&#8220;20px|30px|10px|30px|false|false&#8220; _builder_version=&#8220;4.19.2&#8243; _module_preset=&#8220;default&#8220; background_color=&#8220;#f4f4f4&#8243; background_enable_color=&#8220;on&#8220; global_colors_info=&#8220;{}&#8220;][\/dipi_timeline_item][dipi_timeline_item admin_label=&#8220;Beratungsbesuch in Ihrem Werk zur Feststellung der \u00f6rtlichen Gegebenheiten&#8220; title=&#8220;Beratungsbesuch in Ihrem Werk zur Feststellung der \u00f6rtlichen Gegebenheiten&#8220; timeline_icon=&#8220;&#x35;||divi||400&#8243; timeline_icon_color=&#8220;#FFFFFF&#8220; ribbon_circle_color=&#8220;#E00000&#8243; ribbon_use_icon_font_size=&#8220;on&#8220; timeline_icon_font_size=&#8220;24px&#8220; card_padding=&#8220;20px|30px|10px|30px|false|false&#8220; _builder_version=&#8220;4.19.2&#8243; _module_preset=&#8220;default&#8220; background_color=&#8220;#f4f4f4&#8243; background_enable_color=&#8220;on&#8220; global_colors_info=&#8220;{}&#8220;][\/dipi_timeline_item][dipi_timeline_item admin_label=&#8220;Aufkl\u00e4rung \u00fcber die Vor- und Nachteile aller in Praxis vorkommenden Lagersysteme&#8220; title=&#8220;Aufkl\u00e4rung \u00fcber die Vor- und Nachteile aller in Praxis vorkommenden Lagersysteme&#8220; timeline_icon=&#8220;&#x34;||divi||400&#8243; timeline_icon_color=&#8220;#FFFFFF&#8220; ribbon_circle_color=&#8220;#E00000&#8243; ribbon_use_icon_font_size=&#8220;on&#8220; timeline_icon_font_size=&#8220;24px&#8220; card_padding=&#8220;20px|30px|10px|30px|false|false&#8220; _builder_version=&#8220;4.19.2&#8243; _module_preset=&#8220;default&#8220; background_color=&#8220;#f4f4f4&#8243; background_enable_color=&#8220;on&#8220; global_colors_info=&#8220;{}&#8220;][\/dipi_timeline_item][dipi_timeline_item admin_label=&#8220;Individuelle Materialfluss- und Anlagenplanung durch Fachingenieure&#8220; title=&#8220;Individuelle Materialfluss- und Anlagenplanung durch Fachingenieure&#8220; timeline_icon=&#8220;&#x35;||divi||400&#8243; timeline_icon_color=&#8220;#FFFFFF&#8220; ribbon_circle_color=&#8220;#E00000&#8243; ribbon_use_icon_font_size=&#8220;on&#8220; timeline_icon_font_size=&#8220;24px&#8220; card_padding=&#8220;20px|30px|10px|30px|false|false&#8220; _builder_version=&#8220;4.19.2&#8243; _module_preset=&#8220;default&#8220; background_color=&#8220;#f4f4f4&#8243; background_enable_color=&#8220;on&#8220; global_colors_info=&#8220;{}&#8220;][\/dipi_timeline_item][dipi_timeline_item admin_label=&#8220;Layout-Vorschl\u00e4ge mit rationeller Gestaltung einer fertigungs-integrierten Lagertechnik&#8220; title=&#8220;Layout-Vorschl\u00e4ge mit rationeller Gestaltung einer fertigungs-integrierten Lagertechnik&#8220; timeline_icon=&#8220;&#x34;||divi||400&#8243; timeline_icon_color=&#8220;#FFFFFF&#8220; ribbon_circle_color=&#8220;#E00000&#8243; ribbon_use_icon_font_size=&#8220;on&#8220; timeline_icon_font_size=&#8220;24px&#8220; card_padding=&#8220;20px|30px|10px|30px|false|false&#8220; _builder_version=&#8220;4.19.2&#8243; _module_preset=&#8220;default&#8220; background_color=&#8220;#f4f4f4&#8243; background_enable_color=&#8220;on&#8220; global_colors_info=&#8220;{}&#8220;][\/dipi_timeline_item][dipi_timeline_item admin_label=&#8220;Entscheidung f\u00fcr die L\u00f6sungs-Variante mit dem &#8220; title=&#8220;Entscheidung f\u00fcr die L\u00f6sungs-Variante mit dem optimalen Nutzeffekt in Bezug auf Raum-, Zeit- u. Energie-Einsparungen, Ordnung, \u00dcbersicht, zukunfts-orientierte Flexibilit\u00e4t, Unfallsicherheit, werterhaltendes Qualit\u00e4ts-Bewusstsein und umwelt-gem\u00e4\u00dfer Nachhaltigkeit&#8220; timeline_icon=&#8220;&#x35;||divi||400&#8243; timeline_icon_color=&#8220;#FFFFFF&#8220; ribbon_circle_color=&#8220;#E00000&#8243; ribbon_use_icon_font_size=&#8220;on&#8220; timeline_icon_font_size=&#8220;24px&#8220; card_padding=&#8220;20px|30px|10px|30px|false|false&#8220; _builder_version=&#8220;4.19.2&#8243; _module_preset=&#8220;default&#8220; background_color=&#8220;#f4f4f4&#8243; background_enable_color=&#8220;on&#8220; global_colors_info=&#8220;{}&#8220;][\/dipi_timeline_item][dipi_timeline_item admin_label=&#8220;Vernunfts-bestimmten, respektvollen Umgang auf Gegenseitigkeit unter dem Verhaltens-Kodex von Fairness, Anstand, Aufrichtigkeit, Verst\u00e4ndnis und Kulanz&#8220; title=&#8220;Vernunfts-bestimmten, respektvollen Umgang auf Gegenseitigkeit unter dem Verhaltens-Kodex von Fairness, Anstand, Aufrichtigkeit, Verst\u00e4ndnis und Kulanz&#8220; timeline_icon=&#8220;&#x34;||divi||400&#8243; timeline_icon_color=&#8220;#FFFFFF&#8220; ribbon_circle_color=&#8220;#E00000&#8243; ribbon_use_icon_font_size=&#8220;on&#8220; timeline_icon_font_size=&#8220;24px&#8220; card_padding=&#8220;20px|30px|10px|30px|false|false&#8220; _builder_version=&#8220;4.19.2&#8243; _module_preset=&#8220;default&#8220; background_color=&#8220;#f4f4f4&#8243; background_enable_color=&#8220;on&#8220; global_colors_info=&#8220;{}&#8220;][\/dipi_timeline_item][dipi_timeline_item admin_label=&#8220;Finale Kostenermittlung, Auftragsannahme und z\u00fcgige Auftragsbearbeitung bei &#8220; title=&#8220;Finale Kostenermittlung, Auftragsannahme und z\u00fcgige Auftragsbearbeitung bei Detail-Projektierung, Konstruktion, Material-Beschaffung u. Produktion unter kontinuierlicher Abstimmung mit dem Auftraggeber in Bezug auf Fertigungsfortschritt und Versandtermin&#8220; timeline_icon=&#8220;&#x35;||divi||400&#8243; timeline_icon_color=&#8220;#FFFFFF&#8220; ribbon_circle_color=&#8220;#E00000&#8243; ribbon_use_icon_font_size=&#8220;on&#8220; timeline_icon_font_size=&#8220;24px&#8220; card_padding=&#8220;20px|30px|10px|30px|false|false&#8220; _builder_version=&#8220;4.19.2&#8243; _module_preset=&#8220;default&#8220; background_color=&#8220;#f4f4f4&#8243; background_enable_color=&#8220;on&#8220; global_colors_info=&#8220;{}&#8220;][\/dipi_timeline_item][dipi_timeline_item admin_label=&#8220;Den Erwerb innovativer, techn. durchdachter, qualitativ hochwertiger Logistik-Produkte&#8220; title=&#8220;Den Erwerb innovativer, techn. durchdachter, qualitativ hochwertiger Logistik-Produkte&#8220; timeline_icon=&#8220;&#x34;||divi||400&#8243; timeline_icon_color=&#8220;#FFFFFF&#8220; ribbon_circle_color=&#8220;#E00000&#8243; ribbon_use_icon_font_size=&#8220;on&#8220; timeline_icon_font_size=&#8220;24px&#8220; card_padding=&#8220;20px|30px|10px|30px|false|false&#8220; _builder_version=&#8220;4.19.2&#8243; _module_preset=&#8220;default&#8220; background_color=&#8220;#f4f4f4&#8243; background_enable_color=&#8220;on&#8220; global_colors_info=&#8220;{}&#8220;][\/dipi_timeline_item][dipi_timeline_item admin_label=&#8220;Eine langfristig angelegte Gesch\u00e4ftsverbindung zu beiderseitigem Nutzen&#8220; title=&#8220;Eine langfristig angelegte Gesch\u00e4ftsverbindung zu beiderseitigem Nutzen&#8220; timeline_icon=&#8220;&#x35;||divi||400&#8243; timeline_icon_color=&#8220;#FFFFFF&#8220; ribbon_circle_color=&#8220;#E00000&#8243; ribbon_use_icon_font_size=&#8220;on&#8220; timeline_icon_font_size=&#8220;24px&#8220; card_padding=&#8220;20px|30px|10px|30px|false|false&#8220; _builder_version=&#8220;4.19.2&#8243; _module_preset=&#8220;default&#8220; background_color=&#8220;#f4f4f4&#8243; background_enable_color=&#8220;on&#8220; global_colors_info=&#8220;{}&#8220;][\/dipi_timeline_item][dipi_timeline_item admin_label=&#8220;Das Alleinstellungsmerkmal: Planungs- und Projektierungs-Kompetenz f\u00fcr Logistik-Systeme auf h\u00f6chstem Niveau&#8220; title=&#8220;Das Alleinstellungsmerkmal: Planungs- und Projektierungs-Kompetenz f\u00fcr Logistik-Systeme auf h\u00f6chstem Niveau&#8220; timeline_icon=&#8220;&#x34;||divi||400&#8243; timeline_icon_color=&#8220;#FFFFFF&#8220; ribbon_circle_color=&#8220;#E00000&#8243; ribbon_use_icon_font_size=&#8220;on&#8220; timeline_icon_font_size=&#8220;24px&#8220; card_padding=&#8220;20px|30px|10px|30px|false|false&#8220; _builder_version=&#8220;4.19.2&#8243; _module_preset=&#8220;default&#8220; background_color=&#8220;#f4f4f4&#8243; background_enable_color=&#8220;on&#8220; global_colors_info=&#8220;{}&#8220;][\/dipi_timeline_item][dipi_timeline_item admin_label=&#8220;J\u00e4hrl. Regal-Inspektion gem\u00e4\u00df DIN EN 15635 und DGUV-Regelwerk, incl. Pr\u00fcfplakette&#8220; title=&#8220;J\u00e4hrl. Regal-Inspektion gem\u00e4\u00df DIN EN 15635 und DGUV-Regelwerk, incl. Pr\u00fcfplakette&#8220; timeline_icon=&#8220;&#x35;||divi||400&#8243; timeline_icon_color=&#8220;#FFFFFF&#8220; ribbon_circle_color=&#8220;#E00000&#8243; ribbon_use_icon_font_size=&#8220;on&#8220; timeline_icon_font_size=&#8220;24px&#8220; card_padding=&#8220;20px|30px|10px|30px|false|false&#8220; _builder_version=&#8220;4.19.2&#8243; _module_preset=&#8220;default&#8220; background_color=&#8220;#f4f4f4&#8243; background_enable_color=&#8220;on&#8220; global_colors_info=&#8220;{}&#8220;][\/dipi_timeline_item][dipi_timeline_item admin_label=&#8220;Last but not least: Aftersales \u2013 nicht weniger wichtig als ein hochwertiges Produkt&#8220; title=&#8220;Last but not least: Aftersales \u2013 nicht weniger wichtig als ein hochwertiges Produkt&#8220; timeline_icon=&#8220;&#x34;||divi||400&#8243; timeline_icon_color=&#8220;#FFFFFF&#8220; ribbon_circle_color=&#8220;#E00000&#8243; ribbon_use_icon_font_size=&#8220;on&#8220; timeline_icon_font_size=&#8220;24px&#8220; card_padding=&#8220;20px|30px|10px|30px|false|false&#8220; _builder_version=&#8220;4.19.2&#8243; _module_preset=&#8220;default&#8220; background_color=&#8220;#f4f4f4&#8243; background_enable_color=&#8220;on&#8220; global_colors_info=&#8220;{}&#8220;][\/dipi_timeline_item][\/dipi_timeline][et_pb_text _builder_version=&#8220;4.19.2&#8243; _module_preset=&#8220;default&#8220; header_3_text_align=&#8220;center&#8220; header_3_text_color=&#8220;#E00000&#8243; header_3_font_size=&#8220;24px&#8220; custom_margin=&#8220;100px||||false|false&#8220; global_colors_info=&#8220;{}&#8220;]<\/p>\n<h3>\u00a0Kundenbetreuung wann immer Sie uns brauchen \u2013 direkt und unkonventionell<\/h3>\n<p>[\/et_pb_text][et_pb_code module_class=&#8220;blindhelper&#8220; _builder_version=&#8220;4.16&#8243; global_colors_info=&#8220;{}&#8220;]Die von storemaster\u00ae entwickelten Schwerlast-Systeme dienen der Material-Zuf\u00fchrung an vorwiegend metallverarbeitenden Maschinen. Zur Wege- u. Zeitersparnis wird versucht, soviel wie m\u00f6glich der der Maschine zugeordneten Material-Sorten in n\u00e4chster Maschinen-N\u00e4he zu plazieren und dabei jede einzelne Sorte f\u00fcr einen schnellen Zugriff bereitgestellt zu bekommen. Mit dem effektiven Einsatz der daf\u00fcr geeigneten MaterialHandlingLagerSysteme verbindet sich neben der Sicherheit beim Transportieren und Lagern, sowie der Verwendung unfall-verh\u00fctender ergonomisch durchdachten Handling-Einrichtungen im Besonderen auch eine \u00e4u\u00dferst raum-sparende Lagerung bei gleichzeitig \u00fcbersichtlicher Lagerordnung im Sinne einer effizienten Waren- u. Lagerwirtschaft, wie sie durch die 1998 von storemaster\u00ae kreierten holzfreien Blechpakete-Lagerung m\u00f6glich geworden ist. F\u00fcr Aufbewahrung und Transport dienen speziell auf Materialart, Gewicht und Kubatur des Lagergutes ausgelegte Ladungstr\u00e4ger wie Schubladen, Flats, Gestelle, Paletten und Kassetten. Die Bewegung der Materialien \u00fcbernehmen Transport- u. F\u00f6rderger\u00e4te wie Stapler, Krananlagen, Hebezeuge, Manipulatoren und Roboter. Per Kran-, Roboter oder Stapler lassen sich Schubladen bedienen; f\u00fcr die reine Stapler-Bedienung kommen Lagert\u00fcrme verschiedener Art und Dimensionierung zum Einsatz. Alle Ladungstr\u00e4ger und Systeme zeichnen sich durch besonders hohe Lagerdichte und komfortable Handling-Eigenschaften aus.[\/et_pb_code][\/et_pb_column][\/et_pb_row][\/et_pb_section][et_pb_section fb_built=&#8220;1&#8243; admin_label=&#8220;Get Started CTA&#8220; _builder_version=&#8220;3.13&#8243; custom_padding=&#8220;0px|0px|0|0px|false|false&#8220; custom_css_main_element=&#8220;position: relative;||z-index: 1;||background: linear-gradient(to bottom, #ffffff 80%, #222222 20%);&#8220; global_module=&#8220;1406&#8243; saved_tabs=&#8220;all&#8220; collapsed=&#8220;off&#8220; global_colors_info=&#8220;{}&#8220;][et_pb_row column_structure=&#8220;2_3,1_3&#8243; admin_label=&#8220;CTA Row&#8220; module_class=&#8220;cta-produkt&#8220; _builder_version=&#8220;4.16&#8243; use_background_color_gradient=&#8220;on&#8220; background_color_gradient_type=&#8220;circular&#8220; background_color_gradient_stops=&#8220;#ffe13f 0%|#ffc600 100%&#8220; background_color_gradient_start=&#8220;#ffe13f&#8220; background_color_gradient_end=&#8220;#ffc600&#8243; custom_margin=&#8220;|||&#8220; custom_padding=&#8220;32px|40px||40px&#8220; animation_style=&#8220;zoom&#8220; animation_direction=&#8220;bottom&#8220; animation_intensity_zoom=&#8220;5%&#8220; custom_css_main_element=&#8220;position: relative;||z-index: 3;&#8220; border_radii=&#8220;on|4px|4px|4px|4px&#8220; global_colors_info=&#8220;{}&#8220;][et_pb_column type=&#8220;2_3&#8243; _builder_version=&#8220;4.16&#8243; custom_padding=&#8220;|||&#8220; global_colors_info=&#8220;{}&#8220; custom_padding__hover=&#8220;|||&#8220;][et_pb_text _builder_version=&#8220;4.16&#8243; text_font=&#8220;Nunito Sans||||||||&#8220; text_text_color=&#8220;#ffffff&#8220; text_font_size=&#8220;15px&#8220; header_font=&#8220;Montserrat|700|||||||&#8220; header_text_align=&#8220;left&#8220; header_text_color=&#8220;#ffffff&#8220; header_font_size=&#8220;35px&#8220; header_line_height=&#8220;1.4em&#8220; header_2_font=&#8220;Montserrat|700|||||||&#8220; header_2_text_align=&#8220;left&#8220; header_2_text_color=&#8220;#ffffff&#8220; header_2_font_size=&#8220;30px&#8220; header_2_line_height=&#8220;1.4em&#8220; header_3_font=&#8220;||||||||&#8220; header_4_font=&#8220;||||||||&#8220; header_5_font=&#8220;||||||||&#8220; header_6_font=&#8220;||||||||&#8220; custom_margin=&#8220;||| &#8220; header_font_size_tablet=&#8220;27px&#8220; header_font_size_phone=&#8220;&#8220; header_font_size_last_edited=&#8220;on|tablet&#8220; header_line_height_tablet=&#8220;&#8220; header_line_height_phone=&#8220;&#8220; header_line_height_last_edited=&#8220;on|phone&#8220; header_2_font_size_tablet=&#8220;28px&#8220; header_2_font_size_phone=&#8220;20px&#8220; header_2_font_size_last_edited=&#8220;on|phone&#8220; global_colors_info=&#8220;{}&#8220;]<\/p>\n<h2>M\u00f6chten Sie mehr erfahren?<\/h2>\n<p>[\/et_pb_text][\/et_pb_column][et_pb_column type=&#8220;1_3&#8243; _builder_version=&#8220;4.16&#8243; custom_padding=&#8220;|||&#8220; global_colors_info=&#8220;{}&#8220; custom_padding__hover=&#8220;|||&#8220;][et_pb_button button_url=&#8220;#open&#8220; button_text=&#8220;Angebot anfragen \u226b&#8220; button_alignment=&#8220;right&#8220; module_id=&#8220;overlay_unique_id_1400&#8243; _builder_version=&#8220;4.16&#8243; custom_button=&#8220;on&#8220; button_text_size=&#8220;14px&#8220; button_text_color=&#8220;#ffffff&#8220; button_bg_color=&#8220;#e00000&#8243; button_bg_color_gradient_direction=&#8220;243deg&#8220; button_bg_color_gradient_stops=&#8220;#3D72E7 0%|#53a0fe 100%&#8220; button_bg_color_gradient_start=&#8220;#3D72E7&#8243; button_bg_color_gradient_end=&#8220;#53a0fe&#8220; button_border_width=&#8220;0px&#8220; button_border_radius=&#8220;50px&#8220; button_letter_spacing=&#8220;0px&#8220; button_font=&#8220;Montserrat|700||on|||||&#8220; button_use_icon=&#8220;off&#8220; background_layout=&#8220;dark&#8220; custom_margin=&#8220;|||&#8220; custom_padding=&#8220;15px|35px|15px|35px|false|false&#8220; button_text_color_hover=&#8220;#e00000&#8243; button_border_radius_hover=&#8220;26px&#8220; button_letter_spacing_hover=&#8220;1px&#8220; button_bg_color_hover=&#8220;#ffffff&#8220; global_colors_info=&#8220;{}&#8220; button_text_size__hover_enabled=&#8220;off&#8220; button_one_text_size__hover_enabled=&#8220;off&#8220; button_two_text_size__hover_enabled=&#8220;off&#8220; button_text_color__hover_enabled=&#8220;on|desktop&#8220; button_text_color__hover=&#8220;#ffffff&#8220; button_one_text_color__hover_enabled=&#8220;off&#8220; button_two_text_color__hover_enabled=&#8220;off&#8220; button_border_width__hover_enabled=&#8220;off&#8220; button_one_border_width__hover_enabled=&#8220;off&#8220; button_two_border_width__hover_enabled=&#8220;off&#8220; button_border_color__hover_enabled=&#8220;off&#8220; button_one_border_color__hover_enabled=&#8220;off&#8220; button_two_border_color__hover_enabled=&#8220;off&#8220; button_border_radius__hover_enabled=&#8220;off|desktop&#8220; button_border_radius__hover=&#8220;26px&#8220; button_one_border_radius__hover_enabled=&#8220;off&#8220; button_two_border_radius__hover_enabled=&#8220;off&#8220; button_letter_spacing__hover_enabled=&#8220;off|hover&#8220; button_one_letter_spacing__hover_enabled=&#8220;off&#8220; button_two_letter_spacing__hover_enabled=&#8220;off&#8220; button_bg_color__hover_enabled=&#8220;on|desktop&#8220; button_bg_color__hover=&#8220;#e00000&#8243; button_one_bg_color__hover_enabled=&#8220;off&#8220; button_two_bg_color__hover_enabled=&#8220;off&#8220; transform_styles__hover_enabled=&#8220;on|hover&#8220; transform_scale__hover_enabled=&#8220;on|hover&#8220; transform_translate__hover_enabled=&#8220;on|desktop&#8220; transform_rotate__hover_enabled=&#8220;on|desktop&#8220; transform_skew__hover_enabled=&#8220;on|desktop&#8220; transform_origin__hover_enabled=&#8220;on|desktop&#8220; transform_scale__hover=&#8220;110%|110%&#8220; button_bg_enable_color__hover=&#8220;on&#8220; custom_css_main_element__hover_enabled=&#8220;on|hover&#8220; custom_css_main_element__hover=&#8220;background-color: #e00000 !important;||background-color: rgba(224, 0, 0, 1) !important;&#8220;][\/et_pb_button][\/et_pb_column][\/et_pb_row][\/et_pb_section]<\/p>\n","protected":false},"excerpt":{"rendered":"<p>La planification de la manutention et le conseil sur le syst\u00e8me vont de pair. Apr\u00e8s l'installation, notre service apr\u00e8s-vente est \u00e0 votre disposition.<\/p>","protected":false},"author":13,"featured_media":0,"parent":3888,"menu_order":0,"comment_status":"closed","ping_status":"closed","template":"","meta":{"_acf_changed":false,"_et_pb_use_builder":"on","_et_pb_old_content":"","_et_gb_content_width":"","footnotes":""},"dipi_cpt_category":[],"class_list":["post-6422","page","type-page","status-publish","hentry"],"acf":[],"_links":{"self":[{"href":"https:\/\/storemaster.de\/fr\/wp-json\/wp\/v2\/pages\/6422","targetHints":{"allow":["GET"]}}],"collection":[{"href":"https:\/\/storemaster.de\/fr\/wp-json\/wp\/v2\/pages"}],"about":[{"href":"https:\/\/storemaster.de\/fr\/wp-json\/wp\/v2\/types\/page"}],"author":[{"embeddable":true,"href":"https:\/\/storemaster.de\/fr\/wp-json\/wp\/v2\/users\/13"}],"replies":[{"embeddable":true,"href":"https:\/\/storemaster.de\/fr\/wp-json\/wp\/v2\/comments?post=6422"}],"version-history":[{"count":0,"href":"https:\/\/storemaster.de\/fr\/wp-json\/wp\/v2\/pages\/6422\/revisions"}],"up":[{"embeddable":true,"href":"https:\/\/storemaster.de\/fr\/wp-json\/wp\/v2\/pages\/3888"}],"wp:attachment":[{"href":"https:\/\/storemaster.de\/fr\/wp-json\/wp\/v2\/media?parent=6422"}],"wp:term":[{"taxonomy":"dipi_cpt_category","embeddable":true,"href":"https:\/\/storemaster.de\/fr\/wp-json\/wp\/v2\/dipi_cpt_category?post=6422"}],"curies":[{"name":"wp","href":"https:\/\/api.w.org\/{rel}","templated":true}]}}