{"id":18084690,"date":"2025-02-24T13:18:03","date_gmt":"2025-02-24T12:18:03","guid":{"rendered":"https:\/\/storemaster.de\/?page_id=18084690"},"modified":"2026-03-25T05:34:11","modified_gmt":"2026-03-25T04:34:11","slug":"porte-charges","status":"publish","type":"page","link":"https:\/\/storemaster.de\/fr\/ladungstraeger\/","title":{"rendered":"Supports de chargements pour paquets de t\u00f4le et produits longs tels que tubes et profil\u00e9s"},"content":{"rendered":"\n[et_pb_section fb_built=&#8220;1&#8243; admin_label=&#8220;Center Aligned Text &#8220; _builder_version=&#8220;4.27.4&#8243; background_color=&#8220;#f8fbfe&#8220; use_background_color_gradient=&#8220;on&#8220; background_color_gradient_type=&#8220;circular&#8220; background_color_gradient_stops=&#8220;#ffe13f 0%|#ffc600 100%&#8220; background_color_gradient_start=&#8220;#ffe13f&#8220; background_color_gradient_end=&#8220;#ffc600&#8243; background_image=&#8220;https:\/\/storemaster.de\/wp-content\/uploads\/2018\/09\/geometric-bg-overlay-01.jpg&#8220; background_blend=&#8220;overlay&#8220; custom_padding=&#8220;3vw|0px|3vw|0px|false|false&#8220; animation_style=&#8220;zoom&#8220; animation_direction=&#8220;bottom&#8220; animation_intensity_zoom=&#8220;8%&#8220; animation_starting_opacity=&#8220;100%&#8220; custom_css_main_element=&#8220;display: flex;||flex-direction: column;||align-items: center;||justify-content: center;&#8220; global_colors_info=&#8220;{}&#8220;][et_pb_row _builder_version=&#8220;4.27.4&#8243; max_width=&#8220;800px&#8220; module_alignment=&#8220;center&#8220; custom_padding=&#8220;0px||0px||true|false&#8220; global_colors_info=&#8220;{}&#8220;][et_pb_column type=&#8220;4_4&#8243; _builder_version=&#8220;4.16&#8243; custom_padding=&#8220;|||&#8220; global_colors_info=&#8220;{}&#8220; custom_padding__hover=&#8220;|||&#8220;][et_pb_post_title meta=&#8220;off&#8220; featured_image=&#8220;off&#8220; _builder_version=&#8220;4.27.4&#8243; title_font=&#8220;Montserrat||||||||&#8220; title_text_align=&#8220;center&#8220; title_text_color=&#8220;#e00000&#8243; title_font_size=&#8220;36px&#8220; meta_font=&#8220;||||||||&#8220; meta_text_align=&#8220;center&#8220; meta_text_color=&#8220;#222222&#8243; meta_font_size=&#8220;18px&#8220; custom_margin=&#8220;||1em||false|false&#8220; title_font_size_tablet=&#8220;26px&#8220; title_font_size_phone=&#8220;20px&#8220; title_font_size_last_edited=&#8220;on|desktop&#8220; meta_font_size_tablet=&#8220;&#8220; meta_font_size_phone=&#8220;16px&#8220; meta_font_size_last_edited=&#8220;on|phone&#8220; global_colors_info=&#8220;{}&#8220;][\/et_pb_post_title][et_pb_text _builder_version=&#8220;4.17.3&#8243; text_font=&#8220;Montserrat|700|||||||&#8220; text_text_color=&#8220;#222222&#8243; text_font_size=&#8220;18px&#8220; text_line_height=&#8220;1.8em&#8220; header_font=&#8220;Montserrat|700|||||||&#8220; header_text_color=&#8220;#e00000&#8243; header_font_size=&#8220;36px&#8220; header_line_height=&#8220;1.3em&#8220; header_2_font=&#8220;||||||||&#8220; text_orientation=&#8220;center&#8220; background_layout=&#8220;dark&#8220; max_width=&#8220;700px&#8220; module_alignment=&#8220;center&#8220; text_font_size_tablet=&#8220;&#8220; text_font_size_phone=&#8220;14px&#8220; text_font_size_last_edited=&#8220;on|phone&#8220; text_line_height_tablet=&#8220;&#8220; text_line_height_phone=&#8220;1.4em&#8220; text_line_height_last_edited=&#8220;on|phone&#8220; header_font_size_tablet=&#8220;26px&#8220; header_font_size_phone=&#8220;20px&#8220; header_font_size_last_edited=&#8220;on|phone&#8220; global_colors_info=&#8220;{}&#8220;]Systempaletten \/ Flats  &#8211;  <b>feuerverzinkt nach DIN EN ISO 1461<\/b>[\/et_pb_text][\/et_pb_column][\/et_pb_row][\/et_pb_section][et_pb_section fb_built=&#8220;1&#8243; admin_label=&#8220;Features CTA Section&#8220; _builder_version=&#8220;4.16&#8243; background_size=&#8220;initial&#8220; background_position=&#8220;center_right&#8220; custom_padding=&#8220;30px|0px|45px|0px|false|false&#8220; saved_tabs=&#8220;all&#8220; collapsed=&#8220;off&#8220; global_colors_info=&#8220;{}&#8220;][et_pb_row column_structure=&#8220;1_2,1_2&#8243; admin_label=&#8220;Left Sided Image&#8220; _builder_version=&#8220;4.27.4&#8243; custom_margin=&#8220;|auto|0px|auto||&#8220; custom_padding=&#8220;|0px||0px|false|false&#8220; collapsed=&#8220;off&#8220; global_colors_info=&#8220;{}&#8220;][et_pb_column type=&#8220;1_2&#8243; _builder_version=&#8220;4.16&#8243; custom_padding=&#8220;|||&#8220; custom_css_main_element=&#8220;position: relative;&#8220; global_colors_info=&#8220;{}&#8220; custom_padding__hover=&#8220;|||&#8220;][et_pb_image src=&#8220;https:\/\/storemaster.de\/wp-content\/uploads\/2018\/09\/storemaster_garantiemade-in_ger.png&#8220; alt=&#8220;20 Jahre Garantie &#8211; Hergestellt in Deutschland&#8220; _builder_version=&#8220;4.5.6&#8243; _module_preset=&#8220;default&#8220; max_width=&#8220;400px&#8220; module_alignment=&#8220;center&#8220; global_module=&#8220;3816&#8243; global_colors_info=&#8220;{}&#8220;][\/et_pb_image][et_pb_image src=&#8220;https:\/\/storemaster.de\/wp-content\/uploads\/2021\/09\/storemaster_UZ027_Logo_deutsch_neu.png&#8220; title_text=&#8220;storemaster_UZ027_Logo_deutsch_neu&#8220; url=&#8220;https:\/\/www.blauer-engel.de\/de\/produktwelt\/gewerbe-kommune\/mehrweg-transportverpackungen\/euroflat-blechlager-europool-mehrweg-tauschpalette&#8220; url_new_window=&#8220;on&#8220; _builder_version=&#8220;4.16&#8243; _module_preset=&#8220;default&#8220; max_width=&#8220;140px&#8220; module_alignment=&#8220;center&#8220; global_colors_info=&#8220;{}&#8220;][\/et_pb_image][\/et_pb_column][et_pb_column type=&#8220;1_2&#8243; _builder_version=&#8220;4.16&#8243; custom_padding=&#8220;|||&#8220; global_colors_info=&#8220;{}&#8220; custom_padding__hover=&#8220;|||&#8220;][et_pb_text _builder_version=&#8220;4.27.4&#8243; text_font=&#8220;||||||||&#8220; text_text_color=&#8220;#222222&#8243; link_font=&#8220;||||||||&#8220; ul_font=&#8220;||||||||&#8220; ul_text_color=&#8220;#222222&#8243; ul_line_height=&#8220;1.5em&#8220; header_font=&#8220;||||||||&#8220; header_text_align=&#8220;left&#8220; header_2_font=&#8220;Montserrat|700|||||||&#8220; header_2_text_color=&#8220;#e00000&#8243; header_2_font_size=&#8220;28px&#8220; header_2_line_height=&#8220;1.7em&#8220; module_alignment=&#8220;center&#8220; custom_margin=&#8220;||-3px|||&#8220; custom_padding=&#8220;||1em&#8220; global_colors_info=&#8220;{}&#8220;]<h2>Ladungstr\u00e4ger von storemaster<sup style=\"bottom: 0.4em; font-size: 70%;\">&reg;<\/sup> <\/h2>\n<p style=\"text-align: justify;\">Die Anforderung unserer Kunden entwickeln sich st\u00e4ndig und somit entwickeln auch wir f\u00fcr jeden Anspruch das passende System.<\/p>\n<p style=\"text-align: justify;\">S\u00e4mtliche Ladungstr\u00e4ger sind f\u00fcr spezifische Anwendungsf\u00e4lle konzipiert. Die Ladungstr\u00e4ger sind f\u00fcr Blechgr\u00f6\u00dfen von Klein- bis Maxiformat standardisiert aber auch f\u00fcr anderes Lagergut wie Rohre und Profil gibt es die passende L\u00f6sung. Hinsichtlich der nutzbaren H\u00f6he und der Tragkraft werden die Ladungstr\u00e4ger nach Ihren Anspr\u00fcchen angepasst und hinsichtlich der Statik gepr\u00fcft.\u00a0Alle Modelle werden standardm\u00e4\u00dfig <strong>nach DIN EN ISO 1461 tauch-feuerverzinkt<\/strong>\u00a0und weisen eine hohe Best\u00e4ndigkeit gegen Abrieb und Korrosion auf.<\/p>\n<p style=\"text-align: justify;\"><strong><strong><span style=\"color: #e00000;\">Kontaktieren<\/span><\/strong> Sie uns und profitieren Sie von unserer jahrzehntelanger Erfahrung im Bereich der Lagertechnik.<\/strong>\u00a0<span style=\"font-size: 16px;\"><\/span><\/p>\n\n<p style=\"text-align: left;\">[\/et_pb_text][\/et_pb_column][\/et_pb_row][et_pb_row column_structure=&#8220;1_2,1_2&#8243; use_custom_gutter=&#8220;on&#8220; gutter_width=&#8220;2&#8243; make_equal=&#8220;on&#8220; _builder_version=&#8220;4.27.4&#8243; width=&#8220;90%&#8220; max_width=&#8220;1280px&#8220; module_alignment=&#8220;center&#8220; custom_padding=&#8220;0px||||false|false&#8220; global_colors_info=&#8220;{}&#8220;][et_pb_column type=&#8220;1_2&#8243; _builder_version=&#8220;4.16&#8243; custom_padding=&#8220;|||&#8220; global_colors_info=&#8220;{}&#8220; custom_padding__hover=&#8220;|||&#8220;][et_pb_blurb title=&#8220;superFLAT classic&#8220; image=&#8220;https:\/\/storemaster.de\/wp-content\/uploads\/2024\/11\/SuperFlat.jpg&#8220; admin_label=&#8220;superFLAT&#8220; _builder_version=&#8220;4.27.6&#8243; header_font=&#8220;||||||||&#8220; header_text_align=&#8220;center&#8220; header_text_color=&#8220;#e00000&#8243; header_font_size=&#8220;22px&#8220; body_font=&#8220;||||||||&#8220; body_text_align=&#8220;left&#8220; body_ul_item_indent=&#8220;150px&#8220; custom_margin=&#8220;||0px||false|false&#8220; hover_enabled=&#8220;0&#8243; global_colors_info=&#8220;{}&#8220; sticky_enabled=&#8220;0&#8243; title_text=&#8220;SuperFlat&#8220;]<ul>\n<li>h\u00f6chste Lagerdichte<\/li>\n<li>h\u00f6chste Transport-Sicherheit (4-seitig geschlossen)<\/li>\n<li>h\u00f6chster Bedienkomfort (Drop &amp; Push-Patent)<\/li>\n<li>Abziehen von Hand (<strong><span style=\"color: #e00000;\">PalEx\u00ae<\/span><\/strong> Aushub-Technik) ohne die Beseitigung von Anschl\u00e4gen<\/li>\n<li>wahlweise am Boden absetzbar<\/li>\n<\/ul>[\/et_pb_blurb][et_pb_button button_url=&#8220;@ET-DC@eyJkeW5hbWljIjp0cnVlLCJjb250ZW50IjoicG9zdF9saW5rX3VybF9wcm9kdWN0Iiwic2V0dGluZ3MiOnsicG9zdF9pZCI6IjE4MDgxMzg0In19@&#8220; button_text=&#8220;Zum ShuttleTower\u00ae Regalsystem \u00bb&#8220; _builder_version=&#8220;4.27.4&#8243; _dynamic_attributes=&#8220;button_url&#8220; _module_preset=&#8220;799cbfa2-995d-479f-ad65-cb8c4dc2e4fd&#8220; button_text_size=&#8220;13px&#8220; background_layout=&#8220;dark&#8220; custom_margin=&#8220;||0px||false|false&#8220; custom_padding=&#8220;1em|1em|1em|1em|false|true&#8220; button_text_size_tablet=&#8220;13px&#8220; button_text_size_phone=&#8220;13px&#8220; button_text_size_last_edited=&#8220;on|desktop&#8220; button_bg_color_last_edited=&#8220;off|desktop&#8220; global_colors_info=&#8220;{}&#8220; button_border_width__hover_enabled=&#8220;off|hover&#8220; button_text_color__hover_enabled=&#8220;off|desktop&#8220; button_bg_color__hover=&#8220;#FFE13F&#8220; button_bg_enable_color__hover=&#8220;on&#8220; button_border_color__hover=&#8220;#FFE13F&#8220;][\/et_pb_button][et_pb_blurb title=&#8220;smartFLAT&#8220; image=&#8220;https:\/\/storemaster.de\/wp-content\/uploads\/smartFLAT-Raw.png&#8220; admin_label=&#8220;superFLAT&#8220; _builder_version=&#8220;4.27.6&#8243; header_font=&#8220;||||||||&#8220; header_text_align=&#8220;center&#8220; header_text_color=&#8220;#e00000&#8243; header_font_size=&#8220;22px&#8220; body_font=&#8220;||||||||&#8220; body_text_align=&#8220;left&#8220; body_ul_item_indent=&#8220;150px&#8220; custom_margin=&#8220;||0px||false|false&#8220; hover_enabled=&#8220;0&#8243; global_colors_info=&#8220;{}&#8220; sticky_enabled=&#8220;0&#8243; title_text=&#8220;smartFLAT-Raw&#8220;]<ul>\n<li>h\u00f6chste Lagerdichte<\/li>\n<li>stirnseitig offen f\u00fcr um 200 mm reduzierte Turmbreite<\/li>\n<li>h\u00f6chster Bedienungskomfort (Drop &amp; Push-Patent)<\/li>\n<li>Abziehen von Hand (<strong><span style=\"color: #e00000;\">PalEx\u00ae<\/span><\/strong> Aushub-Technik) ohne die Beseitigung von Anschl\u00e4gen<\/li>\n<li>wahlweise am Boden absetzbar<\/li>\n<\/ul>\n<p>&nbsp;<\/p>[\/et_pb_blurb][et_pb_button button_url=&#8220;@ET-DC@eyJkeW5hbWljIjp0cnVlLCJjb250ZW50IjoicG9zdF9saW5rX3VybF9wcm9kdWN0Iiwic2V0dGluZ3MiOnsicG9zdF9pZCI6IjE4MDgxMzg0In19@&#8220; button_text=&#8220;Zum ShuttleTower\u00ae Regalsystem \u00bb&#8220; _builder_version=&#8220;4.27.4&#8243; _dynamic_attributes=&#8220;button_url&#8220; _module_preset=&#8220;799cbfa2-995d-479f-ad65-cb8c4dc2e4fd&#8220; button_text_size=&#8220;13px&#8220; background_layout=&#8220;dark&#8220; custom_margin=&#8220;||0px||false|false&#8220; custom_padding=&#8220;1em|1em|1em|1em|false|true&#8220; button_text_size_tablet=&#8220;13px&#8220; button_text_size_phone=&#8220;13px&#8220; button_text_size_last_edited=&#8220;on|desktop&#8220; button_bg_color_last_edited=&#8220;off|desktop&#8220; global_colors_info=&#8220;{}&#8220; button_border_width__hover_enabled=&#8220;off|hover&#8220; button_text_color__hover_enabled=&#8220;off|desktop&#8220; button_bg_color__hover=&#8220;#FFE13F&#8220; button_bg_enable_color__hover=&#8220;on&#8220; button_border_color__hover=&#8220;#FFE13F&#8220;][\/et_pb_button][\/et_pb_column][et_pb_column type=&#8220;1_2&#8243; _builder_version=&#8220;4.16&#8243; global_colors_info=&#8220;{}&#8220;][et_pb_blurb title=&#8220;masterFLAT&#8220; image=&#8220;https:\/\/storemaster.de\/wp-content\/uploads\/masterFLAT-Raw.jpg&#8220; alt=&#8220;standardflat&#8220; admin_label=&#8220;masterFLAT&#8220; _builder_version=&#8220;4.27.6&#8243; header_font=&#8220;||||||||&#8220; header_text_align=&#8220;center&#8220; header_text_color=&#8220;#e00000&#8243; header_font_size=&#8220;22px&#8220; body_font=&#8220;||||||||&#8220; body_text_align=&#8220;left&#8220; body_ul_item_indent=&#8220;150px&#8220; body_ul_text_align=&#8220;left&#8220; custom_margin=&#8220;||0px||false|false&#8220; custom_padding=&#8220;||||false|false&#8220; hover_enabled=&#8220;0&#8243; global_colors_info=&#8220;{}&#8220; sticky_enabled=&#8220;0&#8243; title_text=&#8220;masterFLAT-Raw&#8220;]<ul>\n<li>f\u00fcr die maschinelle Blechentahme<\/li>\n<li>4-seitig st\u00f6rkonturfrei mit 20 mm Unterma\u00dfen<\/li>\n<li>h\u00f6chster Bedienkomfort (Drop &amp; Push-Patent)<\/li>\n<li>Blechentnahme manuell und automatisch<\/li>\n<\/ul>[\/et_pb_blurb][et_pb_button button_url=&#8220;@ET-DC@eyJkeW5hbWljIjp0cnVlLCJjb250ZW50IjoicG9zdF9saW5rX3VybF9wcm9kdWN0Iiwic2V0dGluZ3MiOnsicG9zdF9pZCI6IjE4MDgxMzg0In19@&#8220; button_text=&#8220;Zum ShuttleTower\u00ae Regalsystem \u00bb&#8220; _builder_version=&#8220;4.27.4&#8243; _dynamic_attributes=&#8220;button_url&#8220; _module_preset=&#8220;799cbfa2-995d-479f-ad65-cb8c4dc2e4fd&#8220; button_text_size=&#8220;13px&#8220; background_layout=&#8220;dark&#8220; custom_margin=&#8220;||0px||false|false&#8220; custom_padding=&#8220;1em|1em|1em|1em|false|true&#8220; button_text_size_tablet=&#8220;13px&#8220; button_text_size_phone=&#8220;13px&#8220; button_text_size_last_edited=&#8220;on|desktop&#8220; button_bg_color_last_edited=&#8220;off|desktop&#8220; global_colors_info=&#8220;{}&#8220; button_border_width__hover_enabled=&#8220;off|hover&#8220; button_text_color__hover_enabled=&#8220;off|desktop&#8220; button_bg_color__hover=&#8220;#FFE13F&#8220; button_bg_enable_color__hover=&#8220;on&#8220; button_border_color__hover=&#8220;#FFE13F&#8220;][\/et_pb_button][et_pb_blurb title=&#8220;euroFLAT\u00ae&#8220; image=&#8220;https:\/\/storemaster.de\/wp-content\/uploads\/2024\/11\/euroflat_4.jpg&#8220; admin_label=&#8220;euroFLAT&#8220; _builder_version=&#8220;4.27.6&#8243; header_font=&#8220;||||||||&#8220; header_text_align=&#8220;center&#8220; header_text_color=&#8220;#e00000&#8243; header_font_size=&#8220;22px&#8220; body_font=&#8220;||||||||&#8220; body_ul_item_indent=&#8220;150px&#8220; custom_margin=&#8220;||0px||false|false&#8220; custom_padding=&#8220;||||false|false&#8220; hover_enabled=&#8220;0&#8243; global_colors_info=&#8220;{}&#8220; sticky_enabled=&#8220;0&#8243; title_text=&#8220;euroflat_4&#8243; title__hover_enabled=&#8220;off|desktop&#8220;]<ul>\n<li>rundum ohne St\u00f6rkonturen f\u00fcr Automatik-Betrieb<\/li>\n<li>opt. Sicherungsanschl\u00e4ge mit verdeckten Einstecktaschen<\/li>\n<li>Patentumreifung =&gt; sicherer Lkw-Transport<\/li>\n<li>Handabzug optimal f\u00fcr die Beladung an Querteilanlagen<\/li>\n<li>kosteng\u00fcnstigster Lagerplatz in Kombination mit dem <strong><span style=\"color: #e00000;\">ArmStrong\u00aeBN<\/span><\/strong> Universal-BlechNorm Freitr\u00e4gerregal<\/li>\n<li>Ideal als Tauschpalette<\/li>\n<li>zukunftsweisend aufgrund von holzfreier Verbesserung und Unterst\u00fctzung der Umwelt und des Klimas<\/li>\n<li>keine Kosten f\u00fcr die fortdauernde Anschaffung von Holzpaletten<\/li>\n<li>keine Kosten f\u00fcr eine Brandlast-Versicherung<\/li>\n<\/ul>[\/et_pb_blurb][et_pb_button button_url=&#8220;@ET-DC@eyJkeW5hbWljIjp0cnVlLCJjb250ZW50IjoicG9zdF9saW5rX3VybF9wcm9kdWN0Iiwic2V0dGluZ3MiOnsicG9zdF9pZCI6IjE4MDc4ODcxIn19@&#8220; button_text=&#8220;Zum EuroTower\u00ae Regalsystem \u00bb&#8220; _builder_version=&#8220;4.27.4&#8243; _dynamic_attributes=&#8220;button_url&#8220; _module_preset=&#8220;799cbfa2-995d-479f-ad65-cb8c4dc2e4fd&#8220; button_text_size=&#8220;13px&#8220; background_layout=&#8220;dark&#8220; custom_margin=&#8220;||0px||false|false&#8220; custom_padding=&#8220;1em|1em|1em|1em|false|true&#8220; button_text_size_tablet=&#8220;13px&#8220; button_text_size_phone=&#8220;13px&#8220; button_text_size_last_edited=&#8220;on|desktop&#8220; button_bg_color_last_edited=&#8220;off|desktop&#8220; global_colors_info=&#8220;{}&#8220; button_border_width__hover_enabled=&#8220;off|hover&#8220; button_text_color__hover_enabled=&#8220;off|desktop&#8220; button_bg_color__hover=&#8220;#FFE13F&#8220; button_bg_enable_color__hover=&#8220;on&#8220; button_border_color__hover=&#8220;#FFE13F&#8220;][\/et_pb_button][\/et_pb_column][\/et_pb_row][et_pb_row _builder_version=&#8220;4.27.4&#8243; _module_preset=&#8220;default&#8220; global_colors_info=&#8220;{}&#8220;][et_pb_column type=&#8220;4_4&#8243; _builder_version=&#8220;4.27.4&#8243; _module_preset=&#8220;default&#8220; global_colors_info=&#8220;{}&#8220;][et_pb_text _builder_version=&#8220;4.27.4&#8243; _module_preset=&#8220;default&#8220; global_colors_info=&#8220;{}&#8220;]<h2>H\u00e4ufig gestellte Fragen \u00fcber Ladungstr\u00e4ger f\u00fcr Blechpakete<\/h2>[\/et_pb_text][dipi_faq faq_categories=&#8220;2140&#8243; faq_order_by=&#8220;menu_order&#8220; heading_tag=&#8220;h3&#8243; faq_layout=&#8220;accordion&#8220; accordion_close_all=&#8220;on&#8220; icon_animate=&#8220;on&#8220; icon_open_color=&#8220;#E00000&#8243; icon_closed_color=&#8220;#E00000&#8243; _builder_version=&#8220;4.27.4&#8243; _module_preset=&#8220;default&#8220; global_colors_info=&#8220;{}&#8220;][\/dipi_faq][\/et_pb_column][\/et_pb_row][\/et_pb_section][et_pb_section fb_built=&#8220;1&#8243; admin_label=&#8220;Get Started CTA&#8220; _builder_version=&#8220;3.13&#8243; custom_padding=&#8220;0px|0px|0|0px|false|false&#8220; custom_css_main_element=&#8220;position: relative;||z-index: 1;||background: linear-gradient(to bottom, #ffffff 80%, #222222 20%);&#8220; global_module=&#8220;1406&#8243; saved_tabs=&#8220;all&#8220; collapsed=&#8220;off&#8220; global_colors_info=&#8220;{}&#8220;][et_pb_row column_structure=&#8220;2_3,1_3&#8243; use_custom_gutter=&#8220;on&#8220; gutter_width=&#8220;2&#8243; make_equal=&#8220;on&#8220; custom_padding_last_edited=&#8220;on|phone&#8220; admin_label=&#8220;CTA Row&#8220; module_class=&#8220;cta-produkt&#8220; _builder_version=&#8220;4.27.4&#8243; use_background_color_gradient=&#8220;on&#8220; background_color_gradient_type=&#8220;circular&#8220; background_color_gradient_stops=&#8220;#ffe13f 0%|#ffc600 100%&#8220; background_color_gradient_start=&#8220;#ffe13f&#8220; background_color_gradient_end=&#8220;#ffc600&#8243; custom_margin=&#8220;|||&#8220; custom_padding=&#8220;40px|40px|40px|40px|true|false&#8220; custom_padding_tablet=&#8220;&#8220; custom_padding_phone=&#8220;20px|5%|20px|5%|true|true&#8220; animation_style=&#8220;zoom&#8220; animation_direction=&#8220;bottom&#8220; animation_intensity_zoom=&#8220;5%&#8220; custom_css_main_element=&#8220;position: relative;||z-index: 3;&#8220; border_radii=&#8220;on|4px|4px|4px|4px&#8220; global_colors_info=&#8220;{}&#8220;][et_pb_column type=&#8220;2_3&#8243; _builder_version=&#8220;4.27.4&#8243; custom_padding=&#8220;|||&#8220; custom_css_main_element=&#8220;display: -webkit-box;||display: -ms-flexbox;||display: flex;||-webkit-box-pack: center;||    -ms-flex-pack: center;||        justify-content: center;||-webkit-box-orient: vertical;||-webkit-box-direction: normal;||    -ms-flex-direction: column;||        flex-direction: column;&#8220; global_colors_info=&#8220;{}&#8220; custom_padding__hover=&#8220;|||&#8220;][et_pb_text module_class=&#8220;monts&#8220; _builder_version=&#8220;4.27.4&#8243; text_font=&#8220;|700|||||||&#8220; text_text_color=&#8220;#ffffff&#8220; text_font_size=&#8220;30px&#8220; text_line_height=&#8220;1.4em&#8220; header_font=&#8220;|700|||||||&#8220; header_text_align=&#8220;left&#8220; header_text_color=&#8220;#ffffff&#8220; header_font_size=&#8220;35px&#8220; header_line_height=&#8220;1.4em&#8220; header_2_font=&#8220;|700|||||||&#8220; header_2_text_align=&#8220;left&#8220; header_2_text_color=&#8220;#ffffff&#8220; header_2_font_size=&#8220;30px&#8220; header_2_line_height=&#8220;1.4em&#8220; header_3_font=&#8220;||||||||&#8220; header_4_font=&#8220;||||||||&#8220; header_5_font=&#8220;||||||||&#8220; header_6_font=&#8220;||||||||&#8220; background_layout=&#8220;dark&#8220; custom_margin=&#8220;||| &#8220; text_font_size_tablet=&#8220;28px&#8220; text_font_size_phone=&#8220;20px&#8220; text_font_size_last_edited=&#8220;on|phone&#8220; header_font_size_tablet=&#8220;27px&#8220; header_font_size_phone=&#8220;&#8220; header_font_size_last_edited=&#8220;on|tablet&#8220; header_line_height_tablet=&#8220;&#8220; header_line_height_phone=&#8220;&#8220; header_line_height_last_edited=&#8220;on|phone&#8220; header_2_font_size_tablet=&#8220;28px&#8220; header_2_font_size_phone=&#8220;20px&#8220; header_2_font_size_last_edited=&#8220;on|desktop&#8220; text_orientation_tablet=&#8220;center&#8220; text_orientation_phone=&#8220;&#8220; text_orientation_last_edited=&#8220;on|phone&#8220; custom_css_free_form=&#8220;selector .subline {||  font-size: .75em;||  display: block;||  line-height: 1.4em;||}&#8220; global_colors_info=&#8220;{}&#8220;]<p>Noch Unklarheiten?<br \/><span class=\"subline\">Wir freuen uns auf Ihre Fragen.<\/span><\/p>[\/et_pb_text][\/et_pb_column][et_pb_column type=&#8220;1_3&#8243; _builder_version=&#8220;4.27.4&#8243; custom_padding=&#8220;|||&#8220; custom_css_main_element=&#8220;display: -webkit-box;||display: -ms-flexbox;||display: flex;||-webkit-box-pack: center;||    -ms-flex-pack: center;||        justify-content: center;||-webkit-box-orient: vertical;||-webkit-box-direction: normal;||    -ms-flex-direction: column;||        flex-direction: column;&#8220; global_colors_info=&#8220;{}&#8220; custom_padding__hover=&#8220;|||&#8220;][et_pb_button button_url=&#8220;#open&#8220; button_text=&#8220;Hier nachfragen \u226b&#8220; button_alignment=&#8220;right&#8220; button_alignment_tablet=&#8220;center&#8220; button_alignment_phone=&#8220;&#8220; button_alignment_last_edited=&#8220;on|phone&#8220; module_id=&#8220;overlay_unique_id_1400&#8243; _builder_version=&#8220;4.27.4&#8243; custom_button=&#8220;on&#8220; button_text_size=&#8220;14px&#8220; button_text_color=&#8220;#ffffff&#8220; button_bg_color=&#8220;#e00000&#8243; button_bg_color_gradient_direction=&#8220;243deg&#8220; button_bg_color_gradient_stops=&#8220;#3D72E7 0%|#53a0fe 100%&#8220; button_bg_color_gradient_start=&#8220;#3D72E7&#8243; button_bg_color_gradient_end=&#8220;#53a0fe&#8220; button_border_width=&#8220;0px&#8220; button_border_radius=&#8220;50px&#8220; button_letter_spacing=&#8220;0px&#8220; button_font=&#8220;|700||on|||||&#8220; button_use_icon=&#8220;off&#8220; background_layout=&#8220;dark&#8220; custom_margin=&#8220;||0px||false|false&#8220; custom_padding=&#8220;0.8em|2em|0.8em|2em|true|true&#8220; custom_padding_last_edited=&#8220;off|desktop&#8220; button_text_size_tablet=&#8220;&#8220; button_text_size_phone=&#8220;13px&#8220; button_text_size_last_edited=&#8220;on|phone&#8220; button_text_color_hover=&#8220;#e00000&#8243; button_border_radius_hover=&#8220;26px&#8220; button_letter_spacing_hover=&#8220;1px&#8220; button_bg_color_hover=&#8220;#ffffff&#8220; global_colors_info=&#8220;{}&#8220; button_text_size__hover_enabled=&#8220;off&#8220; button_one_text_size__hover_enabled=&#8220;off&#8220; button_two_text_size__hover_enabled=&#8220;off&#8220; button_text_color__hover_enabled=&#8220;on|desktop&#8220; button_text_color__hover=&#8220;#ffffff&#8220; button_one_text_color__hover_enabled=&#8220;off&#8220; button_two_text_color__hover_enabled=&#8220;off&#8220; button_border_width__hover_enabled=&#8220;off&#8220; button_one_border_width__hover_enabled=&#8220;off&#8220; button_two_border_width__hover_enabled=&#8220;off&#8220; button_border_color__hover_enabled=&#8220;off&#8220; button_one_border_color__hover_enabled=&#8220;off&#8220; button_two_border_color__hover_enabled=&#8220;off&#8220; button_border_radius__hover_enabled=&#8220;off|desktop&#8220; button_border_radius__hover=&#8220;26px&#8220; button_one_border_radius__hover_enabled=&#8220;off&#8220; button_two_border_radius__hover_enabled=&#8220;off&#8220; button_letter_spacing__hover_enabled=&#8220;off|hover&#8220; button_one_letter_spacing__hover_enabled=&#8220;off&#8220; button_two_letter_spacing__hover_enabled=&#8220;off&#8220; button_bg_color__hover_enabled=&#8220;on|desktop&#8220; button_bg_color__hover=&#8220;#e00000&#8243; button_one_bg_color__hover_enabled=&#8220;off&#8220; button_two_bg_color__hover_enabled=&#8220;off&#8220; transform_styles__hover_enabled=&#8220;on|hover&#8220; transform_scale__hover_enabled=&#8220;on|hover&#8220; transform_translate__hover_enabled=&#8220;on|desktop&#8220; transform_rotate__hover_enabled=&#8220;on|desktop&#8220; transform_skew__hover_enabled=&#8220;on|desktop&#8220; transform_origin__hover_enabled=&#8220;on|desktop&#8220; transform_scale__hover=&#8220;110%|110%&#8220; button_bg_enable_color__hover=&#8220;on&#8220; custom_css_main_element__hover_enabled=&#8220;on|hover&#8220; custom_css_main_element__hover=&#8220;background-color: #e00000 !important;||background-color: rgba(224, 0, 0, 1) !important;&#8220;][\/et_pb_button][\/et_pb_column][\/et_pb_row][\/et_pb_section]\n","protected":false},"excerpt":{"rendered":"<p>Supports de chargements - palettes en t\u00f4le au design optimis\u00e9 pour l'utilisateur<\/p>","protected":false},"author":1,"featured_media":18086644,"parent":0,"menu_order":0,"comment_status":"closed","ping_status":"closed","template":"","meta":{"_acf_changed":false,"_et_pb_use_builder":"on","_et_pb_old_content":"","_et_gb_content_width":"","footnotes":""},"dipi_cpt_category":[],"class_list":["post-18084690","page","type-page","status-publish","has-post-thumbnail","hentry"],"acf":[],"_links":{"self":[{"href":"https:\/\/storemaster.de\/fr\/wp-json\/wp\/v2\/pages\/18084690","targetHints":{"allow":["GET"]}}],"collection":[{"href":"https:\/\/storemaster.de\/fr\/wp-json\/wp\/v2\/pages"}],"about":[{"href":"https:\/\/storemaster.de\/fr\/wp-json\/wp\/v2\/types\/page"}],"author":[{"embeddable":true,"href":"https:\/\/storemaster.de\/fr\/wp-json\/wp\/v2\/users\/1"}],"replies":[{"embeddable":true,"href":"https:\/\/storemaster.de\/fr\/wp-json\/wp\/v2\/comments?post=18084690"}],"version-history":[{"count":9,"href":"https:\/\/storemaster.de\/fr\/wp-json\/wp\/v2\/pages\/18084690\/revisions"}],"predecessor-version":[{"id":18086666,"href":"https:\/\/storemaster.de\/fr\/wp-json\/wp\/v2\/pages\/18084690\/revisions\/18086666"}],"wp:featuredmedia":[{"embeddable":true,"href":"https:\/\/storemaster.de\/fr\/wp-json\/wp\/v2\/media\/18086644"}],"wp:attachment":[{"href":"https:\/\/storemaster.de\/fr\/wp-json\/wp\/v2\/media?parent=18084690"}],"wp:term":[{"taxonomy":"dipi_cpt_category","embeddable":true,"href":"https:\/\/storemaster.de\/fr\/wp-json\/wp\/v2\/dipi_cpt_category?post=18084690"}],"curies":[{"name":"wp","href":"https:\/\/api.w.org\/{rel}","templated":true}]}}