{"id":18084683,"date":"2025-02-24T13:06:41","date_gmt":"2025-02-24T12:06:41","guid":{"rendered":"https:\/\/storemaster.de\/?page_id=18084683"},"modified":"2026-03-25T05:23:47","modified_gmt":"2026-03-25T04:23:47","slug":"electrification-des-tiroirs","status":"publish","type":"page","link":"https:\/\/storemaster.de\/fr\/schubladen-elektrifizierung\/","title":{"rendered":"Tiroirs \u00e0 commande \u00e9lectrique"},"content":{"rendered":"\n[et_pb_section fb_built=&#8220;1&#8243; admin_label=&#8220;Center Aligned Text &#8220; _builder_version=&#8220;4.27.4&#8243; background_color=&#8220;#f8fbfe&#8220; use_background_color_gradient=&#8220;on&#8220; background_color_gradient_type=&#8220;circular&#8220; background_color_gradient_stops=&#8220;#ffe13f 0%|#ffc600 100%&#8220; background_color_gradient_start=&#8220;#ffe13f&#8220; background_color_gradient_end=&#8220;#ffc600&#8243; background_image=&#8220;https:\/\/storemaster.de\/wp-content\/uploads\/2018\/09\/geometric-bg-overlay-01.jpg&#8220; background_blend=&#8220;overlay&#8220; custom_padding=&#8220;2vw|0px|2vw|0px|true|false&#8220; animation_style=&#8220;zoom&#8220; animation_direction=&#8220;bottom&#8220; animation_intensity_zoom=&#8220;8%&#8220; animation_starting_opacity=&#8220;100%&#8220; global_colors_info=&#8220;{}&#8220;][et_pb_row _builder_version=&#8220;4.27.4&#8243; custom_padding=&#8220;1vw||1vw||true|false&#8220; global_colors_info=&#8220;{}&#8220;][et_pb_column type=&#8220;4_4&#8243; _builder_version=&#8220;4.16&#8243; custom_padding=&#8220;|||&#8220; global_colors_info=&#8220;{}&#8220; custom_padding__hover=&#8220;|||&#8220;][et_pb_post_title meta=&#8220;off&#8220; featured_image=&#8220;off&#8220; _builder_version=&#8220;4.27.4&#8243; title_font=&#8220;Montserrat||||||||&#8220; title_text_align=&#8220;center&#8220; title_text_color=&#8220;#e00000&#8243; title_font_size=&#8220;36px&#8220; meta_font=&#8220;||||||||&#8220; meta_text_align=&#8220;center&#8220; meta_text_color=&#8220;#222222&#8243; meta_font_size=&#8220;18px&#8220; custom_margin=&#8220;||1em||false|false&#8220; title_font_size_tablet=&#8220;26px&#8220; title_font_size_phone=&#8220;20px&#8220; title_font_size_last_edited=&#8220;on|desktop&#8220; meta_font_size_tablet=&#8220;&#8220; meta_font_size_phone=&#8220;16px&#8220; meta_font_size_last_edited=&#8220;on|phone&#8220; global_colors_info=&#8220;{}&#8220;][\/et_pb_post_title][et_pb_text _builder_version=&#8220;4.27.4&#8243; text_font=&#8220;Montserrat|700|||||||&#8220; text_text_color=&#8220;#222222&#8243; text_font_size=&#8220;18px&#8220; text_line_height=&#8220;1.8em&#8220; header_font=&#8220;Montserrat|700|||||||&#8220; header_text_color=&#8220;#e00000&#8243; header_font_size=&#8220;36px&#8220; header_line_height=&#8220;1.3em&#8220; header_2_font=&#8220;||||||||&#8220; text_orientation=&#8220;center&#8220; background_layout=&#8220;dark&#8220; max_width=&#8220;700px&#8220; module_alignment=&#8220;center&#8220; text_font_size_tablet=&#8220;&#8220; text_font_size_phone=&#8220;14px&#8220; text_font_size_last_edited=&#8220;on|phone&#8220; text_line_height_tablet=&#8220;&#8220; text_line_height_phone=&#8220;1.4em&#8220; text_line_height_last_edited=&#8220;on|phone&#8220; header_font_size_tablet=&#8220;26px&#8220; header_font_size_phone=&#8220;20px&#8220; header_font_size_last_edited=&#8220;on|phone&#8220; global_colors_info=&#8220;{}&#8220;]Schubladen-Elektrifizierung bis 10 t\n<span>Elektrifizierung von storemaster Lagersystemen<\/span>[\/et_pb_text][\/et_pb_column][\/et_pb_row][\/et_pb_section][et_pb_section fb_built=&#8220;1&#8243; admin_label=&#8220;Features CTA Section&#8220; _builder_version=&#8220;4.16&#8243; custom_padding=&#8220;30px|0px|40px|0px|false|false&#8220; saved_tabs=&#8220;all&#8220; global_colors_info=&#8220;{}&#8220;][et_pb_row column_structure=&#8220;1_2,1_2&#8243; admin_label=&#8220;Left Sided Image&#8220; _builder_version=&#8220;4.16&#8243; custom_padding=&#8220;30px|0px|28px|0px|false|false&#8220; global_colors_info=&#8220;{}&#8220;][et_pb_column type=&#8220;1_2&#8243; _builder_version=&#8220;4.16&#8243; custom_padding=&#8220;|||&#8220; custom_css_main_element=&#8220;position: relative;&#8220; global_colors_info=&#8220;{}&#8220; custom_padding__hover=&#8220;|||&#8220;][et_pb_code _builder_version=&#8220;4.16&#8243; _module_preset=&#8220;default&#8220; global_colors_info=&#8220;{}&#8220;]<iframe width=\"560\" height=\"315\" src=\"https:\/\/www.youtube-nocookie.com\/embed\/4JG7EQrSvfs?rel=0\" frameborder=\"0\" allow=\"accelerometer; autoplay; clipboard-write; encrypted-media; gyroscope; picture-in-picture\" allowfullscreen><\/iframe>[\/et_pb_code][\/et_pb_column][et_pb_column type=&#8220;1_2&#8243; _builder_version=&#8220;4.16&#8243; custom_padding=&#8220;|||&#8220; global_colors_info=&#8220;{}&#8220; custom_padding__hover=&#8220;|||&#8220;][et_pb_text ul_type=&#8220;none&#8220; _builder_version=&#8220;4.27.4&#8243; text_font=&#8220;||||||||&#8220; text_text_color=&#8220;#222222&#8243; link_font=&#8220;||||||||&#8220; ul_font=&#8220;|700||on|||||&#8220; ul_text_color=&#8220;#e00000&#8243; ul_line_height=&#8220;2.5em&#8220; header_font=&#8220;||||||||&#8220; header_text_align=&#8220;left&#8220; header_2_font=&#8220;Montserrat|700|||||||&#8220; header_2_text_color=&#8220;#e00000&#8243; header_2_font_size=&#8220;28px&#8220; header_2_line_height=&#8220;1.7em&#8220; max_width=&#8220;700px&#8220; module_alignment=&#8220;center&#8220; custom_margin=&#8220;||0px&#8220; custom_padding=&#8220;||1em&#8220; global_colors_info=&#8220;{}&#8220;]<h2>Elektrische Ausz\u00fcge im \u00dcberblick<\/h2>\nAlle <strong>Schubladenregal-Systeme ab 2,5 t bis 10 t Schubladen-Last<\/strong> lassen sich mit elektrischen Auszugs-Antrieben ausstatten.[\/et_pb_text][et_pb_text _builder_version=&#8220;4.27.4&#8243; text_font=&#8220;||||||||&#8220; text_text_color=&#8220;#222222&#8243; header_font=&#8220;||||||||&#8220; header_text_align=&#8220;left&#8220; header_2_font=&#8220;Montserrat|700|||||||&#8220; header_2_text_color=&#8220;#e00000&#8243; header_2_font_size=&#8220;28px&#8220; header_2_line_height=&#8220;1.7em&#8220; max_width=&#8220;700px&#8220; module_alignment=&#8220;center&#8220; global_colors_info=&#8220;{}&#8220;]\u00dcber ein Bedienungspult mit\u00a0Totmann-Drucktaster wird das Aus- und Einfahren der einzelnen Schubladen-Ebenen gesteuert. Steuerpult und Schaltkasten sind in den betriebsfertig angelieferten ein- oder doppelseitigen Standard-Lagerturm kompakt integriert.\n<ul>\n\t<li>Schubladen bis 6 x 2 m und Lasten bis 10 t (Standard) erfolgt der Auszug in Querrichtung<\/li>\n\t<li>Schubladen bis 16 x 4 m und Lasten bis 20 t erfolgt der Auszug in L\u00e4ngsrichtung<\/li>\n<\/ul>\nBei St\u00f6rung oder Stromausfall kann spontan auf manuellen Betrieb umgestellt werden.[\/et_pb_text][\/et_pb_column][\/et_pb_row][et_pb_row column_structure=&#8220;1_2,1_2&#8243; make_equal=&#8220;on&#8220; _builder_version=&#8220;4.16&#8243; global_colors_info=&#8220;{}&#8220;][et_pb_column type=&#8220;1_2&#8243; _builder_version=&#8220;4.16&#8243; custom_padding=&#8220;|||&#8220; global_colors_info=&#8220;{}&#8220; custom_padding__hover=&#8220;|||&#8220;][et_pb_image src=&#8220;https:\/\/storemaster.de\/wp-content\/uploads\/2018\/12\/wechselwagen-elektrisch-bedienung.jpg&#8220; alt=&#8220;Bedienungspult mit Totmann-Drucktaster&#8220; title_text=&#8220;Bedienungspult mit Totmann-Drucktaster&#8220; show_in_lightbox=&#8220;on&#8220; align_tablet=&#8220;center&#8220; align_phone=&#8220;&#8220; align_last_edited=&#8220;on|desktop&#8220; _builder_version=&#8220;4.16&#8243; global_colors_info=&#8220;{}&#8220;][\/et_pb_image][\/et_pb_column][et_pb_column type=&#8220;1_2&#8243; _builder_version=&#8220;4.16&#8243; custom_padding=&#8220;|||&#8220; global_colors_info=&#8220;{}&#8220; custom_padding__hover=&#8220;|||&#8220;][et_pb_image src=&#8220;https:\/\/storemaster.de\/wp-content\/uploads\/2018\/12\/wechselwagen-elektrisch.jpg&#8220; alt=&#8220;Wechselwagen elektrisch&#8220; title_text=&#8220;Wechselwagen elektrisch&#8220; show_in_lightbox=&#8220;on&#8220; align_tablet=&#8220;center&#8220; align_phone=&#8220;&#8220; align_last_edited=&#8220;on|desktop&#8220; _builder_version=&#8220;4.16&#8243; global_colors_info=&#8220;{}&#8220;][\/et_pb_image][\/et_pb_column][\/et_pb_row][et_pb_row use_custom_gutter=&#8220;on&#8220; gutter_width=&#8220;2&#8243; make_equal=&#8220;on&#8220; _builder_version=&#8220;4.16&#8243; global_colors_info=&#8220;{}&#8220;][et_pb_column type=&#8220;4_4&#8243; _builder_version=&#8220;4.16&#8243; custom_padding=&#8220;|||&#8220; global_colors_info=&#8220;{}&#8220; custom_padding__hover=&#8220;|||&#8220;][et_pb_text _builder_version=&#8220;4.27.4&#8243; header_font=&#8220;||||||||&#8220; header_2_font=&#8220;||||||||&#8220; header_2_text_color=&#8220;#e00000&#8243; global_colors_info=&#8220;{}&#8220;]<h2>Kompatibel mit diesen Lagersystemen<\/h2>\n<p><span>Im Folgenden finden Sie Lagerl\u00f6sungen, deren Ausz\u00fcge elektrifiziert werden k\u00f6nnen.<\/span><\/p>[\/et_pb_text][dpdfg_filtergrid custom_query=&#8220;advanced&#8220; multiple_taxonomies=&#8220;product_tag&#8220; include_terms=&#8220;1657&#8243; no_results=&#8220;Keine kompatiblen Systeme gefunden.&#8220; show_filters=&#8220;off&#8220; all_text=&#8220;Alle Zubeh\u00f6r-Produkte&#8220; pagination_type=&#8220;scroll&#8220; _builder_version=&#8220;4.27.4&#8243; _module_preset=&#8220;32b89e8a-49b8-4687-a24c-c045dd416c25&#8243; custom_css_free_form=&#8220;.dp-dfg-woo-add-to-cart-html .et_pb_button_wrapper.cart-button-wrapper {||    flex: 1;||  margin-bottom:0 ;||}||.dp-dfg-woo-add-to-cart-html .et_pb_button_wrapper.cart-button-wrapper a {||    width: 100%;||  margin-bottom: 0;||}||selector .dp-dfg-layout-grid .dp-dfg-item {||    grid-auto-rows: -webkit-min-content -webkit-min-content 1fr -webkit-min-content -webkit-min-content;||    grid-auto-rows: min-content min-content 1fr min-content min-content;||}&#8220; custom_css_dp-dfg-woo-container=&#8220;padding: 0 16px;&#8220; custom_css_dp-dfg-woo-price=&#8220;padding-top: 1em;||text-align: right;||font-family: var(&#8211;sm-heading-font);&#8220; custom_css_dp-dfg-cart=&#8220;width: 100% !important;||margin-top: auto !important;||padding-bottom: 0;||flex: 1;&#8220; global_colors_info=&#8220;{}&#8220; custom_css_dp-dfg-cart_last_edited=&#8220;off|desktop&#8220;][\/dpdfg_filtergrid][\/et_pb_column][\/et_pb_row][et_pb_row _builder_version=&#8220;4.27.4&#8243; _module_preset=&#8220;default&#8220; global_colors_info=&#8220;{}&#8220;][et_pb_column type=&#8220;4_4&#8243; _builder_version=&#8220;4.27.4&#8243; _module_preset=&#8220;default&#8220; global_colors_info=&#8220;{}&#8220;][et_pb_text _builder_version=&#8220;4.27.4&#8243; _module_preset=&#8220;default&#8220; global_colors_info=&#8220;{}&#8220;]<h2>H\u00e4ufig gestellte Fragen zum Thema Schubladen mit elektrischem Antrieb<\/h2>\nSo revolutionieren Sie Ihre Lagerlogistik mit Schubladen mit elektrischem Antrieb. Entdecken Sie die Vorteile gegen\u00fcber herk\u00f6mmlichen Regalen, die innovative Antriebstechnik und die beeindruckenden Traglasten von\u00a0storemaster\u00ae. Unsere FAQ beantworten alle Ihre Fragen und zeigen, wie unsere L\u00f6sungen Ihnen zu mehr Effizienz, Sicherheit und Platzersparnis verhelfen k\u00f6nnen. Lassen Sie sich inspirieren und finden Sie die perfekte L\u00f6sung f\u00fcr Ihr Unternehmen.[\/et_pb_text][dipi_faq faq_categories=&#8220;2155&#8243; faq_order_by=&#8220;menu_order&#8220; heading_tag=&#8220;h3&#8243; faq_layout=&#8220;accordion&#8220; accordion_close_all=&#8220;on&#8220; icon_animate=&#8220;on&#8220; icon_open_color=&#8220;#E00000&#8243; icon_closed_color=&#8220;#E00000&#8243; _builder_version=&#8220;4.27.4&#8243; _module_preset=&#8220;default&#8220; global_colors_info=&#8220;{}&#8220;][\/dipi_faq][\/et_pb_column][\/et_pb_row][\/et_pb_section][et_pb_section fb_built=&#8220;1&#8243; admin_label=&#8220;Get Started CTA&#8220; _builder_version=&#8220;3.13&#8243; custom_padding=&#8220;0px|0px|0|0px|false|false&#8220; custom_css_main_element=&#8220;position: relative;||z-index: 1;||background: linear-gradient(to bottom, #ffffff 80%, #222222 20%);&#8220; global_module=&#8220;1406&#8243; saved_tabs=&#8220;all&#8220; collapsed=&#8220;off&#8220; global_colors_info=&#8220;{}&#8220;][et_pb_row column_structure=&#8220;2_3,1_3&#8243; use_custom_gutter=&#8220;on&#8220; gutter_width=&#8220;2&#8243; make_equal=&#8220;on&#8220; custom_padding_last_edited=&#8220;on|phone&#8220; admin_label=&#8220;CTA Row&#8220; module_class=&#8220;cta-produkt&#8220; _builder_version=&#8220;4.27.4&#8243; use_background_color_gradient=&#8220;on&#8220; background_color_gradient_type=&#8220;circular&#8220; background_color_gradient_stops=&#8220;#ffe13f 0%|#ffc600 100%&#8220; background_color_gradient_start=&#8220;#ffe13f&#8220; background_color_gradient_end=&#8220;#ffc600&#8243; custom_margin=&#8220;|||&#8220; custom_padding=&#8220;40px|40px|40px|40px|true|false&#8220; custom_padding_tablet=&#8220;&#8220; custom_padding_phone=&#8220;20px|5%|20px|5%|true|true&#8220; animation_style=&#8220;zoom&#8220; animation_direction=&#8220;bottom&#8220; animation_intensity_zoom=&#8220;5%&#8220; custom_css_main_element=&#8220;position: relative;||z-index: 3;&#8220; border_radii=&#8220;on|4px|4px|4px|4px&#8220; global_colors_info=&#8220;{}&#8220;][et_pb_column type=&#8220;2_3&#8243; _builder_version=&#8220;4.27.4&#8243; custom_padding=&#8220;|||&#8220; custom_css_main_element=&#8220;display: -webkit-box;||display: -ms-flexbox;||display: flex;||-webkit-box-pack: center;||    -ms-flex-pack: center;||        justify-content: center;||-webkit-box-orient: vertical;||-webkit-box-direction: normal;||    -ms-flex-direction: column;||        flex-direction: column;&#8220; global_colors_info=&#8220;{}&#8220; custom_padding__hover=&#8220;|||&#8220;][et_pb_text module_class=&#8220;monts&#8220; _builder_version=&#8220;4.27.4&#8243; text_font=&#8220;|700|||||||&#8220; text_text_color=&#8220;#ffffff&#8220; text_font_size=&#8220;30px&#8220; text_line_height=&#8220;1.4em&#8220; header_font=&#8220;|700|||||||&#8220; header_text_align=&#8220;left&#8220; header_text_color=&#8220;#ffffff&#8220; header_font_size=&#8220;35px&#8220; header_line_height=&#8220;1.4em&#8220; header_2_font=&#8220;|700|||||||&#8220; header_2_text_align=&#8220;left&#8220; header_2_text_color=&#8220;#ffffff&#8220; header_2_font_size=&#8220;30px&#8220; header_2_line_height=&#8220;1.4em&#8220; header_3_font=&#8220;||||||||&#8220; header_4_font=&#8220;||||||||&#8220; header_5_font=&#8220;||||||||&#8220; header_6_font=&#8220;||||||||&#8220; background_layout=&#8220;dark&#8220; custom_margin=&#8220;||| &#8220; text_font_size_tablet=&#8220;28px&#8220; text_font_size_phone=&#8220;20px&#8220; text_font_size_last_edited=&#8220;on|phone&#8220; header_font_size_tablet=&#8220;27px&#8220; header_font_size_phone=&#8220;&#8220; header_font_size_last_edited=&#8220;on|tablet&#8220; header_line_height_tablet=&#8220;&#8220; header_line_height_phone=&#8220;&#8220; header_line_height_last_edited=&#8220;on|phone&#8220; header_2_font_size_tablet=&#8220;28px&#8220; header_2_font_size_phone=&#8220;20px&#8220; header_2_font_size_last_edited=&#8220;on|desktop&#8220; text_orientation_tablet=&#8220;center&#8220; text_orientation_phone=&#8220;&#8220; text_orientation_last_edited=&#8220;on|phone&#8220; custom_css_free_form=&#8220;selector .subline {||  font-size: .75em;||  display: block;||  line-height: 1.4em;||}&#8220; global_colors_info=&#8220;{}&#8220;]<p>Noch Unklarheiten?<br \/><span class=\"subline\">Wir freuen uns auf Ihre Fragen.<\/span><\/p>[\/et_pb_text][\/et_pb_column][et_pb_column type=&#8220;1_3&#8243; _builder_version=&#8220;4.27.4&#8243; custom_padding=&#8220;|||&#8220; custom_css_main_element=&#8220;display: -webkit-box;||display: -ms-flexbox;||display: flex;||-webkit-box-pack: center;||    -ms-flex-pack: center;||        justify-content: center;||-webkit-box-orient: vertical;||-webkit-box-direction: normal;||    -ms-flex-direction: column;||        flex-direction: column;&#8220; global_colors_info=&#8220;{}&#8220; custom_padding__hover=&#8220;|||&#8220;][et_pb_button button_url=&#8220;#open&#8220; button_text=&#8220;Hier nachfragen \u226b&#8220; button_alignment=&#8220;right&#8220; button_alignment_tablet=&#8220;center&#8220; button_alignment_phone=&#8220;&#8220; button_alignment_last_edited=&#8220;on|phone&#8220; module_id=&#8220;overlay_unique_id_1400&#8243; _builder_version=&#8220;4.27.4&#8243; custom_button=&#8220;on&#8220; button_text_size=&#8220;14px&#8220; button_text_color=&#8220;#ffffff&#8220; button_bg_color=&#8220;#e00000&#8243; button_bg_color_gradient_direction=&#8220;243deg&#8220; button_bg_color_gradient_stops=&#8220;#3D72E7 0%|#53a0fe 100%&#8220; button_bg_color_gradient_start=&#8220;#3D72E7&#8243; button_bg_color_gradient_end=&#8220;#53a0fe&#8220; button_border_width=&#8220;0px&#8220; button_border_radius=&#8220;50px&#8220; button_letter_spacing=&#8220;0px&#8220; button_font=&#8220;|700||on|||||&#8220; button_use_icon=&#8220;off&#8220; background_layout=&#8220;dark&#8220; custom_margin=&#8220;||0px||false|false&#8220; custom_padding=&#8220;0.8em|2em|0.8em|2em|true|true&#8220; custom_padding_last_edited=&#8220;off|desktop&#8220; button_text_size_tablet=&#8220;&#8220; button_text_size_phone=&#8220;13px&#8220; button_text_size_last_edited=&#8220;on|phone&#8220; button_text_color_hover=&#8220;#e00000&#8243; button_border_radius_hover=&#8220;26px&#8220; button_letter_spacing_hover=&#8220;1px&#8220; button_bg_color_hover=&#8220;#ffffff&#8220; global_colors_info=&#8220;{}&#8220; button_text_size__hover_enabled=&#8220;off&#8220; button_one_text_size__hover_enabled=&#8220;off&#8220; button_two_text_size__hover_enabled=&#8220;off&#8220; button_text_color__hover_enabled=&#8220;on|desktop&#8220; button_text_color__hover=&#8220;#ffffff&#8220; button_one_text_color__hover_enabled=&#8220;off&#8220; button_two_text_color__hover_enabled=&#8220;off&#8220; button_border_width__hover_enabled=&#8220;off&#8220; button_one_border_width__hover_enabled=&#8220;off&#8220; button_two_border_width__hover_enabled=&#8220;off&#8220; button_border_color__hover_enabled=&#8220;off&#8220; button_one_border_color__hover_enabled=&#8220;off&#8220; button_two_border_color__hover_enabled=&#8220;off&#8220; button_border_radius__hover_enabled=&#8220;off|desktop&#8220; button_border_radius__hover=&#8220;26px&#8220; button_one_border_radius__hover_enabled=&#8220;off&#8220; button_two_border_radius__hover_enabled=&#8220;off&#8220; button_letter_spacing__hover_enabled=&#8220;off|hover&#8220; button_one_letter_spacing__hover_enabled=&#8220;off&#8220; button_two_letter_spacing__hover_enabled=&#8220;off&#8220; button_bg_color__hover_enabled=&#8220;on|desktop&#8220; button_bg_color__hover=&#8220;#e00000&#8243; button_one_bg_color__hover_enabled=&#8220;off&#8220; button_two_bg_color__hover_enabled=&#8220;off&#8220; transform_styles__hover_enabled=&#8220;on|hover&#8220; transform_scale__hover_enabled=&#8220;on|hover&#8220; transform_translate__hover_enabled=&#8220;on|desktop&#8220; transform_rotate__hover_enabled=&#8220;on|desktop&#8220; transform_skew__hover_enabled=&#8220;on|desktop&#8220; transform_origin__hover_enabled=&#8220;on|desktop&#8220; transform_scale__hover=&#8220;110%|110%&#8220; button_bg_enable_color__hover=&#8220;on&#8220; custom_css_main_element__hover_enabled=&#8220;on|hover&#8220; custom_css_main_element__hover=&#8220;background-color: #e00000 !important;||background-color: rgba(224, 0, 0, 1) !important;&#8220;][\/et_pb_button][\/et_pb_column][\/et_pb_row][\/et_pb_section]\n","protected":false},"excerpt":{"rendered":"<p>Tiroirs et rayonnages \u00e0 commande \u00e9lectrique storemaster\u00ae avec entra\u00eenement puissant - optimal pour le stockage efficace des t\u00f4les et des rouleaux.<\/p>","protected":false},"author":1,"featured_media":962,"parent":0,"menu_order":0,"comment_status":"closed","ping_status":"closed","template":"","meta":{"_acf_changed":false,"_et_pb_use_builder":"on","_et_pb_old_content":"","_et_gb_content_width":"","footnotes":""},"dipi_cpt_category":[],"class_list":["post-18084683","page","type-page","status-publish","has-post-thumbnail","hentry"],"acf":[],"_links":{"self":[{"href":"https:\/\/storemaster.de\/fr\/wp-json\/wp\/v2\/pages\/18084683","targetHints":{"allow":["GET"]}}],"collection":[{"href":"https:\/\/storemaster.de\/fr\/wp-json\/wp\/v2\/pages"}],"about":[{"href":"https:\/\/storemaster.de\/fr\/wp-json\/wp\/v2\/types\/page"}],"author":[{"embeddable":true,"href":"https:\/\/storemaster.de\/fr\/wp-json\/wp\/v2\/users\/1"}],"replies":[{"embeddable":true,"href":"https:\/\/storemaster.de\/fr\/wp-json\/wp\/v2\/comments?post=18084683"}],"version-history":[{"count":8,"href":"https:\/\/storemaster.de\/fr\/wp-json\/wp\/v2\/pages\/18084683\/revisions"}],"predecessor-version":[{"id":18086664,"href":"https:\/\/storemaster.de\/fr\/wp-json\/wp\/v2\/pages\/18084683\/revisions\/18086664"}],"wp:featuredmedia":[{"embeddable":true,"href":"https:\/\/storemaster.de\/fr\/wp-json\/wp\/v2\/media\/962"}],"wp:attachment":[{"href":"https:\/\/storemaster.de\/fr\/wp-json\/wp\/v2\/media?parent=18084683"}],"wp:term":[{"taxonomy":"dipi_cpt_category","embeddable":true,"href":"https:\/\/storemaster.de\/fr\/wp-json\/wp\/v2\/dipi_cpt_category?post=18084683"}],"curies":[{"name":"wp","href":"https:\/\/api.w.org\/{rel}","templated":true}]}}