{"id":18079402,"date":"2022-12-12T14:51:09","date_gmt":"2022-12-12T13:51:09","guid":{"rendered":"https:\/\/storemaster.de\/shop\/unkategorisiert\/shuttlemaster\/"},"modified":"2026-04-16T12:23:10","modified_gmt":"2026-04-16T10:23:10","slug":"shuttlemaster","status":"publish","type":"product","link":"https:\/\/storemaster.de\/en\/shop\/blechlager\/shuttlemaster\/","title":{"rendered":"ShuttleMaster\u00ae cassette changing system"},"content":{"rendered":"<p>The sheet metal storage pallet changing systems from <span style=\"color: #e02b20;\">storemaster\u00ae<\/span><br \/>\n<strong><span style=\"color: #e02b20;\">storemaster\u00ae<\/span> exclusive:<\/strong><\/p>\n<p>In order to be able to dispense with the diagonal bracing required for 6-pane stability on the pull-out sides (both single and double-sided), the stud frame is made of professionally welded structural steel.<strong>Frame<\/strong>-construction method. A gradual <strong>Misalignment<\/strong> with serious losses in functionality, as is the case with portal constructions, is thus permanently ruled out. The base beam construction (<span style=\"color: #e02b20;\">storemaster\u00ae <\/span>feature) also ensures optimum load distribution on the floor. The runners made of dimensionally stable, hot-rolled solid steel profiles (no sheet metal profiles) are welded firmly into the uprights (not loosely bolted) and guarantee a permanently low-friction, comfortable extension. A <strong>self-locking<\/strong> Drawer<strong>Fall protection <\/strong>in accordance with the UVV guideline is the only guarantee for absolute operational safety in systems with swivelling pull-out rollers <strong>without manual intervention according to UVV<\/strong>incl. step-free transition at the rail joint. For low shelf loads, the resting positions with <strong>automatic locking mechanism<\/strong> to prevent unintentional movement during operation. To reduce the pull-out force for high compartment loads <strong>Servo devices<\/strong> for use. The <span style=\"color: #e02b20;\">storemaster\u00ae<\/span>Pull-out technology allows operation <strong>On sloping and\/or uneven installation surfaces with a gradient without a foundation plate and floor-protecting without floor contact of the swing-out roller supports (doors)<\/strong>. The system is also prepared for a later <span style=\"color: #e02b20;\">OverheadTop<\/span>-Attachment for any number of forklift levels <u>without constructive conversion!<\/u> The <span style=\"color: #e02b20;\">storemaster\u00ae<\/span>\u00a0- <strong>Smooth-running rolling comfort: <\/strong>Each pull-out level runs on 8 ball bearings on chromated solid steel flanged wheels with double, tilt-free axle bearings on abrasion-resistant, hot-dip galvanised runners without dirt pockets. Special heavy-duty, heavy-duty precision block hinges with permanent lubrication ensure a step-free rail transition into the pull-out area with swivelling pull-out rollers. <span style=\"color: #e02b20;\">permanent<\/span> and <span style=\"color: #e02b20;\">maintenance-free<\/span>. All this with 20 years <span style=\"color: #e02b20;\">storemaster\u00ae<\/span>-guarantee.<\/p>","protected":false},"excerpt":{"rendered":"<p><strong>Sheet metal storage system pallet changing system, optionally as a one-man compact sheet metal handling station<\/strong>\u00a0- Swap-body pull-out system for the temporary loading of sheet metal packages in sheet metal cassettes and system pallets.<\/p>\n<p>The ideal combination with\u00a0<strong>ShuttleTower system pallet storage towers.<\/strong><br \/>\nOne\u00a0<strong><span style=\"color: #e02b20;\">storemaster\u00ae<\/span><\/strong>-innovation from 2008 with\u00a0<strong>20 year guarantee\u00a0<\/strong>(DIN EN ISO 9001 suitable).<\/p>\n<p style=\"font-weight: 400;\"><strong><span style=\"color: #e02b20;\">storemaster\u00ae<\/span><\/strong>\u00a0<strong>Unique selling proposition<\/strong>-Features:<br \/>\n\u27a0 one-sided extract <strong>without reducing the storage density<\/strong> Also suitable for forklift operation from the rear<br \/>\n\u27a0\u00a0<strong>automatically<\/strong>\u00a0acting safety devices according to\u00a0<strong>UVV<\/strong><br \/>\n\u27a0\u00a0<strong>without<\/strong>\u00a0UVV-incompatible\u00a0<strong>manual<\/strong>\u00a0Locking devices<br \/>\n\u27a0\u00a0<strong>Patent pull-out safety catch<\/strong><br \/>\n\u27a0 Swivelling drawer runner panels\u00a0<strong>under load without ground contact\u00a0<\/strong>Protects sealed floors and surface coatings<br \/>\n\u27a0 Suitable for the\u00a0<strong>Installation on sloping floor levels\u00a0<\/strong>and\u00a0<strong>Any soil conditions<\/strong><strong><br \/>\n<\/strong>\u27a0 Installation\u00a0<strong>Without foundation<\/strong>\u00a0through foot beam load distributor<br \/>\n\u27a0\u00a0<strong>Functional accessories included<\/strong>storeboy mobile step and handling hook for ergonomic operation at any height<\/p>","protected":false},"featured_media":18086591,"template":"","meta":{"_acf_changed":false,"_et_pb_use_builder":"","_et_pb_old_content":"","_et_gb_content_width":""},"product_brand":[],"product_cat":[817],"product_tag":[1657,1656],"class_list":{"0":"post-18079402","1":"product","2":"type-product","3":"status-publish","4":"has-post-thumbnail","6":"product_cat-blechlager","7":"product_tag-elektrifizierbar","8":"product_tag-storekeeper-kompatibel","9":"handling-schubladen","10":"handling-systempaletten-im-wechselsystem","12":"first","13":"instock","14":"taxable","15":"shipping-taxable","16":"purchasable","17":"product-type-variable","18":"wvs-archive-product-wrapper"},"exclude_global_add_ons":false,"addons":[{"name":"ShuttleMaster\u00ae cassette changing system","type":"heading","position":0,"required":false,"title_format":"label","default":"","description_enable":true,"description":"<video src=\"https:\/\/storemaster.de\/wp-content\/uploads\/ShuttleMaster\u00ae.mp4\" controls>","placeholder_enable":false,"placeholder":"","display":"select","restrictions_type":"any_text","adjust_price":false,"price":"","price_type":"flat_fee","restrictions":false,"min":"0","max":"0","options":[],"id":1739368826},{"name":"Optional system components","type":"heading","position":1,"required":false,"title_format":"label","default":"","description_enable":true,"description":"Please select from the options provided. The system price will be adjusted automatically.","placeholder_enable":false,"placeholder":"","display":"select","restrictions_type":"any_text","adjust_price":false,"price":"","price_type":"flat_fee","restrictions":false,"min":"0","max":"0","options":[],"id":1737417041},{"name":"pick &amp; place crane technology system-integrated for 1-man sheet removal storemaster\u00ae innovation from the year 2000","type":"checkbox","position":2,"required":false,"title_format":"label","default":"","description_enable":true,"description":"<img src=\"https:\/\/storemaster.de\/wp-content\/uploads\/SM_Kranoption-ohne-Rollen.jpg\" alt=\"MasterTower-TowerCrane\" width=\"300\" \/>","placeholder_enable":false,"placeholder":"","display":"select","restrictions_type":"any_text","adjust_price":false,"price":"","price_type":"flat_fee","restrictions":false,"min":"0","max":"0","options":[{"label":"St\u00e4nderwerk konstruktiv, statisch, anschluss-technisch und funktionell pr\u00e4pariert f\u00fcr die TowerCrane-Installation, Schwenkkran in Leichtbauweise, system-integriert (Fundament entf\u00e4llt), links und rechts installierbar und versetzbar, Aktionsradius 6m bei Aktionsbereich 225\u00b0, incl. Krans\u00e4ule, Elektro-Kettenzug und kompl. Elektro-Installation am Turm, zul. Hakenlast 500 kg, Schwenken und Fahrwerk manuell (optional voll-elektrisch), Kran-Abnahme incl.","price":"10836","price_type":"quantity_based","image":0,"visibility":true}],"id":1737417045},{"name":"Magnetic label pocket","type":"input_multiplier","position":3,"required":false,"title_format":"heading","default":"0","description_enable":true,"description":"<img src=\"https:\/\/storemaster.de\/wp-content\/uploads\/Etikettentaschen-blau-e1685709870586.jpeg\" alt=\"Zahlenschilder\" width=\"300\" \/>\r\nFor patented shelf or material labelling incl. blank insert label\r\n\r\n- Coloured backing film and transparent front film\r\n- Hard-wearing, scanner-compatible and document-proof\r\n- Quick replacement of the insert labels","placeholder_enable":false,"placeholder":"","display":"select","restrictions_type":"any_text","adjust_price":true,"price":"2.5","price_type":"quantity_based","restrictions":false,"min":"0","max":"0","options":[],"id":1737417044},{"name":"HandlingMaster for sheet metal transfer","type":"checkbox","position":4,"required":false,"title_format":"heading","default":"","description_enable":true,"description":"<img src=\"https:\/\/storemaster.de\/wp-content\/uploads\/2022\/04\/HandlingMaster_3.jpg\" alt=\"HandlingMaster\" width=\"300\" \/>","placeholder_enable":false,"placeholder":"","display":"select","restrictions_type":"any_text","adjust_price":false,"price":"","price_type":"flat_fee","restrictions":false,"min":"0","max":"0","options":[{"label":"Blechmanipulator Komfort-Ausf\u00fchrung, Tragkraft 750 kg, Eigengewicht 136 kg (opt. 2.000 kg an externem Kran), Niedrig-Bauh\u00f6he 350 mm f\u00fcr die Bedienung einer max. Anzahl von Schubladen, spezielle Ergonomie-Ausf\u00fchrung mit Handling-Sonderfunktionen f\u00fcr den spez. ergonom. Einsatz an Systemen mit integrierter Krantechnik mit folgenden Komfort-Bedienungselementen:(s. Alleinstellungsmerkmale HandlingMaster) Multifunktions-Tableau f\u00fcr alle Funktionen am Daumentaster-Bedienungsb\u00fcgel, abwinkelbar von 0-180 Grad im 15\u00b0 Raster mit elektr. Entriegelung, teleskopierbar spez. f\u00fcr den ergonom. Zugriff auf 2.200 mm H\u00f6he aus dem Stand; Doppelblech-Trenneinrichtung (DBGM) zur Aufhebung der Adh\u00e4sion gem\u00e4\u00df UVV, justierbarer Gewichtsausgleich, Kettenzug-Steuerung u. Energiezufuhr mittels abri\u00df-sicherem Spiralkabel, Lastkette innerhalb des Spiralkabels; incl. sep. H\u00e4ngetaster f\u00fcr den Einsatz von Hubmagneten mit einer Hubkraft von 500 kg am Kettenzug (Eigengewicht 36 kg). Optional Einsatz am Hallenkran mit Komplett-Sch\u00fctz-Steuerung \u00fcber den HandlingMaster","price":"9791","price_type":"quantity_based","image":0,"visibility":true}],"id":1737417046}],"acf":[],"_links":{"self":[{"href":"https:\/\/storemaster.de\/en\/wp-json\/wp\/v2\/product\/18079402","targetHints":{"allow":["GET"]}}],"collection":[{"href":"https:\/\/storemaster.de\/en\/wp-json\/wp\/v2\/product"}],"about":[{"href":"https:\/\/storemaster.de\/en\/wp-json\/wp\/v2\/types\/product"}],"wp:featuredmedia":[{"embeddable":true,"href":"https:\/\/storemaster.de\/en\/wp-json\/wp\/v2\/media\/18086591"}],"wp:attachment":[{"href":"https:\/\/storemaster.de\/en\/wp-json\/wp\/v2\/media?parent=18079402"}],"wp:term":[{"taxonomy":"product_brand","embeddable":true,"href":"https:\/\/storemaster.de\/en\/wp-json\/wp\/v2\/product_brand?post=18079402"},{"taxonomy":"product_cat","embeddable":true,"href":"https:\/\/storemaster.de\/en\/wp-json\/wp\/v2\/product_cat?post=18079402"},{"taxonomy":"product_tag","embeddable":true,"href":"https:\/\/storemaster.de\/en\/wp-json\/wp\/v2\/product_tag?post=18079402"}],"curies":[{"name":"wp","href":"https:\/\/api.w.org\/{rel}","templated":true}]}}