{"id":18079387,"date":"2022-09-29T08:32:00","date_gmt":"2022-09-29T06:32:00","guid":{"rendered":"https:\/\/storemaster.de\/shop\/unkategorisiert\/mastertower-universal\/"},"modified":"2026-03-16T14:07:16","modified_gmt":"2026-03-16T13:07:16","slug":"mastertower-universal","status":"publish","type":"product","link":"https:\/\/storemaster.de\/en\/shop\/blechlager\/mastertower-universal\/","title":{"rendered":"MasterTower\u00ae universal"},"content":{"rendered":"<h2 style=\"color: #e02b20;\">MasterTower\u00ae incl. crane vacuum technology<\/h2>\n<p>The world's best-selling sheet metal bearing.<br \/>\n<strong>The original from 2000 - an investment for generations - with self-supporting pull-out rail walls (storemaster\u00ae innovation from 2024).<\/strong><\/p>\n<p>Sheet metal storage drawer system with swivelling pull-out roller side panels, optionally lockable, heavy-duty, permanently lubricated block hinges permanently fix the swivel-out panels in their height position, permanently welded, step-free rail transition between block and swivel rails\u00a0<strong>-<\/strong>\u00a0not screwed and with storemaster\u00ae mitre transition! Occupational safety in accordance with international standards, system block-assembled ready for use\u00a0<strong>-<\/strong>\u00a0opt. Electrified pull-outs. Torsion-resistant L-frame upright construction for permanent perpendicularity =&gt; 20-year functional guarantee; automatic locking devices secure the rest and working position of the drawers without manual operation; mechanical locks for drawers with a payload \u2264 2,000 kg; servo-patented thrust spring facilitates the extension of heavy-duty drawers with a payload \u2265 2,500 kg.\u00a0<strong>Pull-out runner walls without floor contact<\/strong>\u00a0for any floor condition.<u><\/u><u><\/u><\/p>\n<p><strong>The\u00a0<\/strong><strong>storemaster\u00ae<\/strong><strong>\u00a0- Functional safety with swivelling pull-out side-panels:<\/strong><br \/>\nThe roller flange guides\u00a0<strong>on the running surfaces<\/strong>\u00a0of the rails secure the drawers in the event of additional lateral forces\u00a0<strong>automatic<\/strong>\u00a0<wbr \/>locked\u00a0<strong>without<\/strong>\u00a0Additional BG-compliant measures\u00a0<strong>Reliable against crashes<\/strong>\u00a0(storemaster\u00ae<strong>\u2013<wbr \/>Innovation from 2015<\/strong>). Strong magnets fix the swivelled-out pull-out side-panels in place\u00a0<strong>automatic<\/strong><wbr \/>\u00a0in their 90\u00b0 position without the need for BG-compliant mechanical-manual locking devices.<u><\/u><u><\/u><\/p>\n<p><strong>The\u00a0<\/strong><strong>storemaster\u00ae<\/strong><strong>\u00a0- Rolling comfort:<\/strong><br \/>\nEach runner runs on 8 bearings in special smooth-running ball bearings on chromated solid steel flanged wheels (no lightweight sheet metal housing rollers or ball bearings misused as wheels) with double axle bearing, secure and tilt-free on hot-dip galvanised (10 times more abrasion-resistant than painted surfaces), smooth running rails without dirt pockets, as there are no upward or downward folds. Perfect fall protection with automatic function in accordance with UVV with swivelling design. Special heavy-duty precision block<wbr \/>Hinges with permanent lubrication ensure a permanent, maintenance-free rail transition into the pull-out area with swivelling pull-out roller supports.<u><\/u><u><\/u><\/p>\n<p><strong>Work safety and accident prevention (occupational safety) in accordance with international standards:<\/strong><br \/>\n<strong>storemaster\u00ae<\/strong>\u00a0fulfils the following requirements that can no longer be remedied by reworking\u00a0<strong>UVV occupational health and safety<wbr \/>Prerequisites<\/strong>without which commissioning of the product is not possible\u00a0<strong>BG insurance cover<\/strong>\u00a0<wbr \/>permanently endangered: Exclusion of human error by failure to actuate safety devices.<\/p>\n<h2>MasterTower\u00ae unique selling points<\/h2>\n<ul>\n<li><strong>TwenTower\u00ae<\/strong>-Extension to the\u00a0<strong>MasterTower\u00ae<\/strong>\u00a0by means of statically secured professional steel construction with integrated crane column without auxiliary support - crane acceptance by expert in accordance with DGUV rule<br \/>\n108-007 and DIN EN 15635 - Crane connection can be moved alternately.<\/li>\n<li>Convenient parcel storage instead of tray by tray with patented PalEx depalletiser, thanks to the\u00a0<strong>storemaster\u00ae<\/strong>\u00a0Drawer deep web frame construction (invented in 1995) with anti-displacement sheet metal package embedding.<\/li>\n<li>MasterTower\u00ae heavy-duty drawer systems are suitable for all storage and putaway variants =&gt; optional change from putaway without wooden pallet to putaway incl. wooden pallet and vice versa.<\/li>\n<li>Safety devices adjust themselves automatically when the system is operated in accordance with the accident prevention regulations and are therefore not subject to arbitrary manual, i.e. negligent, actuation.<\/li>\n<li>Automatic fixing of swivelled-out roller track panels at a precise 90\u00b0 (adjustable) by means of a strong magnetic holding device - in turn releases automatically when swivelled in without locking bolts etc.<\/li>\n<li><strong>The\u00a0<\/strong><strong>storemaster\u00ae<\/strong><strong>The pull-out technology allows installation and operation on any type of floor, as well as sloping and\/or uneven installation surfaces with a gradient without a foundation plate. The swivelling pull-out rail walls (doors) have no contact with the floor; floors with heating and sensitive coatings remain undamaged.<\/strong><\/li>\n<li><strong>100% UVV drawer anti-drop device with automatic flange-groove forced guidance patent (DBGM) without arbitrary (negligible) mechanical actuation by the operator.<\/strong><\/li>\n<li>Automatic self-releasing locking devices secure the rest and working position against unintentional movement of the drawers without manual operation of mechanical locks.<\/li>\n<li>Running rails without dirt pockets made of permanently dimensionally stable solid steel (no edge plate), abrasion-resistant hot-dip galvanised, running surfaces ground, welded to the upright (not bolted) for a permanently offset-free rail transition between block and swivel rail area thanks to mitre transition.<\/li>\n<li>The moulded steel patent upright system in torsion-resistant L-frame construction (DBGM) - no portal! - with welded foot beam load distributors (<strong>storemaster\u00ae<\/strong>\u00a0trademark) alone ensures the permanent perpendicularity of the stud frame columns as a guarantee for unlimited, unrestricted functionality of the system without diagonal cross bay bracing, which is the only way to verify the structural stability of the single and double-sided design without bay bracing.<\/li>\n<li>High load-bearing, permanently lubricated heavy-duty block hinges for permanent fixing of the swing-out walls in their height position.<\/li>\n<li>Precision twin wheel axle suspension for permanently tilt-free running comfort.<\/li>\n<li>Particularly low pull-out force for high drawer loads without aids (crank, etc.).<\/li>\n<li>The spring-loaded servo patent makes it easier to pull out the heavy-duty drawers.<\/li>\n<li>Drawers can be easily removed individually from the system to change the usable height.<\/li>\n<li>Heavy-duty solid steel flanged castors, chromatised with double ball bearings.<\/li>\n<li>Storage density with up to 25 drawers at a pull-out height of approx. 2 metres.<\/li>\n<li>Combinable sheet and rod material storage with plug-in compartmentalisation.<\/li>\n<li>Drawer pull-out &gt; 100 %.<\/li>\n<li>UVV-protected push-through safety device for double-sided sheet removal.<\/li>\n<li>OverheadTop attachment block can be retrofitted without the need for subsequent customisation.<\/li>\n<li>OverheadTop attachment block with cantilever bearing levels for easier insertion of the forklift fork, height-adjustable in 75 mm increments, can be operated from both sides - optional for cassette storage.<\/li>\n<li>Electrification up to 10 tonnes \/ pull-out storage level - max. 13 drawers (<strong>storemaster\u00ae<\/strong>\u00a0patent).<\/li>\n<li>System with swivelling roller runner pull-out panels, block-mounted ready for use.<\/li>\n<li>Operational and functional safety in accordance with the guidelines of the RAL-RG 614 quality association.<\/li>\n<li>20-year functional guarantee.<\/li>\n<\/ul>","protected":false},"excerpt":{"rendered":"<p><strong>First one-man sheet metal handling<\/strong>-compact station - the original from the year 2000 - with <strong>more integrated<\/strong> Crane vacuum sheet removal technology<br \/>\nUniversal sheet metal bearing<strong>Drawer shelf <\/strong>for the<strong> Forklift operation <\/strong>and the <strong>Manual sheet removal<\/strong> on the machine<br \/>\n<strong>for the storage of depalletised sheet metal packages, from <\/strong>sheet metal packages on wooden pallet or\u00a0<strong>euroFLAT\u00ae<\/strong>-System standard range<br \/>\none-sided extract <strong>without reducing the storage density<\/strong> Also suitable for forklift operation from the rear<br \/>\nSingle sheet removal by manual puller or sheet manipulator<br \/>\n<strong>Pallet changing system <\/strong>for the frequent, fast <strong>Swapping the sheet metal types<\/strong><br \/>\nIdeal addition to the\u00a0<strong>ArmStrong\u00ae BN<\/strong>\u00a0Standard sheet metal storage rack as <strong>Main bearing<\/strong><\/p>\n<p style=\"font-weight: 400;\"><strong>storemaster\u00ae<\/strong>\u00a0<strong>Unique selling proposition<\/strong>-Features:<br \/>\n\u27a0\u00a0<strong>automatically<\/strong>\u00a0acting safety devices according to\u00a0<strong>UVV<\/strong><br \/>\n\u27a0\u00a0<strong>without<\/strong>\u00a0UVV-incompatible\u00a0<strong>manual<\/strong>\u00a0Locking devices<br \/>\n\u27a0\u00a0<strong>Patent drawer safety catch<\/strong><br \/>\n\u27a0 Swivelling drawer runner panels\u00a0<strong>under load without ground contact <\/strong>Protects sealed floors and surface coatings<br \/>\n\u27a0 Suitable for the\u00a0<strong>Installation on sloping floor levels <\/strong>and\u00a0<strong>Any soil conditions<\/strong><br \/>\n\u27a0 Installation\u00a0<strong>Without foundation<\/strong>\u00a0through foot beam load distributor<br \/>\n\u27a0 Functional accessories incl.: storeboy mobile step and handling hooks for ergonomic operation at any height, as well as composite anchors for the required, tension-resistant fixing of the equipment to the hall floor<\/p>","protected":false},"featured_media":18079388,"template":"","meta":{"_acf_changed":false,"_et_pb_use_builder":"","_et_pb_old_content":"","_et_gb_content_width":""},"product_brand":[],"product_cat":[817,2179],"product_tag":[1657],"class_list":{"0":"post-18079387","1":"product","2":"type-product","3":"status-publish","4":"has-post-thumbnail","6":"product_cat-blechlager","7":"product_cat-schubladenregale","8":"product_tag-elektrifizierbar","9":"handling-schubladen","11":"first","12":"instock","13":"taxable","14":"shipping-taxable","15":"purchasable","16":"product-type-variable","17":"wvs-archive-product-wrapper"},"exclude_global_add_ons":false,"addons":[{"name":"Optional system components","type":"heading","position":0,"required":false,"title_format":"label","default":"","description_enable":true,"description":"Please select from the options provided. The system price will be adjusted automatically. <b>(*mandatory information)<\/b>","placeholder_enable":false,"placeholder":"","display":"select","restrictions_type":"any_text","adjust_price":false,"price":"","price_type":"flat_fee","restrictions":false,"min":"0","max":"0","options":[],"id":1737416740},{"name":"OverheadTop essay pad","type":"multiple_choice","position":1,"required":true,"title_format":"heading","default":"","description_enable":true,"description":"<img src=\"https:\/\/storemaster.de\/wp-content\/uploads\/TT_Aufsatz-ohne-Rollen.jpg\" alt=\"MasterTower-Basisblock\" width=\"300\" \/>","placeholder_enable":false,"placeholder":"","display":"radiobutton","restrictions_type":"any_text","adjust_price":false,"price":"","price_type":"flat_fee","restrictions":false,"min":"0","max":"0","options":[{"label":"Lagerung auf Holzpaletten mit 3 Kragb\u00fcgel- und 2 Fix-Lagerebenen \u00e0 3t Tragkraft f\u00fcr wahlweise vorder- und r\u00fcckseitige Staplerbedienung, System-Bauh\u00f6he 4.100mm (+0,00\u20ac)","price":"","price_type":"quantity_based","image":0,"visibility":true},{"label":"Lagerung in 8 superflat Blechlager-System-Einschubpaletten mit 100mm F\u00fcllh\u00f6he, h\u00f6henverstellbar mittels formschl\u00fcssiger, klemmfreier Sicherheits-Patent-Steckriegel im Steckraster von 62,5mm, Fachraster 187,5mm mit dem weltweit einzigen Einlagerungs-Komfort-Patent >Drop & Push&lt; und der Sicherheits-Winkel-auf-Winkel-F\u00fchrung (Arbeitssicherheit nach den international g\u00fcltigen Standards) zur wahlweisen vorder- oder r\u00fcckseitigen Stapler-Bedienung, System-Bauh\u00f6he 4.100mm bei 3.900mm Staplerhub","price":"8394","price_type":"quantity_based","image":0,"visibility":true}],"id":1737416741},{"name":"HandlingMaster for sheet metal transfer","type":"checkbox","position":2,"required":false,"title_format":"heading","default":"","description_enable":true,"description":"<img src=\"https:\/\/storemaster.de\/wp-content\/uploads\/2022\/04\/HandlingMaster_3.jpg\" alt=\"HandlingMaster\" width=\"300\" \/>","placeholder_enable":false,"placeholder":"","display":"select","restrictions_type":"any_text","adjust_price":false,"price":"","price_type":"flat_fee","restrictions":false,"min":"0","max":"0","options":[{"label":"Blechmanipulator Komfort-Ausf\u00fchrung, Tragkraft 750 kg, Eigengewicht 136 kg (opt. 2.000 kg an externem Kran), Niedrig-Bauh\u00f6he 350 mm f\u00fcr die Bedienung einer max. Anzahl von Schubladen, spezielle Ergonomie-Ausf\u00fchrung mit Handling-Sonderfunktionen f\u00fcr den spez. ergonom. Einsatz an Systemen mit integrierter Krantechnik mit folgenden Komfort-Bedienungselementen:(s. Alleinstellungsmerkmale HandlingMaster) Multifunktions-Tableau f\u00fcr alle Funktionen am Daumentaster-Bedienungsb\u00fcgel, abwinkelbar von 0-180 Grad im 15\u00b0 Raster mit elektr. Entriegelung, teleskopierbar spez. f\u00fcr den ergonom. Zugriff auf 2.200 mm H\u00f6he aus dem Stand; Doppelblech-Trenneinrichtung (DBGM) zur Aufhebung der Adh\u00e4sion gem\u00e4\u00df UVV, justierbarer Gewichtsausgleich, Kettenzug-Steuerung u. Energiezufuhr mittels abri\u00df-sicherem Spiralkabel, Lastkette innerhalb des Spiralkabels; incl. sep. H\u00e4ngetaster f\u00fcr den Einsatz von Hubmagneten mit einer Hubkraft von 500 kg am Kettenzug (Eigengewicht 36 kg). Optional Einsatz am Hallenkran mit Komplett-Sch\u00fctz-Steuerung \u00fcber den HandlingMaster","price":"9791","price_type":"quantity_based","image":0,"visibility":true}],"id":1737416743},{"name":"pick &amp; place crane technology system-integrated for 1-man sheet removal storemaster\u00ae innovation from the year 2000","type":"checkbox","position":3,"required":false,"title_format":"label","default":"","description_enable":true,"description":"<img src=\"https:\/\/storemaster.de\/wp-content\/uploads\/SM_Kranoption-ohne-Rollen.jpg\" alt=\"MasterTower-TowerCrane\" width=\"300\" \/>","placeholder_enable":false,"placeholder":"","display":"select","restrictions_type":"any_text","adjust_price":false,"price":"","price_type":"flat_fee","restrictions":false,"min":"0","max":"0","options":[{"label":"St\u00e4nderwerk konstruktiv, statisch, anschluss-technisch und funktionell pr\u00e4pariert f\u00fcr die TowerCrane-Installation, Schwenkkran in Leichtbauweise, system-integriert (Fundament entf\u00e4llt), links und rechts installierbar und versetzbar, Aktionsradius 6m bei Aktionsbereich 225\u00b0, incl. Krans\u00e4ule, Elektro-Kettenzug und kompl. Elektro-Installation am Turm, zul. Hakenlast 500 kg, Schwenken und Fahrwerk manuell (optional voll-elektrisch), Kran-Abnahme incl.","price":"10836","price_type":"quantity_based","image":0,"visibility":true}],"id":1737416742},{"name":"Rolling step (free of charge)","type":"heading","position":0,"required":false,"title_format":"label","default":"","description_enable":true,"description":"<p>storeboy\u00ae to make it easier for you to reach (one per shelf)<\/p>\r\n<p><img src=\"https:\/\/storemaster.de\/wp-content\/uploads\/storeboy_Rollhocker.png\" alt=\"storeboy\u00ae\" width=\"300\" \/><\/p>","placeholder_enable":false,"placeholder":"","display":"select","restrictions_type":"any_text","adjust_price":false,"price":"","price_type":"flat_fee","restrictions":false,"min":"0","max":"0","options":[],"id":1773668642}],"acf":[],"_links":{"self":[{"href":"https:\/\/storemaster.de\/en\/wp-json\/wp\/v2\/product\/18079387","targetHints":{"allow":["GET"]}}],"collection":[{"href":"https:\/\/storemaster.de\/en\/wp-json\/wp\/v2\/product"}],"about":[{"href":"https:\/\/storemaster.de\/en\/wp-json\/wp\/v2\/types\/product"}],"wp:featuredmedia":[{"embeddable":true,"href":"https:\/\/storemaster.de\/en\/wp-json\/wp\/v2\/media\/18079388"}],"wp:attachment":[{"href":"https:\/\/storemaster.de\/en\/wp-json\/wp\/v2\/media?parent=18079387"}],"wp:term":[{"taxonomy":"product_brand","embeddable":true,"href":"https:\/\/storemaster.de\/en\/wp-json\/wp\/v2\/product_brand?post=18079387"},{"taxonomy":"product_cat","embeddable":true,"href":"https:\/\/storemaster.de\/en\/wp-json\/wp\/v2\/product_cat?post=18079387"},{"taxonomy":"product_tag","embeddable":true,"href":"https:\/\/storemaster.de\/en\/wp-json\/wp\/v2\/product_tag?post=18079387"}],"curies":[{"name":"wp","href":"https:\/\/api.w.org\/{rel}","templated":true}]}}