{"id":18079340,"date":"2022-08-12T08:13:41","date_gmt":"2022-08-12T06:13:41","guid":{"rendered":"https:\/\/storemaster.de\/shop\/unkategorisiert\/coilstore-h\/"},"modified":"2025-08-27T09:23:14","modified_gmt":"2025-08-27T07:23:14","slug":"coilstore-h","status":"publish","type":"product","link":"https:\/\/storemaster.de\/en\/shop\/coillager\/coilstore-h\/","title":{"rendered":"CoilStore\u00ae horizontal"},"content":{"rendered":"<h2><span style=\"color: #e00000;\">CoilStore\u00ae horizontal<\/span> Slit strip storage system<\/h2>","protected":false},"excerpt":{"rendered":"<p>Heavy-duty handling storage system for slit strip stacks on specially designed load carriers\/pallets for angle-on-angle forced insertion into special storage towers with high storage density. A slat-band shelving system for forklift operation with a permissible shelf load of up to 10 t, impact-, abrasion- and wear-resistant thanks to hot-dip galvanisation in accordance with DIN EN ISO 1461. The high flexibility of the slide-in system lies in its shelf height grid of 300 mm for optimum adaptation to the constantly changing stack heights. Standard load capacity 5 tonnes.<\/p>\n<p><strong>Delivery:<\/strong> free delivery within Germany<\/p>","protected":false},"featured_media":18079341,"template":"","meta":{"_acf_changed":false,"_et_pb_use_builder":"","_et_pb_old_content":"","_et_gb_content_width":""},"product_brand":[],"product_cat":[1471],"product_tag":[1656],"class_list":{"0":"post-18079340","1":"product","2":"type-product","3":"status-publish","4":"has-post-thumbnail","6":"product_cat-coillager","7":"product_tag-storekeeper-kompatibel","8":"handling-per-stapler-einsatz","10":"first","11":"instock","12":"taxable","13":"shipping-taxable","14":"purchasable","15":"product-type-variable","16":"wvs-archive-product-wrapper"},"exclude_global_add_ons":false,"addons":[{"name":"Number of load carriers (FLATs)","type":"heading","position":0,"required":false,"title_format":"label","default":"","description_enable":true,"description":"Please select the number of desired load carriers according to the selected max. ring diameter. The system price will be adjusted automatically.","placeholder_enable":false,"placeholder":"","display":"select","restrictions_type":"any_text","adjust_price":false,"price":"","price_type":"flat_fee","restrictions":false,"min":"0","max":"0","options":[],"id":1733386602},{"name":"selected_pa_ring_diameter","type":"custom_text","position":1,"required":false,"title_format":"hide","default":"","description_enable":false,"description":"","placeholder_enable":false,"placeholder":"","display":"select","restrictions_type":"any_text","adjust_price":false,"price":"","price_type":"flat_fee","restrictions":false,"min":"0","max":"0","options":[],"id":1733402322},{"name":"splittingFLAT for ring diameter 1000 mm","type":"input_multiplier","position":2,"required":true,"title_format":"label","default":"","description_enable":true,"description":"<img src=\"https:\/\/storemaster.de\/wp-content\/uploads\/splittingFLAT-1000-1.png\" alt=\"Ringdurchmesser 1000\" width=\"300\" \/>","placeholder_enable":false,"placeholder":"","display":"select","restrictions_type":"any_text","adjust_price":true,"price":"479","price_type":"quantity_based","restrictions":true,"min":"1","max":"0","options":[],"id":1733386603},{"name":"splittingFLAT for ring diameter 1250 mm","type":"input_multiplier","position":3,"required":true,"title_format":"label","default":"","description_enable":true,"description":"<img src=\"https:\/\/storemaster.de\/wp-content\/uploads\/splittingFLAT-1250-1.png\" alt=\"Ringdurchmesser 1250\" width=\"300\" \/>","placeholder_enable":false,"placeholder":"","display":"select","restrictions_type":"any_text","adjust_price":true,"price":"539","price_type":"quantity_based","restrictions":true,"min":"1","max":"0","options":[],"id":1733386605},{"name":"splittingFLAT for ring diameter 1500 mm","type":"input_multiplier","position":4,"required":true,"title_format":"label","default":"","description_enable":true,"description":"<img src=\"https:\/\/storemaster.de\/wp-content\/uploads\/splittingFLAT-1500-1.png\" alt=\"Ringdurchmesser 1500\" width=\"300\" \/>","placeholder_enable":false,"placeholder":"","display":"select","restrictions_type":"any_text","adjust_price":true,"price":"623","price_type":"quantity_based","restrictions":true,"min":"1","max":"0","options":[],"id":1733386607},{"name":"splittingFLAT for ring diameter 1750 mm","type":"input_multiplier","position":5,"required":true,"title_format":"label","default":"","description_enable":true,"description":"<img src=\"https:\/\/storemaster.de\/wp-content\/uploads\/splittingFLAT-1750-1.png\" alt=\"Ringdurchmesser 1750\" width=\"300\" \/>","placeholder_enable":false,"placeholder":"","display":"select","restrictions_type":"any_text","adjust_price":true,"price":"683","price_type":"quantity_based","restrictions":true,"min":"1","max":"0","options":[],"id":1733386609},{"name":"splittingFLAT for ring diameter 1800 mm","type":"input_multiplier","position":6,"required":true,"title_format":"label","default":"","description_enable":true,"description":"<img src=\"https:\/\/storemaster.de\/wp-content\/uploads\/splittingFLAT-1800.png\" alt=\"Ringdurchmesser 1800\" width=\"300\" \/>","placeholder_enable":false,"placeholder":"","display":"select","restrictions_type":"any_text","adjust_price":true,"price":"718","price_type":"quantity_based","restrictions":true,"min":"1","max":"0","options":[],"id":1733477974},{"name":"splittingFLAT for ring diameter 2000 mm","type":"input_multiplier","position":7,"required":true,"title_format":"label","default":"","description_enable":true,"description":"<img src=\"https:\/\/storemaster.de\/wp-content\/uploads\/splittingFLAT-2000-1.png\" alt=\"Ringdurchmesser 2000\" width=\"300\" \/>","placeholder_enable":false,"placeholder":"","display":"select","restrictions_type":"any_text","adjust_price":true,"price":"744","price_type":"quantity_based","restrictions":true,"min":"1","max":"0","options":[],"id":1733386611},{"name":"Optional system components","type":"heading","position":8,"required":false,"title_format":"label","default":"","description_enable":true,"description":"Please select from the options provided. The system price will be adjusted automatically.","placeholder_enable":false,"placeholder":"","display":"select","restrictions_type":"any_text","adjust_price":false,"price":"","price_type":"flat_fee","restrictions":false,"min":"0","max":"0","options":[],"id":1733386612},{"name":"Magnetic label pocket","type":"input_multiplier","position":9,"required":false,"title_format":"label","default":"","description_enable":true,"description":"<img src=\"https:\/\/storemaster.de\/wp-content\/uploads\/Etikettentaschen-blau-e1685709870586.jpeg\" alt=\"Zahlenschilder\" width=\"300\" \/>\r\nFor patented shelf or material labelling incl. blank insert label\r\n\r\n- Coloured backing film and transparent front film\r\n- Hard-wearing, scanner-compatible and document-proof\r\n- Quick replacement of the insert labels","placeholder_enable":false,"placeholder":"","display":"select","restrictions_type":"any_text","adjust_price":true,"price":"2.5","price_type":"quantity_based","restrictions":false,"min":"0","max":"0","options":[],"id":1733386613},{"name":"MULTISPOT LED strip light compartment display","type":"checkbox","position":10,"required":false,"title_format":"label","default":"","description_enable":true,"description":"<img src=\"https:\/\/storemaster.de\/wp-content\/uploads\/2022\/01\/ShuttleTower-LED_1800x1200.gif\" alt=\"LED-Lichtleiste\" width=\"300\" \/>\r\n\r\nCompartment recognition flashing light device, particularly conspicuous and brightly lit, integrated into the uprights at compartment-adapted height on each storage level to the left and right of the compartment, makes it easier to quickly find the required storage compartment in tower systems of <strong>more than 5 storage towers<\/strong> In addition to the existing storage compartment labelling; the multi-colour design enables the memory-programmable compartment and flat assignment of countless features in any display; <strong>incl. <span style=\"color: #e02b20\">StoreKeeper Smart App<\/span><\/strong> as a clever warehouse management software programme, smart and clearly arranged, ingeniously easy to use, including residual sheet utilisation effectively tailored to the actual needs of sheet metal processing practitioners.","placeholder_enable":false,"placeholder":"","display":"select","restrictions_type":"any_text","adjust_price":false,"price":"","price_type":"flat_fee","restrictions":false,"min":"0","max":"0","options":[{"label":"Zulagepreis je Turm","price":"3000","price_type":"quantity_based","image":0,"visibility":true}],"id":1733386614},{"name":"RFID transponder kit","type":"checkbox","position":11,"required":false,"title_format":"label","default":"","description_enable":false,"description":"","placeholder_enable":false,"placeholder":"","display":"select","restrictions_type":"any_text","adjust_price":false,"price":"","price_type":"flat_fee","restrictions":false,"min":"0","max":"0","options":[{"label":"die automatische Erkennung von Lager- u. Maschinen-\u00dcbergabe-Platz sowie Paletten-Inhalt (Software-integriert) bei chaotischer Lagerhaltung; r\u00fcckseitiger Kabelkanal mit stufenlos h\u00f6henverstellbarer Reader-Anordnung, incl. Netzteil, Tags (Transponder) der Ladungstr\u00e4ger bereits codiert, Netzanschluss bauseits. Je Turm","price":"5000","price_type":"quantity_based","image":0,"visibility":true}],"id":1733386615}],"acf":[],"_links":{"self":[{"href":"https:\/\/storemaster.de\/en\/wp-json\/wp\/v2\/product\/18079340","targetHints":{"allow":["GET"]}}],"collection":[{"href":"https:\/\/storemaster.de\/en\/wp-json\/wp\/v2\/product"}],"about":[{"href":"https:\/\/storemaster.de\/en\/wp-json\/wp\/v2\/types\/product"}],"wp:featuredmedia":[{"embeddable":true,"href":"https:\/\/storemaster.de\/en\/wp-json\/wp\/v2\/media\/18079341"}],"wp:attachment":[{"href":"https:\/\/storemaster.de\/en\/wp-json\/wp\/v2\/media?parent=18079340"}],"wp:term":[{"taxonomy":"product_brand","embeddable":true,"href":"https:\/\/storemaster.de\/en\/wp-json\/wp\/v2\/product_brand?post=18079340"},{"taxonomy":"product_cat","embeddable":true,"href":"https:\/\/storemaster.de\/en\/wp-json\/wp\/v2\/product_cat?post=18079340"},{"taxonomy":"product_tag","embeddable":true,"href":"https:\/\/storemaster.de\/en\/wp-json\/wp\/v2\/product_tag?post=18079340"}],"curies":[{"name":"wp","href":"https:\/\/api.w.org\/{rel}","templated":true}]}}