{"id":18079316,"date":"2022-07-26T06:13:58","date_gmt":"2022-07-26T04:13:58","guid":{"rendered":"https:\/\/storemaster.de\/shop\/unkategorisiert\/twentower-universal\/"},"modified":"2026-03-16T14:07:37","modified_gmt":"2026-03-16T13:07:37","slug":"twentower-universal","status":"publish","type":"product","link":"https:\/\/storemaster.de\/en\/shop\/blechlager\/twentower-universal\/","title":{"rendered":"TwenTower\u00ae universal"},"content":{"rendered":"<h2 style=\"color: #e02b20;\">TwenTower\u00ae The best-selling sheet metal bearing worldwide.<\/h2>\n<p><strong><span style=\"color: #e00000;\">TwenTower\u00ae storemaster\u00ae<\/span><\/strong> Original from 1998 - an investment for generations.<\/p>","protected":false},"excerpt":{"rendered":"<p>Universal sheet metal bearing<strong>Drawer shelf <\/strong>for the<strong> Forklift operation <\/strong>and the <strong>Manual sheet removal<\/strong> on the machine<br \/>\n<strong>for the storage of depalletised sheet metal packages, from <\/strong>sheet metal packages on wooden pallet or\u00a0<strong>euroFLAT\u00ae<\/strong>-System standard range<br \/>\none-sided extract <strong>without reducing the storage density<\/strong> Also suitable for forklift operation from the rear<br \/>\nSingle sheet removal by manual puller or sheet manipulator<br \/>\n<strong>Pallet changing system <\/strong>for the frequent, fast <strong>Swapping the sheet metal types<\/strong><br \/>\nIdeal addition to the\u00a0<strong>ArmStrong\u00ae BN<\/strong>\u00a0Standard sheet metal storage rack as <strong>Main bearing<\/strong><br \/>\n- one\u00a0<strong>storemaster\u00ae<\/strong>-Innovation from the\u00a0<strong>Years 1996<\/strong>\u00a0with\u00a0<strong>20 year guarantee<\/strong>\u00a0(DIN EN ISO 9001 suitable)<\/p>\n<p style=\"font-weight: 400;\"><strong>storemaster\u00ae<\/strong>\u00a0<strong>Unique selling proposition<\/strong>-Features:<br \/>\n\u27a0\u00a0<strong>automatically<\/strong>\u00a0acting safety devices according to\u00a0<strong>UVV<\/strong><br \/>\n\u27a0\u00a0<strong>without<\/strong>\u00a0UVV-incompatible\u00a0<strong>manual<\/strong>\u00a0Locking devices<br \/>\n\u27a0\u00a0<strong>Patent drawer safety catch<\/strong><br \/>\n\u27a0 Swivelling drawer runner panels\u00a0<strong>under load without ground contact <\/strong>Protects sealed floors and surface coatings<br \/>\n\u27a0 Suitable for the\u00a0<strong>Installation on sloping floor levels <\/strong>and\u00a0<strong>Any soil conditions<\/strong><br \/>\n\u27a0 Installation\u00a0<strong>Without foundation<\/strong>\u00a0through foot beam load distributor<br \/>\n\u27a0 Functional accessories incl.: storeboy mobile step and handling hooks for ergonomic operation at any height, as well as composite anchors for the required, tension-resistant fixing of the equipment to the hall floor<\/p>","protected":false},"featured_media":18079317,"template":"","meta":{"_acf_changed":false,"_et_pb_use_builder":"","_et_pb_old_content":"","_et_gb_content_width":""},"product_brand":[],"product_cat":[817,2179],"product_tag":[1656,1657],"class_list":{"0":"post-18079316","1":"product","2":"type-product","3":"status-publish","4":"has-post-thumbnail","6":"product_cat-blechlager","7":"product_cat-schubladenregale","8":"product_tag-storekeeper-kompatibel","9":"product_tag-elektrifizierbar","10":"handling-schubladen","11":"handling-systempaletten-im-wechselsystem","13":"first","14":"instock","15":"taxable","16":"shipping-taxable","17":"purchasable","18":"product-type-variable","19":"wvs-archive-product-wrapper"},"exclude_global_add_ons":false,"addons":[{"name":"Optional system components","type":"heading","position":0,"required":false,"title_format":"label","default":"","description_enable":true,"description":"Please select from the options provided. The system price will be adjusted automatically. <b>(*mandatory information)<\/b>","placeholder_enable":false,"placeholder":"","display":"select","restrictions_type":"any_text","adjust_price":false,"price":"","price_type":"flat_fee","restrictions":false,"min":"0","max":"0","options":[],"id":1733314711},{"name":"OverheadTop essay pad","type":"multiple_choice","position":1,"required":true,"title_format":"heading","default":"","description_enable":true,"description":"<img src=\"https:\/\/storemaster.de\/wp-content\/uploads\/MasterTower-Universal-4-ohne-Rollen.jpg\" alt=\"MasterTower-Basisblock\" width=\"300p\" \/>","placeholder_enable":false,"placeholder":"","display":"radiobutton","restrictions_type":"any_text","adjust_price":false,"price":"","price_type":"flat_fee","restrictions":false,"min":"0","max":"0","options":[{"label":"ohne Aufsatzblock","price":"","price_type":"quantity_based","image":0,"visibility":true},{"label":"Lagerung auf Holzpaletten mit 3 Kragb\u00fcgel- und 2 Fix-Lagerebenen \u00e0 3t Tragkraft f\u00fcr wahlweise vorder- und r\u00fcckseitige Staplerbedienung, System-Bauh\u00f6he 4.100mm","price":"4069","price_type":"quantity_based","image":0,"visibility":true}],"id":1733314712},{"name":"Rolling step (free of charge)","type":"heading","position":0,"required":false,"title_format":"label","default":"","description_enable":true,"description":"<p>storeboy\u00ae to make it easier for you to reach (one per shelf)<\/p>\r\n<p><img src=\"https:\/\/storemaster.de\/wp-content\/uploads\/storeboy_Rollhocker.png\" alt=\"storeboy\u00ae\" width=\"300\" \/><\/p>","placeholder_enable":false,"placeholder":"","display":"select","restrictions_type":"any_text","adjust_price":false,"price":"","price_type":"flat_fee","restrictions":false,"min":"0","max":"0","options":[],"id":1773668642}],"acf":[],"_links":{"self":[{"href":"https:\/\/storemaster.de\/en\/wp-json\/wp\/v2\/product\/18079316","targetHints":{"allow":["GET"]}}],"collection":[{"href":"https:\/\/storemaster.de\/en\/wp-json\/wp\/v2\/product"}],"about":[{"href":"https:\/\/storemaster.de\/en\/wp-json\/wp\/v2\/types\/product"}],"wp:featuredmedia":[{"embeddable":true,"href":"https:\/\/storemaster.de\/en\/wp-json\/wp\/v2\/media\/18079317"}],"wp:attachment":[{"href":"https:\/\/storemaster.de\/en\/wp-json\/wp\/v2\/media?parent=18079316"}],"wp:term":[{"taxonomy":"product_brand","embeddable":true,"href":"https:\/\/storemaster.de\/en\/wp-json\/wp\/v2\/product_brand?post=18079316"},{"taxonomy":"product_cat","embeddable":true,"href":"https:\/\/storemaster.de\/en\/wp-json\/wp\/v2\/product_cat?post=18079316"},{"taxonomy":"product_tag","embeddable":true,"href":"https:\/\/storemaster.de\/en\/wp-json\/wp\/v2\/product_tag?post=18079316"}],"curies":[{"name":"wp","href":"https:\/\/api.w.org\/{rel}","templated":true}]}}