{"id":18079012,"date":"2021-09-27T07:55:58","date_gmt":"2021-09-27T05:55:58","guid":{"rendered":"https:\/\/storemaster.de\/shop\/unkategorisiert\/shuttletower\/"},"modified":"2026-04-16T12:39:49","modified_gmt":"2026-04-16T10:39:49","slug":"shuttletower","status":"publish","type":"product","link":"https:\/\/storemaster.de\/en\/shop\/blechlager\/shuttletower\/","title":{"rendered":"ShuttleTower\u00ae cassette sheet metal storage system"},"content":{"rendered":"<h2 style=\"color: #e02b20;\">ShuttleTower\u00ae slide-in pallet system<\/h2>\n<p style=\"margin-bottom: 12px; font-size: 14pt;\"><strong>Unique selling propositions of the company, which has been<br \/>\nfrom <span style=\"color: #e02b20;\">storemaster\u00ae<\/span>\u00a0developed sheet metal bearing cassette system.<\/strong><\/p>\n<ul style=\"color: #e02b20;\">\n<li><span style=\"color: #000000;\">The extremely high storage density saves valuable storage space: shelf heights from 150 mm.<\/span><\/li>\n<li><span style=\"color: #000000;\">Welded foot beams in the longitudinal direction of the shelving prevent the shelving uprights from tilting at a later date, even when installed on interlocking paving stones, asphalt, etc. without tension-proof floor anchoring (permanent tilt resistance).<\/span><\/li>\n<li><span style=\"color: #000000;\">The special exclusivity of the system is the Drop&amp;Push patent - the cassette flat does not have to be painstakingly and skilfully threaded into the free narrow compartment gap, Instead, it can be set down collision-free in front of the front of the stored pallets with its front-side frame angles on the extended upright support brackets and then guided angle-on-angle until it stops on the abrasion-resistant galvanised guide brackets.The 10 mm high legs of the frontal cassette support brackets have the full shelf height between the extended insertion brackets of the upright frame available as free lifting clearance - entry funnels provide additional centring to facilitate this, so that safe, tilt-free insertion is guaranteed even when the pallet is tilted on the forklift fork.<\/span><\/li>\n<li><span style=\"color: #000000;\">Only the frame construction of the uprights consisting of base beams welded in the longitudinal direction and a rigid head beam construction makes it possible to dispense with the diagonal cross bay bracing otherwise required to stabilise a conventional rack construction, which is not possible in the front area anyway and is exposed to destruction from overlong forks at the rear.<\/span><\/li>\n<li><span style=\"color: #000000;\">As with a wooden pallet, the forklift shoes are left open at the bottom to maximise the entry height for the forks, which makes it considerably easier to pick up the load carriers during retrieval, even when the forklift is in an inclined position. Unfortunately, tubular shoes must be used for machines with automatic sheet pick-up.<\/span><\/li>\n<li><span style=\"color: #000000;\">The stud frame carries 150 tonnes with 2-fold safety<\/span><\/li>\n<li><span style=\"color: #000000;\">The frame design of the cassette flats provides the sheet metal package with transport safety in all directions.<br \/>\n4 pages.<\/span><\/li>\n<li><span style=\"color: #000000;\">The deep web design and the clear oversize of the flats also allow the sheet metal packs to be stored using load belts, the insertion of pins for packs with excess height and the storage of unedged sheets with oversize.<\/span><\/li>\n<li><span style=\"color: #000000;\">The durable support profiles of the flats made of solid moulded steel are permanently impact-resistant.<\/span><\/li>\n<li><span style=\"color: #000000;\">Paint damage to the flats is ruled out by an impact-resistant hot-dip galvanising process, which also makes outdoor use possible with a 30-year corrosion protection guarantee.<\/span><\/li>\n<li><span style=\"color: #000000;\">Various special applications are possible, e.g. skid design for roller conveyors, storage of non-depalletised sheet metal packages, universal stacking device for changing formats and package overheights within a load carrier.<\/span><\/li>\n<li><span style=\"color: #000000;\">The forklift drive-in shoes are adapted to the fork spacing and fork width of the forklift fork.<\/span><\/li>\n<li><span style=\"color: #000000;\">The patented depalletiser <span style=\"color: #e02b20;\">PalEx\u00ae <\/span>enables depalletising and flat loading within a few minutes; the <span style=\"color: #e02b20;\">PalEx\u00ae <\/span>excellently suited.<\/span><\/li>\n<li><span style=\"color: #000000;\">Crane vacuum sheet removal technology can be integrated into the storage towers with little effort.<\/span><\/li>\n<li><span style=\"color: #000000;\">En bloc stacked pallets, drawer and exchangeable pallet system blocks can be easily inserted in the floor area of the towers.<\/span><\/li>\n<li><span style=\"color: #000000;\">The extensive range of accessories such as programmable, particularly eye-catching LED compartment displays, chaotic RFID storage using transponder reader technology, barcode kits, magnetic number plates for fixed location storage, warehouse management programme <span style=\"color: #e02b20;\">storekeeper\u00aesmart<\/span> especially for sheet metal storage, coils, slit strip rings, bar material, but also for any other piece goods including ERP interface, etc. characterises the universality of the system.<\/span><\/li>\n<\/ul>","protected":false},"excerpt":{"rendered":"<p>With the <strong>collision-free<\/strong> <strong><span style=\"color: #e02b20;\">storemaster\u00ae<\/span><\/strong> Angle-on-angle constrained guide comfort insertion patent and the <strong><span style=\"color: #e02b20;\">storemaster\u00ae<\/span><\/strong> Safety retraction stroke of approx. 200 mm. <strong>BG safety<\/strong> thanks to rigid connections and 5-fold safety against buckling (incl. 1st shelf test in accordance with DIN EN 15635). For manual tray removal with load carrier <strong><span style=\"color: #e02b20;\">superFLAT-classic<\/span><\/strong>, as well as for semi-automatic and fully automatic sheet metal feeding on all machines with load carriers <strong><span style=\"color: #e02b20;\">masterFLAT<\/span><\/strong><strong><span style=\"color: #e02b20;\">\u00a0<\/span><\/strong><strong>with 20 mm undersize in length and width for the stop technology<\/strong><strong>, <\/strong><strong>suitable for: <\/strong>Trumpf Liftmaster, Sheetmaster, Loadmaster, Bystronic, Amada, automatic storage towers.<strong>\u00a0<\/strong>Design, arrangement, storage density and capacity of the towers in individually demand-optimised combinations. The uprights and load carriers are resistant to forklift impacts thanks to the use of hot-rolled solid steel profiles in an impact- and corrosion-resistant, hot-dip galvanised design. Maximum durability and sustainability thanks to\u00a0<strong>Quality No. 1<\/strong>.<\/p>\n<p>\u27a0 Optionally with integrated crane vacuum technology.<\/p>\n<p>&nbsp;<\/p>\n<p><strong><span style=\"color: #e02b20;\">PalEx\u00ae <\/span><\/strong><strong>25 years of success story<\/strong><\/p>\n<ul style=\"margin-top: 0px;\">\n<li>for patented depalletising and loading of the <strong>superFLAT<\/strong>-Load carrier<\/li>\n<\/ul>\n<p><strong><span style=\"color: #e02b20;\">FlatLoader\u00ae\u00a0<\/span><\/strong><\/p>\n<ul style=\"margin-top: 0px;\">\n<li>for the patented loading of the <strong>masterFLAT<\/strong>- and <strong>autoFLAT<\/strong>- Load carrier<\/li>\n<li>for a quick sheet metal type change on automatic storage towers<\/li>\n<\/ul>\n<p><strong>Load carrier suitable for:<\/strong><\/p>\n<ul>\n<li style=\"list-style-type: none;\">Liftmaster, Sheetmaster, Loadmaster<\/li>\n<li style=\"list-style-type: none;\">Bystronic, Amada, automatic storage towers<\/li>\n<li style=\"list-style-type: none;\">Manual crane vacuum sheet removal technology<\/li>\n<\/ul>","protected":false},"featured_media":18086631,"template":"","meta":{"_acf_changed":false,"_et_pb_use_builder":"","_et_pb_old_content":"","_et_gb_content_width":""},"product_brand":[],"product_cat":[817],"product_tag":[1656],"class_list":{"0":"post-18079012","1":"product","2":"type-product","3":"status-publish","4":"has-post-thumbnail","6":"product_cat-blechlager","7":"product_tag-storekeeper-kompatibel","8":"handling-systempaletten-im-turmlager","9":"handling-per-stapler-einsatz","11":"first","12":"instock","13":"taxable","14":"shipping-taxable","15":"purchasable","16":"product-type-variable","17":"wvs-archive-product-wrapper"},"exclude_global_add_ons":false,"addons":[{"name":"ShuttleTower storage convenience","type":"heading","position":0,"required":false,"title_format":"label","default":"","description_enable":true,"description":"The spacious, non-contact retraction of the superflat cassette between the extended forward support angles.\r\n<video src=\"https:\/\/storemaster.de\/wp-content\/uploads\/2022\/09\/ShuttleTower-Einlagerungshilfe.mp4\" controls>","placeholder_enable":false,"placeholder":"","display":"select","restrictions_type":"any_text","adjust_price":false,"price":"","price_type":"flat_fee","restrictions":false,"min":"0","max":"0","options":[],"id":1733318794},{"name":"Optional system components","type":"heading","position":1,"required":false,"title_format":"label","default":"","description_enable":true,"description":"Please select from the options provided. The system price will be adjusted automatically.\r\n<br><p style=\"line-height: 50%\">&nbsp;<\/p>","placeholder_enable":false,"placeholder":"","display":"select","restrictions_type":"any_text","adjust_price":false,"price":"","price_type":"flat_fee","restrictions":false,"min":"0","max":"0","options":[],"id":1733318795},{"name":"Adjustable shelf heights","type":"checkbox","position":2,"required":false,"title_format":"label","default":"","description_enable":true,"description":"<img src=\"https:\/\/storemaster.de\/wp-content\/uploads\/2021\/09\/ShuttleTower_Einlagerungstechnik.jpg\" alt=\"H\u00f6henverstellbarkeit\" width=\"300px\" \/>","placeholder_enable":false,"placeholder":"","display":"select","restrictions_type":"any_text","adjust_price":false,"price":"","price_type":"flat_fee","restrictions":false,"min":"0","max":"0","options":[{"label":"steckbare Schieneneinh\u00e4ngung f\u00fcr ver\u00e4nderbare Fachh\u00f6hen und nachtr\u00e4gliche Fachh\u00f6hen-Kombinationen","price":"15","price_type":"percentage_based","image":0,"visibility":true}],"id":1733318796},{"name":"Magnetic label pocket (per ShuttleTower\u00ae)","type":"input_multiplier","position":3,"required":false,"title_format":"label","default":"","description_enable":true,"description":"<img src=\"https:\/\/storemaster.de\/wp-content\/uploads\/Etikettentaschen-blau-e1685709870586.jpeg\" alt=\"Zahlenschilder\" width=\"300\" \/>\r\nFor patented shelf or material labelling incl. blank insert label\r\n\r\n- Coloured backing film and transparent front film\r\n- Hard-wearing, scanner-compatible and document-proof\r\n- Quick replacement of the insert labels","placeholder_enable":false,"placeholder":"","display":"select","restrictions_type":"any_text","adjust_price":true,"price":"2.5","price_type":"quantity_based","restrictions":false,"min":"0","max":"0","options":[],"id":1733318799},{"name":"MULTISPOT LED strip light shelf display incl. storekeeper\u00ae warehouse management software, pre-assembled ready for operation (from 5 storage towers)","type":"checkbox","position":4,"required":false,"title_format":"label","default":"","description_enable":true,"description":"<img src=\"https:\/\/storemaster.de\/wp-content\/uploads\/2022\/01\/ShuttleTower-LED_1800x1200.gif\" alt=\"LED-Lichtleiste\" width=\"300\" \/>","placeholder_enable":false,"placeholder":"","display":"select","restrictions_type":"any_text","adjust_price":false,"price":"","price_type":"flat_fee","restrictions":false,"min":"0","max":"0","options":[{"label":"Zulagepreis je Turm","price":"3000","price_type":"quantity_based","image":0,"visibility":true}],"id":1733318800},{"name":"RFID transponder kit incl. MULTISPOT LED strip light compartment display incl. storekeeper\u00ae warehouse management software pre-assembled ready for operation (from 5 storage towers)","type":"checkbox","position":5,"required":false,"title_format":"label","default":"","description_enable":true,"description":"<a href=\"https:\/\/storemaster.de\/en\/storekeeper-smart\/\">More about RFID with the StoreKeeper\u00ae Smart<\/a>","placeholder_enable":false,"placeholder":"","display":"select","restrictions_type":"any_text","adjust_price":false,"price":"","price_type":"flat_fee","restrictions":false,"min":"0","max":"0","options":[{"label":"Die automatische Erkennung von Lager- u. Maschinen-\u00dcbergabe-Platz sowie Paletten-Inhalt (storekeeper\u00ae Lagerverwaltungs-Software-integriert) bei chaotischer Lagerhaltung; r\u00fcckseitiger Kabelkanal mit stufenlos h\u00f6henverstellbarer Reader-Anordnung, incl. Netzteil, codierter Tags (Transponder) der Ladungstr\u00e4ger, Controller-Box\/Turm und implementiertem Mini-PC sowie aller Verbindungskabel, Strom- und LAN-Anschluss mit Internet-Zugang zur storekeeper\u00ae - Instanz bauseits. Zulagepreis je Turm","price":"5000","price_type":"quantity_based","image":0,"visibility":true}],"id":1733318801},{"name":"1 x pick &amp; place crane technology system-integrated for 1-man sheet removal storemaster\u00ae innovation from the year 2000","type":"checkbox","position":6,"required":false,"title_format":"label","default":"","description_enable":true,"description":"<img src=\"https:\/\/storemaster.de\/wp-content\/uploads\/2022\/09\/ShuttleTower-Detail4.jpg\" alt=\"TowerCrane\" width=\"300\" \/>","placeholder_enable":false,"placeholder":"","display":"select","restrictions_type":"any_text","adjust_price":false,"price":"","price_type":"flat_fee","restrictions":false,"min":"0","max":"0","options":[{"label":"St\u00e4nderwerk konstruktiv, statisch, anschluss-technisch und funktionell pr\u00e4pariert f\u00fcr die TowerCrane-Installation, Schwenkkran in Leichtbauweise, system-integriert (Fundament entf\u00e4llt), Positionierung links oder rechts an den Enden einer Turmreihe, Aktionsradius 6m bei Aktionsbereich 225\u00b0, incl. Krans\u00e4ule, Elektro-Kettenzug und kompl. Elektro-Installation am Turm, zul. Hakenlast 500 kg, Schwenken und Fahrwerk manuell, Kran-Abnahme im Werk storemaster\u00ae incl.","price":"10836","price_type":"quantity_based","image":0,"visibility":true}],"id":1733318802},{"name":"1 x HandlingMaster for sheet metal transfer","type":"checkbox","position":7,"required":false,"title_format":"label","default":"","description_enable":true,"description":"<img src=\"https:\/\/storemaster.de\/wp-content\/uploads\/2022\/04\/HandlingMaster_3-e1659350656259.jpg\" alt=\"TowerCrane\" width=\"300\" \/>","placeholder_enable":false,"placeholder":"","display":"select","restrictions_type":"any_text","adjust_price":false,"price":"","price_type":"flat_fee","restrictions":false,"min":"0","max":"0","options":[{"label":"Blechmanipulator Komfort-Ausf\u00fchrung, Tragkraft 750 kg, Eigengewicht 136 kg (opt. 2.000 kg an externem Kran), Niedrig-Bauh\u00f6he 350 mm f\u00fcr die Bedienung einer max. Anzahl von Schubladen, spezielle Ergonomie-Ausf\u00fchrung mit Handling-Sonderfunktionen f\u00fcr den spez. ergonom. Einsatz an Systemen mit integrierter Krantechnik mit folgenden Komfort-Bedienungselementen:(s. Alleinstellungsmerkmale HandlingMaster) Multifunktions-Tableau f\u00fcr alle Funktionen am Daumentaster-Bedienungsb\u00fcgel, abwinkelbar von 0-180 Grad im 15\u00b0 Raster mit elektr. Entriegelung, teleskopierbar spez. f\u00fcr den ergonom. Zugriff auf 2.200 mm H\u00f6he aus dem Stand; Doppelblech-Trenneinrichtung (DBGM) zur Aufhebung der Adh\u00e4sion gem\u00e4\u00df UVV, justierbarer Gewichtsausgleich, Kettenzug-Steuerung u. Energiezufuhr mittels abri\u00df-sicherem Spiralkabel, Lastkette innerhalb des Spiralkabels; incl. sep. H\u00e4ngetaster f\u00fcr den Einsatz von Hubmagneten mit einer Hubkraft von 500 kg am Kettenzug (Eigengewicht 36 kg). Optional Einsatz am Hallenkran mit Komplett-Sch\u00fctz-Steuerung \u00fcber den HandlingMaster","price":"9791","price_type":"quantity_based","image":0,"visibility":true}],"id":1733318803},{"name":"1 x easyLifter\u00ae for sheet packs with low inherent rigidity","type":"checkbox","position":8,"required":false,"title_format":"label","default":"","description_enable":true,"description":"<img src=\"https:\/\/storemaster.de\/wp-content\/uploads\/easyLifter_verschw_front.png\" alt=\"easyLifter_verschw_front\" width=\"300\" \/>","placeholder_enable":false,"placeholder":"","display":"select","restrictions_type":"any_text","adjust_price":false,"price":"","price_type":"flat_fee","restrictions":false,"min":"0","max":"0","options":[{"label":"Transportger\u00e4t f\u00fcr Blechpakete geringer Eigensteifigkeit, Restgitter und Stabmaterial-Bunde. Tragkraft: 3.000 kg f\u00fcr Staplerzinken bis 150 x 60 mm, Oberfl\u00e4che: feuerverzinkt","price":"2568","price_type":"flat_fee","image":0,"visibility":true}],"id":1775645075},{"name":"Storing sheet metal packages with the help of the PalEx depalletiser","type":"heading","position":9,"required":false,"title_format":"label","default":"","description_enable":true,"description":"<video src=\"https:\/\/storemaster.de\/wp-content\/uploads\/storemaster_PalEx-Entpalettieren_1_5_fach.webm\" controls>","placeholder_enable":false,"placeholder":"","display":"select","restrictions_type":"any_text","adjust_price":false,"price":"","price_type":"flat_fee","restrictions":false,"min":"0","max":"0","options":[],"id":1733318805},{"name":"selected_pa_ladungstraeger","type":"custom_text","position":10,"required":false,"title_format":"hide","default":"","description_enable":false,"description":"","placeholder_enable":false,"placeholder":"","display":"select","restrictions_type":"any_text","adjust_price":false,"price":"","price_type":"flat_fee","restrictions":false,"min":"0","max":"0","options":[],"id":1772440598},{"name":"selected_pa_sheet_format-in-m","type":"custom_text","position":11,"required":false,"title_format":"hide","default":"","description_enable":false,"description":"","placeholder_enable":false,"placeholder":"","display":"select","restrictions_type":"any_text","adjust_price":false,"price":"","price_type":"flat_fee","restrictions":false,"min":"0","max":"0","options":[],"id":1772443125},{"name":"PalEx\u00ae classic - Entpalettierer und Kassetten-Belader f\u00fcr smartFLAT, superFLAT und masterFLAT","type":"heading","position":12,"required":false,"title_format":"label","default":"","description_enable":true,"description":"<img src=\"https:\/\/storemaster.de\/wp-content\/uploads\/2024\/11\/PalEx-1-1.jpg\" alt=\"PalEx\" width=\"300\" \/>\r\nVerf\u00fcgbar f\u00fcr Blechformate von 2,0x1,0m bis 4,0x2,0m \r\n(Kann bei Auswahl der entsprechenden Konfiguration hinzugef\u00fcgt werden)\r\nAbgestimmt auf das ausgew\u00e4hlte Blechformat der Regalanlage.\r\nMit 8 Hubstempeln bis 3,0x1,5m\r\nMit 12 Hubstempeln bei 4,0x2,0m","placeholder_enable":false,"placeholder":"","display":"select","restrictions_type":"any_text","adjust_price":false,"price":"","price_type":"flat_fee","restrictions":false,"min":"0","max":"0","options":[],"id":1772443170},{"name":"PalEx\u00ae classic - Entpalettierer und Kassetten-Belader bis 3,0x1,5m","type":"input_multiplier","position":13,"required":false,"title_format":"heading","default":"","description_enable":true,"description":"<img src=\"https:\/\/storemaster.de\/wp-content\/uploads\/2024\/11\/PalEx-1-1.jpg\" alt=\"PalEx\" width=\"300\" \/>\r\nF\u00fcr das Handling von Blechformaten bis 3,0x1,5m\r\ninkl. 8 Hubstempel","placeholder_enable":false,"placeholder":"","display":"select","restrictions_type":"any_text","adjust_price":true,"price":"2650","price_type":"quantity_based","restrictions":false,"min":"0","max":"0","options":[],"id":1772443727},{"name":"PalEx\u00ae classic - Entpalettierer und Kassetten-Belader bis 3,0x1,5m","type":"input_multiplier","position":14,"required":false,"title_format":"heading","default":"","description_enable":true,"description":"<img src=\"https:\/\/storemaster.de\/wp-content\/uploads\/2024\/11\/PalEx-1-1.jpg\" alt=\"PalEx\" width=\"300\" \/>\r\nF\u00fcr das Handling von Blechformaten bis 3,0x1,5m\r\ninkl. 8 Hubstempel","placeholder_enable":false,"placeholder":"","display":"select","restrictions_type":"any_text","adjust_price":true,"price":"2650","price_type":"quantity_based","restrictions":false,"min":"0","max":"0","options":[],"id":1772450782},{"name":"PalEx\u00ae classic - Entpalettierer und Kassetten-Belader bis 3,0x1,5m","type":"input_multiplier","position":15,"required":false,"title_format":"heading","default":"","description_enable":true,"description":"<img src=\"https:\/\/storemaster.de\/wp-content\/uploads\/2024\/11\/PalEx-1-1.jpg\" alt=\"PalEx\" width=\"300\" \/>\r\nF\u00fcr das Handling von Blechformaten bis 3,0x1,5m\r\ninkl. 8 Hubstempel","placeholder_enable":false,"placeholder":"","display":"select","restrictions_type":"any_text","adjust_price":true,"price":"2650","price_type":"quantity_based","restrictions":false,"min":"0","max":"0","options":[],"id":1776330873},{"name":"PalEx\u00ae classic - Entpalettierer und Kassetten-Belader bis 4,0x2,0m","type":"input_multiplier","position":16,"required":false,"title_format":"heading","default":"","description_enable":true,"description":"<img src=\"https:\/\/storemaster.de\/wp-content\/uploads\/2024\/11\/PalEx-1-1.jpg\" alt=\"PalEx\" width=\"300\" \/>\r\nF\u00fcr das Handling von Blechformaten bis 4,0x2,0m\r\ninkl. 12 Hubstempel","placeholder_enable":false,"placeholder":"","display":"select","restrictions_type":"any_text","adjust_price":true,"price":"3020","price_type":"quantity_based","restrictions":false,"min":"0","max":"0","options":[],"id":1772451845},{"name":"PalEx\u00ae classic - Entpalettierer und Kassetten-Belader bis 4,0x2,0m","type":"input_multiplier","position":17,"required":false,"title_format":"heading","default":"","description_enable":true,"description":"<img src=\"https:\/\/storemaster.de\/wp-content\/uploads\/2024\/11\/PalEx-1-1.jpg\" alt=\"PalEx\" width=\"300\" \/>\r\nF\u00fcr das Handling von Blechformaten bis 4,0x2,0m\r\ninkl. 12 Hubstempel","placeholder_enable":false,"placeholder":"","display":"select","restrictions_type":"any_text","adjust_price":true,"price":"3020","price_type":"quantity_based","restrictions":false,"min":"0","max":"0","options":[],"id":1772451846},{"name":"PalEx\u00ae classic - Entpalettierer und Kassetten-Belader bis 4,0x2,0m","type":"input_multiplier","position":18,"required":false,"title_format":"heading","default":"","description_enable":true,"description":"<img src=\"https:\/\/storemaster.de\/wp-content\/uploads\/2024\/11\/PalEx-1-1.jpg\" alt=\"PalEx\" width=\"300\" \/>\r\nF\u00fcr das Handling von Blechformaten bis 4,0x2,0m\r\ninkl. 12 Hubstempel","placeholder_enable":false,"placeholder":"","display":"select","restrictions_type":"any_text","adjust_price":true,"price":"3020","price_type":"quantity_based","restrictions":false,"min":"0","max":"0","options":[],"id":1776331637},{"name":"FlatLoader - Systempaletten-Belader f\u00fcr masterFLAT","type":"heading","position":19,"required":false,"title_format":"label","default":"","description_enable":true,"description":"<img src=\"https:\/\/storemaster.de\/wp-content\/uploads\/2024\/11\/FlatLoaderTitle-1-1.jpg\" alt=\"FlatLoader\" width=\"300\" \/>\r\nVerf\u00fcgbar f\u00fcr Blechformate von 2,0x1,0m bis 4,0x2,0m \r\n(Kann bei Auswahl der entsprechenden Ladungstr\u00e4ger-Konfiguration hinzugef\u00fcgt werden)\r\nMit 3 Quertraversen und 9 Hubstempeln f\u00fcr die gleichm\u00e4\u00dfige Lastverteilung","placeholder_enable":false,"placeholder":"","display":"select","restrictions_type":"any_text","adjust_price":false,"price":"","price_type":"flat_fee","restrictions":false,"min":"0","max":"0","options":[],"id":1772456833},{"name":"FlatLoader - Systempaletten-Belader bis 4,0x2,0m","type":"input_multiplier","position":20,"required":false,"title_format":"heading","default":"","description_enable":true,"description":"<img src=\"https:\/\/storemaster.de\/wp-content\/uploads\/2024\/11\/FlatLoaderTitle-1-1.jpg\" alt=\"FlatLoader\" width=\"300\" \/>\r\nF\u00fcr das Handling von Blechformaten bis 4,0x2,0m\r\ninkl. 3 Quertraversen und 9 Hubstempel","placeholder_enable":false,"placeholder":"","display":"select","restrictions_type":"any_text","adjust_price":true,"price":"2525","price_type":"quantity_based","restrictions":false,"min":"0","max":"0","options":[],"id":1772457048}],"acf":[],"_links":{"self":[{"href":"https:\/\/storemaster.de\/en\/wp-json\/wp\/v2\/product\/18079012","targetHints":{"allow":["GET"]}}],"collection":[{"href":"https:\/\/storemaster.de\/en\/wp-json\/wp\/v2\/product"}],"about":[{"href":"https:\/\/storemaster.de\/en\/wp-json\/wp\/v2\/types\/product"}],"wp:featuredmedia":[{"embeddable":true,"href":"https:\/\/storemaster.de\/en\/wp-json\/wp\/v2\/media\/18086631"}],"wp:attachment":[{"href":"https:\/\/storemaster.de\/en\/wp-json\/wp\/v2\/media?parent=18079012"}],"wp:term":[{"taxonomy":"product_brand","embeddable":true,"href":"https:\/\/storemaster.de\/en\/wp-json\/wp\/v2\/product_brand?post=18079012"},{"taxonomy":"product_cat","embeddable":true,"href":"https:\/\/storemaster.de\/en\/wp-json\/wp\/v2\/product_cat?post=18079012"},{"taxonomy":"product_tag","embeddable":true,"href":"https:\/\/storemaster.de\/en\/wp-json\/wp\/v2\/product_tag?post=18079012"}],"curies":[{"name":"wp","href":"https:\/\/api.w.org\/{rel}","templated":true}]}}