{"id":18078963,"date":"2021-09-14T13:23:11","date_gmt":"2021-09-14T11:23:11","guid":{"rendered":"https:\/\/storemaster.de\/shop\/unkategorisiert\/twentower\/"},"modified":"2026-04-08T09:32:50","modified_gmt":"2026-04-08T07:32:50","slug":"twentower","status":"publish","type":"product","link":"https:\/\/storemaster.de\/en\/shop\/blechlager\/twentower\/","title":{"rendered":"TwenTower\u00ae classic"},"content":{"rendered":"<h2 style=\"color: #e02b20;\">TwenTower\u00ae The best-selling sheet metal bearing worldwide.<\/h2>\n<p><strong><span style=\"color: #e02b20;\">TwenTower\u00ae storemaster\u00ae<\/span><\/strong> <strong>Original from 1996 - an investment for generations - with <u>self-supporting<\/u> Pull-out slide walls (<strong><span style=\"color: #e02b20;\">storemaster\u00ae<\/span><\/strong>-innovation from 2024).<\/strong><\/p>\n<p>Sheet metal storage drawer system with swivelling pull-out roller side panels, optionally lockable, heavy-duty, permanently lubricated block hinges permanently fix the swivel-out panels in their height position, permanently welded, step-free rail transition between block and swivel rails <strong>-<\/strong> not screwed and with <span style=\"color: #e02b20;\">storemaster\u00ae <\/span>- Mitre transition! Occupational safety in accordance with international standards, system block-assembled ready for use <strong>-<\/strong> opt. Electrified pull-outs. Torsion-resistant L-frame upright construction for permanent perpendicularity =&gt; 20-year functional guarantee; automatic locking devices secure the rest and working position of the drawers without manual operation; mechanical locks for drawers with a payload \u2264 2,000 kg; servo-patented thrust spring facilitates the extension of heavy-duty drawers with a payload \u2265 2,500 kg. <strong>Pull-out runner walls without floor contact<\/strong> for any floor condition.<\/p>\n<p><strong>The <span style=\"color: #e02b20;\">storemaster\u00ae<\/span> - Functional safety with swivelling pull-out side-panels:<\/strong><br \/>\nThe roller flange guides <strong>on the running surfaces<\/strong> of the rails secure the drawers in the event of additional lateral forces <strong>automatic<\/strong> locked <strong>without<\/strong> Additional BG-compliant measures <strong>Reliable against crashes<\/strong> (<span style=\"color: #e02b20;\">storemaster\u00ae<\/span><strong>-Innovation from 2015<\/strong>). Strong magnets fix the swivelled-out pull-out side-panels in place <strong>automatic<\/strong> in their 90\u00b0 position without the need for BG-compliant mechanical-manual locking devices.<\/p>\n<p><strong>The <strong><span style=\"color: #e02b20;\">storemaster\u00ae<\/span><\/strong> - Rolling comfort:<\/strong><br \/>\nEach runner runs on 8 bearings in special smooth-running ball bearings on chromated solid steel flanged wheels (no lightweight sheet metal housing rollers or ball bearings misused as wheels) with double axle bearing, secure and tilt-free on hot-dip galvanised (10 times more abrasion-resistant than painted surfaces), smooth running rails without dirt pockets, as there are no upward or downward folds. Perfect fall protection with automatic function in accordance with UVV with swivelling design. Special heavy-duty precision block hinges with permanent lubrication ensure a permanent, maintenance-free rail transition into the pull-out area with swivelling pull-out side-panels.<\/p>\n<p><strong>Work safety and accident prevention (occupational safety) in accordance with international standards:<\/strong><br \/>\n<strong><span style=\"color: #e02b20;\">storemaster\u00ae<\/span><\/strong> fulfils the following requirements that can no longer be remedied by reworking <strong>UVV occupational safety requirements<\/strong>without which commissioning of the product is not possible <strong>BG insurance cover<\/strong> permanently endangered: Exclusion of human error by failure to actuate safety devices.<\/p>\n<h2>TwenTower\u00ae unique selling points<\/h2>\n<p>&nbsp;<\/p>\n<ul>\n<li>Convenient parcel storage instead of tray by tray with patented PalEx depalletiser, thanks to the <strong><span style=\"color: #e02b20;\">storemaster\u00ae<\/span><\/strong> Drawer deep web frame construction (invented in 1995) with anti-displacement sheet metal package embedding.<\/li>\n<li>TwenTower\u00ae heavy-duty drawer systems are suitable for all storage and putaway variants =&gt; optional change from putaway without wooden pallet to putaway incl. wooden pallet and vice versa.<\/li>\n<li>Safety devices adjust themselves automatically when the system is operated in accordance with the accident prevention regulations and are therefore not subject to arbitrary manual, i.e. negligent, actuation.<\/li>\n<li>Automatic fixing of swivelled-out roller track panels at a precise 90\u00b0 (adjustable) by means of a strong magnetic holding device - in turn releases automatically when swivelled in without locking bolts etc.<\/li>\n<li><strong>The <span style=\"color: #e02b20;\">storemaster\u00ae<\/span>The pull-out technology allows installation and operation on any type of floor, as well as sloping and\/or uneven installation surfaces with a gradient without a foundation plate. The swivelling pull-out rail walls (doors) have no contact with the floor; floors with heating and sensitive coatings remain undamaged.<\/strong><\/li>\n<li><strong>100% UVV drawer anti-drop device with automatic flange-groove forced guidance patent (DBGM) without arbitrary (negligible) mechanical actuation by the operator.<\/strong><\/li>\n<li>Automatic self-releasing locking devices secure the rest and working position against unintentional movement of the drawers without manual operation of mechanical locks.<\/li>\n<li>Running rails without dirt pockets made of permanently dimensionally stable solid steel (no edge plate), abrasion-resistant hot-dip galvanised, running surfaces ground, welded to the upright (not bolted) for a permanently offset-free rail transition between block and swivel rail area thanks to mitre transition.<\/li>\n<li>The moulded steel patent upright system in torsion-resistant L-frame construction (DBGM) - no portal! - with welded foot beam load distributors (<strong><span style=\"color: #e02b20;\">storemaster\u00ae<\/span><\/strong> trademark) alone ensures the permanent perpendicularity of the stud frame columns as a guarantee for unlimited, unrestricted functionality of the system without diagonal cross bay bracing, which is the only way to verify the structural stability of the single and double-sided design without bay bracing.<\/li>\n<li>High load-bearing, permanently lubricated heavy-duty block hinges for permanent fixing of the swing-out walls in their height position.<\/li>\n<li>Precision twin wheel axle suspension for permanently tilt-free running comfort.<\/li>\n<li>Particularly low pull-out force for high drawer loads without aids (crank, etc.).<\/li>\n<li>The spring-loaded servo patent makes it easier to pull out the heavy-duty drawers.<\/li>\n<li>Drawers can be easily removed individually from the system to change the usable height.<\/li>\n<li>Heavy-duty solid steel flanged castors, chromatised with double ball bearings.<\/li>\n<li>Storage density with up to 25 drawers at a pull-out height of approx. 2 metres.<\/li>\n<li>Combinable sheet and rod material storage with plug-in compartmentalisation.<\/li>\n<li>Drawer pull-out &gt; 100 %.<\/li>\n<li>UVV-protected push-through safety device for double-sided sheet removal.<\/li>\n<li>OverheadTop attachment block can be retrofitted without the need for subsequent customisation.<\/li>\n<li>OverheadTop attachment block with cantilever bearing levels for easier insertion of the forklift fork, height-adjustable in 75 mm increments, can be operated from both sides - optional for cassette storage.<\/li>\n<li>Electrification up to 10 tonnes \/ pull-out storage level - max. 13 drawers (<strong><span style=\"color: #e02b20;\">storemaster\u00ae<\/span><\/strong> patent).<\/li>\n<li>System with swivelling roller runner pull-out panels, block-mounted ready for use.<\/li>\n<li>Operational and functional safety in accordance with the guidelines of the RAL-RG 614 quality association.<\/li>\n<li>20-year functional guarantee.<\/li>\n<li><strong><span style=\"color: #e02b20;\">TwenTower\u00ae<\/span><\/strong>-Extension to the <strong><span style=\"color: #e02b20;\">MasterTower\u00ae<\/span><\/strong> by means of statically secured professional steel construction with integrated crane column without auxiliary support - crane acceptance by expert in accordance with DGUV rule<br \/>\n108-007 and DIN EN 15635 - Crane connection can be moved alternately.<\/li>\n<\/ul>","protected":false},"excerpt":{"rendered":"<p><strong>First sheet metal storage drawer system<\/strong>\u00a0for the\u00a0<strong>wood-free<\/strong>\u00a0Storage\u00a0<strong>more complete<\/strong>\u00a0Sheet metal packages,\u00a0<strong>instead of<\/strong>\u00a0Sheet metal for sheet metal<br \/>\n... one\u00a0<strong><span style=\"color: #e02b20;\">storemaster\u00ae<\/span><\/strong>-Innovation from the\u00a0<strong>Years 1996<\/strong>\u00a0with\u00a0<strong>20 year guarantee<\/strong> (DIN EN ISO 9001 suitable)<\/p>\n<p><strong><span style=\"color: #e02b20;\">storemaster\u00ae<\/span><\/strong>\u00a0<strong>Unique selling proposition<\/strong>-Features:<br \/>\n\u27a0\u00a0<strong>automatically<\/strong>\u00a0acting safety devices according to\u00a0<strong>UVV<\/strong><br \/>\n\u27a0\u00a0<strong>without<\/strong>\u00a0UVV-incompatible\u00a0<strong>manual<\/strong>\u00a0Locking devices<br \/>\n\u27a0\u00a0<strong>Patent drawer safety catch<\/strong><br \/>\n\u27a0 Swivelling drawer runner panels\u00a0<strong>under load without ground contact <\/strong>Protects sealed floors and surface coatings<br \/>\n\u27a0 Suitable for the\u00a0<strong>Installation on sloping floor levels <\/strong>and\u00a0<strong>Any soil conditions<\/strong><br \/>\n\u27a0 Installation\u00a0<strong>Without foundation<\/strong>\u00a0through foot beam load distributor<br \/>\n\u27a0 Functional accessories incl.: storeboy mobile steps and handling hooks for ergonomic operation at any height, as well as composite anchors for the required, tension-resistant fixing of the equipment to the hall floor<\/p>\n<p><strong>Delivery:<\/strong> free delivery within Germany<\/p>","protected":false},"featured_media":18078964,"template":"","meta":{"_acf_changed":false,"_et_pb_use_builder":"","_et_pb_old_content":"","_et_gb_content_width":""},"product_brand":[],"product_cat":[817,2179],"product_tag":[1656,1657],"class_list":{"0":"post-18078963","1":"product","2":"type-product","3":"status-publish","4":"has-post-thumbnail","6":"product_cat-blechlager","7":"product_cat-schubladenregale","8":"product_tag-storekeeper-kompatibel","9":"product_tag-elektrifizierbar","10":"handling-schubladen","12":"first","13":"instock","14":"taxable","15":"shipping-taxable","16":"purchasable","17":"product-type-variable","18":"wvs-archive-product-wrapper"},"exclude_global_add_ons":false,"addons":[{"name":"Storing sheet metal packages with the help of the PalEx depalletiser","type":"heading","position":0,"required":false,"title_format":"label","default":"","description_enable":true,"description":"<video src=\"https:\/\/storemaster.de\/wp-content\/uploads\/storemaster-PalEx-TT-Einlagern_1_5_fach.mp4\" controls>","placeholder_enable":false,"placeholder":"","display":"select","restrictions_type":"any_text","adjust_price":false,"price":"","price_type":"flat_fee","restrictions":false,"min":"0","max":"0","options":[],"id":1737416029},{"name":"TwenTower\u00ae drawer electrification","type":"heading","position":1,"required":false,"title_format":"label","default":"","description_enable":true,"description":"<video src=\"https:\/\/storemaster.de\/wp-content\/uploads\/Schubladenelektrifizierung.mp4\" controls>","placeholder_enable":false,"placeholder":"","display":"select","restrictions_type":"any_text","adjust_price":false,"price":"","price_type":"flat_fee","restrictions":false,"min":"0","max":"0","options":[],"id":1771410357},{"name":"Optional system components","type":"heading","position":2,"required":false,"title_format":"label","default":"","description_enable":true,"description":"Please select from the options provided. The system price will be adjusted automatically. <b>(*mandatory information)<\/b>","placeholder_enable":false,"placeholder":"","display":"select","restrictions_type":"any_text","adjust_price":false,"price":"","price_type":"flat_fee","restrictions":false,"min":"0","max":"0","options":[],"id":1737416023},{"name":"OverheadTop essay pad","type":"multiple_choice","position":3,"required":true,"title_format":"heading","default":"0","description_enable":true,"description":"<img src=\"https:\/\/storemaster.de\/wp-content\/uploads\/TT_Aufsatz-ohne-Rollen.jpg\" alt=\"MasterTower-Basisblock\" width=\"300\" \/>","placeholder_enable":false,"placeholder":"","display":"radiobutton","restrictions_type":"any_text","adjust_price":false,"price":"","price_type":"flat_fee","restrictions":false,"min":"0","max":"0","options":[{"label":"ohne Aufsatzblock","price":"","price_type":"quantity_based","image":0,"visibility":true},{"label":"Lagerung auf Holzpaletten mit 3 Kragb\u00fcgel- und 2 Fix-Lagerebenen \u00e0 3t Tragkraft f\u00fcr wahlweise vorder- und r\u00fcckseitige Staplerbedienung, System-Bauh\u00f6he 4.100mm","price":"4069","price_type":"quantity_based","image":0,"visibility":true},{"label":"Lagerung in 8 superflat Blechlager-System-Einschubpaletten mit 100mm F\u00fcllh\u00f6he, h\u00f6henverstellbar mittels formschl\u00fcssiger, klemmfreier Sicherheits-Patent-Steckriegel im Steckraster von 62,5mm, Fachraster 187,5mm mit dem weltweit einzigen Einlagerungs-Komfort-Patent >Drop & Push&lt; und der Sicherheits-Winkel-auf-Winkel-F\u00fchrung (Arbeitssicherheit nach den international g\u00fcltigen Standards) zur wahlweisen vorder- oder r\u00fcckseitigen Stapler-Bedienung, System-Bauh\u00f6he 4.100mm bei 3.900mm Staplerhub","price":"12463","price_type":"quantity_based","image":0,"visibility":true}],"id":1737416024},{"name":"HandlingMaster for sheet metal transfer","type":"multiple_choice","position":4,"required":true,"title_format":"heading","default":"0","description_enable":true,"description":"<img src=\"https:\/\/storemaster.de\/wp-content\/uploads\/2022\/04\/HandlingMaster_3.jpg\" alt=\"HandlingMaster\" width=\"300\" \/>","placeholder_enable":false,"placeholder":"","display":"radiobutton","restrictions_type":"any_text","adjust_price":false,"price":"","price_type":"flat_fee","restrictions":false,"min":"0","max":"0","options":[{"label":"ohne","price":"","price_type":"quantity_based","image":0,"visibility":true},{"label":"Blechmanipulator Komfort-Ausf\u00fchrung, Tragkraft 750 kg, Eigengewicht 136 kg, Niedrig-Bauh\u00f6he 350 mm f\u00fcr die Bedienung einer max. Anzahl von Schubladen","price":"9791","price_type":"flat_fee","image":0,"visibility":true}],"id":1775639139},{"name":"Drawer perforation","type":"input_multiplier","position":5,"required":false,"title_format":"heading","default":"","description_enable":true,"description":"Perforated depth bars for sorted rod material storage, surcharge per drawer. Please enter the number of drawers per shelf.","placeholder_enable":false,"placeholder":"","display":"select","restrictions_type":"any_text","adjust_price":true,"price":"310","price_type":"quantity_based","restrictions":false,"min":"0","max":"0","options":[],"id":1737416027},{"name":"Drawer lock","type":"input_multiplier","position":6,"required":false,"title_format":"heading","default":"","description_enable":true,"description":"secured against unauthorised access, drawer can be locked individually, surcharge per drawer. Please enter the number of drawers per shelf.","placeholder_enable":false,"placeholder":"","display":"select","restrictions_type":"any_text","adjust_price":true,"price":"390","price_type":"quantity_based","restrictions":false,"min":"0","max":"0","options":[],"id":1737416026},{"name":"Drawer seal","type":"input_multiplier","position":7,"required":false,"title_format":"heading","default":"","description_enable":true,"description":"against structural steel flash rust for localised processing of steel and stainless steel, surcharge per drawer. Please enter the number of drawers per shelf.","placeholder_enable":false,"placeholder":"","display":"select","restrictions_type":"any_text","adjust_price":true,"price":"650","price_type":"quantity_based","restrictions":false,"min":"0","max":"0","options":[],"id":1737416025},{"name":"Compartment subdivision plug-in bolt \u00d8 20 x 50 mm, galvanised","type":"input_multiplier","position":8,"required":false,"title_format":"heading","default":"","description_enable":true,"description":"Please enter the number of pins per shelf","placeholder_enable":false,"placeholder":"","display":"select","restrictions_type":"any_text","adjust_price":true,"price":"10","price_type":"quantity_based","restrictions":false,"min":"0","max":"0","options":[],"id":1737416028},{"name":"selected_pa_sheet_format-in-m","type":"custom_text","position":9,"required":false,"title_format":"hide","default":"","description_enable":false,"description":"","placeholder_enable":false,"placeholder":"","display":"select","restrictions_type":"any_text","adjust_price":false,"price":"","price_type":"flat_fee","restrictions":false,"min":"0","max":"0","options":[],"id":1767619617},{"name":"PalEx\u00ae classic - Entpalettierer und Kassetten-Belader","type":"heading","position":10,"required":false,"title_format":"label","default":"","description_enable":true,"description":"<img src=\"https:\/\/storemaster.de\/wp-content\/uploads\/2024\/11\/PalEx-1-1.jpg\" alt=\"PalEx\" width=\"300\" \/>\r\nVerf\u00fcgbar f\u00fcr Blechformate von 2,0x1,0m bis 6,0x2,0m \r\n(Kann bei Auswahl der entsprechenden Konfiguration hinzugef\u00fcgt werden)\r\nAbgestimmt auf das ausgew\u00e4hlte Blechformat der Regalanlage.\r\nMit 8 Hubstempeln bis 3,0x1,5m\r\nMit 12 Hubstempeln bei 4,0x2,0m\r\nMit 16 Hubstempeln ab 6,0x1,5m","placeholder_enable":false,"placeholder":"","display":"select","restrictions_type":"any_text","adjust_price":false,"price":"","price_type":"flat_fee","restrictions":false,"min":"0","max":"0","options":[],"id":1767620898},{"name":"PalEx\u00ae classic - Entpalettierer und Kassetten-Belader bis 3,0x1,5m","type":"input_multiplier","position":11,"required":false,"title_format":"heading","default":"","description_enable":true,"description":"<img src=\"https:\/\/storemaster.de\/wp-content\/uploads\/2024\/11\/PalEx-1-1.jpg\" alt=\"PalEx\" width=\"300\" \/>\r\nF\u00fcr das Handling von Blechformaten bis 3,0x1,5m\r\ninkl. 8 Hubstempel","placeholder_enable":false,"placeholder":"","display":"select","restrictions_type":"any_text","adjust_price":true,"price":"2650","price_type":"quantity_based","restrictions":false,"min":"0","max":"0","options":[],"id":1767617319},{"name":"PalEx\u00ae classic - Entpalettierer und Kassetten-Belader bis 4,0x2,0m","type":"input_multiplier","position":12,"required":false,"title_format":"heading","default":"","description_enable":true,"description":"<img src=\"https:\/\/storemaster.de\/wp-content\/uploads\/2024\/11\/PalEx-1-1.jpg\" alt=\"PalEx\" width=\"300\" \/>\r\nF\u00fcr das Handling von Blechformaten bis 4,0x2,0m\r\ninkl. 12 Hubstempel","placeholder_enable":false,"placeholder":"","display":"select","restrictions_type":"any_text","adjust_price":true,"price":"3020","price_type":"quantity_based","restrictions":false,"min":"0","max":"0","options":[],"id":1767620195},{"name":"PalEx\u00ae classic - Entpalettierer und Kassetten-Belader bis 6,0x2,0m","type":"input_multiplier","position":13,"required":false,"title_format":"heading","default":"","description_enable":true,"description":"<img src=\"https:\/\/storemaster.de\/wp-content\/uploads\/2024\/11\/PalEx-1-1.jpg\" alt=\"PalEx\" width=\"300\" \/>\r\nF\u00fcr das Handling von Blechformaten bis 6,0x2,0m\r\nSet bestehend aus 2 PalEx\u00ae 3,0x1,5m\r\ninkl. 16 Hubstempel","placeholder_enable":false,"placeholder":"","display":"select","restrictions_type":"any_text","adjust_price":true,"price":"5300","price_type":"quantity_based","restrictions":false,"min":"0","max":"0","options":[],"id":1767625170},{"name":"LoadingBeam - Ladetraverse","type":"heading","position":14,"required":false,"title_format":"label","default":"","description_enable":true,"description":"<img src=\"https:\/\/storemaster.de\/wp-content\/uploads\/2024\/11\/Balkentraverse-7.png\" alt=\"LoadingBeam\" width=\"300\" \/>\r\nVerf\u00fcgbar f\u00fcr Blechformate von 2,0x1,0m bis 4,0x2,0m \r\n(Kann bei Auswahl der entsprechenden Konfiguration hinzugef\u00fcgt werden)\r\nAbgestimmt auf das ausgew\u00e4hlte Blechformat der Regalanlage.\r\nLadetraverse inkl. 3 Lastgurte in entsprechender L\u00e4nge","placeholder_enable":false,"placeholder":"","display":"select","restrictions_type":"any_text","adjust_price":false,"price":"","price_type":"flat_fee","restrictions":false,"min":"0","max":"0","options":[],"id":1767622275},{"name":"LoadingBeam - Ladetraverse bis 2,0x1,0m","type":"input_multiplier","position":15,"required":false,"title_format":"heading","default":"","description_enable":true,"description":"<img src=\"https:\/\/storemaster.de\/wp-content\/uploads\/2024\/11\/Balkentraverse-7.png\" alt=\"LoadingBeam\" width=\"300\" \/>\r\nF\u00fcr das Handling von Blechformaten bis 2,0x1,0m\r\nArbeitsbreite: 1750 mm\r\nBeladetraverse inkl. 3 Lastgurte","placeholder_enable":false,"placeholder":"","display":"select","restrictions_type":"any_text","adjust_price":true,"price":"4986","price_type":"quantity_based","restrictions":false,"min":"0","max":"0","options":[],"id":1767622603},{"name":"LoadingBeam - Ladetraverse bis 2,5x1,25m","type":"input_multiplier","position":16,"required":false,"title_format":"heading","default":"","description_enable":true,"description":"<img src=\"https:\/\/storemaster.de\/wp-content\/uploads\/2024\/11\/Balkentraverse-7.png\" alt=\"LoadingBeam\" width=\"300\" \/>\r\nF\u00fcr das Handling von Blechformaten bis 2,5x1,25m\r\nArbeitsbreite: 2250 mm\r\nBeladetraverse inkl. 3 Lastgurte","placeholder_enable":false,"placeholder":"","display":"select","restrictions_type":"any_text","adjust_price":true,"price":"5117","price_type":"quantity_based","restrictions":false,"min":"0","max":"0","options":[],"id":1767622831},{"name":"LoadingBeam - Ladetraverse bis 3,0x1,5m","type":"input_multiplier","position":17,"required":false,"title_format":"heading","default":"","description_enable":true,"description":"<img src=\"https:\/\/storemaster.de\/wp-content\/uploads\/2024\/11\/Balkentraverse-7.png\" alt=\"LoadingBeam\" width=\"300\" \/>\r\nF\u00fcr das Handling von Blechformaten bis 3,0x1,5m\r\nArbeitsbreite: 2750 mm\r\nBeladetraverse inkl. 3 Lastgurte","placeholder_enable":false,"placeholder":"","display":"select","restrictions_type":"any_text","adjust_price":true,"price":"5625","price_type":"quantity_based","restrictions":false,"min":"0","max":"0","options":[],"id":1767624815},{"name":"LoadingBeam - Ladetraverse bis 4,0x2,0m","type":"input_multiplier","position":18,"required":false,"title_format":"heading","default":"","description_enable":true,"description":"<img src=\"https:\/\/storemaster.de\/wp-content\/uploads\/2024\/11\/Balkentraverse-7.png\" alt=\"LoadingBeam\" width=\"300\" \/>\r\nF\u00fcr das Handling von Blechformaten bis 4,0x2,0m\r\nArbeitsbreite: 3750 mm\r\nBeladetraverse inkl. 3 Lastgurte","placeholder_enable":false,"placeholder":"","display":"select","restrictions_type":"any_text","adjust_price":true,"price":"5736","price_type":"quantity_based","restrictions":false,"min":"0","max":"0","options":[],"id":1767624816},{"name":"Rolling step (free of charge)","type":"heading","position":0,"required":false,"title_format":"label","default":"","description_enable":true,"description":"<p>storeboy\u00ae to make it easier for you to reach (one per shelf)<\/p>\r\n<p><img src=\"https:\/\/storemaster.de\/wp-content\/uploads\/storeboy_Rollhocker.png\" alt=\"storeboy\u00ae\" width=\"300\" \/><\/p>","placeholder_enable":false,"placeholder":"","display":"select","restrictions_type":"any_text","adjust_price":false,"price":"","price_type":"flat_fee","restrictions":false,"min":"0","max":"0","options":[],"id":1773668642}],"acf":[],"_links":{"self":[{"href":"https:\/\/storemaster.de\/en\/wp-json\/wp\/v2\/product\/18078963","targetHints":{"allow":["GET"]}}],"collection":[{"href":"https:\/\/storemaster.de\/en\/wp-json\/wp\/v2\/product"}],"about":[{"href":"https:\/\/storemaster.de\/en\/wp-json\/wp\/v2\/types\/product"}],"wp:featuredmedia":[{"embeddable":true,"href":"https:\/\/storemaster.de\/en\/wp-json\/wp\/v2\/media\/18078964"}],"wp:attachment":[{"href":"https:\/\/storemaster.de\/en\/wp-json\/wp\/v2\/media?parent=18078963"}],"wp:term":[{"taxonomy":"product_brand","embeddable":true,"href":"https:\/\/storemaster.de\/en\/wp-json\/wp\/v2\/product_brand?post=18078963"},{"taxonomy":"product_cat","embeddable":true,"href":"https:\/\/storemaster.de\/en\/wp-json\/wp\/v2\/product_cat?post=18078963"},{"taxonomy":"product_tag","embeddable":true,"href":"https:\/\/storemaster.de\/en\/wp-json\/wp\/v2\/product_tag?post=18078963"}],"curies":[{"name":"wp","href":"https:\/\/api.w.org\/{rel}","templated":true}]}}