{"id":18078957,"date":"2021-09-14T12:38:46","date_gmt":"2021-09-14T10:38:46","guid":{"rendered":"https:\/\/storemaster.de\/shop\/unkategorisiert\/simplissimo\/"},"modified":"2026-04-08T14:41:09","modified_gmt":"2026-04-08T12:41:09","slug":"simplissimo-2","status":"publish","type":"product","link":"https:\/\/storemaster.de\/en\/shop\/langgutlager\/simplissimo\/","title":{"rendered":"ArmStrong\u00ae simplissimo\u00ae long goods storage system"},"content":{"rendered":"<h2 style=\"color: #e00000;\">Simplissimo\u00ae<\/h2>\n<p>Taking the invention a step further: Swivelling for crane operation, now also for light material up to 2,000 kg.<\/p>\n<p>The storage levels can be swivelled out in a matter of seconds and are available to the user for operation by crane or by hand.<br \/>\nThe Simplissimo requires little effort and no additional operating equipment, making it ideal for all types of long goods.<\/p>\n<p>Regardless of whether you are storing individual bars or whole bar, profile or tube bundles. Shafts, rollers, axles, masts, boxes and sheet metal strips in any length are no obstacle. With the right accessories, you can also store residual lengths, heavy tools, circular blanks, machine components or heavy-duty piece goods.<\/p>\n<p>Numerous extensions and customisations round off the system.<br \/>\nThe optimum solution for every application.<\/p>\n<ul>\n<li>Operation with minimum traction by hand<\/li>\n<li>Manual access with maximum storage density<\/li>\n<li>Any shelf height division from 100 mm+x*75 mm pluggable on the total height of 2,100 mm<\/li>\n<li>Optimum usable depths of 500\/750\/1000 mm can be subdivided in a 50:50 mm plug-in grid<\/li>\n<li>Free vertical access to the stored goods and thus craneable<\/li>\n<li>Longitudinal and end removal of individual bars<\/li>\n<li>single and double sided<\/li>\n<li>Swivel direction left or right<\/li>\n<li>Residual length storage in material troughs<\/li>\n<\/ul>","protected":false},"excerpt":{"rendered":"<p>Material access by crane and manually with extremely high storage density Flexible universal system for compartment loads of up to 2,000 kg - child's play to operate<br \/>\nStorage lengths from 2 to 18 m<\/p>\n<p><strong>Delivery:<\/strong> Free delivery within Germany, block-mounted ready for operation<\/p>","protected":false},"featured_media":18078958,"template":"","meta":{"_acf_changed":false,"_et_pb_use_builder":"","_et_pb_old_content":"","_et_gb_content_width":""},"product_brand":[],"product_cat":[1404,2178],"product_tag":[],"class_list":{"0":"post-18078957","1":"product","2":"type-product","3":"status-publish","4":"has-post-thumbnail","6":"product_cat-langgutlager","7":"product_cat-schwenkarmregale","8":"handling-per-kran","10":"first","11":"instock","12":"taxable","13":"shipping-taxable","14":"purchasable","15":"product-type-variable","16":"wvs-archive-product-wrapper"},"exclude_global_add_ons":false,"addons":[{"name":"Selection of usable height combinations","type":"multiple_choice","position":0,"required":false,"title_format":"label","default":"","description_enable":false,"description":"","placeholder_enable":false,"placeholder":"","display":"select","restrictions_type":"any_text","adjust_price":false,"price":"","price_type":"flat_fee","restrictions":false,"min":"0","max":"0","options":[{"label":"4 Schwenkebenen | 4 x 475 mm Nutzh\u00f6he","price":"","price_type":"flat_fee","image":0,"visibility":true},{"label":"5 Schwenkebenen | 2 x 400 + 3 x 325 mm Nutzh\u00f6he","price":"","price_type":"flat_fee","image":0,"visibility":true},{"label":"5 Schwenkebenen | 4 x 400 + 1 x 175 mm Nutzh\u00f6he","price":"","price_type":"flat_fee","image":0,"visibility":true},{"label":"6 Schwenkebenen | 2 x 325 + 4 x 250 mm Nutzh\u00f6he","price":"","price_type":"flat_fee","image":0,"visibility":false},{"label":"6 Schwenkebenen | 4 x 325 + 2 x 175 mm Nutzh\u00f6he","price":"","price_type":"flat_fee","image":0,"visibility":true},{"label":"7 Schwenkebenen | 3 x 325 + 1 x 250 + 3 x 100 mm Nutzh\u00f6he","price":"","price_type":"flat_fee","image":0,"visibility":true},{"label":"7 Schwenkebenen | 4 x 250 + 3 x 175 mm Nutzh\u00f6he","price":"","price_type":"flat_fee","image":0,"visibility":true},{"label":"7 Schwenkebenen | 5 x 250 + 1 x 175 + 1 x 100 mm Nutzh\u00f6he","price":"","price_type":"flat_fee","image":0,"visibility":true},{"label":"8 Schwenkebenen | 4 x 250 + 4 x 100 mm Nutzh\u00f6he","price":"","price_type":"flat_fee","image":0,"visibility":true},{"label":"8 Schwenkebenen | 7 x 175 + 1 x 125 mm Nutzh\u00f6he","price":"","price_type":"flat_fee","image":0,"visibility":true},{"label":"9 Schwenkebenen | 5 x 175 + 4 x 100 mm Nutzh\u00f6he","price":"","price_type":"flat_fee","image":0,"visibility":true},{"label":"10 Schwenkebenen | 2 x 175 + 8 x 100 mm Nutzh\u00f6he","price":"","price_type":"flat_fee","image":0,"visibility":true},{"label":"10 Schwenkebenen | 1 x 250 + 9 x 100 mm Nutzh\u00f6he","price":"","price_type":"flat_fee","image":0,"visibility":true}],"id":1759853019},{"name":"Simplissimo\u00ae - storage convenience","type":"heading","position":1,"required":false,"title_format":"label","default":"","description_enable":true,"description":"Effortless loading of individual shelf levels with long goods by swivelling out the required level in seconds.\r\n\r\n<video style=\"max-width: 1024px\" src=\"https:\/\/storemaster.de\/wp-content\/uploads\/einlagerung_mit_armstrong_swingout.mp4\" poster=\"https:\/\/storemaster.de\/wp-content\/uploads\/einlagerung_swingout_einlagerung.jpg\" preload=\"metadata\" controls=\"controls\" width=\"100%\" height=\"auto\">Your browser does not support the video tag.<\/video>","placeholder_enable":false,"placeholder":"","display":"select","restrictions_type":"any_text","adjust_price":false,"price":"","price_type":"flat_fee","restrictions":false,"min":"0","max":"0","options":[],"id":1740991622},{"name":"Optional system components","type":"heading","position":2,"required":false,"title_format":"label","default":"","description_enable":true,"description":"Please select from the options provided. The system price will be adjusted automatically.","placeholder_enable":false,"placeholder":"","display":"select","restrictions_type":"any_text","adjust_price":false,"price":"","price_type":"flat_fee","restrictions":false,"min":"0","max":"0","options":[],"id":1732200900},{"name":"Number of shelf dividers per shelf","type":"input_multiplier","position":3,"required":false,"title_format":"label","default":"","description_enable":true,"description":"<span style=\"font-style: normal\">Plug-in bolts for shelf supports and material tray inserts \u00d8 20 mm for subdividing the shelf depth in 75 mm increments.<\/span>","placeholder_enable":false,"placeholder":"","display":"select","restrictions_type":"any_text","adjust_price":true,"price":"15","price_type":"quantity_based","restrictions":false,"min":"0","max":"0","options":[],"id":1732200901},{"name":"Number of material trays for short and remaining lengths per shelf","type":"input_multiplier","position":4,"required":false,"title_format":"label","default":"","description_enable":true,"description":"<span style=\"font-style: normal\">Usable depth can be subdivided from 75 : 75 mm using insertion bars and pins, infinitely variable subdivision in tray length, with edge protection, galvanised, tray length 2,000\/2,500 mm (upright spacing + 500 mm), tray height 80 mm, incl. 4 insertion bars and 20 pins for individual compartment subdivision.<\/span>","placeholder_enable":false,"placeholder":"","display":"select","restrictions_type":"any_text","adjust_price":true,"price":"1275","price_type":"quantity_based","restrictions":false,"min":"0","max":"0","options":[],"id":1732200902},{"name":"Number of cantilever storage levels in the top area per rack","type":"input_multiplier","position":5,"required":false,"title_format":"label","default":"","description_enable":true,"description":"<span style=\"font-style: normal\">Above the swivel levels for forklift operation, cannot be swivelled out, height-adjustable in a plug-in grid of 75 : 75 mm, at any overall shelf height. The craneable head level is not required if this option is selected.<\/span>","placeholder_enable":false,"placeholder":"","display":"select","restrictions_type":"any_text","adjust_price":true,"price":"353","price_type":"quantity_based","restrictions":true,"min":"0","max":"5","options":[],"id":1732200903},{"name":"selected_pa_material_length","type":"custom_text","position":6,"required":false,"title_format":"hide","default":"","description_enable":false,"description":"","placeholder_enable":false,"placeholder":"","display":"select","restrictions_type":"any_text","adjust_price":false,"price":"","price_type":"flat_fee","restrictions":false,"min":"0","max":"0","options":[],"id":1775658636},{"name":"Flexibolo\u00ae LG - Langgut-Transportwagen","type":"heading","position":7,"required":false,"title_format":"label","default":"","description_enable":true,"description":"<img src=\"https:\/\/storemaster.de\/wp-content\/uploads\/FlexiboloLG.png\" alt=\"FlexiboloLG\" width=\"300\" \/>\r\nVerf\u00fcgbar f\u00fcr Materiall\u00e4ngen von 3.000 bis 6.000 mm\r\n(Kann bei Auswahl der entsprechenden Konfiguration hinzugef\u00fcgt werden)\r\nAbgestimmt auf die ausgew\u00e4hlte Materiall\u00e4nge der Regalanlage.","placeholder_enable":false,"placeholder":"","display":"select","restrictions_type":"any_text","adjust_price":false,"price":"","price_type":"flat_fee","restrictions":false,"min":"0","max":"0","options":[],"id":1775658637},{"name":"Flexibolo\u00ae LG - Langgut-Transportwagen f\u00fcr 3.000 mm","type":"multiple_choice","position":8,"required":true,"title_format":"label","default":"0","description_enable":true,"description":"<img src=\"https:\/\/storemaster.de\/wp-content\/uploads\/FlexiboloLG.png\" alt=\"FlexiboloLG\" width=\"300\" \/>","placeholder_enable":false,"placeholder":"","display":"select","restrictions_type":"any_text","adjust_price":false,"price":"","price_type":"flat_fee","restrictions":false,"min":"0","max":"0","options":[{"label":"ohne","price":"","price_type":"flat_fee","image":0,"visibility":true},{"label":"Langgut-Transportwagen f\u00fcr eine Materiall\u00e4nge von 3.000 mm","price":"4875","price_type":"flat_fee","image":0,"visibility":true}],"id":1775658767},{"name":"Flexibolo\u00ae LG - Langgut-Transportwagen f\u00fcr 6.000 mm","type":"multiple_choice","position":9,"required":true,"title_format":"label","default":"0","description_enable":true,"description":"<img src=\"https:\/\/storemaster.de\/wp-content\/uploads\/FlexiboloLG.png\" alt=\"FlexiboloLG\" width=\"300\" \/>","placeholder_enable":false,"placeholder":"","display":"select","restrictions_type":"any_text","adjust_price":false,"price":"","price_type":"flat_fee","restrictions":false,"min":"0","max":"0","options":[{"label":"ohne","price":"","price_type":"flat_fee","image":0,"visibility":true},{"label":"Langgut-Transportwagen f\u00fcr eine Materiall\u00e4nge von 6.000 mm","price":"5828","price_type":"flat_fee","image":0,"visibility":true}],"id":1775658884},{"name":"Drawbar for the FlexiBolo\u00aeLG","type":"multiple_choice","position":10,"required":true,"title_format":"label","default":"0","description_enable":true,"description":"<img src=\"https:\/\/storemaster.de\/wp-content\/uploads\/Zugdeichsel.jpg\" alt=\"Zugdeichsel\" width=\"300\" \/>","placeholder_enable":false,"placeholder":"","display":"select","restrictions_type":"any_text","adjust_price":false,"price":"","price_type":"flat_fee","restrictions":false,"min":"0","max":"0","options":[{"label":"ohne","price":"","price_type":"flat_fee","image":0,"visibility":true},{"label":"mit Zugdeichsel 1.900 mm lang","price":"967","price_type":"flat_fee","image":0,"visibility":true}],"id":1775659055},{"name":"Handling platform","type":"multiple_choice","position":11,"required":true,"title_format":"heading","default":"0","description_enable":true,"description":"<img src=\"https:\/\/storemaster.de\/wp-content\/uploads\/2024\/11\/HandlingPodest-2.jpg\" alt=\"HandlingPodest\" width=\"300\" \/>","placeholder_enable":false,"placeholder":"","display":"select","restrictions_type":"any_text","adjust_price":false,"price":"","price_type":"flat_fee","restrictions":false,"min":"0","max":"0","options":[{"label":"ohne","price":"","price_type":"flat_fee","image":0,"visibility":true},{"label":"Anzahl Trittfl\u00e4chen (Stufen inkl. Podest): 2 | Standh\u00f6he: 0,48 m","price":"913","price_type":"flat_fee","image":0,"visibility":true},{"label":"Anzahl Trittfl\u00e4chen (Stufen inkl. Podest): 3 | Standh\u00f6he: 0,72 m","price":"1048","price_type":"flat_fee","image":0,"visibility":true},{"label":"Anzahl Trittfl\u00e4chen (Stufen inkl. Podest): 4 | Standh\u00f6he: 0,96 m","price":"1096","price_type":"flat_fee","image":0,"visibility":true},{"label":"Anzahl Trittfl\u00e4chen (Stufen inkl. Podest): 5 | Standh\u00f6he: 1,02 m","price":"1156","price_type":"flat_fee","image":0,"visibility":true},{"label":"Anzahl Trittfl\u00e4chen (Stufen inkl. Podest): 6 | Standh\u00f6he: 1,44 m","price":"1216","price_type":"flat_fee","image":0,"visibility":true},{"label":"Anzahl Trittfl\u00e4chen (Stufen inkl. Podest): 7 | Standh\u00f6he: 1,68 m","price":"1274","price_type":"flat_fee","image":0,"visibility":true},{"label":"Anzahl Trittfl\u00e4chen (Stufen inkl. Podest): 8 | Standh\u00f6he: 1,92 m","price":"1350","price_type":"flat_fee","image":0,"visibility":true}],"id":1775642885},{"name":"Rolling step (free of charge)","type":"heading","position":0,"required":false,"title_format":"label","default":"","description_enable":true,"description":"<p>storeboy\u00ae to make it easier for you to reach (one per shelf)<\/p>\r\n<p><img src=\"https:\/\/storemaster.de\/wp-content\/uploads\/storeboy_Rollhocker.png\" alt=\"storeboy\u00ae\" width=\"300\" \/><\/p>","placeholder_enable":false,"placeholder":"","display":"select","restrictions_type":"any_text","adjust_price":false,"price":"","price_type":"flat_fee","restrictions":false,"min":"0","max":"0","options":[],"id":1773668642},{"name":"Telescopic hook (free of charge)","type":"heading","position":0,"required":false,"title_format":"label","default":"","description_enable":true,"description":"<p>for ergonomic operation of the swing-out storage levels (one per shelf)<\/p>\r\n<p><img src=\"https:\/\/storemaster.de\/wp-content\/uploads\/Telekophaken.jpg\" alt=\"Teleskophaken\" width=\"300\" \/><\/p>","placeholder_enable":false,"placeholder":"","display":"select","restrictions_type":"any_text","adjust_price":false,"price":"","price_type":"flat_fee","restrictions":false,"min":"0","max":"0","options":[],"id":1773663732}],"acf":[],"_links":{"self":[{"href":"https:\/\/storemaster.de\/en\/wp-json\/wp\/v2\/product\/18078957","targetHints":{"allow":["GET"]}}],"collection":[{"href":"https:\/\/storemaster.de\/en\/wp-json\/wp\/v2\/product"}],"about":[{"href":"https:\/\/storemaster.de\/en\/wp-json\/wp\/v2\/types\/product"}],"wp:featuredmedia":[{"embeddable":true,"href":"https:\/\/storemaster.de\/en\/wp-json\/wp\/v2\/media\/18078958"}],"wp:attachment":[{"href":"https:\/\/storemaster.de\/en\/wp-json\/wp\/v2\/media?parent=18078957"}],"wp:term":[{"taxonomy":"product_brand","embeddable":true,"href":"https:\/\/storemaster.de\/en\/wp-json\/wp\/v2\/product_brand?post=18078957"},{"taxonomy":"product_cat","embeddable":true,"href":"https:\/\/storemaster.de\/en\/wp-json\/wp\/v2\/product_cat?post=18078957"},{"taxonomy":"product_tag","embeddable":true,"href":"https:\/\/storemaster.de\/en\/wp-json\/wp\/v2\/product_tag?post=18078957"}],"curies":[{"name":"wp","href":"https:\/\/api.w.org\/{rel}","templated":true}]}}