{"id":18078938,"date":"2021-09-10T05:28:00","date_gmt":"2021-09-10T03:28:00","guid":{"rendered":"https:\/\/storemaster.de\/shop\/unkategorisiert\/armstrong-swingout\/"},"modified":"2026-04-08T13:51:53","modified_gmt":"2026-04-08T11:51:53","slug":"armstrong-swingout","status":"publish","type":"product","link":"https:\/\/storemaster.de\/en\/shop\/langgutlager\/armstrong-swingout\/","title":{"rendered":"ArmStrong\u00ae swingout long goods storage system"},"content":{"rendered":"<h2><span style=\"color: #e00000;\">ArmStrong\u00ae swingout<\/span> Heavy-duty long goods storage for crane operation<\/h2>\n<p>During the development of this <strong>patented<\/strong> Long goods handling storage system for the <strong>Crane operation<\/strong> has <strong><span style=\"color: #e02b20;\">storemaster\u00ae<\/span><\/strong> has focused its particular attention on designing a long goods shelving system that is the ultimate in long goods storage technology in terms of work safety, accident prevention, handling, flexibility, resistance to faults and unlimited service life, and which is characterised by numerous unique features.<\/p>\n<ul>\n<li>Ergonomic operation without bending and stretching from a standing position<\/li>\n<li>without additional operating elements (crank, telescopic lever, etc.)<\/li>\n<li>Effortless swivelling in and out in 5-10 seconds<\/li>\n<li>Safe to operate in accordance with UVV: always one hand on the suspended load<\/li>\n<li>Swivelled-out storage levels in the aisle area remain under supervision<\/li>\n<li>Swivelling in and out takes place during storage and retrieval (no double paths)<\/li>\n<li>No additional operating aisle required<\/li>\n<li>Robust design resistant to operational forklift impacts<\/li>\n<li>Wear-free continuous function (20-year guarantee)<\/li>\n<li>Suitable for outdoor use<\/li>\n<li>Fail-safe with unlimited service life<\/li>\n<li>Flexible shelf height and depth adjustability in 75 mm increments<\/li>\n<li>Height extension through additional, plug-in storage levels that can be operated by forklift truck<\/li>\n<\/ul>\n<p><strong>The small difference<\/strong>The finite element software-supported and empirically sophisticated engineering used in the development of this long goods swivel arm racking system for crane handling is the guarantee of smooth manual operation with a <strong>20-year functional guarantee.<\/strong><\/p>\n<p>The permanently changing static-dynamic flow of force acting on the swivel arm joint due to the rotary movement requires a special tuning of a particularly suitable rolling bearing combination. For a <strong>Permanently reliable function<\/strong> requires stable fixing of the cardan shaft when absorbing radial and axial forces simultaneously, as well as minimal rolling friction; this is provided by high-quality, permanently lubricated, double-row shafts with high load ratings designed for the heaviest loads. <strong>Spherical roller bearing<\/strong>which are suitable for successfully compensating for misalignments due to their angle adjustability.<\/p>\n<p>The seemingly oversized, heavy <strong>highly stable <\/strong>The stud frame prevents the devastating effect of an otherwise later <strong>Misalignment<\/strong> The precision swivel arms are the ultimate prerequisite for successfully demonstrating their desired perfection for an unlimited period of time.<\/p>\n<p>The wide range of accessories, as well as the possible combination of swivelling and fixed cantilever arms within one system, characterise the high flexibility of this system. It can even be installed without ground anchors on interlocking stone, soft asphalt, underfloor heating, etc.<\/p>\n<p>The swivel arms are automatically locked against automatic or unintentional swivelling in and out. The deliberate, simultaneous swivelling out of several storage levels represents an incorrect operation that is contrary to practice. However, the stability of the system is guaranteed even if it is set up in accordance with regulations.<\/p>\n<p>This quality product from the company <strong><span style=\"color: #e02b20;\">storemaster\u00ae<\/span><\/strong> is unrivalled on the world market and is therefore the special pride of its creators.<\/p>","protected":false},"excerpt":{"rendered":"<p>Storage levels can be conveniently swivelled out in seconds from a standing position<br \/>\nStorage lengths from 2 to 18 m<\/p>\n<p><strong>Delivery:<\/strong> Free delivery within Germany, block-mounted ready for operation<\/p>","protected":false},"featured_media":18078939,"template":"","meta":{"_acf_changed":false,"_et_pb_use_builder":"","_et_pb_old_content":"","_et_gb_content_width":""},"product_brand":[],"product_cat":[1404,2178],"product_tag":[1656],"class_list":{"0":"post-18078938","1":"product","2":"type-product","3":"status-publish","4":"has-post-thumbnail","6":"product_cat-langgutlager","7":"product_cat-schwenkarmregale","8":"product_tag-storekeeper-kompatibel","9":"handling-per-kran","11":"first","12":"instock","13":"taxable","14":"shipping-taxable","15":"purchasable","16":"product-type-variable","17":"wvs-archive-product-wrapper"},"exclude_global_add_ons":false,"addons":[{"name":"Selection of usable height combination","type":"multiple_choice","position":0,"required":false,"title_format":"label","default":"","description_enable":false,"description":"","placeholder_enable":false,"placeholder":"","display":"select","restrictions_type":"any_text","adjust_price":false,"price":"","price_type":"flat_fee","restrictions":false,"min":"0","max":"0","options":[{"label":"3 Schwenkebenen | 2 x 575 + 1 x 800 mm Nutzh\u00f6he","price":"","price_type":"flat_fee","image":0,"visibility":true},{"label":"3 Schwenkebenen | 3 x 650 mm Nutzh\u00f6he","price":"","price_type":"flat_fee","image":0,"visibility":true},{"label":"4 Schwenkebenen | 1 x 125 + 1 x 425 + 2 x 575 mm Nutzh\u00f6he","price":"","price_type":"flat_fee","image":0,"visibility":true},{"label":"4 Schwenkebenen | 1 x 200 + 3 x 500 mm Nutzh\u00f6he","price":"","price_type":"flat_fee","image":0,"visibility":true},{"label":"4 Schwenkebenen | 4 x 425 mm Nutzh\u00f6he","price":"","price_type":"flat_fee","image":0,"visibility":true},{"label":"4 Schwenkebenen | 2 x 350 + 2 x 500 mm Nutzh\u00f6he","price":"","price_type":"flat_fee","image":0,"visibility":true},{"label":"5 Schwenkebenen | 1 x 125 + 4 x 350 mm Nutzh\u00f6he","price":"","price_type":"flat_fee","image":0,"visibility":true},{"label":"5 Schwenkebenen | 5 x 275 mm Nutzh\u00f6he","price":"","price_type":"flat_fee","image":0,"visibility":true},{"label":"5 Schwenkebenen | 4 x 275 + 1 x 425 mm Nutzh\u00f6he","price":"","price_type":"flat_fee","image":0,"visibility":true},{"label":"5 Schwenkebenen | 2 x 200 + 1 x 275 + 2 x 425 mm Nutzh\u00f6he","price":"","price_type":"flat_fee","image":0,"visibility":true},{"label":"6 Schwenkebenen | 2 x 125 + 4 x 275 mm Nutzh\u00f6he","price":"","price_type":"flat_fee","image":0,"visibility":true},{"label":"6 Schwenkebenen | 6 x 200 mm Nutzh\u00f6he","price":"","price_type":"flat_fee","image":0,"visibility":true},{"label":"6 Schwenkebenen | 5 x 200 + 1 x 350 mm Nutzh\u00f6he","price":"","price_type":"flat_fee","image":0,"visibility":true},{"label":"6 Schwenkebenen | 1 x 125 + 3 x 200 + 1 x 275 + 1 x 350 mm Nutzh\u00f6he","price":"","price_type":"flat_fee","image":0,"visibility":true},{"label":"7 Schwenkebenen | 6 x 125 + 1 x 425 mm Nutzh\u00f6he","price":"","price_type":"flat_fee","image":0,"visibility":true},{"label":"7 Schwenkebenen | 5 x 125 + 1 x 200 + 1 x 350 mm Nutzh\u00f6he","price":"","price_type":"flat_fee","image":0,"visibility":true},{"label":"7 Schwenkebenen | 4 x 125 + 2 x 200 + 1 x 275 mm Nutzh\u00f6he","price":"","price_type":"flat_fee","image":0,"visibility":true},{"label":"7 Schwenkebenen | 3 x 125 + 4 x 200 mm Nutzh\u00f6he","price":"","price_type":"flat_fee","image":0,"visibility":true},{"label":"8 Schwenkebenen | 8 x 125 mm Nutzh\u00f6he","price":"","price_type":"flat_fee","image":0,"visibility":true}],"id":1759852368},{"name":"ArmStrong\u00ae swingout - storage convenience","type":"heading","position":1,"required":false,"title_format":"label","default":"","description_enable":true,"description":"Effortless loading of individual shelf levels with long goods by swivelling out the required level in seconds.\r\n\r\n<video style=\"max-width: 1024px\" src=\"https:\/\/storemaster.de\/wp-content\/uploads\/einlagerung_mit_armstrong_swingout.mp4\" poster=\"https:\/\/storemaster.de\/wp-content\/uploads\/einlagerung_swingout_einlagerung.jpg\" preload=\"metadata\" controls=\"controls\" width=\"100%\" height=\"auto\">\r\nYour browser does not support the video tag.\r\n<\/video>","placeholder_enable":false,"placeholder":"","display":"select","restrictions_type":"any_text","adjust_price":false,"price":"","price_type":"flat_fee","restrictions":false,"min":"0","max":"0","options":[],"id":1740991243},{"name":"Optional system components","type":"heading","position":2,"required":false,"title_format":"label","default":"","description_enable":true,"description":"Please select from the options provided. The system price will be adjusted automatically.","placeholder_enable":false,"placeholder":"","display":"select","restrictions_type":"any_text","adjust_price":false,"price":"","price_type":"flat_fee","restrictions":false,"min":"0","max":"0","options":[],"id":1732209665},{"name":"Number of shelf dividers per shelf","type":"input_multiplier","position":3,"required":false,"title_format":"label","default":"","description_enable":true,"description":"<span style=\"font-style: normal\">Plug-in bolts for shelf supports and material tray inserts \u00d8 20 mm for subdividing the shelf depth in 75 mm increments.<\/span>","placeholder_enable":false,"placeholder":"","display":"select","restrictions_type":"any_text","adjust_price":true,"price":"15.00","price_type":"quantity_based","restrictions":false,"min":"0","max":"0","options":[],"id":1732209666},{"name":"Number of material trays for short and remaining lengths per shelf","type":"input_multiplier","position":4,"required":false,"title_format":"label","default":"","description_enable":true,"description":"<span style=\"font-style: normal\">Usable depth can be subdivided from 75 : 75 mm using insertion bars and pins, infinitely variable subdivision in tray length, with edge protection, galvanised, tray length 2,000\/2,500 mm (upright spacing + 500 mm), tray height 80 mm, incl. 4 insertion bars and 20 pins for individual compartment subdivision.<\/span>","placeholder_enable":false,"placeholder":"","display":"select","restrictions_type":"any_text","adjust_price":true,"price":"1275","price_type":"quantity_based","restrictions":false,"min":"0","max":"0","options":[],"id":1732209667},{"name":"Number of cantilever storage levels in the top area per rack","type":"input_multiplier","position":5,"required":false,"title_format":"label","default":"","description_enable":true,"description":"<span style=\"font-style: normal\">Above the swivel levels for forklift operation, cannot be swivelled out, height-adjustable in a plug-in grid of 75 : 75 mm, at any overall shelf height. The craneable head level is not required if this option is selected.<\/span>","placeholder_enable":false,"placeholder":"","display":"select","restrictions_type":"any_text","adjust_price":true,"price":"353","price_type":"quantity_based","restrictions":true,"min":"0","max":"5","options":[],"id":1732209668},{"name":"selected_pa_material_length","type":"custom_text","position":6,"required":false,"title_format":"hide","default":"","description_enable":false,"description":"","placeholder_enable":false,"placeholder":"","display":"select","restrictions_type":"any_text","adjust_price":false,"price":"","price_type":"flat_fee","restrictions":false,"min":"0","max":"0","options":[],"id":1775655769},{"name":"Flexibolo\u00ae LG - Langgut-Transportwagen","type":"heading","position":7,"required":false,"title_format":"label","default":"","description_enable":true,"description":"<img src=\"https:\/\/storemaster.de\/wp-content\/uploads\/FlexiboloLG.png\" alt=\"FlexiboloLG\" width=\"300\" \/>\r\nVerf\u00fcgbar f\u00fcr Materiall\u00e4ngen von 3.000 bis 6.000 mm\r\n(Kann bei Auswahl der entsprechenden Konfiguration hinzugef\u00fcgt werden)\r\nAbgestimmt auf die ausgew\u00e4hlte Materiall\u00e4nge der Regalanlage.","placeholder_enable":false,"placeholder":"","display":"select","restrictions_type":"any_text","adjust_price":false,"price":"","price_type":"flat_fee","restrictions":false,"min":"0","max":"0","options":[],"id":1775655770},{"name":"Flexibolo\u00ae LG - Langgut-Transportwagen f\u00fcr 3.000 mm","type":"multiple_choice","position":8,"required":true,"title_format":"label","default":"0","description_enable":true,"description":"<img src=\"https:\/\/storemaster.de\/wp-content\/uploads\/FlexiboloLG.png\" alt=\"FlexiboloLG\" width=\"300\" \/>","placeholder_enable":false,"placeholder":"","display":"select","restrictions_type":"any_text","adjust_price":false,"price":"","price_type":"flat_fee","restrictions":false,"min":"0","max":"0","options":[{"label":"ohne","price":"","price_type":"flat_fee","image":0,"visibility":true},{"label":"Langgut-Transportwagen f\u00fcr eine Materiall\u00e4nge von 3.000 mm","price":"4875","price_type":"flat_fee","image":0,"visibility":true}],"id":1775655868},{"name":"Flexibolo\u00ae LG - Langgut-Transportwagen f\u00fcr 6.000 mm","type":"multiple_choice","position":9,"required":true,"title_format":"label","default":"0","description_enable":true,"description":"<img src=\"https:\/\/storemaster.de\/wp-content\/uploads\/FlexiboloLG.png\" alt=\"FlexiboloLG\" width=\"300\" \/>","placeholder_enable":false,"placeholder":"","display":"select","restrictions_type":"any_text","adjust_price":false,"price":"","price_type":"flat_fee","restrictions":false,"min":"0","max":"0","options":[{"label":"ohne","price":"","price_type":"flat_fee","image":0,"visibility":true},{"label":"Langgut-Transportwagen f\u00fcr eine Materiall\u00e4nge von 6.000 mm","price":"5828","price_type":"flat_fee","image":0,"visibility":true}],"id":1775656014},{"name":"Drawbar for the FlexiBolo\u00aeLG","type":"multiple_choice","position":10,"required":true,"title_format":"label","default":"0","description_enable":true,"description":"<img src=\"https:\/\/storemaster.de\/wp-content\/uploads\/Zugdeichsel.jpg\" alt=\"Zugdeichsel\" width=\"300\" \/>","placeholder_enable":false,"placeholder":"","display":"select","restrictions_type":"any_text","adjust_price":false,"price":"","price_type":"flat_fee","restrictions":false,"min":"0","max":"0","options":[{"label":"ohne","price":"","price_type":"flat_fee","image":0,"visibility":true},{"label":"mit Zugdeichsel 1.900 mm lang","price":"967","price_type":"flat_fee","image":0,"visibility":true}],"id":1775656189},{"name":"Handling platform","type":"multiple_choice","position":11,"required":true,"title_format":"heading","default":"0","description_enable":true,"description":"<img src=\"https:\/\/storemaster.de\/wp-content\/uploads\/2024\/11\/HandlingPodest-2.jpg\" alt=\"HandlingPodest\" width=\"300\" \/>","placeholder_enable":false,"placeholder":"","display":"select","restrictions_type":"any_text","adjust_price":false,"price":"","price_type":"flat_fee","restrictions":false,"min":"0","max":"0","options":[{"label":"ohne","price":"","price_type":"flat_fee","image":0,"visibility":true},{"label":"Anzahl Trittfl\u00e4chen (Stufen inkl. Podest): 2 | Standh\u00f6he: 0,48 m","price":"913","price_type":"flat_fee","image":0,"visibility":true},{"label":"Anzahl Trittfl\u00e4chen (Stufen inkl. Podest): 3 | Standh\u00f6he: 0,72 m","price":"1048","price_type":"flat_fee","image":0,"visibility":true},{"label":"Anzahl Trittfl\u00e4chen (Stufen inkl. Podest): 4 | Standh\u00f6he: 0,96 m","price":"1096","price_type":"flat_fee","image":0,"visibility":true},{"label":"Anzahl Trittfl\u00e4chen (Stufen inkl. Podest): 5 | Standh\u00f6he: 1,02 m","price":"1156","price_type":"flat_fee","image":0,"visibility":true},{"label":"Anzahl Trittfl\u00e4chen (Stufen inkl. Podest): 6 | Standh\u00f6he: 1,44 m","price":"1216","price_type":"flat_fee","image":0,"visibility":true},{"label":"Anzahl Trittfl\u00e4chen (Stufen inkl. Podest): 7 | Standh\u00f6he: 1,68 m","price":"1274","price_type":"flat_fee","image":0,"visibility":true},{"label":"Anzahl Trittfl\u00e4chen (Stufen inkl. Podest): 8 | Standh\u00f6he: 1,92 m","price":"1350","price_type":"flat_fee","image":0,"visibility":true}],"id":1775642305},{"name":"Rolling step (free of charge)","type":"heading","position":0,"required":false,"title_format":"label","default":"","description_enable":true,"description":"<p>storeboy\u00ae to make it easier for you to reach (one per shelf)<\/p>\r\n<p><img src=\"https:\/\/storemaster.de\/wp-content\/uploads\/storeboy_Rollhocker.png\" alt=\"storeboy\u00ae\" width=\"300\" \/><\/p>","placeholder_enable":false,"placeholder":"","display":"select","restrictions_type":"any_text","adjust_price":false,"price":"","price_type":"flat_fee","restrictions":false,"min":"0","max":"0","options":[],"id":1773668642},{"name":"Telescopic hook (free of charge)","type":"heading","position":0,"required":false,"title_format":"label","default":"","description_enable":true,"description":"<p>for ergonomic operation of the swing-out storage levels (one per shelf)<\/p>\r\n<p><img src=\"https:\/\/storemaster.de\/wp-content\/uploads\/Telekophaken.jpg\" alt=\"Teleskophaken\" width=\"300\" \/><\/p>","placeholder_enable":false,"placeholder":"","display":"select","restrictions_type":"any_text","adjust_price":false,"price":"","price_type":"flat_fee","restrictions":false,"min":"0","max":"0","options":[],"id":1773663732}],"acf":[],"_links":{"self":[{"href":"https:\/\/storemaster.de\/en\/wp-json\/wp\/v2\/product\/18078938","targetHints":{"allow":["GET"]}}],"collection":[{"href":"https:\/\/storemaster.de\/en\/wp-json\/wp\/v2\/product"}],"about":[{"href":"https:\/\/storemaster.de\/en\/wp-json\/wp\/v2\/types\/product"}],"wp:featuredmedia":[{"embeddable":true,"href":"https:\/\/storemaster.de\/en\/wp-json\/wp\/v2\/media\/18078939"}],"wp:attachment":[{"href":"https:\/\/storemaster.de\/en\/wp-json\/wp\/v2\/media?parent=18078938"}],"wp:term":[{"taxonomy":"product_brand","embeddable":true,"href":"https:\/\/storemaster.de\/en\/wp-json\/wp\/v2\/product_brand?post=18078938"},{"taxonomy":"product_cat","embeddable":true,"href":"https:\/\/storemaster.de\/en\/wp-json\/wp\/v2\/product_cat?post=18078938"},{"taxonomy":"product_tag","embeddable":true,"href":"https:\/\/storemaster.de\/en\/wp-json\/wp\/v2\/product_tag?post=18078938"}],"curies":[{"name":"wp","href":"https:\/\/api.w.org\/{rel}","templated":true}]}}