{"id":130,"date":"2018-10-23T20:24:46","date_gmt":"2018-10-23T18:24:46","guid":{"rendered":"https:\/\/storemaster.de\/?page_id=130"},"modified":"2022-06-13T18:18:58","modified_gmt":"2022-06-13T16:18:58","slug":"imprint","status":"publish","type":"page","link":"https:\/\/storemaster.de\/en\/impressum\/","title":{"rendered":"Legal notice"},"content":{"rendered":"<p>[et_pb_section fb_built=&#8220;1&#8243; admin_label=&#8220;Center Aligned Text &#8220; _builder_version=&#8220;4.16&#8243; background_enable_color=&#8220;off&#8220; use_background_color_gradient=&#8220;on&#8220; background_color_gradient_type=&#8220;circular&#8220; background_color_gradient_stops=&#8220;#ffe13f 0%|#ffc600 100%&#8220; background_color_gradient_start=&#8220;#ffe13f&#8220; background_color_gradient_end=&#8220;#ffc600&#8243; background_enable_image=&#8220;off&#8220; background_blend=&#8220;overlay&#8220; custom_padding=&#8220;4%|0px|4%|0px|false|false&#8220; animation_style=&#8220;zoom&#8220; animation_direction=&#8220;bottom&#8220; animation_intensity_zoom=&#8220;8%&#8220; animation_starting_opacity=&#8220;100%&#8220; global_colors_info=&#8220;{}&#8220;][et_pb_row _builder_version=&#8220;4.16&#8243; background_size=&#8220;initial&#8220; background_position=&#8220;top_left&#8220; background_repeat=&#8220;repeat&#8220; global_colors_info=&#8220;{}&#8220;][et_pb_column type=&#8220;4_4&#8243; _builder_version=&#8220;4.16&#8243; custom_padding=&#8220;|||&#8220; global_colors_info=&#8220;{}&#8220; custom_padding__hover=&#8220;|||&#8220;][et_pb_post_title meta=&#8220;off&#8220; featured_image=&#8220;off&#8220; _builder_version=&#8220;4.16&#8243; title_font=&#8220;Montserrat||||||||&#8220; title_text_align=&#8220;center&#8220; title_text_color=&#8220;#e00000&#8243; title_font_size=&#8220;36px&#8220; meta_font=&#8220;||||||||&#8220; meta_text_align=&#8220;center&#8220; meta_text_color=&#8220;#222222&#8243; meta_font_size=&#8220;18px&#8220; title_font_size_tablet=&#8220;26px&#8220; title_font_size_phone=&#8220;20px&#8220; title_font_size_last_edited=&#8220;on|desktop&#8220; meta_font_size_tablet=&#8220;&#8220; meta_font_size_phone=&#8220;16px&#8220; meta_font_size_last_edited=&#8220;on|phone&#8220; global_colors_info=&#8220;{}&#8220;][\/et_pb_post_title][et_pb_text _builder_version=&#8220;4.16&#8243; text_font=&#8220;Montserrat|700|||||||&#8220; text_text_color=&#8220;#222222&#8243; text_font_size=&#8220;18px&#8220; text_line_height=&#8220;1.8em&#8220; header_font=&#8220;Montserrat|700|||||||&#8220; header_text_color=&#8220;#e00000&#8243; header_font_size=&#8220;36px&#8220; header_line_height=&#8220;1.3em&#8220; text_orientation=&#8220;center&#8220; background_layout=&#8220;dark&#8220; max_width=&#8220;700px&#8220; module_alignment=&#8220;center&#8220; text_font_size_tablet=&#8220;&#8220; text_font_size_phone=&#8220;14px&#8220; text_font_size_last_edited=&#8220;on|phone&#8220; text_line_height_tablet=&#8220;&#8220; text_line_height_phone=&#8220;1.4em&#8220; text_line_height_last_edited=&#8220;on|phone&#8220; header_font_size_tablet=&#8220;26px&#8220; header_font_size_phone=&#8220;20px&#8220; header_font_size_last_edited=&#8220;on|phone&#8220; global_colors_info=&#8220;{}&#8220;]<span>Verantwortlich f\u00fcr die Inhalte unter der Domain storemaster.de ist:<\/span><br \/>\n[\/et_pb_text][\/et_pb_column][\/et_pb_row][\/et_pb_section][et_pb_section fb_built=&#8220;1&#8243; _builder_version=&#8220;4.16&#8243; global_colors_info=&#8220;{}&#8220;][et_pb_row column_structure=&#8220;1_2,1_2&#8243; use_custom_gutter=&#8220;on&#8220; gutter_width=&#8220;2&#8243; _builder_version=&#8220;4.16&#8243; global_colors_info=&#8220;{}&#8220;][et_pb_column type=&#8220;1_2&#8243; _builder_version=&#8220;4.16&#8243; custom_padding=&#8220;|||&#8220; global_colors_info=&#8220;{}&#8220; custom_padding__hover=&#8220;|||&#8220;][et_pb_text _builder_version=&#8220;4.17.4&#8243; hover_enabled=&#8220;0&#8243; global_colors_info=&#8220;{}&#8220; sticky_enabled=&#8220;0&#8243;]<span style=\"line-height: 1.42em;\" class=\"bold specialfont \">storemaster<\/span><sup style=\"bottom: 0.2em;\">&reg;<\/sup> GmbH &amp; Co. KG<\/p>\n<p>Reihekamp 1<br \/>\n30890 Barsinghausen<br \/>\nDeutschland<\/p>\n<p>Mail: <a href=\"mailto:projekt@storemaster.de\">projekt@storemaster.de<\/a><br \/>\nTelefon: +49 5105 7795 &#8211; 11<\/p>\n<p>Handelsregister: Amtsgericht Hannover, HRA 101130<br \/>\nUSt.ID.Nr. DE 115 51 33 19<\/p>\n<p>Vertreten durch die pers\u00f6nlich haftende Gesellschafterin:<br \/>\n<span style=\"line-height: 1.42em;\" class=\"bold specialfont \">storemaster<\/span><sup style=\"bottom: 0.2em;\">&reg;<\/sup> Verwaltung GmbH<br \/>\nHandelsregister: Amtsgericht Hannover, HRB 209576<\/p>\n<h4>Gesch\u00e4ftsf\u00fchrer und inhaltlich Verantwortlicher<\/h4>\n<p>Herr Dipl.-Ing. Dieter Karl Artur Paul[\/et_pb_text][\/et_pb_column][et_pb_column type=&#8220;1_2&#8243; _builder_version=&#8220;4.16&#8243; custom_padding=&#8220;|||&#8220; global_colors_info=&#8220;{}&#8220; custom_padding__hover=&#8220;|||&#8220;][et_pb_text _builder_version=&#8220;4.16&#8243; global_colors_info=&#8220;{}&#8220;]<\/p>\n<h4>Online-Streitbeilegung<\/h4>\n<p>Die Europ\u00e4ische Kommission stellt unter <a href=\"https:\/\/ec.europa.eu\/consumers\/odr\/\" rel=\"noopener noreferrer nofollow\" target=\"_blank\">https:\/\/ec.europa.eu\/consumers\/odr\/<\/a> eine Plattform zur Online-Streitbeilegung bereit, die Verbraucher fu\u0308r die Beilegung einer Streitigkeit nutzen k\u00f6nnen und auf der weitere Informationen zum Thema Streitschlichtung zu finden sind.<\/p>\n<h4>Streitschlichtung vor einer Verbraucherschlichtungsstelle<\/h4>\n<p>Wir sind zur Teilnahme an einem Streitbeilegungsverfahren vor einer Verbraucherschlichtungsstelle weder verpflichtet noch bereit.<\/p>\n<h4>Bild- und Grafiknachweis<\/h4>\n<p>Dieter Paul, Saskia Lund<\/p>\n<h4>Webdesign &amp; Technische Umsetzung<\/h4>\n<p><a href=\"https:\/\/www.saskialund.de\" target=\"_blank\" rel=\"noopener noreferrer nofollow\" title=\"Webentwicklung und -programmierung f\u00fcr WordPress\">lund | wordpress studio<\/a><br \/>\n[\/et_pb_text][\/et_pb_column][\/et_pb_row][et_pb_row use_custom_gutter=&#8220;on&#8220; gutter_width=&#8220;2&#8243; _builder_version=&#8220;4.16&#8243; global_colors_info=&#8220;{}&#8220;][et_pb_column type=&#8220;4_4&#8243; _builder_version=&#8220;4.16&#8243; custom_padding=&#8220;|||&#8220; global_colors_info=&#8220;{}&#8220; custom_padding__hover=&#8220;|||&#8220;][et_pb_text _builder_version=&#8220;4.16&#8243; text_font=&#8220;||||||||&#8220; text_orientation=&#8220;justified&#8220; global_colors_info=&#8220;{}&#8220;]<\/p>\n<h4>Urheberrecht<\/h4>\n<p>Alle auf dieser Website ver\u00f6ffentlichten Inhalte (Texte, Grafiken, Bilder, Layout usw.) unterliegen dem Urheberrecht. Jede vom Urheberrechtsgesetz nicht zugelassene Verwertung bedarf vorheriger schriftlicher Zustimmung der jeweiligen Berechtigten. Dies gilt insbesondere f\u00fcr Bearbeitung, \u00dcbersetzung, Vervielf\u00e4ltigung, Einspeicherung, Verarbeitung bzw. Wiedergabe von Inhalten in Datenbanken oder anderen elektronischen Medien und Systemen.<\/p>\n<h4>Haftungsausschluss f\u00fcr Fremdinhalte<\/h4>\n<p style=\"text-align: justify\">Mit Urteil vom 12. Mai 1998 unter Aktenzeichen \u2013 312 O 85\/98 \u2013 \u201cHaftung f\u00fcr Links\u201d \u2013 hat das Hamburger Landgericht (nachfolgend LG genannt) entschieden, dass man durch die Anbringung eines Links die Inhalte der gelinkten Seite ggf. mit zu verantworten hat. Dies kann, so das LG, nur dadurch verhindert werden, wenn man sich ausdr\u00fccklich von diesen Inhalten distanziert.<br \/>Wir distanzieren uns hiermit ausdr\u00fccklich vom Inhalt aller auf dieser Website verlinkten externen Seiten, da eine Verantwortlichkeit nur beim Autor der verlinkten externen Seite besteht und zum Zeitpunkt der Linksetzung f\u00fcr uns der Inhalt einwandfrei erschien.<br \/>Downloads und Fotokopien von Web-Seiten \u2013 nur f\u00fcr den pers\u00f6nlichen, privaten, nicht kommerziellen Gebrauch \u2013 d\u00fcrfen grunds\u00e4tzlich hergestellt werden.<br \/>Die unerlaubte Reproduktion oder Weitergabe einzelner Inhalte oder kompletter Seiten wird straf- und zivilrechtlich verfolgt<\/p>\n<p>[\/et_pb_text][\/et_pb_column][\/et_pb_row][\/et_pb_section]<\/p>\n","protected":false},"excerpt":{"rendered":"<p>Responsible for the content under the domain storemaster.de is storemaster GmbH &amp; Co. KG<\/p>","protected":false},"author":1,"featured_media":0,"parent":0,"menu_order":0,"comment_status":"closed","ping_status":"closed","template":"","meta":{"_acf_changed":false,"_et_pb_use_builder":"on","_et_pb_old_content":"","_et_gb_content_width":"","footnotes":""},"dipi_cpt_category":[],"class_list":["post-130","page","type-page","status-publish","hentry"],"acf":[],"_links":{"self":[{"href":"https:\/\/storemaster.de\/en\/wp-json\/wp\/v2\/pages\/130","targetHints":{"allow":["GET"]}}],"collection":[{"href":"https:\/\/storemaster.de\/en\/wp-json\/wp\/v2\/pages"}],"about":[{"href":"https:\/\/storemaster.de\/en\/wp-json\/wp\/v2\/types\/page"}],"author":[{"embeddable":true,"href":"https:\/\/storemaster.de\/en\/wp-json\/wp\/v2\/users\/1"}],"replies":[{"embeddable":true,"href":"https:\/\/storemaster.de\/en\/wp-json\/wp\/v2\/comments?post=130"}],"version-history":[{"count":0,"href":"https:\/\/storemaster.de\/en\/wp-json\/wp\/v2\/pages\/130\/revisions"}],"wp:attachment":[{"href":"https:\/\/storemaster.de\/en\/wp-json\/wp\/v2\/media?parent=130"}],"wp:term":[{"taxonomy":"dipi_cpt_category","embeddable":true,"href":"https:\/\/storemaster.de\/en\/wp-json\/wp\/v2\/dipi_cpt_category?post=130"}],"curies":[{"name":"wp","href":"https:\/\/api.w.org\/{rel}","templated":true}]}}